{"id":4322,"date":"2025-03-20T11:34:06","date_gmt":"2025-03-20T10:34:06","guid":{"rendered":"https:\/\/libre-landyachting.com\/expedition\/"},"modified":"2026-04-20T10:59:31","modified_gmt":"2026-04-20T08:59:31","slug":"expedition","status":"publish","type":"page","link":"https:\/\/libre-landyachting.com\/fr\/expedition\/","title":{"rendered":"Exp\u00e9dition"},"content":{"rendered":"\n<div class=\"wp-block-group is-layout-constrained wp-container-core-group-is-layout-b0c428d9 wp-block-group-is-layout-constrained\">\n<h1 class=\"wp-block-heading has-text-align-center has-lib-large-font-size\">Exp\u00e9dition<\/h1>\n\n\n\n<p class=\"has-text-align-center has-lib-small-font-size\">Vous trouverez ici un aper\u00e7u de tous les renseignements concernant nos frais d&rsquo;exp\u00e9dition.<\/p>\n\n\n\n<figure class=\"wp-block-table has-lib-small-font-size\"><table class=\"has-fixed-layout\"><thead><tr><th class=\"has-text-align-center\" data-align=\"center\">Zone d&rsquo;exp\u00e9dition<\/th><th class=\"has-text-align-center\" data-align=\"center\">Frais d&rsquo;exp\u00e9dition<\/th><\/tr><\/thead><tbody><tr><td class=\"has-text-align-center\" data-align=\"center\">Allemagne (continentale)<\/td><td class=\"has-text-align-center\" data-align=\"center\">Livraison gratuite pour les commandes sup\u00e9rieures \u00e0 39 \u20ac<br\/> y compris 4,90 \u20ac<\/td><\/tr><tr><td class=\"has-text-align-center\" data-align=\"center\">Allemagne (\u00eeles)<\/td><td class=\"has-text-align-center\" data-align=\"center\">14,90 \u20ac<\/td><\/tr><tr><td class=\"has-text-align-center\" data-align=\"center\">Europe (continentale)<\/td><td class=\"has-text-align-center\" data-align=\"center\">19,90 \u20ac<\/td><\/tr><tr><td class=\"has-text-align-center\" data-align=\"center\">Europe (\u00eeles)<\/td><td class=\"has-text-align-center\" data-align=\"center\">34,90 \u20ac<\/td><\/tr><\/tbody><\/table><\/figure>\n\n\n\n<div aria-hidden=\"true\" class=\"wp-block-fsb-flexible-spacer fsb-flexible-spacer\"><div class=\"fsb-flexible-spacer__device fsb-flexible-spacer__device--lg\" style=\"height:36px\"><\/div><div class=\"fsb-flexible-spacer__device fsb-flexible-spacer__device--md\" style=\"height:36px\"><\/div><div class=\"fsb-flexible-spacer__device fsb-flexible-spacer__device--sm\" style=\"height:36px\"><\/div><\/div>\n\n\n\n<h1 class=\"wp-block-heading has-text-align-center has-lib-large-font-size\">D\u00e9lais de livraison<\/h1>\n\n\n\n<p class=\"has-text-align-center has-lib-small-font-size\"><br\/>Sauf indication contraire dans l&rsquo;offre respective, la livraison s&rsquo;effectue en Allemagne.<br\/> g\u00e9n\u00e9ralement <strong>dans un d\u00e9lai de 2 \u00e0 5 jours ouvrables<\/strong> apr\u00e8s la conclusion du contrat.<br\/> Pour les livraisons \u00e0 l&rsquo;\u00e9tranger, le d\u00e9lai de livraison peut \u00eatre prolong\u00e9 en cons\u00e9quence.<br\/><br\/> Veuillez noter que, dans certains cas, des retards peuvent survenir apr\u00e8s la remise du colis au transporteur, et que la dur\u00e9e de ces retards est ind\u00e9pendante de notre volont\u00e9.<br\/> Les d\u00e9lais de livraison indiqu\u00e9s sont <strong>des indications non contractuelles<\/strong> .<\/p>\n\n\n\n<div aria-hidden=\"true\" class=\"wp-block-fsb-flexible-spacer fsb-flexible-spacer\"><div class=\"fsb-flexible-spacer__device fsb-flexible-spacer__device--lg\" style=\"height:200px\"><\/div><div class=\"fsb-flexible-spacer__device fsb-flexible-spacer__device--md\" style=\"height:200px\"><\/div><div class=\"fsb-flexible-spacer__device fsb-flexible-spacer__device--sm\" style=\"height:200px\"><\/div><\/div>\n<\/div>\n\n<p><\/p>\n","protected":false},"excerpt":{"rendered":"<p>Exp\u00e9dition Vous trouverez ici un aper\u00e7u de tous les renseignements concernant nos frais d&rsquo;exp\u00e9dition. Zone d&rsquo;exp\u00e9dition Frais d&rsquo;exp\u00e9dition Allemagne (continentale) Livraison gratuite pour les commandes sup\u00e9rieures \u00e0 39 \u20ac y compris 4,90 \u20ac Allemagne (\u00eeles) 14,90 \u20ac Europe (continentale) 19,90 \u20ac Europe (\u00eeles) 34,90 \u20ac D\u00e9lais de livraison Sauf indication contraire dans l&rsquo;offre respective, la [&hellip;]<\/p>\n","protected":false},"author":1,"featured_media":0,"parent":0,"menu_order":0,"comment_status":"closed","ping_status":"closed","template":"","meta":{"_acf_changed":false,"_eb_attr":"","footnotes":""},"class_list":["post-4322","page","type-page","status-publish","hentry"],"acf":[],"yoast_head":"<!-- This site is optimized with the Yoast SEO plugin v27.4 - https:\/\/yoast.com\/product\/yoast-seo-wordpress\/ -->\n<title>Exp\u00e9dition - Libre Landyachting GmbH<\/title>\n<meta name=\"robots\" content=\"index, follow, max-snippet:-1, max-image-preview:large, max-video-preview:-1\" \/>\n<link rel=\"canonical\" href=\"https:\/\/libre-landyachting.com\/fr\/expedition\/\" \/>\n<meta property=\"og:locale\" content=\"fr_FR\" \/>\n<meta property=\"og:type\" content=\"article\" \/>\n<meta property=\"og:title\" content=\"Exp\u00e9dition - Libre Landyachting GmbH\" \/>\n<meta property=\"og:description\" content=\"Exp\u00e9dition Vous trouverez ici un aper\u00e7u de tous les renseignements concernant nos frais d&rsquo;exp\u00e9dition. Zone d&rsquo;exp\u00e9dition Frais d&rsquo;exp\u00e9dition Allemagne (continentale) Livraison gratuite pour les commandes sup\u00e9rieures \u00e0 39 \u20ac y compris 4,90 \u20ac Allemagne (\u00eeles) 14,90 \u20ac Europe (continentale) 19,90 \u20ac Europe (\u00eeles) 34,90 \u20ac D\u00e9lais de livraison Sauf indication contraire dans l&rsquo;offre respective, la [&hellip;]\" \/>\n<meta property=\"og:url\" content=\"https:\/\/libre-landyachting.com\/fr\/expedition\/\" \/>\n<meta property=\"og:site_name\" content=\"Libre Landyachting GmbH\" \/>\n<meta property=\"article:publisher\" content=\"https:\/\/www.facebook.com\/people\/Libre-Landyachting\/pfbid02fhfnbcv4FQYqTSDhT7KRNjiXGxNtW95eVQF1VPZ8ootCwXEph3ZyL6yGzXudLjsfl\/\" \/>\n<meta property=\"article:modified_time\" content=\"2026-04-20T08:59:31+00:00\" \/>\n<meta name=\"twitter:card\" content=\"summary_large_image\" \/>\n<meta name=\"twitter:label1\" content=\"Dur\u00e9e de lecture estim\u00e9e\" \/>\n\t<meta name=\"twitter:data1\" content=\"1 minute\" \/>\n<script type=\"application\/ld+json\" class=\"yoast-schema-graph\">{\"@context\":\"https:\\\/\\\/schema.org\",\"@graph\":[{\"@type\":\"WebPage\",\"@id\":\"https:\\\/\\\/libre-landyachting.com\\\/fr\\\/expedition\\\/\",\"url\":\"https:\\\/\\\/libre-landyachting.com\\\/fr\\\/expedition\\\/\",\"name\":\"Exp\u00e9dition - Libre Landyachting GmbH\",\"isPartOf\":{\"@id\":\"https:\\\/\\\/libre-landyachting.com\\\/fr\\\/#website\"},\"datePublished\":\"2025-03-20T10:34:06+00:00\",\"dateModified\":\"2026-04-20T08:59:31+00:00\",\"breadcrumb\":{\"@id\":\"https:\\\/\\\/libre-landyachting.com\\\/fr\\\/expedition\\\/#breadcrumb\"},\"inLanguage\":\"fr-FR\",\"potentialAction\":[{\"@type\":\"ReadAction\",\"target\":[\"https:\\\/\\\/libre-landyachting.com\\\/fr\\\/expedition\\\/\"]}]},{\"@type\":\"BreadcrumbList\",\"@id\":\"https:\\\/\\\/libre-landyachting.com\\\/fr\\\/expedition\\\/#breadcrumb\",\"itemListElement\":[{\"@type\":\"ListItem\",\"position\":1,\"name\":\"Startseite\",\"item\":\"https:\\\/\\\/libre-landyachting.com\\\/fr\\\/\"},{\"@type\":\"ListItem\",\"position\":2,\"name\":\"Exp\u00e9dition\"}]},{\"@type\":\"WebSite\",\"@id\":\"https:\\\/\\\/libre-landyachting.com\\\/fr\\\/#website\",\"url\":\"https:\\\/\\\/libre-landyachting.com\\\/fr\\\/\",\"name\":\"Libre Landyachting GmbH\",\"description\":\"\",\"publisher\":{\"@id\":\"https:\\\/\\\/libre-landyachting.com\\\/fr\\\/#organization\"},\"potentialAction\":[{\"@type\":\"SearchAction\",\"target\":{\"@type\":\"EntryPoint\",\"urlTemplate\":\"https:\\\/\\\/libre-landyachting.com\\\/fr\\\/?s={search_term_string}\"},\"query-input\":{\"@type\":\"PropertyValueSpecification\",\"valueRequired\":true,\"valueName\":\"search_term_string\"}}],\"inLanguage\":\"fr-FR\"},{\"@type\":\"Organization\",\"@id\":\"https:\\\/\\\/libre-landyachting.com\\\/fr\\\/#organization\",\"name\":\"Libre Landyachting GmbH\",\"url\":\"https:\\\/\\\/libre-landyachting.com\\\/fr\\\/\",\"logo\":{\"@type\":\"ImageObject\",\"inLanguage\":\"fr-FR\",\"@id\":\"https:\\\/\\\/libre-landyachting.com\\\/fr\\\/#\\\/schema\\\/logo\\\/image\\\/\",\"url\":\"https:\\\/\\\/libre-landyachting.com\\\/wp-content\\\/uploads\\\/2025\\\/02\\\/cropped-70283994.png\",\"contentUrl\":\"https:\\\/\\\/libre-landyachting.com\\\/wp-content\\\/uploads\\\/2025\\\/02\\\/cropped-70283994.png\",\"width\":512,\"height\":512,\"caption\":\"Libre Landyachting GmbH\"},\"image\":{\"@id\":\"https:\\\/\\\/libre-landyachting.com\\\/fr\\\/#\\\/schema\\\/logo\\\/image\\\/\"},\"sameAs\":[\"https:\\\/\\\/www.facebook.com\\\/people\\\/Libre-Landyachting\\\/pfbid02fhfnbcv4FQYqTSDhT7KRNjiXGxNtW95eVQF1VPZ8ootCwXEph3ZyL6yGzXudLjsfl\\\/\",\"https:\\\/\\\/www.instagram.com\\\/libre_landyachting_\\\/\"]}]}<\/script>\n<!-- \/ Yoast SEO plugin. -->","yoast_head_json":{"title":"Exp\u00e9dition - Libre Landyachting GmbH","robots":{"index":"index","follow":"follow","max-snippet":"max-snippet:-1","max-image-preview":"max-image-preview:large","max-video-preview":"max-video-preview:-1"},"canonical":"https:\/\/libre-landyachting.com\/fr\/expedition\/","og_locale":"fr_FR","og_type":"article","og_title":"Exp\u00e9dition - Libre Landyachting GmbH","og_description":"Exp\u00e9dition Vous trouverez ici un aper\u00e7u de tous les renseignements concernant nos frais d&rsquo;exp\u00e9dition. Zone d&rsquo;exp\u00e9dition Frais d&rsquo;exp\u00e9dition Allemagne (continentale) Livraison gratuite pour les commandes sup\u00e9rieures \u00e0 39 \u20ac y compris 4,90 \u20ac Allemagne (\u00eeles) 14,90 \u20ac Europe (continentale) 19,90 \u20ac Europe (\u00eeles) 34,90 \u20ac D\u00e9lais de livraison Sauf indication contraire dans l&rsquo;offre respective, la [&hellip;]","og_url":"https:\/\/libre-landyachting.com\/fr\/expedition\/","og_site_name":"Libre Landyachting GmbH","article_publisher":"https:\/\/www.facebook.com\/people\/Libre-Landyachting\/pfbid02fhfnbcv4FQYqTSDhT7KRNjiXGxNtW95eVQF1VPZ8ootCwXEph3ZyL6yGzXudLjsfl\/","article_modified_time":"2026-04-20T08:59:31+00:00","twitter_card":"summary_large_image","twitter_misc":{"Dur\u00e9e de lecture estim\u00e9e":"1 minute"},"schema":{"@context":"https:\/\/schema.org","@graph":[{"@type":"WebPage","@id":"https:\/\/libre-landyachting.com\/fr\/expedition\/","url":"https:\/\/libre-landyachting.com\/fr\/expedition\/","name":"Exp\u00e9dition - Libre Landyachting GmbH","isPartOf":{"@id":"https:\/\/libre-landyachting.com\/fr\/#website"},"datePublished":"2025-03-20T10:34:06+00:00","dateModified":"2026-04-20T08:59:31+00:00","breadcrumb":{"@id":"https:\/\/libre-landyachting.com\/fr\/expedition\/#breadcrumb"},"inLanguage":"fr-FR","potentialAction":[{"@type":"ReadAction","target":["https:\/\/libre-landyachting.com\/fr\/expedition\/"]}]},{"@type":"BreadcrumbList","@id":"https:\/\/libre-landyachting.com\/fr\/expedition\/#breadcrumb","itemListElement":[{"@type":"ListItem","position":1,"name":"Startseite","item":"https:\/\/libre-landyachting.com\/fr\/"},{"@type":"ListItem","position":2,"name":"Exp\u00e9dition"}]},{"@type":"WebSite","@id":"https:\/\/libre-landyachting.com\/fr\/#website","url":"https:\/\/libre-landyachting.com\/fr\/","name":"Libre Landyachting GmbH","description":"","publisher":{"@id":"https:\/\/libre-landyachting.com\/fr\/#organization"},"potentialAction":[{"@type":"SearchAction","target":{"@type":"EntryPoint","urlTemplate":"https:\/\/libre-landyachting.com\/fr\/?s={search_term_string}"},"query-input":{"@type":"PropertyValueSpecification","valueRequired":true,"valueName":"search_term_string"}}],"inLanguage":"fr-FR"},{"@type":"Organization","@id":"https:\/\/libre-landyachting.com\/fr\/#organization","name":"Libre Landyachting GmbH","url":"https:\/\/libre-landyachting.com\/fr\/","logo":{"@type":"ImageObject","inLanguage":"fr-FR","@id":"https:\/\/libre-landyachting.com\/fr\/#\/schema\/logo\/image\/","url":"https:\/\/libre-landyachting.com\/wp-content\/uploads\/2025\/02\/cropped-70283994.png","contentUrl":"https:\/\/libre-landyachting.com\/wp-content\/uploads\/2025\/02\/cropped-70283994.png","width":512,"height":512,"caption":"Libre Landyachting GmbH"},"image":{"@id":"https:\/\/libre-landyachting.com\/fr\/#\/schema\/logo\/image\/"},"sameAs":["https:\/\/www.facebook.com\/people\/Libre-Landyachting\/pfbid02fhfnbcv4FQYqTSDhT7KRNjiXGxNtW95eVQF1VPZ8ootCwXEph3ZyL6yGzXudLjsfl\/","https:\/\/www.instagram.com\/libre_landyachting_\/"]}]}},"jetpack_sharing_enabled":true,"_links":{"self":[{"href":"https:\/\/libre-landyachting.com\/fr\/wp-json\/wp\/v2\/pages\/4322","targetHints":{"allow":["GET"]}}],"collection":[{"href":"https:\/\/libre-landyachting.com\/fr\/wp-json\/wp\/v2\/pages"}],"about":[{"href":"https:\/\/libre-landyachting.com\/fr\/wp-json\/wp\/v2\/types\/page"}],"author":[{"embeddable":true,"href":"https:\/\/libre-landyachting.com\/fr\/wp-json\/wp\/v2\/users\/1"}],"replies":[{"embeddable":true,"href":"https:\/\/libre-landyachting.com\/fr\/wp-json\/wp\/v2\/comments?post=4322"}],"version-history":[{"count":7,"href":"https:\/\/libre-landyachting.com\/fr\/wp-json\/wp\/v2\/pages\/4322\/revisions"}],"predecessor-version":[{"id":10384,"href":"https:\/\/libre-landyachting.com\/fr\/wp-json\/wp\/v2\/pages\/4322\/revisions\/10384"}],"wp:attachment":[{"href":"https:\/\/libre-landyachting.com\/fr\/wp-json\/wp\/v2\/media?parent=4322"}],"curies":[{"name":"wp","href":"https:\/\/api.w.org\/{rel}","templated":true}]}}