{"id":4326,"date":"2025-03-05T20:11:06","date_gmt":"2025-03-05T19:11:06","guid":{"rendered":"https:\/\/libre-landyachting.com\/informations-sur-le-droit-de-retractation\/"},"modified":"2026-01-31T11:18:00","modified_gmt":"2026-01-31T10:18:00","slug":"informations-sur-le-droit-de-retractation","status":"publish","type":"page","link":"https:\/\/libre-landyachting.com\/fr\/informations-sur-le-droit-de-retractation\/","title":{"rendered":"Instructions de r\u00e9tractation"},"content":{"rendered":"\n<div class=\"wp-block-group is-layout-constrained wp-container-core-group-is-layout-90ba889e wp-block-group-is-layout-constrained\">\n<h1 class=\"wp-block-heading has-text-align-center has-lib-large-font-size\">Instructions de r\u00e9tractation<\/h1>\n\n\n\n<p>Les consommateurs b\u00e9n\u00e9ficient d&rsquo;un droit de r\u00e9tractation conform\u00e9ment aux dispositions suivantes, un consommateur \u00e9tant d\u00e9fini comme toute personne physique concluant un acte juridique \u00e0 des fins qui n&rsquo;entrent pas principalement dans le cadre de son activit\u00e9 commerciale ou professionnelle ind\u00e9pendante :<\/p>\n\n\n\n<h2 class=\"wp-block-heading\">Droit de r\u00e9tractation<\/h2>\n\n\n\n<p>Vous disposez d&rsquo;un d\u00e9lai de quatorze jours pour vous r\u00e9tracter du pr\u00e9sent contrat sans avoir \u00e0 motiver votre d\u00e9cision.<\/p>\n\n\n\n<p>Le d\u00e9lai de r\u00e9tractation est de quatorze jours \u00e0 compter du jour o\u00f9 vous-m\u00eame, ou un tiers d\u00e9sign\u00e9 par vous autre que le transporteur, prenez possession physiquement du dernier bien.<\/p>\n\n\n\n<p>Par d\u00e9rogation, dans le cas d&rsquo;un contrat pr\u00e9voyant la livraison r\u00e9guli\u00e8re de biens sur une p\u00e9riode d\u00e9termin\u00e9e, le d\u00e9lai de r\u00e9tractation est de quatorze jours \u00e0 compter du jour o\u00f9 vous-m\u00eame, ou un tiers d\u00e9sign\u00e9 par vous autre que le transporteur, prenez possession physiquement du premier bien.<\/p>\n\n\n\n<p>Pour exercer votre droit de r\u00e9tractation, vous devez nous notifier (Chris John, Libre Landyachting GmbH, Emmastra\u00dfe 6, 44869 Bochum, Allemagne, shop@libre-landyachting.com) votre d\u00e9cision de vous r\u00e9tracter du pr\u00e9sent contrat au moyen d&rsquo;une d\u00e9claration d\u00e9nu\u00e9e d&rsquo;ambigu\u00eft\u00e9 (par exemple, lettre envoy\u00e9e par la poste ou courrier \u00e9lectronique). Vous pouvez utiliser le mod\u00e8le de formulaire de r\u00e9tractation ci-joint, mais ce n&rsquo;est pas obligatoire. <\/p>\n\n\n\n<p>Pour que le d\u00e9lai de r\u00e9tractation soit respect\u00e9, il suffit que vous transmettiez votre communication relative \u00e0 l&rsquo;exercice du droit de r\u00e9tractation avant l&rsquo;expiration du d\u00e9lai de r\u00e9tractation.<\/p>\n\n\n\n<h2 class=\"wp-block-heading\">Effets de la r\u00e9tractation<\/h2>\n\n\n\n<p>En cas de r\u00e9tractation de votre part du pr\u00e9sent contrat, nous vous rembourserons tous les paiements re\u00e7us de vous, y compris les frais de livraison (\u00e0 l&rsquo;exception des frais suppl\u00e9mentaires d\u00e9coulant du fait que vous avez choisi, le cas \u00e9ch\u00e9ant, un mode de livraison autre que le mode moins co\u00fbteux de livraison standard propos\u00e9 par nous) sans retard excessif et, en tout \u00e9tat de cause, au plus tard quatorze jours \u00e0 compter du jour o\u00f9 nous sommes inform\u00e9s de votre d\u00e9cision de r\u00e9tractation du pr\u00e9sent contrat. Nous proc\u00e9derons au remboursement en utilisant le m\u00eame moyen de paiement que celui que vous aurez utilis\u00e9 pour la transaction initiale, sauf si vous convenez express\u00e9ment d&rsquo;un moyen diff\u00e9rent ; en tout \u00e9tat de cause, ce remboursement n&rsquo;occasionnera pas de frais pour vous. Nous pouvons diff\u00e9rer le remboursement jusqu&rsquo;\u00e0 ce que nous ayons re\u00e7u le bien ou jusqu&rsquo;\u00e0 ce que vous ayez fourni une preuve d&rsquo;exp\u00e9dition du bien, la date retenue \u00e9tant celle du premier de ces faits.  <\/p>\n\n\n\n<p>Vous devrez renvoyer ou rendre le bien, \u00e0 nous-m\u00eames, sans retard excessif et, en tout \u00e9tat de cause, au plus tard quatorze jours apr\u00e8s que vous nous aurez communiqu\u00e9 votre d\u00e9cision de r\u00e9tractation du pr\u00e9sent contrat. Ce d\u00e9lai est r\u00e9put\u00e9 respect\u00e9 si vous renvoyez le bien avant l&rsquo;expiration du d\u00e9lai de quatorze jours. <\/p>\n\n\n\n<p>Nous prendrons en charge les frais de renvoi du bien.<\/p>\n\n\n\n<p>Votre responsabilit\u00e9 n&rsquo;est engag\u00e9e qu&rsquo;\u00e0 l&rsquo;\u00e9gard de la d\u00e9pr\u00e9ciation du bien r\u00e9sultant de manipulations autres que celles n\u00e9cessaires pour \u00e9tablir la nature, les caract\u00e9ristiques et le bon fonctionnement de ce bien.<\/p>\n\n\n\n<h2 class=\"wp-block-heading\">Exclusion ou expiration pr\u00e9matur\u00e9e du droit de r\u00e9tractation<\/h2>\n\n\n\n<p>Le droit de r\u00e9tractation ne s&rsquo;applique pas aux contrats de fourniture de biens confectionn\u00e9s selon les sp\u00e9cifications du consommateur ou nettement personnalis\u00e9s.<\/p>\n\n\n\n<p>Le droit de r\u00e9tractation expire pr\u00e9matur\u00e9ment pour les contrats de fourniture d&rsquo;enregistrements audio ou vid\u00e9o ou de logiciels informatiques lorsqu&rsquo;ils ont \u00e9t\u00e9 descell\u00e9s apr\u00e8s la livraison.<\/p>\n\n\n\n<h2 class=\"wp-block-heading\">Informations g\u00e9n\u00e9rales<\/h2>\n\n\n\n<ol class=\"wp-block-list\">\n<li>Veuillez \u00e9viter d&rsquo;endommager et de salir la marchandise. Nous vous prions de nous renvoyer la marchandise dans son emballage d&rsquo;origine avec tous les accessoires et \u00e9l\u00e9ments d&#8217;emballage. Utilisez si n\u00e9cessaire un suremballage de protection. Si vous ne poss\u00e9dez plus l&#8217;emballage d&rsquo;origine, veuillez utiliser un emballage appropri\u00e9 offrant une protection suffisante contre les dommages li\u00e9s au transport.   <\/li>\n\n\n\n<li>Veuillez ne pas nous renvoyer la marchandise en port d\u00fb.<\/li>\n\n\n\n<li>Veuillez noter que les points 1 \u00e0 2 susmentionn\u00e9s ne constituent pas une condition pr\u00e9alable \u00e0 l&rsquo;exercice effectif du droit de r\u00e9tractation.<\/li>\n<\/ol>\n\n\n\n<h2 class=\"wp-block-heading\">Formulaire de r\u00e9tractation<\/h2>\n\n\n\n<p>Si vous souhaitez vous r\u00e9tracter du contrat, veuillez remplir le <a href=\"https:\/\/libre-landyachting.com\/wp-content\/uploads\/2025\/03\/libre-widerrufsformular.pdf\" target=\"_blank\" rel=\"noreferrer noopener\">formulaire de r\u00e9tractation<\/a> et nous le renvoyer.<\/p>\n<\/div>\n\n<div aria-hidden=\"true\" class=\"wp-block-fsb-flexible-spacer fsb-flexible-spacer\"><div class=\"fsb-flexible-spacer__device fsb-flexible-spacer__device--lg\" style=\"height:200px\"><\/div><div class=\"fsb-flexible-spacer__device fsb-flexible-spacer__device--md\" style=\"height:200px\"><\/div><div class=\"fsb-flexible-spacer__device fsb-flexible-spacer__device--sm\" style=\"height:200px\"><\/div><\/div>\n","protected":false},"excerpt":{"rendered":"<p>Instructions de r\u00e9tractation Les consommateurs b\u00e9n\u00e9ficient d&rsquo;un droit de r\u00e9tractation conform\u00e9ment aux dispositions suivantes, un consommateur \u00e9tant d\u00e9fini comme toute personne physique concluant un acte juridique \u00e0 des fins qui n&rsquo;entrent pas principalement dans le cadre de son activit\u00e9 commerciale ou professionnelle ind\u00e9pendante : Droit de r\u00e9tractation Vous disposez d&rsquo;un d\u00e9lai de quatorze jours pour [&hellip;]<\/p>\n","protected":false},"author":1,"featured_media":0,"parent":0,"menu_order":0,"comment_status":"closed","ping_status":"closed","template":"","meta":{"_acf_changed":false,"_eb_attr":"","footnotes":""},"class_list":["post-4326","page","type-page","status-publish","hentry"],"acf":[],"yoast_head":"<!-- This site is optimized with the Yoast SEO plugin v27.2 - https:\/\/yoast.com\/product\/yoast-seo-wordpress\/ -->\n<title>Instructions de r\u00e9tractation - Libre Landyachting GmbH<\/title>\n<meta name=\"robots\" content=\"index, follow, max-snippet:-1, max-image-preview:large, max-video-preview:-1\" \/>\n<link rel=\"canonical\" href=\"https:\/\/libre-landyachting.com\/fr\/informations-sur-le-droit-de-retractation\/\" \/>\n<meta property=\"og:locale\" content=\"fr_FR\" \/>\n<meta property=\"og:type\" content=\"article\" \/>\n<meta property=\"og:title\" content=\"Instructions de r\u00e9tractation - Libre Landyachting GmbH\" \/>\n<meta property=\"og:description\" content=\"Instructions de r\u00e9tractation Les consommateurs b\u00e9n\u00e9ficient d&rsquo;un droit de r\u00e9tractation conform\u00e9ment aux dispositions suivantes, un consommateur \u00e9tant d\u00e9fini comme toute personne physique concluant un acte juridique \u00e0 des fins qui n&rsquo;entrent pas principalement dans le cadre de son activit\u00e9 commerciale ou professionnelle ind\u00e9pendante : Droit de r\u00e9tractation Vous disposez d&rsquo;un d\u00e9lai de quatorze jours pour [&hellip;]\" \/>\n<meta property=\"og:url\" content=\"https:\/\/libre-landyachting.com\/fr\/informations-sur-le-droit-de-retractation\/\" \/>\n<meta property=\"og:site_name\" content=\"Libre Landyachting GmbH\" \/>\n<meta property=\"article:publisher\" content=\"https:\/\/www.facebook.com\/people\/Libre-Landyachting\/pfbid02fhfnbcv4FQYqTSDhT7KRNjiXGxNtW95eVQF1VPZ8ootCwXEph3ZyL6yGzXudLjsfl\/\" \/>\n<meta property=\"article:modified_time\" content=\"2026-01-31T10:18:00+00:00\" \/>\n<meta name=\"twitter:card\" content=\"summary_large_image\" \/>\n<meta name=\"twitter:label1\" content=\"Dur\u00e9e de lecture estim\u00e9e\" \/>\n\t<meta name=\"twitter:data1\" content=\"4 minutes\" \/>\n<script type=\"application\/ld+json\" class=\"yoast-schema-graph\">{\"@context\":\"https:\/\/schema.org\",\"@graph\":[{\"@type\":\"WebPage\",\"@id\":\"https:\/\/libre-landyachting.com\/fr\/informations-sur-le-droit-de-retractation\/\",\"url\":\"https:\/\/libre-landyachting.com\/fr\/informations-sur-le-droit-de-retractation\/\",\"name\":\"Instructions de r\u00e9tractation - Libre Landyachting GmbH\",\"isPartOf\":{\"@id\":\"https:\/\/libre-landyachting.com\/fr\/#website\"},\"datePublished\":\"2025-03-05T19:11:06+00:00\",\"dateModified\":\"2026-01-31T10:18:00+00:00\",\"breadcrumb\":{\"@id\":\"https:\/\/libre-landyachting.com\/fr\/informations-sur-le-droit-de-retractation\/#breadcrumb\"},\"inLanguage\":\"fr-FR\",\"potentialAction\":[{\"@type\":\"ReadAction\",\"target\":[\"https:\/\/libre-landyachting.com\/fr\/informations-sur-le-droit-de-retractation\/\"]}]},{\"@type\":\"BreadcrumbList\",\"@id\":\"https:\/\/libre-landyachting.com\/fr\/informations-sur-le-droit-de-retractation\/#breadcrumb\",\"itemListElement\":[{\"@type\":\"ListItem\",\"position\":1,\"name\":\"Startseite\",\"item\":\"https:\/\/libre-landyachting.com\/fr\/\"},{\"@type\":\"ListItem\",\"position\":2,\"name\":\"Instructions de r\u00e9tractation\"}]},{\"@type\":\"WebSite\",\"@id\":\"https:\/\/libre-landyachting.com\/fr\/#website\",\"url\":\"https:\/\/libre-landyachting.com\/fr\/\",\"name\":\"Libre Landyachting GmbH\",\"description\":\"\",\"publisher\":{\"@id\":\"https:\/\/libre-landyachting.com\/fr\/#organization\"},\"potentialAction\":[{\"@type\":\"SearchAction\",\"target\":{\"@type\":\"EntryPoint\",\"urlTemplate\":\"https:\/\/libre-landyachting.com\/fr\/?s={search_term_string}\"},\"query-input\":{\"@type\":\"PropertyValueSpecification\",\"valueRequired\":true,\"valueName\":\"search_term_string\"}}],\"inLanguage\":\"fr-FR\"},{\"@type\":\"Organization\",\"@id\":\"https:\/\/libre-landyachting.com\/fr\/#organization\",\"name\":\"Libre Landyachting GmbH\",\"url\":\"https:\/\/libre-landyachting.com\/fr\/\",\"logo\":{\"@type\":\"ImageObject\",\"inLanguage\":\"fr-FR\",\"@id\":\"https:\/\/libre-landyachting.com\/fr\/#\/schema\/logo\/image\/\",\"url\":\"https:\/\/libre-landyachting.com\/wp-content\/uploads\/2025\/02\/cropped-70283994.png\",\"contentUrl\":\"https:\/\/libre-landyachting.com\/wp-content\/uploads\/2025\/02\/cropped-70283994.png\",\"width\":512,\"height\":512,\"caption\":\"Libre Landyachting GmbH\"},\"image\":{\"@id\":\"https:\/\/libre-landyachting.com\/fr\/#\/schema\/logo\/image\/\"},\"sameAs\":[\"https:\/\/www.facebook.com\/people\/Libre-Landyachting\/pfbid02fhfnbcv4FQYqTSDhT7KRNjiXGxNtW95eVQF1VPZ8ootCwXEph3ZyL6yGzXudLjsfl\/\",\"https:\/\/www.instagram.com\/libre_landyachting_\/\"]}]}<\/script>\n<!-- \/ Yoast SEO plugin. -->","yoast_head_json":{"title":"Instructions de r\u00e9tractation - Libre Landyachting GmbH","robots":{"index":"index","follow":"follow","max-snippet":"max-snippet:-1","max-image-preview":"max-image-preview:large","max-video-preview":"max-video-preview:-1"},"canonical":"https:\/\/libre-landyachting.com\/fr\/informations-sur-le-droit-de-retractation\/","og_locale":"fr_FR","og_type":"article","og_title":"Instructions de r\u00e9tractation - Libre Landyachting GmbH","og_description":"Instructions de r\u00e9tractation Les consommateurs b\u00e9n\u00e9ficient d&rsquo;un droit de r\u00e9tractation conform\u00e9ment aux dispositions suivantes, un consommateur \u00e9tant d\u00e9fini comme toute personne physique concluant un acte juridique \u00e0 des fins qui n&rsquo;entrent pas principalement dans le cadre de son activit\u00e9 commerciale ou professionnelle ind\u00e9pendante : Droit de r\u00e9tractation Vous disposez d&rsquo;un d\u00e9lai de quatorze jours pour [&hellip;]","og_url":"https:\/\/libre-landyachting.com\/fr\/informations-sur-le-droit-de-retractation\/","og_site_name":"Libre Landyachting GmbH","article_publisher":"https:\/\/www.facebook.com\/people\/Libre-Landyachting\/pfbid02fhfnbcv4FQYqTSDhT7KRNjiXGxNtW95eVQF1VPZ8ootCwXEph3ZyL6yGzXudLjsfl\/","article_modified_time":"2026-01-31T10:18:00+00:00","twitter_card":"summary_large_image","twitter_misc":{"Dur\u00e9e de lecture estim\u00e9e":"4 minutes"},"schema":{"@context":"https:\/\/schema.org","@graph":[{"@type":"WebPage","@id":"https:\/\/libre-landyachting.com\/fr\/informations-sur-le-droit-de-retractation\/","url":"https:\/\/libre-landyachting.com\/fr\/informations-sur-le-droit-de-retractation\/","name":"Instructions de r\u00e9tractation - Libre Landyachting GmbH","isPartOf":{"@id":"https:\/\/libre-landyachting.com\/fr\/#website"},"datePublished":"2025-03-05T19:11:06+00:00","dateModified":"2026-01-31T10:18:00+00:00","breadcrumb":{"@id":"https:\/\/libre-landyachting.com\/fr\/informations-sur-le-droit-de-retractation\/#breadcrumb"},"inLanguage":"fr-FR","potentialAction":[{"@type":"ReadAction","target":["https:\/\/libre-landyachting.com\/fr\/informations-sur-le-droit-de-retractation\/"]}]},{"@type":"BreadcrumbList","@id":"https:\/\/libre-landyachting.com\/fr\/informations-sur-le-droit-de-retractation\/#breadcrumb","itemListElement":[{"@type":"ListItem","position":1,"name":"Startseite","item":"https:\/\/libre-landyachting.com\/fr\/"},{"@type":"ListItem","position":2,"name":"Instructions de r\u00e9tractation"}]},{"@type":"WebSite","@id":"https:\/\/libre-landyachting.com\/fr\/#website","url":"https:\/\/libre-landyachting.com\/fr\/","name":"Libre Landyachting GmbH","description":"","publisher":{"@id":"https:\/\/libre-landyachting.com\/fr\/#organization"},"potentialAction":[{"@type":"SearchAction","target":{"@type":"EntryPoint","urlTemplate":"https:\/\/libre-landyachting.com\/fr\/?s={search_term_string}"},"query-input":{"@type":"PropertyValueSpecification","valueRequired":true,"valueName":"search_term_string"}}],"inLanguage":"fr-FR"},{"@type":"Organization","@id":"https:\/\/libre-landyachting.com\/fr\/#organization","name":"Libre Landyachting GmbH","url":"https:\/\/libre-landyachting.com\/fr\/","logo":{"@type":"ImageObject","inLanguage":"fr-FR","@id":"https:\/\/libre-landyachting.com\/fr\/#\/schema\/logo\/image\/","url":"https:\/\/libre-landyachting.com\/wp-content\/uploads\/2025\/02\/cropped-70283994.png","contentUrl":"https:\/\/libre-landyachting.com\/wp-content\/uploads\/2025\/02\/cropped-70283994.png","width":512,"height":512,"caption":"Libre Landyachting GmbH"},"image":{"@id":"https:\/\/libre-landyachting.com\/fr\/#\/schema\/logo\/image\/"},"sameAs":["https:\/\/www.facebook.com\/people\/Libre-Landyachting\/pfbid02fhfnbcv4FQYqTSDhT7KRNjiXGxNtW95eVQF1VPZ8ootCwXEph3ZyL6yGzXudLjsfl\/","https:\/\/www.instagram.com\/libre_landyachting_\/"]}]}},"jetpack_sharing_enabled":true,"_links":{"self":[{"href":"https:\/\/libre-landyachting.com\/fr\/wp-json\/wp\/v2\/pages\/4326","targetHints":{"allow":["GET"]}}],"collection":[{"href":"https:\/\/libre-landyachting.com\/fr\/wp-json\/wp\/v2\/pages"}],"about":[{"href":"https:\/\/libre-landyachting.com\/fr\/wp-json\/wp\/v2\/types\/page"}],"author":[{"embeddable":true,"href":"https:\/\/libre-landyachting.com\/fr\/wp-json\/wp\/v2\/users\/1"}],"replies":[{"embeddable":true,"href":"https:\/\/libre-landyachting.com\/fr\/wp-json\/wp\/v2\/comments?post=4326"}],"version-history":[{"count":3,"href":"https:\/\/libre-landyachting.com\/fr\/wp-json\/wp\/v2\/pages\/4326\/revisions"}],"predecessor-version":[{"id":5824,"href":"https:\/\/libre-landyachting.com\/fr\/wp-json\/wp\/v2\/pages\/4326\/revisions\/5824"}],"wp:attachment":[{"href":"https:\/\/libre-landyachting.com\/fr\/wp-json\/wp\/v2\/media?parent=4326"}],"curies":[{"name":"wp","href":"https:\/\/api.w.org\/{rel}","templated":true}]}}