{"id":4328,"date":"2025-03-14T21:15:31","date_gmt":"2025-03-14T20:15:31","guid":{"rendered":"https:\/\/libre-landyachting.com\/paiement-2\/"},"modified":"2026-01-31T11:20:38","modified_gmt":"2026-01-31T10:20:38","slug":"paiement-2","status":"publish","type":"page","link":"https:\/\/libre-landyachting.com\/fr\/paiement-2\/","title":{"rendered":"Paiement"},"content":{"rendered":"\n<div class=\"wp-block-group is-layout-constrained wp-container-core-group-is-layout-b0c428d9 wp-block-group-is-layout-constrained\">\n<h1 class=\"wp-block-heading has-text-align-center has-lib-large-font-size\">Paiement<\/h1>\n\n\n\n<p class=\"has-text-align-center has-lib-medium-font-size\">Vous trouverez ici toutes les informations relatives \u00e0 nos modalit\u00e9s de paiement.<\/p>\n\n\n\n<div class=\"wp-block-columns is-layout-flex wp-container-core-columns-is-layout-9d6595d7 wp-block-columns-is-layout-flex\">\n<div class=\"wp-block-column is-vertically-aligned-center is-layout-flow wp-block-column-is-layout-flow\" style=\"flex-basis:15%\">\n<figure class=\"wp-block-image aligncenter size-full is-resized\"><img decoding=\"async\" src=\"https:\/\/libre-landyachting.com\/wp-content\/uploads\/2025\/03\/icon-paypal.svg\" alt=\"\" class=\"wp-image-2403\" style=\"width:130px\"\/><\/figure>\n<\/div>\n\n\n\n<div class=\"wp-block-column is-vertically-aligned-center is-layout-flow wp-block-column-is-layout-flow\">\n<h2 class=\"wp-block-heading has-lib-medium-font-size\">PayPal<\/h2>\n\n\n\n<p class=\"has-lib-small-font-size\">Afin d&rsquo;effectuer un paiement via PayPal, il vous est n\u00e9cessaire de disposer d&rsquo;un compte PayPal gratuit, que vous pouvez cr\u00e9er \u00e0 tout moment. Si vous optez pour PayPal comme mode de paiement dans notre boutique, vous serez automatiquement redirig\u00e9 vers le site PayPal. Vous pourrez alors vous connecter et finaliser votre paiement en toute simplicit\u00e9. D\u00e8s r\u00e9ception de la confirmation de paiement, votre commande sera imm\u00e9diatement pr\u00e9par\u00e9e pour l&rsquo;exp\u00e9dition.   <\/p>\n<\/div>\n<\/div>\n\n\n\n<div class=\"wp-block-columns is-layout-flex wp-container-core-columns-is-layout-9d6595d7 wp-block-columns-is-layout-flex\">\n<div class=\"wp-block-column is-vertically-aligned-center is-layout-flow wp-block-column-is-layout-flow\" style=\"flex-basis:15%\">\n<figure class=\"wp-block-image aligncenter size-large is-resized\"><img decoding=\"async\" src=\"https:\/\/libre-landyachting.com\/wp-content\/plugins\/mollie-payments-for-woocommerce\/\/public\/images\/klarna.svg\" alt=\"\" style=\"width:100px\"\/><\/figure>\n<\/div>\n\n\n\n<div class=\"wp-block-column is-vertically-aligned-center is-layout-flow wp-block-column-is-layout-flow\">\n<h2 class=\"wp-block-heading has-lib-medium-font-size\">Klarna<\/h2>\n\n\n\n<p class=\"has-lib-small-font-size\">Klarna vous offre la possibilit\u00e9 de r\u00e9gler votre commande de mani\u00e8re flexible. S\u00e9lectionnez Klarna comme mode de paiement lors du processus de paiement et choisissez entre &lsquo;Payer maintenant&rsquo;, &lsquo;Payer plus tard&rsquo; ou &lsquo;Paiement \u00e9chelonn\u00e9&rsquo; \u2013 selon disponibilit\u00e9. Une fois votre commande finalis\u00e9e, vous recevrez un courriel de confirmation de Klarna contenant tous les d\u00e9tails du paiement. Veuillez respecter le d\u00e9lai de paiement et r\u00e9gler le montant directement via Klarna. D\u00e8s que Klarna nous aura accord\u00e9 l&rsquo;autorisation de paiement, nous pr\u00e9parerons votre commande pour l&rsquo;exp\u00e9dition.    <\/p>\n<\/div>\n<\/div>\n\n\n\n<div class=\"wp-block-columns is-layout-flex wp-container-core-columns-is-layout-9d6595d7 wp-block-columns-is-layout-flex\">\n<div class=\"wp-block-column is-vertically-aligned-center is-layout-flow wp-block-column-is-layout-flow\" style=\"flex-basis:15%\">\n<p class=\"has-text-align-center has-lib-medium-font-size\">PAIEMENT D&rsquo;AVANCE<\/p>\n<\/div>\n\n\n\n<div class=\"wp-block-column is-vertically-aligned-center is-layout-flow wp-block-column-is-layout-flow\">\n<h2 class=\"wp-block-heading has-lib-medium-font-size\">Virement bancaire<\/h2>\n\n\n\n<p class=\"has-lib-small-font-size\">Apr\u00e8s avoir valid\u00e9 votre commande, vous recevrez automatiquement un courriel de confirmation. Celui-ci contiendra toutes les informations essentielles, y compris nos coordonn\u00e9es bancaires, sur lesquelles vous pourrez virer le montant d\u00fb dans un d\u00e9lai de cinq jours ouvrables. Veuillez toujours indiquer le num\u00e9ro de commande ou la r\u00e9f\u00e9rence fournie comme motif de paiement. D\u00e8s r\u00e9ception de votre paiement, votre commande sera lib\u00e9r\u00e9e pour traitement ult\u00e9rieur.   <\/p>\n<\/div>\n<\/div>\n\n\n\n<div aria-hidden=\"true\" class=\"wp-block-fsb-flexible-spacer fsb-flexible-spacer\"><div class=\"fsb-flexible-spacer__device fsb-flexible-spacer__device--lg\" style=\"height:200px\"><\/div><div class=\"fsb-flexible-spacer__device fsb-flexible-spacer__device--md\" style=\"height:200px\"><\/div><div class=\"fsb-flexible-spacer__device fsb-flexible-spacer__device--sm\" style=\"height:200px\"><\/div><\/div>\n<\/div>\n\n<p><\/p>\n<div class=\"woocommerce woocommerce-gzd\">\n\t<ul class=\"payment_methods methods\">\n\t\t\t\t\t<li class=\"payment_method_mollie_wc_gateway_klarna\">\n\t\t\t\t<label>Bezahle mit Klarna<img src='https:\/\/libre-landyachting.com\/wp-content\/plugins\/mollie-payments-for-woocommerce\/public\/images\/klarna.svg' alt='klarna icon' class='mollie-gateway-icon' \/><\/label>\n\t\t\t\t\t\t\t<\/li>\n\t\t\t\t\t<li class=\"payment_method_mollie_wc_gateway_banktransfer\">\n\t\t\t\t<label>\u00dcberweisung<img src='https:\/\/libre-landyachting.com\/wp-content\/plugins\/mollie-payments-for-woocommerce\/public\/images\/banktransfer.svg' alt='banktransfer icon' class='mollie-gateway-icon' \/><\/label>\n\t\t\t\t\t\t\t<\/li>\n\t\t\t\t\t<li class=\"payment_method_mollie_wc_gateway_paypal\">\n\t\t\t\t<label>PayPal<img src='https:\/\/libre-landyachting.com\/wp-content\/plugins\/mollie-payments-for-woocommerce\/public\/images\/paypal.svg' alt='paypal icon' class='mollie-gateway-icon' \/><\/label>\n\t\t\t\t\t\t\t<\/li>\n\t\t\t\t\t<li class=\"payment_method_invoice\">\n\t\t\t\t<label>Rechnung<\/label>\n\t\t\t\t\t\t\t\t\t<div class=\"payment_box payment_method_invoice\">\n\t\t\t\t\t\t<p>Vous trouverez la meilleure r\u00e9ponse \u00e0 votre demande.<\/p>\n\t\t\t\t\t<\/div>\n\t\t\t\t\t\t\t<\/li>\n\t\t\t<\/ul>\n<\/div>\n","protected":false},"excerpt":{"rendered":"<p>Paiement Vous trouverez ici toutes les informations relatives \u00e0 nos modalit\u00e9s de paiement. PayPal Afin d&rsquo;effectuer un paiement via PayPal, il vous est n\u00e9cessaire de disposer d&rsquo;un compte PayPal gratuit, que vous pouvez cr\u00e9er \u00e0 tout moment. Si vous optez pour PayPal comme mode de paiement dans notre boutique, vous serez automatiquement redirig\u00e9 vers le [&hellip;]<\/p>\n","protected":false},"author":1,"featured_media":0,"parent":0,"menu_order":0,"comment_status":"closed","ping_status":"closed","template":"","meta":{"_acf_changed":false,"_eb_attr":"","footnotes":""},"class_list":["post-4328","page","type-page","status-publish","hentry"],"acf":[],"yoast_head":"<!-- This site is optimized with the Yoast SEO plugin v27.2 - https:\/\/yoast.com\/product\/yoast-seo-wordpress\/ -->\n<title>Paiement - Libre Landyachting GmbH<\/title>\n<meta name=\"robots\" content=\"index, follow, max-snippet:-1, max-image-preview:large, max-video-preview:-1\" \/>\n<link rel=\"canonical\" href=\"https:\/\/libre-landyachting.com\/fr\/paiement-2\/\" \/>\n<meta property=\"og:locale\" content=\"fr_FR\" \/>\n<meta property=\"og:type\" content=\"article\" \/>\n<meta property=\"og:title\" content=\"Paiement - Libre Landyachting GmbH\" \/>\n<meta property=\"og:description\" content=\"Paiement Vous trouverez ici toutes les informations relatives \u00e0 nos modalit\u00e9s de paiement. PayPal Afin d&rsquo;effectuer un paiement via PayPal, il vous est n\u00e9cessaire de disposer d&rsquo;un compte PayPal gratuit, que vous pouvez cr\u00e9er \u00e0 tout moment. Si vous optez pour PayPal comme mode de paiement dans notre boutique, vous serez automatiquement redirig\u00e9 vers le [&hellip;]\" \/>\n<meta property=\"og:url\" content=\"https:\/\/libre-landyachting.com\/fr\/paiement-2\/\" \/>\n<meta property=\"og:site_name\" content=\"Libre Landyachting GmbH\" \/>\n<meta property=\"article:publisher\" content=\"https:\/\/www.facebook.com\/people\/Libre-Landyachting\/pfbid02fhfnbcv4FQYqTSDhT7KRNjiXGxNtW95eVQF1VPZ8ootCwXEph3ZyL6yGzXudLjsfl\/\" \/>\n<meta property=\"article:modified_time\" content=\"2026-01-31T10:20:38+00:00\" \/>\n<meta name=\"twitter:card\" content=\"summary_large_image\" \/>\n<meta name=\"twitter:label1\" content=\"Dur\u00e9e de lecture estim\u00e9e\" \/>\n\t<meta name=\"twitter:data1\" content=\"1 minute\" \/>\n<script type=\"application\/ld+json\" class=\"yoast-schema-graph\">{\"@context\":\"https:\/\/schema.org\",\"@graph\":[{\"@type\":\"WebPage\",\"@id\":\"https:\/\/libre-landyachting.com\/fr\/paiement-2\/\",\"url\":\"https:\/\/libre-landyachting.com\/fr\/paiement-2\/\",\"name\":\"Paiement - Libre Landyachting GmbH\",\"isPartOf\":{\"@id\":\"https:\/\/libre-landyachting.com\/fr\/#website\"},\"primaryImageOfPage\":{\"@id\":\"https:\/\/libre-landyachting.com\/fr\/paiement-2\/#primaryimage\"},\"image\":{\"@id\":\"https:\/\/libre-landyachting.com\/fr\/paiement-2\/#primaryimage\"},\"thumbnailUrl\":\"https:\/\/libre-landyachting.com\/wp-content\/uploads\/2025\/03\/icon-paypal.svg\",\"datePublished\":\"2025-03-14T20:15:31+00:00\",\"dateModified\":\"2026-01-31T10:20:38+00:00\",\"breadcrumb\":{\"@id\":\"https:\/\/libre-landyachting.com\/fr\/paiement-2\/#breadcrumb\"},\"inLanguage\":\"fr-FR\",\"potentialAction\":[{\"@type\":\"ReadAction\",\"target\":[\"https:\/\/libre-landyachting.com\/fr\/paiement-2\/\"]}]},{\"@type\":\"ImageObject\",\"inLanguage\":\"fr-FR\",\"@id\":\"https:\/\/libre-landyachting.com\/fr\/paiement-2\/#primaryimage\",\"url\":\"https:\/\/libre-landyachting.com\/wp-content\/uploads\/2025\/03\/icon-paypal.svg\",\"contentUrl\":\"https:\/\/libre-landyachting.com\/wp-content\/uploads\/2025\/03\/icon-paypal.svg\"},{\"@type\":\"BreadcrumbList\",\"@id\":\"https:\/\/libre-landyachting.com\/fr\/paiement-2\/#breadcrumb\",\"itemListElement\":[{\"@type\":\"ListItem\",\"position\":1,\"name\":\"Startseite\",\"item\":\"https:\/\/libre-landyachting.com\/fr\/\"},{\"@type\":\"ListItem\",\"position\":2,\"name\":\"Paiement\"}]},{\"@type\":\"WebSite\",\"@id\":\"https:\/\/libre-landyachting.com\/fr\/#website\",\"url\":\"https:\/\/libre-landyachting.com\/fr\/\",\"name\":\"Libre Landyachting GmbH\",\"description\":\"\",\"publisher\":{\"@id\":\"https:\/\/libre-landyachting.com\/fr\/#organization\"},\"potentialAction\":[{\"@type\":\"SearchAction\",\"target\":{\"@type\":\"EntryPoint\",\"urlTemplate\":\"https:\/\/libre-landyachting.com\/fr\/?s={search_term_string}\"},\"query-input\":{\"@type\":\"PropertyValueSpecification\",\"valueRequired\":true,\"valueName\":\"search_term_string\"}}],\"inLanguage\":\"fr-FR\"},{\"@type\":\"Organization\",\"@id\":\"https:\/\/libre-landyachting.com\/fr\/#organization\",\"name\":\"Libre Landyachting GmbH\",\"url\":\"https:\/\/libre-landyachting.com\/fr\/\",\"logo\":{\"@type\":\"ImageObject\",\"inLanguage\":\"fr-FR\",\"@id\":\"https:\/\/libre-landyachting.com\/fr\/#\/schema\/logo\/image\/\",\"url\":\"https:\/\/libre-landyachting.com\/wp-content\/uploads\/2025\/02\/cropped-70283994.png\",\"contentUrl\":\"https:\/\/libre-landyachting.com\/wp-content\/uploads\/2025\/02\/cropped-70283994.png\",\"width\":512,\"height\":512,\"caption\":\"Libre Landyachting GmbH\"},\"image\":{\"@id\":\"https:\/\/libre-landyachting.com\/fr\/#\/schema\/logo\/image\/\"},\"sameAs\":[\"https:\/\/www.facebook.com\/people\/Libre-Landyachting\/pfbid02fhfnbcv4FQYqTSDhT7KRNjiXGxNtW95eVQF1VPZ8ootCwXEph3ZyL6yGzXudLjsfl\/\",\"https:\/\/www.instagram.com\/libre_landyachting_\/\"]}]}<\/script>\n<!-- \/ Yoast SEO plugin. -->","yoast_head_json":{"title":"Paiement - Libre Landyachting GmbH","robots":{"index":"index","follow":"follow","max-snippet":"max-snippet:-1","max-image-preview":"max-image-preview:large","max-video-preview":"max-video-preview:-1"},"canonical":"https:\/\/libre-landyachting.com\/fr\/paiement-2\/","og_locale":"fr_FR","og_type":"article","og_title":"Paiement - Libre Landyachting GmbH","og_description":"Paiement Vous trouverez ici toutes les informations relatives \u00e0 nos modalit\u00e9s de paiement. PayPal Afin d&rsquo;effectuer un paiement via PayPal, il vous est n\u00e9cessaire de disposer d&rsquo;un compte PayPal gratuit, que vous pouvez cr\u00e9er \u00e0 tout moment. Si vous optez pour PayPal comme mode de paiement dans notre boutique, vous serez automatiquement redirig\u00e9 vers le [&hellip;]","og_url":"https:\/\/libre-landyachting.com\/fr\/paiement-2\/","og_site_name":"Libre Landyachting GmbH","article_publisher":"https:\/\/www.facebook.com\/people\/Libre-Landyachting\/pfbid02fhfnbcv4FQYqTSDhT7KRNjiXGxNtW95eVQF1VPZ8ootCwXEph3ZyL6yGzXudLjsfl\/","article_modified_time":"2026-01-31T10:20:38+00:00","twitter_card":"summary_large_image","twitter_misc":{"Dur\u00e9e de lecture estim\u00e9e":"1 minute"},"schema":{"@context":"https:\/\/schema.org","@graph":[{"@type":"WebPage","@id":"https:\/\/libre-landyachting.com\/fr\/paiement-2\/","url":"https:\/\/libre-landyachting.com\/fr\/paiement-2\/","name":"Paiement - Libre Landyachting GmbH","isPartOf":{"@id":"https:\/\/libre-landyachting.com\/fr\/#website"},"primaryImageOfPage":{"@id":"https:\/\/libre-landyachting.com\/fr\/paiement-2\/#primaryimage"},"image":{"@id":"https:\/\/libre-landyachting.com\/fr\/paiement-2\/#primaryimage"},"thumbnailUrl":"https:\/\/libre-landyachting.com\/wp-content\/uploads\/2025\/03\/icon-paypal.svg","datePublished":"2025-03-14T20:15:31+00:00","dateModified":"2026-01-31T10:20:38+00:00","breadcrumb":{"@id":"https:\/\/libre-landyachting.com\/fr\/paiement-2\/#breadcrumb"},"inLanguage":"fr-FR","potentialAction":[{"@type":"ReadAction","target":["https:\/\/libre-landyachting.com\/fr\/paiement-2\/"]}]},{"@type":"ImageObject","inLanguage":"fr-FR","@id":"https:\/\/libre-landyachting.com\/fr\/paiement-2\/#primaryimage","url":"https:\/\/libre-landyachting.com\/wp-content\/uploads\/2025\/03\/icon-paypal.svg","contentUrl":"https:\/\/libre-landyachting.com\/wp-content\/uploads\/2025\/03\/icon-paypal.svg"},{"@type":"BreadcrumbList","@id":"https:\/\/libre-landyachting.com\/fr\/paiement-2\/#breadcrumb","itemListElement":[{"@type":"ListItem","position":1,"name":"Startseite","item":"https:\/\/libre-landyachting.com\/fr\/"},{"@type":"ListItem","position":2,"name":"Paiement"}]},{"@type":"WebSite","@id":"https:\/\/libre-landyachting.com\/fr\/#website","url":"https:\/\/libre-landyachting.com\/fr\/","name":"Libre Landyachting GmbH","description":"","publisher":{"@id":"https:\/\/libre-landyachting.com\/fr\/#organization"},"potentialAction":[{"@type":"SearchAction","target":{"@type":"EntryPoint","urlTemplate":"https:\/\/libre-landyachting.com\/fr\/?s={search_term_string}"},"query-input":{"@type":"PropertyValueSpecification","valueRequired":true,"valueName":"search_term_string"}}],"inLanguage":"fr-FR"},{"@type":"Organization","@id":"https:\/\/libre-landyachting.com\/fr\/#organization","name":"Libre Landyachting GmbH","url":"https:\/\/libre-landyachting.com\/fr\/","logo":{"@type":"ImageObject","inLanguage":"fr-FR","@id":"https:\/\/libre-landyachting.com\/fr\/#\/schema\/logo\/image\/","url":"https:\/\/libre-landyachting.com\/wp-content\/uploads\/2025\/02\/cropped-70283994.png","contentUrl":"https:\/\/libre-landyachting.com\/wp-content\/uploads\/2025\/02\/cropped-70283994.png","width":512,"height":512,"caption":"Libre Landyachting GmbH"},"image":{"@id":"https:\/\/libre-landyachting.com\/fr\/#\/schema\/logo\/image\/"},"sameAs":["https:\/\/www.facebook.com\/people\/Libre-Landyachting\/pfbid02fhfnbcv4FQYqTSDhT7KRNjiXGxNtW95eVQF1VPZ8ootCwXEph3ZyL6yGzXudLjsfl\/","https:\/\/www.instagram.com\/libre_landyachting_\/"]}]}},"jetpack_sharing_enabled":true,"_links":{"self":[{"href":"https:\/\/libre-landyachting.com\/fr\/wp-json\/wp\/v2\/pages\/4328","targetHints":{"allow":["GET"]}}],"collection":[{"href":"https:\/\/libre-landyachting.com\/fr\/wp-json\/wp\/v2\/pages"}],"about":[{"href":"https:\/\/libre-landyachting.com\/fr\/wp-json\/wp\/v2\/types\/page"}],"author":[{"embeddable":true,"href":"https:\/\/libre-landyachting.com\/fr\/wp-json\/wp\/v2\/users\/1"}],"replies":[{"embeddable":true,"href":"https:\/\/libre-landyachting.com\/fr\/wp-json\/wp\/v2\/comments?post=4328"}],"version-history":[{"count":2,"href":"https:\/\/libre-landyachting.com\/fr\/wp-json\/wp\/v2\/pages\/4328\/revisions"}],"predecessor-version":[{"id":6323,"href":"https:\/\/libre-landyachting.com\/fr\/wp-json\/wp\/v2\/pages\/4328\/revisions\/6323"}],"wp:attachment":[{"href":"https:\/\/libre-landyachting.com\/fr\/wp-json\/wp\/v2\/media?parent=4328"}],"curies":[{"name":"wp","href":"https:\/\/api.w.org\/{rel}","templated":true}]}}