{"id":10331,"date":"2026-04-16T12:20:24","date_gmt":"2026-04-16T10:20:24","guid":{"rendered":"https:\/\/libre-landyachting.com\/produkt\/systeme-de-transport-par-courroie\/"},"modified":"2026-04-22T15:09:38","modified_gmt":"2026-04-22T13:09:38","slug":"systeme-de-transport-par-courroie","status":"publish","type":"product","link":"https:\/\/libre-landyachting.com\/fr\/produkt\/systeme-de-transport-par-courroie\/","title":{"rendered":"Syst\u00e8me de transport par courroie"},"content":{"rendered":"","protected":false},"excerpt":{"rendered":"<ul>\n<li>Permet de fixer solidement la housse de voile et de m\u00e2t au voilier de plage.<\/li>\n<li data-section-id=\"1vjax6s\" data-start=\"172\" data-end=\"261\">Fixation s\u00e9curis\u00e9e \u2013 maintien optimal gr\u00e2ce \u00e0 des clips et des sangles robustes<\/li>\n<li data-section-id=\"1hctwdw\" data-start=\"262\" data-end=\"346\">Il suffit de le tirer par-dessus la section du m\u00e2t et de commencer le chargement.<\/li>\n<li data-section-id=\"1hctwdw\" data-start=\"262\" data-end=\"346\">Section de m\u00e2t optionnelle, parfaitement adapt\u00e9e \u00e0 une hauteur d&rsquo;environ 75 cm<\/li>\n<\/ul>\n","protected":false},"featured_media":10520,"template":"","meta":{"_acf_changed":false,"_eb_attr":""},"product_brand":[],"product_cat":[1125,1324],"product_tag":[],"class_list":{"0":"post-10331","1":"product","2":"type-product","3":"status-publish","4":"has-post-thumbnail","6":"product_cat-accessoires-pour-char-a-voile","7":"product_cat-mat-bome","9":"first","10":"instock","11":"taxable","12":"shipping-taxable","13":"purchasable","14":"product-type-simple"},"acf":[],"yoast_head":"<!-- This site is optimized with the Yoast SEO plugin v27.4 - https:\/\/yoast.com\/product\/yoast-seo-wordpress\/ -->\n<title>Syst\u00e8me de transport par courroie - Libre Landyachting GmbH<\/title>\n<meta name=\"robots\" content=\"index, follow, max-snippet:-1, max-image-preview:large, max-video-preview:-1\" \/>\n<link rel=\"canonical\" href=\"https:\/\/libre-landyachting.com\/fr\/produkt\/systeme-de-transport-par-courroie\/\" \/>\n<meta property=\"og:locale\" content=\"fr_FR\" \/>\n<meta property=\"og:type\" content=\"article\" \/>\n<meta property=\"og:title\" content=\"Syst\u00e8me de transport par courroie - Libre Landyachting GmbH\" \/>\n<meta property=\"og:description\" content=\"Permet de fixer solidement la housse de voile et de m\u00e2t au voilier de plage.  Fixation s\u00e9curis\u00e9e \u2013 maintien optimal gr\u00e2ce \u00e0 des clips et des sangles robustes  Il suffit de le tirer par-dessus la section du m\u00e2t et de commencer le chargement.  Section de m\u00e2t optionnelle, parfaitement adapt\u00e9e \u00e0 une hauteur d&#039;environ 75 cm\" \/>\n<meta property=\"og:url\" content=\"https:\/\/libre-landyachting.com\/fr\/produkt\/systeme-de-transport-par-courroie\/\" \/>\n<meta property=\"og:site_name\" content=\"Libre Landyachting GmbH\" \/>\n<meta property=\"article:publisher\" content=\"https:\/\/www.facebook.com\/people\/Libre-Landyachting\/pfbid02fhfnbcv4FQYqTSDhT7KRNjiXGxNtW95eVQF1VPZ8ootCwXEph3ZyL6yGzXudLjsfl\/\" \/>\n<meta property=\"article:modified_time\" content=\"2026-04-22T13:09:38+00:00\" \/>\n<meta property=\"og:image\" content=\"https:\/\/libre-landyachting.com\/wp-content\/uploads\/2026\/04\/alle-alt-11.png\" \/>\n\t<meta property=\"og:image:width\" content=\"1500\" \/>\n\t<meta property=\"og:image:height\" content=\"1500\" \/>\n\t<meta property=\"og:image:type\" content=\"image\/png\" \/>\n<meta name=\"twitter:card\" content=\"summary_large_image\" \/>\n<script type=\"application\/ld+json\" class=\"yoast-schema-graph\">{\"@context\":\"https:\\\/\\\/schema.org\",\"@graph\":[{\"@type\":\"WebPage\",\"@id\":\"https:\\\/\\\/libre-landyachting.com\\\/fr\\\/produkt\\\/systeme-de-transport-par-courroie\\\/\",\"url\":\"https:\\\/\\\/libre-landyachting.com\\\/fr\\\/produkt\\\/systeme-de-transport-par-courroie\\\/\",\"name\":\"Syst\u00e8me de transport par courroie - Libre Landyachting GmbH\",\"isPartOf\":{\"@id\":\"https:\\\/\\\/libre-landyachting.com\\\/fr\\\/#website\"},\"primaryImageOfPage\":{\"@id\":\"https:\\\/\\\/libre-landyachting.com\\\/fr\\\/produkt\\\/systeme-de-transport-par-courroie\\\/#primaryimage\"},\"image\":{\"@id\":\"https:\\\/\\\/libre-landyachting.com\\\/fr\\\/produkt\\\/systeme-de-transport-par-courroie\\\/#primaryimage\"},\"thumbnailUrl\":\"https:\\\/\\\/libre-landyachting.com\\\/wp-content\\\/uploads\\\/2026\\\/04\\\/alle-alt-11.png\",\"datePublished\":\"2026-04-16T10:20:24+00:00\",\"dateModified\":\"2026-04-22T13:09:38+00:00\",\"breadcrumb\":{\"@id\":\"https:\\\/\\\/libre-landyachting.com\\\/fr\\\/produkt\\\/systeme-de-transport-par-courroie\\\/#breadcrumb\"},\"inLanguage\":\"fr-FR\",\"potentialAction\":[{\"@type\":\"ReadAction\",\"target\":[\"https:\\\/\\\/libre-landyachting.com\\\/fr\\\/produkt\\\/systeme-de-transport-par-courroie\\\/\"]}]},{\"@type\":\"ImageObject\",\"inLanguage\":\"fr-FR\",\"@id\":\"https:\\\/\\\/libre-landyachting.com\\\/fr\\\/produkt\\\/systeme-de-transport-par-courroie\\\/#primaryimage\",\"url\":\"https:\\\/\\\/libre-landyachting.com\\\/wp-content\\\/uploads\\\/2026\\\/04\\\/alle-alt-11.png\",\"contentUrl\":\"https:\\\/\\\/libre-landyachting.com\\\/wp-content\\\/uploads\\\/2026\\\/04\\\/alle-alt-11.png\",\"width\":1500,\"height\":1500},{\"@type\":\"BreadcrumbList\",\"@id\":\"https:\\\/\\\/libre-landyachting.com\\\/fr\\\/produkt\\\/systeme-de-transport-par-courroie\\\/#breadcrumb\",\"itemListElement\":[{\"@type\":\"ListItem\",\"position\":1,\"name\":\"Startseite\",\"item\":\"https:\\\/\\\/libre-landyachting.com\\\/fr\\\/\"},{\"@type\":\"ListItem\",\"position\":2,\"name\":\"Boutique\",\"item\":\"https:\\\/\\\/libre-landyachting.com\\\/fr\\\/boutique\\\/\"},{\"@type\":\"ListItem\",\"position\":3,\"name\":\"Syst\u00e8me de transport par courroie\"}]},{\"@type\":\"WebSite\",\"@id\":\"https:\\\/\\\/libre-landyachting.com\\\/fr\\\/#website\",\"url\":\"https:\\\/\\\/libre-landyachting.com\\\/fr\\\/\",\"name\":\"Libre Landyachting GmbH\",\"description\":\"\",\"publisher\":{\"@id\":\"https:\\\/\\\/libre-landyachting.com\\\/fr\\\/#organization\"},\"potentialAction\":[{\"@type\":\"SearchAction\",\"target\":{\"@type\":\"EntryPoint\",\"urlTemplate\":\"https:\\\/\\\/libre-landyachting.com\\\/fr\\\/?s={search_term_string}\"},\"query-input\":{\"@type\":\"PropertyValueSpecification\",\"valueRequired\":true,\"valueName\":\"search_term_string\"}}],\"inLanguage\":\"fr-FR\"},{\"@type\":\"Organization\",\"@id\":\"https:\\\/\\\/libre-landyachting.com\\\/fr\\\/#organization\",\"name\":\"Libre Landyachting GmbH\",\"url\":\"https:\\\/\\\/libre-landyachting.com\\\/fr\\\/\",\"logo\":{\"@type\":\"ImageObject\",\"inLanguage\":\"fr-FR\",\"@id\":\"https:\\\/\\\/libre-landyachting.com\\\/fr\\\/#\\\/schema\\\/logo\\\/image\\\/\",\"url\":\"https:\\\/\\\/libre-landyachting.com\\\/wp-content\\\/uploads\\\/2025\\\/02\\\/cropped-70283994.png\",\"contentUrl\":\"https:\\\/\\\/libre-landyachting.com\\\/wp-content\\\/uploads\\\/2025\\\/02\\\/cropped-70283994.png\",\"width\":512,\"height\":512,\"caption\":\"Libre Landyachting GmbH\"},\"image\":{\"@id\":\"https:\\\/\\\/libre-landyachting.com\\\/fr\\\/#\\\/schema\\\/logo\\\/image\\\/\"},\"sameAs\":[\"https:\\\/\\\/www.facebook.com\\\/people\\\/Libre-Landyachting\\\/pfbid02fhfnbcv4FQYqTSDhT7KRNjiXGxNtW95eVQF1VPZ8ootCwXEph3ZyL6yGzXudLjsfl\\\/\",\"https:\\\/\\\/www.instagram.com\\\/libre_landyachting_\\\/\"]}]}<\/script>\n<!-- \/ Yoast SEO plugin. -->","yoast_head_json":{"title":"Syst\u00e8me de transport par courroie - Libre Landyachting GmbH","robots":{"index":"index","follow":"follow","max-snippet":"max-snippet:-1","max-image-preview":"max-image-preview:large","max-video-preview":"max-video-preview:-1"},"canonical":"https:\/\/libre-landyachting.com\/fr\/produkt\/systeme-de-transport-par-courroie\/","og_locale":"fr_FR","og_type":"article","og_title":"Syst\u00e8me de transport par courroie - Libre Landyachting GmbH","og_description":"Permet de fixer solidement la housse de voile et de m\u00e2t au voilier de plage.  Fixation s\u00e9curis\u00e9e \u2013 maintien optimal gr\u00e2ce \u00e0 des clips et des sangles robustes  Il suffit de le tirer par-dessus la section du m\u00e2t et de commencer le chargement.  Section de m\u00e2t optionnelle, parfaitement adapt\u00e9e \u00e0 une hauteur d'environ 75 cm","og_url":"https:\/\/libre-landyachting.com\/fr\/produkt\/systeme-de-transport-par-courroie\/","og_site_name":"Libre Landyachting GmbH","article_publisher":"https:\/\/www.facebook.com\/people\/Libre-Landyachting\/pfbid02fhfnbcv4FQYqTSDhT7KRNjiXGxNtW95eVQF1VPZ8ootCwXEph3ZyL6yGzXudLjsfl\/","article_modified_time":"2026-04-22T13:09:38+00:00","og_image":[{"width":1500,"height":1500,"url":"https:\/\/libre-landyachting.com\/wp-content\/uploads\/2026\/04\/alle-alt-11.png","type":"image\/png"}],"twitter_card":"summary_large_image","schema":{"@context":"https:\/\/schema.org","@graph":[{"@type":"WebPage","@id":"https:\/\/libre-landyachting.com\/fr\/produkt\/systeme-de-transport-par-courroie\/","url":"https:\/\/libre-landyachting.com\/fr\/produkt\/systeme-de-transport-par-courroie\/","name":"Syst\u00e8me de transport par courroie - Libre Landyachting GmbH","isPartOf":{"@id":"https:\/\/libre-landyachting.com\/fr\/#website"},"primaryImageOfPage":{"@id":"https:\/\/libre-landyachting.com\/fr\/produkt\/systeme-de-transport-par-courroie\/#primaryimage"},"image":{"@id":"https:\/\/libre-landyachting.com\/fr\/produkt\/systeme-de-transport-par-courroie\/#primaryimage"},"thumbnailUrl":"https:\/\/libre-landyachting.com\/wp-content\/uploads\/2026\/04\/alle-alt-11.png","datePublished":"2026-04-16T10:20:24+00:00","dateModified":"2026-04-22T13:09:38+00:00","breadcrumb":{"@id":"https:\/\/libre-landyachting.com\/fr\/produkt\/systeme-de-transport-par-courroie\/#breadcrumb"},"inLanguage":"fr-FR","potentialAction":[{"@type":"ReadAction","target":["https:\/\/libre-landyachting.com\/fr\/produkt\/systeme-de-transport-par-courroie\/"]}]},{"@type":"ImageObject","inLanguage":"fr-FR","@id":"https:\/\/libre-landyachting.com\/fr\/produkt\/systeme-de-transport-par-courroie\/#primaryimage","url":"https:\/\/libre-landyachting.com\/wp-content\/uploads\/2026\/04\/alle-alt-11.png","contentUrl":"https:\/\/libre-landyachting.com\/wp-content\/uploads\/2026\/04\/alle-alt-11.png","width":1500,"height":1500},{"@type":"BreadcrumbList","@id":"https:\/\/libre-landyachting.com\/fr\/produkt\/systeme-de-transport-par-courroie\/#breadcrumb","itemListElement":[{"@type":"ListItem","position":1,"name":"Startseite","item":"https:\/\/libre-landyachting.com\/fr\/"},{"@type":"ListItem","position":2,"name":"Boutique","item":"https:\/\/libre-landyachting.com\/fr\/boutique\/"},{"@type":"ListItem","position":3,"name":"Syst\u00e8me de transport par courroie"}]},{"@type":"WebSite","@id":"https:\/\/libre-landyachting.com\/fr\/#website","url":"https:\/\/libre-landyachting.com\/fr\/","name":"Libre Landyachting GmbH","description":"","publisher":{"@id":"https:\/\/libre-landyachting.com\/fr\/#organization"},"potentialAction":[{"@type":"SearchAction","target":{"@type":"EntryPoint","urlTemplate":"https:\/\/libre-landyachting.com\/fr\/?s={search_term_string}"},"query-input":{"@type":"PropertyValueSpecification","valueRequired":true,"valueName":"search_term_string"}}],"inLanguage":"fr-FR"},{"@type":"Organization","@id":"https:\/\/libre-landyachting.com\/fr\/#organization","name":"Libre Landyachting GmbH","url":"https:\/\/libre-landyachting.com\/fr\/","logo":{"@type":"ImageObject","inLanguage":"fr-FR","@id":"https:\/\/libre-landyachting.com\/fr\/#\/schema\/logo\/image\/","url":"https:\/\/libre-landyachting.com\/wp-content\/uploads\/2025\/02\/cropped-70283994.png","contentUrl":"https:\/\/libre-landyachting.com\/wp-content\/uploads\/2025\/02\/cropped-70283994.png","width":512,"height":512,"caption":"Libre Landyachting GmbH"},"image":{"@id":"https:\/\/libre-landyachting.com\/fr\/#\/schema\/logo\/image\/"},"sameAs":["https:\/\/www.facebook.com\/people\/Libre-Landyachting\/pfbid02fhfnbcv4FQYqTSDhT7KRNjiXGxNtW95eVQF1VPZ8ootCwXEph3ZyL6yGzXudLjsfl\/","https:\/\/www.instagram.com\/libre_landyachting_\/"]}]}},"jetpack_sharing_enabled":true,"_links":{"self":[{"href":"https:\/\/libre-landyachting.com\/fr\/wp-json\/wp\/v2\/product\/10331","targetHints":{"allow":["GET"]}}],"collection":[{"href":"https:\/\/libre-landyachting.com\/fr\/wp-json\/wp\/v2\/product"}],"about":[{"href":"https:\/\/libre-landyachting.com\/fr\/wp-json\/wp\/v2\/types\/product"}],"wp:featuredmedia":[{"embeddable":true,"href":"https:\/\/libre-landyachting.com\/fr\/wp-json\/wp\/v2\/media\/10520"}],"wp:attachment":[{"href":"https:\/\/libre-landyachting.com\/fr\/wp-json\/wp\/v2\/media?parent=10331"}],"wp:term":[{"taxonomy":"product_brand","embeddable":true,"href":"https:\/\/libre-landyachting.com\/fr\/wp-json\/wp\/v2\/product_brand?post=10331"},{"taxonomy":"product_cat","embeddable":true,"href":"https:\/\/libre-landyachting.com\/fr\/wp-json\/wp\/v2\/product_cat?post=10331"},{"taxonomy":"product_tag","embeddable":true,"href":"https:\/\/libre-landyachting.com\/fr\/wp-json\/wp\/v2\/product_tag?post=10331"}],"curies":[{"name":"wp","href":"https:\/\/api.w.org\/{rel}","templated":true}]}}