{"id":4330,"date":"2025-05-01T11:36:13","date_gmt":"2025-05-01T09:36:13","guid":{"rendered":"https:\/\/libre-landyachting.com\/produkt\/micro-race-pro-doccasion\/"},"modified":"2026-02-01T13:46:25","modified_gmt":"2026-02-01T12:46:25","slug":"micro-race-pro-doccasion","status":"publish","type":"product","link":"https:\/\/libre-landyachting.com\/fr\/produkt\/micro-race-pro-doccasion\/","title":{"rendered":"Micro Race Pro d&rsquo;occasion"},"content":{"rendered":"&#13;\n<p class=\"has-text-align-left\"><strong>Des chars \u00e0 voile du mod\u00e8le \u00ab\u00a0Micro Race Pro\u00a0\u00bb sont propos\u00e9s \u00e0 la vente<\/strong>. <br\/><strong>Les chars \u00e0 voile sont d&rsquo;occasion et proviennent de la saison 2024\/2025 de notre \u00e9cole de char \u00e0 voile \u00ab\u00a0World of Wind\u00a0\u00bb sur l&rsquo;\u00eele de Borkum.<\/strong><\/p>&#13;\n&#13;\n<p class=\"has-text-align-left\"><strong>\u00c9quip\u00e9s de 3 roues de brouette, m\u00e2t et b\u00f4me inclus. Vous pouvez choisir les voiles qui vous conviennent parmi les mod\u00e8les \u00ab\u00a0<a href=\"https:\/\/libre-landyachting.com\/fr\/produkt\/voile-doccasion-competition\/\">Competition<\/a>\u00a0\u00bb et \u00ab\u00a0<a href=\"https:\/\/libre-landyachting.com\/fr\/produkt\/voiles-doccasion-landyachting\/\">Landyachting<\/a>\u00ab\u00a0.   <\/strong><\/p>&#13;\n&#13;\n<p class=\"has-text-align-left\"><strong>Reprise possible directement \u00e0 Borkum ou \u00e0 Bochum sur demande. Pour toute question, veuillez contacter le <mark class=\"has-inline-color has-lib-thunderbird-color\" style=\"background-color: rgba(0, 0, 0, 0);\">0173-5327087<\/mark> <\/strong><\/p>&#13;\n&#13;\n<p>\u00a0<\/p>&#13;\n","protected":false},"excerpt":{"rendered":"<ul>\n<li>Le mod\u00e8le haut de gamme parmi les chars \u00e0 voile<\/li>\n<li>Ex\u00e9cution en acier inoxydable<\/li>\n<li>Conforme \u00e0 la classe Mini 5.6<\/li>\n<\/ul>\n","protected":false},"featured_media":3348,"template":"","meta":{"_acf_changed":false,"_eb_attr":""},"product_brand":[],"product_cat":[1026,1025],"product_tag":[],"class_list":{"0":"post-4330","1":"product","2":"type-product","3":"status-publish","4":"has-post-thumbnail","6":"product_cat-marche-de-loccasion-pour-le-char-a-voile","7":"product_cat-offres","9":"first","10":"instock","11":"sale","12":"taxable","13":"shipping-taxable","14":"purchasable","15":"product-type-simple"},"acf":[],"yoast_head":"<!-- This site is optimized with the Yoast SEO plugin v27.2 - https:\/\/yoast.com\/product\/yoast-seo-wordpress\/ -->\n<title>Micro Race Pro d&#039;occasion<\/title>\n<meta name=\"description\" content=\"Chars \u00e0 voile Micro Race Pro d&#039;occasion \u00e0 des prix absolument EXCEPTIONNELS. Tous les chars sont en acier inoxydable. Quantit\u00e9 limit\u00e9e.\" \/>\n<meta name=\"robots\" content=\"index, follow, max-snippet:-1, max-image-preview:large, max-video-preview:-1\" \/>\n<link rel=\"canonical\" href=\"https:\/\/libre-landyachting.com\/fr\/produkt\/micro-race-pro-doccasion\/\" \/>\n<meta property=\"og:locale\" content=\"fr_FR\" \/>\n<meta property=\"og:type\" content=\"article\" \/>\n<meta property=\"og:title\" content=\"Micro Race Pro d&#039;occasion\" \/>\n<meta property=\"og:description\" content=\"Chars \u00e0 voile Micro Race Pro d&#039;occasion \u00e0 des prix absolument EXCEPTIONNELS. Tous les chars sont en acier inoxydable. Quantit\u00e9 limit\u00e9e.\" \/>\n<meta property=\"og:url\" content=\"https:\/\/libre-landyachting.com\/fr\/produkt\/micro-race-pro-doccasion\/\" \/>\n<meta property=\"og:site_name\" content=\"Libre Landyachting GmbH\" \/>\n<meta property=\"article:publisher\" content=\"https:\/\/www.facebook.com\/people\/Libre-Landyachting\/pfbid02fhfnbcv4FQYqTSDhT7KRNjiXGxNtW95eVQF1VPZ8ootCwXEph3ZyL6yGzXudLjsfl\/\" \/>\n<meta property=\"article:modified_time\" content=\"2026-02-01T12:46:25+00:00\" \/>\n<meta property=\"og:image\" content=\"https:\/\/libre-landyachting.com\/wp-content\/uploads\/2025\/02\/Micro-Race-Pro-freigestellt.png\" \/>\n\t<meta property=\"og:image:width\" content=\"1500\" \/>\n\t<meta property=\"og:image:height\" content=\"1500\" \/>\n\t<meta property=\"og:image:type\" content=\"image\/png\" \/>\n<meta name=\"twitter:card\" content=\"summary_large_image\" \/>\n<script type=\"application\/ld+json\" class=\"yoast-schema-graph\">{\"@context\":\"https:\/\/schema.org\",\"@graph\":[{\"@type\":\"WebPage\",\"@id\":\"https:\/\/libre-landyachting.com\/fr\/produkt\/micro-race-pro-doccasion\/\",\"url\":\"https:\/\/libre-landyachting.com\/fr\/produkt\/micro-race-pro-doccasion\/\",\"name\":\"Micro Race Pro d'occasion\",\"isPartOf\":{\"@id\":\"https:\/\/libre-landyachting.com\/fr\/#website\"},\"primaryImageOfPage\":{\"@id\":\"https:\/\/libre-landyachting.com\/fr\/produkt\/micro-race-pro-doccasion\/#primaryimage\"},\"image\":{\"@id\":\"https:\/\/libre-landyachting.com\/fr\/produkt\/micro-race-pro-doccasion\/#primaryimage\"},\"thumbnailUrl\":\"https:\/\/libre-landyachting.com\/wp-content\/uploads\/2025\/02\/Micro-Race-Pro-freigestellt.png\",\"datePublished\":\"2025-05-01T09:36:13+00:00\",\"dateModified\":\"2026-02-01T12:46:25+00:00\",\"description\":\"Chars \u00e0 voile Micro Race Pro d'occasion \u00e0 des prix absolument EXCEPTIONNELS. Tous les chars sont en acier inoxydable. Quantit\u00e9 limit\u00e9e.\",\"breadcrumb\":{\"@id\":\"https:\/\/libre-landyachting.com\/fr\/produkt\/micro-race-pro-doccasion\/#breadcrumb\"},\"inLanguage\":\"fr-FR\",\"potentialAction\":[{\"@type\":\"ReadAction\",\"target\":[\"https:\/\/libre-landyachting.com\/fr\/produkt\/micro-race-pro-doccasion\/\"]}]},{\"@type\":\"ImageObject\",\"inLanguage\":\"fr-FR\",\"@id\":\"https:\/\/libre-landyachting.com\/fr\/produkt\/micro-race-pro-doccasion\/#primaryimage\",\"url\":\"https:\/\/libre-landyachting.com\/wp-content\/uploads\/2025\/02\/Micro-Race-Pro-freigestellt.png\",\"contentUrl\":\"https:\/\/libre-landyachting.com\/wp-content\/uploads\/2025\/02\/Micro-Race-Pro-freigestellt.png\",\"width\":1500,\"height\":1500},{\"@type\":\"BreadcrumbList\",\"@id\":\"https:\/\/libre-landyachting.com\/fr\/produkt\/micro-race-pro-doccasion\/#breadcrumb\",\"itemListElement\":[{\"@type\":\"ListItem\",\"position\":1,\"name\":\"Startseite\",\"item\":\"https:\/\/libre-landyachting.com\/fr\/\"},{\"@type\":\"ListItem\",\"position\":2,\"name\":\"Boutique\",\"item\":\"https:\/\/libre-landyachting.com\/fr\/boutique\/\"},{\"@type\":\"ListItem\",\"position\":3,\"name\":\"Micro Race Pro d&rsquo;occasion\"}]},{\"@type\":\"WebSite\",\"@id\":\"https:\/\/libre-landyachting.com\/fr\/#website\",\"url\":\"https:\/\/libre-landyachting.com\/fr\/\",\"name\":\"Libre Landyachting GmbH\",\"description\":\"\",\"publisher\":{\"@id\":\"https:\/\/libre-landyachting.com\/fr\/#organization\"},\"potentialAction\":[{\"@type\":\"SearchAction\",\"target\":{\"@type\":\"EntryPoint\",\"urlTemplate\":\"https:\/\/libre-landyachting.com\/fr\/?s={search_term_string}\"},\"query-input\":{\"@type\":\"PropertyValueSpecification\",\"valueRequired\":true,\"valueName\":\"search_term_string\"}}],\"inLanguage\":\"fr-FR\"},{\"@type\":\"Organization\",\"@id\":\"https:\/\/libre-landyachting.com\/fr\/#organization\",\"name\":\"Libre Landyachting GmbH\",\"url\":\"https:\/\/libre-landyachting.com\/fr\/\",\"logo\":{\"@type\":\"ImageObject\",\"inLanguage\":\"fr-FR\",\"@id\":\"https:\/\/libre-landyachting.com\/fr\/#\/schema\/logo\/image\/\",\"url\":\"https:\/\/libre-landyachting.com\/wp-content\/uploads\/2025\/02\/cropped-70283994.png\",\"contentUrl\":\"https:\/\/libre-landyachting.com\/wp-content\/uploads\/2025\/02\/cropped-70283994.png\",\"width\":512,\"height\":512,\"caption\":\"Libre Landyachting GmbH\"},\"image\":{\"@id\":\"https:\/\/libre-landyachting.com\/fr\/#\/schema\/logo\/image\/\"},\"sameAs\":[\"https:\/\/www.facebook.com\/people\/Libre-Landyachting\/pfbid02fhfnbcv4FQYqTSDhT7KRNjiXGxNtW95eVQF1VPZ8ootCwXEph3ZyL6yGzXudLjsfl\/\",\"https:\/\/www.instagram.com\/libre_landyachting_\/\"]}]}<\/script>\n<!-- \/ Yoast SEO plugin. -->","yoast_head_json":{"title":"Micro Race Pro d'occasion","description":"Chars \u00e0 voile Micro Race Pro d'occasion \u00e0 des prix absolument EXCEPTIONNELS. Tous les chars sont en acier inoxydable. Quantit\u00e9 limit\u00e9e.","robots":{"index":"index","follow":"follow","max-snippet":"max-snippet:-1","max-image-preview":"max-image-preview:large","max-video-preview":"max-video-preview:-1"},"canonical":"https:\/\/libre-landyachting.com\/fr\/produkt\/micro-race-pro-doccasion\/","og_locale":"fr_FR","og_type":"article","og_title":"Micro Race Pro d'occasion","og_description":"Chars \u00e0 voile Micro Race Pro d'occasion \u00e0 des prix absolument EXCEPTIONNELS. Tous les chars sont en acier inoxydable. Quantit\u00e9 limit\u00e9e.","og_url":"https:\/\/libre-landyachting.com\/fr\/produkt\/micro-race-pro-doccasion\/","og_site_name":"Libre Landyachting GmbH","article_publisher":"https:\/\/www.facebook.com\/people\/Libre-Landyachting\/pfbid02fhfnbcv4FQYqTSDhT7KRNjiXGxNtW95eVQF1VPZ8ootCwXEph3ZyL6yGzXudLjsfl\/","article_modified_time":"2026-02-01T12:46:25+00:00","og_image":[{"width":1500,"height":1500,"url":"https:\/\/libre-landyachting.com\/wp-content\/uploads\/2025\/02\/Micro-Race-Pro-freigestellt.png","type":"image\/png"}],"twitter_card":"summary_large_image","schema":{"@context":"https:\/\/schema.org","@graph":[{"@type":"WebPage","@id":"https:\/\/libre-landyachting.com\/fr\/produkt\/micro-race-pro-doccasion\/","url":"https:\/\/libre-landyachting.com\/fr\/produkt\/micro-race-pro-doccasion\/","name":"Micro Race Pro d'occasion","isPartOf":{"@id":"https:\/\/libre-landyachting.com\/fr\/#website"},"primaryImageOfPage":{"@id":"https:\/\/libre-landyachting.com\/fr\/produkt\/micro-race-pro-doccasion\/#primaryimage"},"image":{"@id":"https:\/\/libre-landyachting.com\/fr\/produkt\/micro-race-pro-doccasion\/#primaryimage"},"thumbnailUrl":"https:\/\/libre-landyachting.com\/wp-content\/uploads\/2025\/02\/Micro-Race-Pro-freigestellt.png","datePublished":"2025-05-01T09:36:13+00:00","dateModified":"2026-02-01T12:46:25+00:00","description":"Chars \u00e0 voile Micro Race Pro d'occasion \u00e0 des prix absolument EXCEPTIONNELS. Tous les chars sont en acier inoxydable. Quantit\u00e9 limit\u00e9e.","breadcrumb":{"@id":"https:\/\/libre-landyachting.com\/fr\/produkt\/micro-race-pro-doccasion\/#breadcrumb"},"inLanguage":"fr-FR","potentialAction":[{"@type":"ReadAction","target":["https:\/\/libre-landyachting.com\/fr\/produkt\/micro-race-pro-doccasion\/"]}]},{"@type":"ImageObject","inLanguage":"fr-FR","@id":"https:\/\/libre-landyachting.com\/fr\/produkt\/micro-race-pro-doccasion\/#primaryimage","url":"https:\/\/libre-landyachting.com\/wp-content\/uploads\/2025\/02\/Micro-Race-Pro-freigestellt.png","contentUrl":"https:\/\/libre-landyachting.com\/wp-content\/uploads\/2025\/02\/Micro-Race-Pro-freigestellt.png","width":1500,"height":1500},{"@type":"BreadcrumbList","@id":"https:\/\/libre-landyachting.com\/fr\/produkt\/micro-race-pro-doccasion\/#breadcrumb","itemListElement":[{"@type":"ListItem","position":1,"name":"Startseite","item":"https:\/\/libre-landyachting.com\/fr\/"},{"@type":"ListItem","position":2,"name":"Boutique","item":"https:\/\/libre-landyachting.com\/fr\/boutique\/"},{"@type":"ListItem","position":3,"name":"Micro Race Pro d&rsquo;occasion"}]},{"@type":"WebSite","@id":"https:\/\/libre-landyachting.com\/fr\/#website","url":"https:\/\/libre-landyachting.com\/fr\/","name":"Libre Landyachting GmbH","description":"","publisher":{"@id":"https:\/\/libre-landyachting.com\/fr\/#organization"},"potentialAction":[{"@type":"SearchAction","target":{"@type":"EntryPoint","urlTemplate":"https:\/\/libre-landyachting.com\/fr\/?s={search_term_string}"},"query-input":{"@type":"PropertyValueSpecification","valueRequired":true,"valueName":"search_term_string"}}],"inLanguage":"fr-FR"},{"@type":"Organization","@id":"https:\/\/libre-landyachting.com\/fr\/#organization","name":"Libre Landyachting GmbH","url":"https:\/\/libre-landyachting.com\/fr\/","logo":{"@type":"ImageObject","inLanguage":"fr-FR","@id":"https:\/\/libre-landyachting.com\/fr\/#\/schema\/logo\/image\/","url":"https:\/\/libre-landyachting.com\/wp-content\/uploads\/2025\/02\/cropped-70283994.png","contentUrl":"https:\/\/libre-landyachting.com\/wp-content\/uploads\/2025\/02\/cropped-70283994.png","width":512,"height":512,"caption":"Libre Landyachting GmbH"},"image":{"@id":"https:\/\/libre-landyachting.com\/fr\/#\/schema\/logo\/image\/"},"sameAs":["https:\/\/www.facebook.com\/people\/Libre-Landyachting\/pfbid02fhfnbcv4FQYqTSDhT7KRNjiXGxNtW95eVQF1VPZ8ootCwXEph3ZyL6yGzXudLjsfl\/","https:\/\/www.instagram.com\/libre_landyachting_\/"]}]}},"jetpack_sharing_enabled":true,"_links":{"self":[{"href":"https:\/\/libre-landyachting.com\/fr\/wp-json\/wp\/v2\/product\/4330","targetHints":{"allow":["GET"]}}],"collection":[{"href":"https:\/\/libre-landyachting.com\/fr\/wp-json\/wp\/v2\/product"}],"about":[{"href":"https:\/\/libre-landyachting.com\/fr\/wp-json\/wp\/v2\/types\/product"}],"wp:featuredmedia":[{"embeddable":true,"href":"https:\/\/libre-landyachting.com\/fr\/wp-json\/wp\/v2\/media\/3348"}],"wp:attachment":[{"href":"https:\/\/libre-landyachting.com\/fr\/wp-json\/wp\/v2\/media?parent=4330"}],"wp:term":[{"taxonomy":"product_brand","embeddable":true,"href":"https:\/\/libre-landyachting.com\/fr\/wp-json\/wp\/v2\/product_brand?post=4330"},{"taxonomy":"product_cat","embeddable":true,"href":"https:\/\/libre-landyachting.com\/fr\/wp-json\/wp\/v2\/product_cat?post=4330"},{"taxonomy":"product_tag","embeddable":true,"href":"https:\/\/libre-landyachting.com\/fr\/wp-json\/wp\/v2\/product_tag?post=4330"}],"curies":[{"name":"wp","href":"https:\/\/api.w.org\/{rel}","templated":true}]}}