{"id":4338,"date":"2025-04-28T18:00:45","date_gmt":"2025-04-28T16:00:45","guid":{"rendered":"https:\/\/libre-landyachting.com\/produkt\/voiles-doccasion-landyachting\/"},"modified":"2026-02-01T13:47:40","modified_gmt":"2026-02-01T12:47:40","slug":"voiles-doccasion-landyachting","status":"publish","type":"product","link":"https:\/\/libre-landyachting.com\/fr\/produkt\/voiles-doccasion-landyachting\/","title":{"rendered":"Voiles d&rsquo;occasion \u00ab\u00a0Landyachting\u00a0\u00bb"},"content":{"rendered":"&#13;\n<p><strong>\u00c0 vendre, des voiles de \u00ab char \u00e0 voile \u00bb de 1,5 m\u00b2 et 2,1 m\u00b2 de couleur bleue.<\/strong><br\/><br\/><strong>Les voiles sont d&rsquo;occasion, mais bien s\u00fbr sans dommages ni r\u00e9parations, et proviennent de la saison 2024\/2025 de notre<\/strong><br\/><strong>\u00e9cole de char \u00e0 voile \u00ab World of Wind \u00bb \u00e0 Borkum.<\/strong><\/p>&#13;\n&#13;\n<p><strong>Une prise en charge est possible en juin ou novembre \u00e0 Bochum. <\/strong><br\/><strong>Nous pouvons \u00e9galement exp\u00e9dier les voiles, les frais d&rsquo;exp\u00e9dition seront ajout\u00e9s manuellement au montant de la facture. <\/strong><br\/><strong>Pour toute question, veuillez contacter le 0173-5327087<\/strong><\/p>&#13;\n&#13;\n<p>\u00a0<\/p>&#13;\n&#13;\n<p>La voile \u00ab\u00a0Landyachting\u00a0\u00bb est une voile polyvalente docile et peut \u00eatre utilis\u00e9e pour tous les mod\u00e8les de chars \u00e0 voile de \u00ab\u00a0Libre Landyachting\u00a0\u00bb.<\/p>&#13;\n&#13;\n<figure class=\"wp-block-image size-large\"><img loading=\"lazy\" decoding=\"async\" width=\"1024\" height=\"1024\" class=\"wp-image-3817\" src=\"https:\/\/libre-landyachting.com\/wp-content\/uploads\/2025\/04\/Segel-LL-gebraucht-Reihe-1024x1024.png\" alt=\"\" srcset=\"https:\/\/libre-landyachting.com\/wp-content\/uploads\/2025\/04\/Segel-LL-gebraucht-Reihe-1024x1024.png 1024w, https:\/\/libre-landyachting.com\/wp-content\/uploads\/2025\/04\/Segel-LL-gebraucht-Reihe-150x150.png 150w, https:\/\/libre-landyachting.com\/wp-content\/uploads\/2025\/04\/Segel-LL-gebraucht-Reihe-300x300.png 300w, https:\/\/libre-landyachting.com\/wp-content\/uploads\/2025\/04\/Segel-LL-gebraucht-Reihe-768x768.png 768w, https:\/\/libre-landyachting.com\/wp-content\/uploads\/2025\/04\/Segel-LL-gebraucht-Reihe-600x600.png 600w, https:\/\/libre-landyachting.com\/wp-content\/uploads\/2025\/04\/Segel-LL-gebraucht-Reihe-900x900.png 900w, https:\/\/libre-landyachting.com\/wp-content\/uploads\/2025\/04\/Segel-LL-gebraucht-Reihe-100x100.png 100w, https:\/\/libre-landyachting.com\/wp-content\/uploads\/2025\/04\/Segel-LL-gebraucht-Reihe.png 1500w\" sizes=\"auto, (max-width: 1024px) 100vw, 1024px\" \/><\/figure>&#13;\n","protected":false},"excerpt":{"rendered":"<ul>\n<li>Belle voile polyvalente<\/li>\n<li>Tailles 1,5 m\u00b2 et 2,1 m\u00b2, parfaites pour les vents forts ou les pilotes l\u00e9gers<\/li>\n<li>Couleur bleue (Sky)<\/li>\n<li>Voiles \u00e9ventuellement orn\u00e9es du logo Borkum<\/li>\n<\/ul>\n","protected":false},"featured_media":3354,"template":"","meta":{"_acf_changed":false,"_eb_attr":""},"product_brand":[],"product_cat":[1026,1025],"product_tag":[],"class_list":{"0":"post-4338","1":"product","2":"type-product","3":"status-publish","4":"has-post-thumbnail","6":"product_cat-marche-de-loccasion-pour-le-char-a-voile","7":"product_cat-offres","8":"pa_farbe-sky-bleu","9":"pa_segelgroesse-15-m","10":"pa_segelgroesse-21-m","12":"first","13":"instock","14":"sale","15":"taxable","16":"shipping-taxable","17":"purchasable","18":"product-type-variable","19":"has-default-attributes"},"acf":[],"yoast_head":"<!-- This site is optimized with the Yoast SEO plugin v27.2 - https:\/\/yoast.com\/product\/yoast-seo-wordpress\/ -->\n<title>Voiles d&#039;occasion &quot;Landyachting&quot;<\/title>\n<meta name=\"description\" content=\"Voiles &quot;Landyachting&quot; d&#039;occasion de World of Wind. Tailles 1,5\/2,1 m\u00b2, bleues. Prix avantageux.\" \/>\n<meta name=\"robots\" content=\"index, follow, max-snippet:-1, max-image-preview:large, max-video-preview:-1\" \/>\n<link rel=\"canonical\" href=\"https:\/\/libre-landyachting.com\/fr\/produkt\/voiles-doccasion-landyachting\/\" \/>\n<meta property=\"og:locale\" content=\"fr_FR\" \/>\n<meta property=\"og:type\" content=\"article\" \/>\n<meta property=\"og:title\" content=\"Voiles d&#039;occasion &quot;Landyachting&quot;\" \/>\n<meta property=\"og:description\" content=\"Voiles &quot;Landyachting&quot; d&#039;occasion de World of Wind. Tailles 1,5\/2,1 m\u00b2, bleues. Prix avantageux.\" \/>\n<meta property=\"og:url\" content=\"https:\/\/libre-landyachting.com\/fr\/produkt\/voiles-doccasion-landyachting\/\" \/>\n<meta property=\"og:site_name\" content=\"Libre Landyachting GmbH\" \/>\n<meta property=\"article:publisher\" content=\"https:\/\/www.facebook.com\/people\/Libre-Landyachting\/pfbid02fhfnbcv4FQYqTSDhT7KRNjiXGxNtW95eVQF1VPZ8ootCwXEph3ZyL6yGzXudLjsfl\/\" \/>\n<meta property=\"article:modified_time\" content=\"2026-02-01T12:47:40+00:00\" \/>\n<meta property=\"og:image\" content=\"https:\/\/libre-landyachting.com\/wp-content\/uploads\/2025\/02\/Segel-Landyachting-22Sky22.png\" \/>\n\t<meta property=\"og:image:width\" content=\"1500\" \/>\n\t<meta property=\"og:image:height\" content=\"1500\" \/>\n\t<meta property=\"og:image:type\" content=\"image\/png\" \/>\n<meta name=\"twitter:card\" content=\"summary_large_image\" \/>\n<meta name=\"twitter:label1\" content=\"Dur\u00e9e de lecture estim\u00e9e\" \/>\n\t<meta name=\"twitter:data1\" content=\"1 minute\" \/>\n<script type=\"application\/ld+json\" class=\"yoast-schema-graph\">{\"@context\":\"https:\/\/schema.org\",\"@graph\":[{\"@type\":\"WebPage\",\"@id\":\"https:\/\/libre-landyachting.com\/fr\/produkt\/voiles-doccasion-landyachting\/\",\"url\":\"https:\/\/libre-landyachting.com\/fr\/produkt\/voiles-doccasion-landyachting\/\",\"name\":\"Voiles d'occasion \\\"Landyachting\\\"\",\"isPartOf\":{\"@id\":\"https:\/\/libre-landyachting.com\/fr\/#website\"},\"primaryImageOfPage\":{\"@id\":\"https:\/\/libre-landyachting.com\/fr\/produkt\/voiles-doccasion-landyachting\/#primaryimage\"},\"image\":{\"@id\":\"https:\/\/libre-landyachting.com\/fr\/produkt\/voiles-doccasion-landyachting\/#primaryimage\"},\"thumbnailUrl\":\"https:\/\/libre-landyachting.com\/wp-content\/uploads\/2025\/02\/Segel-Landyachting-22Sky22.png\",\"datePublished\":\"2025-04-28T16:00:45+00:00\",\"dateModified\":\"2026-02-01T12:47:40+00:00\",\"description\":\"Voiles \\\"Landyachting\\\" d'occasion de World of Wind. Tailles 1,5\/2,1 m\u00b2, bleues. Prix avantageux.\",\"breadcrumb\":{\"@id\":\"https:\/\/libre-landyachting.com\/fr\/produkt\/voiles-doccasion-landyachting\/#breadcrumb\"},\"inLanguage\":\"fr-FR\",\"potentialAction\":[{\"@type\":\"ReadAction\",\"target\":[\"https:\/\/libre-landyachting.com\/fr\/produkt\/voiles-doccasion-landyachting\/\"]}]},{\"@type\":\"ImageObject\",\"inLanguage\":\"fr-FR\",\"@id\":\"https:\/\/libre-landyachting.com\/fr\/produkt\/voiles-doccasion-landyachting\/#primaryimage\",\"url\":\"https:\/\/libre-landyachting.com\/wp-content\/uploads\/2025\/02\/Segel-Landyachting-22Sky22.png\",\"contentUrl\":\"https:\/\/libre-landyachting.com\/wp-content\/uploads\/2025\/02\/Segel-Landyachting-22Sky22.png\",\"width\":1500,\"height\":1500},{\"@type\":\"BreadcrumbList\",\"@id\":\"https:\/\/libre-landyachting.com\/fr\/produkt\/voiles-doccasion-landyachting\/#breadcrumb\",\"itemListElement\":[{\"@type\":\"ListItem\",\"position\":1,\"name\":\"Startseite\",\"item\":\"https:\/\/libre-landyachting.com\/fr\/\"},{\"@type\":\"ListItem\",\"position\":2,\"name\":\"Boutique\",\"item\":\"https:\/\/libre-landyachting.com\/fr\/boutique\/\"},{\"@type\":\"ListItem\",\"position\":3,\"name\":\"Voiles d&rsquo;occasion \u00ab\u00a0Landyachting\u00a0\u00bb\"}]},{\"@type\":\"WebSite\",\"@id\":\"https:\/\/libre-landyachting.com\/fr\/#website\",\"url\":\"https:\/\/libre-landyachting.com\/fr\/\",\"name\":\"Libre Landyachting GmbH\",\"description\":\"\",\"publisher\":{\"@id\":\"https:\/\/libre-landyachting.com\/fr\/#organization\"},\"potentialAction\":[{\"@type\":\"SearchAction\",\"target\":{\"@type\":\"EntryPoint\",\"urlTemplate\":\"https:\/\/libre-landyachting.com\/fr\/?s={search_term_string}\"},\"query-input\":{\"@type\":\"PropertyValueSpecification\",\"valueRequired\":true,\"valueName\":\"search_term_string\"}}],\"inLanguage\":\"fr-FR\"},{\"@type\":\"Organization\",\"@id\":\"https:\/\/libre-landyachting.com\/fr\/#organization\",\"name\":\"Libre Landyachting GmbH\",\"url\":\"https:\/\/libre-landyachting.com\/fr\/\",\"logo\":{\"@type\":\"ImageObject\",\"inLanguage\":\"fr-FR\",\"@id\":\"https:\/\/libre-landyachting.com\/fr\/#\/schema\/logo\/image\/\",\"url\":\"https:\/\/libre-landyachting.com\/wp-content\/uploads\/2025\/02\/cropped-70283994.png\",\"contentUrl\":\"https:\/\/libre-landyachting.com\/wp-content\/uploads\/2025\/02\/cropped-70283994.png\",\"width\":512,\"height\":512,\"caption\":\"Libre Landyachting GmbH\"},\"image\":{\"@id\":\"https:\/\/libre-landyachting.com\/fr\/#\/schema\/logo\/image\/\"},\"sameAs\":[\"https:\/\/www.facebook.com\/people\/Libre-Landyachting\/pfbid02fhfnbcv4FQYqTSDhT7KRNjiXGxNtW95eVQF1VPZ8ootCwXEph3ZyL6yGzXudLjsfl\/\",\"https:\/\/www.instagram.com\/libre_landyachting_\/\"]}]}<\/script>\n<!-- \/ Yoast SEO plugin. -->","yoast_head_json":{"title":"Voiles d'occasion \"Landyachting\"","description":"Voiles \"Landyachting\" d'occasion de World of Wind. Tailles 1,5\/2,1 m\u00b2, bleues. Prix avantageux.","robots":{"index":"index","follow":"follow","max-snippet":"max-snippet:-1","max-image-preview":"max-image-preview:large","max-video-preview":"max-video-preview:-1"},"canonical":"https:\/\/libre-landyachting.com\/fr\/produkt\/voiles-doccasion-landyachting\/","og_locale":"fr_FR","og_type":"article","og_title":"Voiles d'occasion \"Landyachting\"","og_description":"Voiles \"Landyachting\" d'occasion de World of Wind. Tailles 1,5\/2,1 m\u00b2, bleues. Prix avantageux.","og_url":"https:\/\/libre-landyachting.com\/fr\/produkt\/voiles-doccasion-landyachting\/","og_site_name":"Libre Landyachting GmbH","article_publisher":"https:\/\/www.facebook.com\/people\/Libre-Landyachting\/pfbid02fhfnbcv4FQYqTSDhT7KRNjiXGxNtW95eVQF1VPZ8ootCwXEph3ZyL6yGzXudLjsfl\/","article_modified_time":"2026-02-01T12:47:40+00:00","og_image":[{"width":1500,"height":1500,"url":"https:\/\/libre-landyachting.com\/wp-content\/uploads\/2025\/02\/Segel-Landyachting-22Sky22.png","type":"image\/png"}],"twitter_card":"summary_large_image","twitter_misc":{"Dur\u00e9e de lecture estim\u00e9e":"1 minute"},"schema":{"@context":"https:\/\/schema.org","@graph":[{"@type":"WebPage","@id":"https:\/\/libre-landyachting.com\/fr\/produkt\/voiles-doccasion-landyachting\/","url":"https:\/\/libre-landyachting.com\/fr\/produkt\/voiles-doccasion-landyachting\/","name":"Voiles d'occasion \"Landyachting\"","isPartOf":{"@id":"https:\/\/libre-landyachting.com\/fr\/#website"},"primaryImageOfPage":{"@id":"https:\/\/libre-landyachting.com\/fr\/produkt\/voiles-doccasion-landyachting\/#primaryimage"},"image":{"@id":"https:\/\/libre-landyachting.com\/fr\/produkt\/voiles-doccasion-landyachting\/#primaryimage"},"thumbnailUrl":"https:\/\/libre-landyachting.com\/wp-content\/uploads\/2025\/02\/Segel-Landyachting-22Sky22.png","datePublished":"2025-04-28T16:00:45+00:00","dateModified":"2026-02-01T12:47:40+00:00","description":"Voiles \"Landyachting\" d'occasion de World of Wind. Tailles 1,5\/2,1 m\u00b2, bleues. Prix avantageux.","breadcrumb":{"@id":"https:\/\/libre-landyachting.com\/fr\/produkt\/voiles-doccasion-landyachting\/#breadcrumb"},"inLanguage":"fr-FR","potentialAction":[{"@type":"ReadAction","target":["https:\/\/libre-landyachting.com\/fr\/produkt\/voiles-doccasion-landyachting\/"]}]},{"@type":"ImageObject","inLanguage":"fr-FR","@id":"https:\/\/libre-landyachting.com\/fr\/produkt\/voiles-doccasion-landyachting\/#primaryimage","url":"https:\/\/libre-landyachting.com\/wp-content\/uploads\/2025\/02\/Segel-Landyachting-22Sky22.png","contentUrl":"https:\/\/libre-landyachting.com\/wp-content\/uploads\/2025\/02\/Segel-Landyachting-22Sky22.png","width":1500,"height":1500},{"@type":"BreadcrumbList","@id":"https:\/\/libre-landyachting.com\/fr\/produkt\/voiles-doccasion-landyachting\/#breadcrumb","itemListElement":[{"@type":"ListItem","position":1,"name":"Startseite","item":"https:\/\/libre-landyachting.com\/fr\/"},{"@type":"ListItem","position":2,"name":"Boutique","item":"https:\/\/libre-landyachting.com\/fr\/boutique\/"},{"@type":"ListItem","position":3,"name":"Voiles d&rsquo;occasion \u00ab\u00a0Landyachting\u00a0\u00bb"}]},{"@type":"WebSite","@id":"https:\/\/libre-landyachting.com\/fr\/#website","url":"https:\/\/libre-landyachting.com\/fr\/","name":"Libre Landyachting GmbH","description":"","publisher":{"@id":"https:\/\/libre-landyachting.com\/fr\/#organization"},"potentialAction":[{"@type":"SearchAction","target":{"@type":"EntryPoint","urlTemplate":"https:\/\/libre-landyachting.com\/fr\/?s={search_term_string}"},"query-input":{"@type":"PropertyValueSpecification","valueRequired":true,"valueName":"search_term_string"}}],"inLanguage":"fr-FR"},{"@type":"Organization","@id":"https:\/\/libre-landyachting.com\/fr\/#organization","name":"Libre Landyachting GmbH","url":"https:\/\/libre-landyachting.com\/fr\/","logo":{"@type":"ImageObject","inLanguage":"fr-FR","@id":"https:\/\/libre-landyachting.com\/fr\/#\/schema\/logo\/image\/","url":"https:\/\/libre-landyachting.com\/wp-content\/uploads\/2025\/02\/cropped-70283994.png","contentUrl":"https:\/\/libre-landyachting.com\/wp-content\/uploads\/2025\/02\/cropped-70283994.png","width":512,"height":512,"caption":"Libre Landyachting GmbH"},"image":{"@id":"https:\/\/libre-landyachting.com\/fr\/#\/schema\/logo\/image\/"},"sameAs":["https:\/\/www.facebook.com\/people\/Libre-Landyachting\/pfbid02fhfnbcv4FQYqTSDhT7KRNjiXGxNtW95eVQF1VPZ8ootCwXEph3ZyL6yGzXudLjsfl\/","https:\/\/www.instagram.com\/libre_landyachting_\/"]}]}},"jetpack_sharing_enabled":true,"_links":{"self":[{"href":"https:\/\/libre-landyachting.com\/fr\/wp-json\/wp\/v2\/product\/4338","targetHints":{"allow":["GET"]}}],"collection":[{"href":"https:\/\/libre-landyachting.com\/fr\/wp-json\/wp\/v2\/product"}],"about":[{"href":"https:\/\/libre-landyachting.com\/fr\/wp-json\/wp\/v2\/types\/product"}],"wp:featuredmedia":[{"embeddable":true,"href":"https:\/\/libre-landyachting.com\/fr\/wp-json\/wp\/v2\/media\/3354"}],"wp:attachment":[{"href":"https:\/\/libre-landyachting.com\/fr\/wp-json\/wp\/v2\/media?parent=4338"}],"wp:term":[{"taxonomy":"product_brand","embeddable":true,"href":"https:\/\/libre-landyachting.com\/fr\/wp-json\/wp\/v2\/product_brand?post=4338"},{"taxonomy":"product_cat","embeddable":true,"href":"https:\/\/libre-landyachting.com\/fr\/wp-json\/wp\/v2\/product_cat?post=4338"},{"taxonomy":"product_tag","embeddable":true,"href":"https:\/\/libre-landyachting.com\/fr\/wp-json\/wp\/v2\/product_tag?post=4338"}],"curies":[{"name":"wp","href":"https:\/\/api.w.org\/{rel}","templated":true}]}}