{"id":4362,"date":"2025-03-24T22:53:25","date_gmt":"2025-03-24T21:53:25","guid":{"rendered":"https:\/\/libre-landyachting.com\/produkt\/longrider\/"},"modified":"2026-02-02T11:49:44","modified_gmt":"2026-02-02T10:49:44","slug":"longrider","status":"publish","type":"product","link":"https:\/\/libre-landyachting.com\/fr\/produkt\/longrider\/","title":{"rendered":"Longrider"},"content":{"rendered":"&#13;\n<p>Le Longrider s&rsquo;adresse aux pilotes qui souhaitent b\u00e9n\u00e9ficier d&rsquo;un confort de conduite maximal associ\u00e9 \u00e0 une grande stabilit\u00e9. <br\/>Avec une hauteur de roue de 23 cm, vous progresserez ais\u00e9ment m\u00eame sur des terrains l\u00e9g\u00e8rement meubles ou sur une prairie.<\/p>&#13;\n&#13;\n<p>La force de direction peut \u00eatre facilement ajust\u00e9e individuellement en serrant ou en desserrant une vis. <br\/>Les fixations \u00e0 cliquet procurent un maintien optimal et peuvent \u00eatre ajust\u00e9es rapidement et facilement selon vos pr\u00e9f\u00e9rences. <br\/><br\/>Avec une limite de charge maximale de 135 kg, cette planche est \u00e9galement int\u00e9ressante pour les pilotes plus lourds.<\/p>&#13;\n\r\n<figure class=\"wp-block-gallery has-nested-images columns-default is-cropped wp-block-gallery-1 is-layout-flex wp-block-gallery-is-layout-flex\">&#13;\n<figure class=\"wp-block-image size-large\"><img loading=\"lazy\" decoding=\"async\" width=\"1024\" height=\"373\" data-id=\"2761\" class=\"wp-image-2761\" src=\"https:\/\/libre-landyachting.com\/wp-content\/uploads\/2025\/03\/DSC07149-1920x700-1-1024x373.jpg\" alt=\"\" srcset=\"https:\/\/libre-landyachting.com\/wp-content\/uploads\/2025\/03\/DSC07149-1920x700-1-1024x373.jpg 1024w, https:\/\/libre-landyachting.com\/wp-content\/uploads\/2025\/03\/DSC07149-1920x700-1-300x109.jpg 300w, https:\/\/libre-landyachting.com\/wp-content\/uploads\/2025\/03\/DSC07149-1920x700-1-768x280.jpg 768w, https:\/\/libre-landyachting.com\/wp-content\/uploads\/2025\/03\/DSC07149-1920x700-1-1536x560.jpg 1536w, https:\/\/libre-landyachting.com\/wp-content\/uploads\/2025\/03\/DSC07149-1920x700-1-900x328.jpg 900w, https:\/\/libre-landyachting.com\/wp-content\/uploads\/2025\/03\/DSC07149-1920x700-1.jpg 1920w\" sizes=\"auto, (max-width: 1024px) 100vw, 1024px\" \/><\/figure>&#13;\n\r\n\r\n&#13;\n<figure class=\"wp-block-image size-large\"><img loading=\"lazy\" decoding=\"async\" width=\"1024\" height=\"394\" data-id=\"2759\" class=\"wp-image-2759\" src=\"https:\/\/libre-landyachting.com\/wp-content\/uploads\/2025\/04\/Wingboarden-II-scaled-1-e1743586782204-1024x394.jpg\" alt=\"\" srcset=\"https:\/\/libre-landyachting.com\/wp-content\/uploads\/2025\/04\/Wingboarden-II-scaled-1-e1743586782204-1024x394.jpg 1024w, https:\/\/libre-landyachting.com\/wp-content\/uploads\/2025\/04\/Wingboarden-II-scaled-1-e1743586782204-300x116.jpg 300w, https:\/\/libre-landyachting.com\/wp-content\/uploads\/2025\/04\/Wingboarden-II-scaled-1-e1743586782204-768x296.jpg 768w, https:\/\/libre-landyachting.com\/wp-content\/uploads\/2025\/04\/Wingboarden-II-scaled-1-e1743586782204-1536x592.jpg 1536w, https:\/\/libre-landyachting.com\/wp-content\/uploads\/2025\/04\/Wingboarden-II-scaled-1-e1743586782204-2048x789.jpg 2048w, https:\/\/libre-landyachting.com\/wp-content\/uploads\/2025\/04\/Wingboarden-II-scaled-1-e1743586782204-900x347.jpg 900w\" sizes=\"auto, (max-width: 1024px) 100vw, 1024px\" \/><\/figure>&#13;\n<\/figure>\r\n","protected":false},"excerpt":{"rendered":"<ul>\n<li>Planche stable et silencieuse, convenant \u00e9galement aux pilotes de poids \u00e9lev\u00e9<\/li>\n<li>Plateau de 102 cm de long avec renforcement en fibre de verre<\/li>\n<li>Hauteur des roues : 23 cm, poids : 9 kg<\/li>\n<li>Essieu de type skateboard<\/li>\n<li>Fixations \u00e0 velcro<\/li>\n<li>Poids maximal du pilote : 135 kg <\/li>\n<\/ul>\n","protected":false},"featured_media":3530,"template":"","meta":{"_acf_changed":false,"_eb_attr":""},"product_brand":[],"product_cat":[1078],"product_tag":[],"class_list":{"0":"post-4362","1":"product","2":"type-product","3":"status-publish","4":"has-post-thumbnail","6":"product_cat-planches-terrestres","8":"first","9":"outofstock","10":"taxable","11":"shipping-taxable","12":"purchasable","13":"product-type-simple"},"acf":[],"yoast_head":"<!-- This site is optimized with the Yoast SEO plugin v27.2 - https:\/\/yoast.com\/product\/yoast-seo-wordpress\/ -->\n<title>Longrider - Libre Landyachting GmbH<\/title>\n<meta name=\"robots\" content=\"index, follow, max-snippet:-1, max-image-preview:large, max-video-preview:-1\" \/>\n<link rel=\"canonical\" href=\"https:\/\/libre-landyachting.com\/fr\/produkt\/longrider\/\" \/>\n<meta property=\"og:locale\" content=\"fr_FR\" \/>\n<meta property=\"og:type\" content=\"article\" \/>\n<meta property=\"og:title\" content=\"Longrider - Libre Landyachting GmbH\" \/>\n<meta property=\"og:description\" content=\"Planche stable et silencieuse, convenant \u00e9galement aux pilotes de poids \u00e9lev\u00e9 Plateau de 102 cm de long avec renforcement en fibre de verre Hauteur des roues : 23 cm, poids : 9 kg Essieu de type skateboard Fixations \u00e0 velcro Poids maximal du pilote : 135 kg\" \/>\n<meta property=\"og:url\" content=\"https:\/\/libre-landyachting.com\/fr\/produkt\/longrider\/\" \/>\n<meta property=\"og:site_name\" content=\"Libre Landyachting GmbH\" \/>\n<meta property=\"article:publisher\" content=\"https:\/\/www.facebook.com\/people\/Libre-Landyachting\/pfbid02fhfnbcv4FQYqTSDhT7KRNjiXGxNtW95eVQF1VPZ8ootCwXEph3ZyL6yGzXudLjsfl\/\" \/>\n<meta property=\"article:modified_time\" content=\"2026-02-02T10:49:44+00:00\" \/>\n<meta property=\"og:image\" content=\"https:\/\/libre-landyachting.com\/wp-content\/uploads\/2025\/03\/Longrider.png\" \/>\n\t<meta property=\"og:image:width\" content=\"1500\" \/>\n\t<meta property=\"og:image:height\" content=\"1500\" \/>\n\t<meta property=\"og:image:type\" content=\"image\/png\" \/>\n<meta name=\"twitter:card\" content=\"summary_large_image\" \/>\n<script type=\"application\/ld+json\" class=\"yoast-schema-graph\">{\"@context\":\"https:\/\/schema.org\",\"@graph\":[{\"@type\":\"WebPage\",\"@id\":\"https:\/\/libre-landyachting.com\/fr\/produkt\/longrider\/\",\"url\":\"https:\/\/libre-landyachting.com\/fr\/produkt\/longrider\/\",\"name\":\"Longrider - Libre Landyachting GmbH\",\"isPartOf\":{\"@id\":\"https:\/\/libre-landyachting.com\/fr\/#website\"},\"primaryImageOfPage\":{\"@id\":\"https:\/\/libre-landyachting.com\/fr\/produkt\/longrider\/#primaryimage\"},\"image\":{\"@id\":\"https:\/\/libre-landyachting.com\/fr\/produkt\/longrider\/#primaryimage\"},\"thumbnailUrl\":\"https:\/\/libre-landyachting.com\/wp-content\/uploads\/2025\/03\/Longrider.png\",\"datePublished\":\"2025-03-24T21:53:25+00:00\",\"dateModified\":\"2026-02-02T10:49:44+00:00\",\"breadcrumb\":{\"@id\":\"https:\/\/libre-landyachting.com\/fr\/produkt\/longrider\/#breadcrumb\"},\"inLanguage\":\"fr-FR\",\"potentialAction\":[{\"@type\":\"ReadAction\",\"target\":[\"https:\/\/libre-landyachting.com\/fr\/produkt\/longrider\/\"]}]},{\"@type\":\"ImageObject\",\"inLanguage\":\"fr-FR\",\"@id\":\"https:\/\/libre-landyachting.com\/fr\/produkt\/longrider\/#primaryimage\",\"url\":\"https:\/\/libre-landyachting.com\/wp-content\/uploads\/2025\/03\/Longrider.png\",\"contentUrl\":\"https:\/\/libre-landyachting.com\/wp-content\/uploads\/2025\/03\/Longrider.png\",\"width\":1500,\"height\":1500},{\"@type\":\"BreadcrumbList\",\"@id\":\"https:\/\/libre-landyachting.com\/fr\/produkt\/longrider\/#breadcrumb\",\"itemListElement\":[{\"@type\":\"ListItem\",\"position\":1,\"name\":\"Startseite\",\"item\":\"https:\/\/libre-landyachting.com\/fr\/\"},{\"@type\":\"ListItem\",\"position\":2,\"name\":\"Boutique\",\"item\":\"https:\/\/libre-landyachting.com\/fr\/boutique\/\"},{\"@type\":\"ListItem\",\"position\":3,\"name\":\"Longrider\"}]},{\"@type\":\"WebSite\",\"@id\":\"https:\/\/libre-landyachting.com\/fr\/#website\",\"url\":\"https:\/\/libre-landyachting.com\/fr\/\",\"name\":\"Libre Landyachting GmbH\",\"description\":\"\",\"publisher\":{\"@id\":\"https:\/\/libre-landyachting.com\/fr\/#organization\"},\"potentialAction\":[{\"@type\":\"SearchAction\",\"target\":{\"@type\":\"EntryPoint\",\"urlTemplate\":\"https:\/\/libre-landyachting.com\/fr\/?s={search_term_string}\"},\"query-input\":{\"@type\":\"PropertyValueSpecification\",\"valueRequired\":true,\"valueName\":\"search_term_string\"}}],\"inLanguage\":\"fr-FR\"},{\"@type\":\"Organization\",\"@id\":\"https:\/\/libre-landyachting.com\/fr\/#organization\",\"name\":\"Libre Landyachting GmbH\",\"url\":\"https:\/\/libre-landyachting.com\/fr\/\",\"logo\":{\"@type\":\"ImageObject\",\"inLanguage\":\"fr-FR\",\"@id\":\"https:\/\/libre-landyachting.com\/fr\/#\/schema\/logo\/image\/\",\"url\":\"https:\/\/libre-landyachting.com\/wp-content\/uploads\/2025\/02\/cropped-70283994.png\",\"contentUrl\":\"https:\/\/libre-landyachting.com\/wp-content\/uploads\/2025\/02\/cropped-70283994.png\",\"width\":512,\"height\":512,\"caption\":\"Libre Landyachting GmbH\"},\"image\":{\"@id\":\"https:\/\/libre-landyachting.com\/fr\/#\/schema\/logo\/image\/\"},\"sameAs\":[\"https:\/\/www.facebook.com\/people\/Libre-Landyachting\/pfbid02fhfnbcv4FQYqTSDhT7KRNjiXGxNtW95eVQF1VPZ8ootCwXEph3ZyL6yGzXudLjsfl\/\",\"https:\/\/www.instagram.com\/libre_landyachting_\/\"]}]}<\/script>\n<!-- \/ Yoast SEO plugin. -->","yoast_head_json":{"title":"Longrider - Libre Landyachting GmbH","robots":{"index":"index","follow":"follow","max-snippet":"max-snippet:-1","max-image-preview":"max-image-preview:large","max-video-preview":"max-video-preview:-1"},"canonical":"https:\/\/libre-landyachting.com\/fr\/produkt\/longrider\/","og_locale":"fr_FR","og_type":"article","og_title":"Longrider - Libre Landyachting GmbH","og_description":"Planche stable et silencieuse, convenant \u00e9galement aux pilotes de poids \u00e9lev\u00e9 Plateau de 102 cm de long avec renforcement en fibre de verre Hauteur des roues : 23 cm, poids : 9 kg Essieu de type skateboard Fixations \u00e0 velcro Poids maximal du pilote : 135 kg","og_url":"https:\/\/libre-landyachting.com\/fr\/produkt\/longrider\/","og_site_name":"Libre Landyachting GmbH","article_publisher":"https:\/\/www.facebook.com\/people\/Libre-Landyachting\/pfbid02fhfnbcv4FQYqTSDhT7KRNjiXGxNtW95eVQF1VPZ8ootCwXEph3ZyL6yGzXudLjsfl\/","article_modified_time":"2026-02-02T10:49:44+00:00","og_image":[{"width":1500,"height":1500,"url":"https:\/\/libre-landyachting.com\/wp-content\/uploads\/2025\/03\/Longrider.png","type":"image\/png"}],"twitter_card":"summary_large_image","schema":{"@context":"https:\/\/schema.org","@graph":[{"@type":"WebPage","@id":"https:\/\/libre-landyachting.com\/fr\/produkt\/longrider\/","url":"https:\/\/libre-landyachting.com\/fr\/produkt\/longrider\/","name":"Longrider - Libre Landyachting GmbH","isPartOf":{"@id":"https:\/\/libre-landyachting.com\/fr\/#website"},"primaryImageOfPage":{"@id":"https:\/\/libre-landyachting.com\/fr\/produkt\/longrider\/#primaryimage"},"image":{"@id":"https:\/\/libre-landyachting.com\/fr\/produkt\/longrider\/#primaryimage"},"thumbnailUrl":"https:\/\/libre-landyachting.com\/wp-content\/uploads\/2025\/03\/Longrider.png","datePublished":"2025-03-24T21:53:25+00:00","dateModified":"2026-02-02T10:49:44+00:00","breadcrumb":{"@id":"https:\/\/libre-landyachting.com\/fr\/produkt\/longrider\/#breadcrumb"},"inLanguage":"fr-FR","potentialAction":[{"@type":"ReadAction","target":["https:\/\/libre-landyachting.com\/fr\/produkt\/longrider\/"]}]},{"@type":"ImageObject","inLanguage":"fr-FR","@id":"https:\/\/libre-landyachting.com\/fr\/produkt\/longrider\/#primaryimage","url":"https:\/\/libre-landyachting.com\/wp-content\/uploads\/2025\/03\/Longrider.png","contentUrl":"https:\/\/libre-landyachting.com\/wp-content\/uploads\/2025\/03\/Longrider.png","width":1500,"height":1500},{"@type":"BreadcrumbList","@id":"https:\/\/libre-landyachting.com\/fr\/produkt\/longrider\/#breadcrumb","itemListElement":[{"@type":"ListItem","position":1,"name":"Startseite","item":"https:\/\/libre-landyachting.com\/fr\/"},{"@type":"ListItem","position":2,"name":"Boutique","item":"https:\/\/libre-landyachting.com\/fr\/boutique\/"},{"@type":"ListItem","position":3,"name":"Longrider"}]},{"@type":"WebSite","@id":"https:\/\/libre-landyachting.com\/fr\/#website","url":"https:\/\/libre-landyachting.com\/fr\/","name":"Libre Landyachting GmbH","description":"","publisher":{"@id":"https:\/\/libre-landyachting.com\/fr\/#organization"},"potentialAction":[{"@type":"SearchAction","target":{"@type":"EntryPoint","urlTemplate":"https:\/\/libre-landyachting.com\/fr\/?s={search_term_string}"},"query-input":{"@type":"PropertyValueSpecification","valueRequired":true,"valueName":"search_term_string"}}],"inLanguage":"fr-FR"},{"@type":"Organization","@id":"https:\/\/libre-landyachting.com\/fr\/#organization","name":"Libre Landyachting GmbH","url":"https:\/\/libre-landyachting.com\/fr\/","logo":{"@type":"ImageObject","inLanguage":"fr-FR","@id":"https:\/\/libre-landyachting.com\/fr\/#\/schema\/logo\/image\/","url":"https:\/\/libre-landyachting.com\/wp-content\/uploads\/2025\/02\/cropped-70283994.png","contentUrl":"https:\/\/libre-landyachting.com\/wp-content\/uploads\/2025\/02\/cropped-70283994.png","width":512,"height":512,"caption":"Libre Landyachting GmbH"},"image":{"@id":"https:\/\/libre-landyachting.com\/fr\/#\/schema\/logo\/image\/"},"sameAs":["https:\/\/www.facebook.com\/people\/Libre-Landyachting\/pfbid02fhfnbcv4FQYqTSDhT7KRNjiXGxNtW95eVQF1VPZ8ootCwXEph3ZyL6yGzXudLjsfl\/","https:\/\/www.instagram.com\/libre_landyachting_\/"]}]}},"jetpack_sharing_enabled":true,"_links":{"self":[{"href":"https:\/\/libre-landyachting.com\/fr\/wp-json\/wp\/v2\/product\/4362","targetHints":{"allow":["GET"]}}],"collection":[{"href":"https:\/\/libre-landyachting.com\/fr\/wp-json\/wp\/v2\/product"}],"about":[{"href":"https:\/\/libre-landyachting.com\/fr\/wp-json\/wp\/v2\/types\/product"}],"wp:featuredmedia":[{"embeddable":true,"href":"https:\/\/libre-landyachting.com\/fr\/wp-json\/wp\/v2\/media\/3530"}],"wp:attachment":[{"href":"https:\/\/libre-landyachting.com\/fr\/wp-json\/wp\/v2\/media?parent=4362"}],"wp:term":[{"taxonomy":"product_brand","embeddable":true,"href":"https:\/\/libre-landyachting.com\/fr\/wp-json\/wp\/v2\/product_brand?post=4362"},{"taxonomy":"product_cat","embeddable":true,"href":"https:\/\/libre-landyachting.com\/fr\/wp-json\/wp\/v2\/product_cat?post=4362"},{"taxonomy":"product_tag","embeddable":true,"href":"https:\/\/libre-landyachting.com\/fr\/wp-json\/wp\/v2\/product_tag?post=4362"}],"curies":[{"name":"wp","href":"https:\/\/api.w.org\/{rel}","templated":true}]}}