{"id":4380,"date":"2025-03-18T11:45:00","date_gmt":"2025-03-18T10:45:00","guid":{"rendered":"https:\/\/libre-landyachting.com\/produkt\/buggy-bag-big\/"},"modified":"2026-01-05T21:07:05","modified_gmt":"2026-01-05T20:07:05","slug":"buggy-bag-big","status":"publish","type":"product","link":"https:\/\/libre-landyachting.com\/fr\/produkt\/buggy-bag-big\/","title":{"rendered":"Buggy Bag Big"},"content":{"rendered":"&#13;\n<p>Une excursion prolong\u00e9e en buggy est imminente ; soyez muni de tout le n\u00e9cessaire en cas d&rsquo;urgence :<\/p>&#13;\n\r\n<ul class=\"wp-block-list\">&#13;\n<li>Outils<\/li>&#13;\n\r\n\r\n&#13;\n<li>Pi\u00e8ces de rechange<\/li>&#13;\n\r\n\r\n&#13;\n<li>Diverses tailles de cerf-volant<\/li>&#13;\n\r\n\r\n&#13;\n<li>Objets de valeur, etc.<\/li>&#13;\n<\/ul>\r\n&#13;\n<p>Le Buggy Bag imperm\u00e9able se fixe ais\u00e9ment derri\u00e8re le si\u00e8ge \u00e0 l&rsquo;aide d&rsquo;une sangle et est maintenu vers le bas par les sangles de tension du si\u00e8ge. De plus, il dispose d&rsquo;un compartiment pour votre num\u00e9ro GPA. <\/p>&#13;\n&#13;\n<p>Vos ancres terrestres peuvent \u00eatre solidement fix\u00e9es sur le sac.<\/p>&#13;\n","protected":false},"excerpt":{"rendered":"<ul>\n<li>Se fixe facilement derri\u00e8re le si\u00e8ge<\/li>\n<li>Fermeture \u00e9clair robuste<\/li>\n<li>Compartiment pour num\u00e9ro GPA<\/li>\n<li>Imperm\u00e9able<\/li>\n<\/ul>\n","protected":false},"featured_media":3464,"template":"","meta":{"_acf_changed":false,"_eb_attr":""},"product_brand":[],"product_cat":[1711],"product_tag":[],"class_list":{"0":"post-4380","1":"product","2":"type-product","3":"status-publish","4":"has-post-thumbnail","6":"product_cat-buggy-accessoires-fr","8":"first","9":"instock","10":"taxable","11":"shipping-taxable","12":"purchasable","13":"product-type-simple"},"acf":[],"yoast_head":"<!-- This site is optimized with the Yoast SEO plugin v27.4 - https:\/\/yoast.com\/product\/yoast-seo-wordpress\/ -->\n<title>Buggy Bag Big - Libre Landyachting GmbH<\/title>\n<meta name=\"description\" content=\"Une excursion prolong\u00e9e en buggy est imminente ; soyez muni de tout le n\u00e9cessaire en cas d&#039;urgence. Le Buggy Bag imperm\u00e9able se fixe ais\u00e9ment derri\u00e8re le si\u00e8ge \u00e0 l&#039;aide d&#039;une sangle et est maintenu vers le bas par les sangles de tension du si\u00e8ge.\" \/>\n<meta name=\"robots\" content=\"index, follow, max-snippet:-1, max-image-preview:large, max-video-preview:-1\" \/>\n<link rel=\"canonical\" href=\"https:\/\/libre-landyachting.com\/fr\/produkt\/buggy-bag-big\/\" \/>\n<meta property=\"og:locale\" content=\"fr_FR\" \/>\n<meta property=\"og:type\" content=\"article\" \/>\n<meta property=\"og:title\" content=\"Buggy Bag Big - Libre Landyachting GmbH\" \/>\n<meta property=\"og:description\" content=\"Une excursion prolong\u00e9e en buggy est imminente ; soyez muni de tout le n\u00e9cessaire en cas d&#039;urgence. Le Buggy Bag imperm\u00e9able se fixe ais\u00e9ment derri\u00e8re le si\u00e8ge \u00e0 l&#039;aide d&#039;une sangle et est maintenu vers le bas par les sangles de tension du si\u00e8ge.\" \/>\n<meta property=\"og:url\" content=\"https:\/\/libre-landyachting.com\/fr\/produkt\/buggy-bag-big\/\" \/>\n<meta property=\"og:site_name\" content=\"Libre Landyachting GmbH\" \/>\n<meta property=\"article:publisher\" content=\"https:\/\/www.facebook.com\/people\/Libre-Landyachting\/pfbid02fhfnbcv4FQYqTSDhT7KRNjiXGxNtW95eVQF1VPZ8ootCwXEph3ZyL6yGzXudLjsfl\/\" \/>\n<meta property=\"article:modified_time\" content=\"2026-01-05T20:07:05+00:00\" \/>\n<meta property=\"og:image\" content=\"https:\/\/libre-landyachting.com\/wp-content\/uploads\/2025\/03\/Buggy-Bag-Big.png\" \/>\n\t<meta property=\"og:image:width\" content=\"1500\" \/>\n\t<meta property=\"og:image:height\" content=\"1500\" \/>\n\t<meta property=\"og:image:type\" content=\"image\/png\" \/>\n<meta name=\"twitter:card\" content=\"summary_large_image\" \/>\n<script type=\"application\/ld+json\" class=\"yoast-schema-graph\">{\"@context\":\"https:\\\/\\\/schema.org\",\"@graph\":[{\"@type\":\"WebPage\",\"@id\":\"https:\\\/\\\/libre-landyachting.com\\\/fr\\\/produkt\\\/buggy-bag-big\\\/\",\"url\":\"https:\\\/\\\/libre-landyachting.com\\\/fr\\\/produkt\\\/buggy-bag-big\\\/\",\"name\":\"Buggy Bag Big - Libre Landyachting GmbH\",\"isPartOf\":{\"@id\":\"https:\\\/\\\/libre-landyachting.com\\\/fr\\\/#website\"},\"primaryImageOfPage\":{\"@id\":\"https:\\\/\\\/libre-landyachting.com\\\/fr\\\/produkt\\\/buggy-bag-big\\\/#primaryimage\"},\"image\":{\"@id\":\"https:\\\/\\\/libre-landyachting.com\\\/fr\\\/produkt\\\/buggy-bag-big\\\/#primaryimage\"},\"thumbnailUrl\":\"https:\\\/\\\/libre-landyachting.com\\\/wp-content\\\/uploads\\\/2025\\\/03\\\/Buggy-Bag-Big.png\",\"datePublished\":\"2025-03-18T10:45:00+00:00\",\"dateModified\":\"2026-01-05T20:07:05+00:00\",\"description\":\"Une excursion prolong\u00e9e en buggy est imminente ; soyez muni de tout le n\u00e9cessaire en cas d'urgence. Le Buggy Bag imperm\u00e9able se fixe ais\u00e9ment derri\u00e8re le si\u00e8ge \u00e0 l'aide d'une sangle et est maintenu vers le bas par les sangles de tension du si\u00e8ge.\",\"breadcrumb\":{\"@id\":\"https:\\\/\\\/libre-landyachting.com\\\/fr\\\/produkt\\\/buggy-bag-big\\\/#breadcrumb\"},\"inLanguage\":\"fr-FR\",\"potentialAction\":[{\"@type\":\"ReadAction\",\"target\":[\"https:\\\/\\\/libre-landyachting.com\\\/fr\\\/produkt\\\/buggy-bag-big\\\/\"]}]},{\"@type\":\"ImageObject\",\"inLanguage\":\"fr-FR\",\"@id\":\"https:\\\/\\\/libre-landyachting.com\\\/fr\\\/produkt\\\/buggy-bag-big\\\/#primaryimage\",\"url\":\"https:\\\/\\\/libre-landyachting.com\\\/wp-content\\\/uploads\\\/2025\\\/03\\\/Buggy-Bag-Big.png\",\"contentUrl\":\"https:\\\/\\\/libre-landyachting.com\\\/wp-content\\\/uploads\\\/2025\\\/03\\\/Buggy-Bag-Big.png\",\"width\":1500,\"height\":1500},{\"@type\":\"BreadcrumbList\",\"@id\":\"https:\\\/\\\/libre-landyachting.com\\\/fr\\\/produkt\\\/buggy-bag-big\\\/#breadcrumb\",\"itemListElement\":[{\"@type\":\"ListItem\",\"position\":1,\"name\":\"Startseite\",\"item\":\"https:\\\/\\\/libre-landyachting.com\\\/fr\\\/\"},{\"@type\":\"ListItem\",\"position\":2,\"name\":\"Boutique\",\"item\":\"https:\\\/\\\/libre-landyachting.com\\\/fr\\\/boutique\\\/\"},{\"@type\":\"ListItem\",\"position\":3,\"name\":\"Buggy Bag Big\"}]},{\"@type\":\"WebSite\",\"@id\":\"https:\\\/\\\/libre-landyachting.com\\\/fr\\\/#website\",\"url\":\"https:\\\/\\\/libre-landyachting.com\\\/fr\\\/\",\"name\":\"Libre Landyachting GmbH\",\"description\":\"\",\"publisher\":{\"@id\":\"https:\\\/\\\/libre-landyachting.com\\\/fr\\\/#organization\"},\"potentialAction\":[{\"@type\":\"SearchAction\",\"target\":{\"@type\":\"EntryPoint\",\"urlTemplate\":\"https:\\\/\\\/libre-landyachting.com\\\/fr\\\/?s={search_term_string}\"},\"query-input\":{\"@type\":\"PropertyValueSpecification\",\"valueRequired\":true,\"valueName\":\"search_term_string\"}}],\"inLanguage\":\"fr-FR\"},{\"@type\":\"Organization\",\"@id\":\"https:\\\/\\\/libre-landyachting.com\\\/fr\\\/#organization\",\"name\":\"Libre Landyachting GmbH\",\"url\":\"https:\\\/\\\/libre-landyachting.com\\\/fr\\\/\",\"logo\":{\"@type\":\"ImageObject\",\"inLanguage\":\"fr-FR\",\"@id\":\"https:\\\/\\\/libre-landyachting.com\\\/fr\\\/#\\\/schema\\\/logo\\\/image\\\/\",\"url\":\"https:\\\/\\\/libre-landyachting.com\\\/wp-content\\\/uploads\\\/2025\\\/02\\\/cropped-70283994.png\",\"contentUrl\":\"https:\\\/\\\/libre-landyachting.com\\\/wp-content\\\/uploads\\\/2025\\\/02\\\/cropped-70283994.png\",\"width\":512,\"height\":512,\"caption\":\"Libre Landyachting GmbH\"},\"image\":{\"@id\":\"https:\\\/\\\/libre-landyachting.com\\\/fr\\\/#\\\/schema\\\/logo\\\/image\\\/\"},\"sameAs\":[\"https:\\\/\\\/www.facebook.com\\\/people\\\/Libre-Landyachting\\\/pfbid02fhfnbcv4FQYqTSDhT7KRNjiXGxNtW95eVQF1VPZ8ootCwXEph3ZyL6yGzXudLjsfl\\\/\",\"https:\\\/\\\/www.instagram.com\\\/libre_landyachting_\\\/\"]}]}<\/script>\n<!-- \/ Yoast SEO plugin. -->","yoast_head_json":{"title":"Buggy Bag Big - Libre Landyachting GmbH","description":"Une excursion prolong\u00e9e en buggy est imminente ; soyez muni de tout le n\u00e9cessaire en cas d'urgence. Le Buggy Bag imperm\u00e9able se fixe ais\u00e9ment derri\u00e8re le si\u00e8ge \u00e0 l'aide d'une sangle et est maintenu vers le bas par les sangles de tension du si\u00e8ge.","robots":{"index":"index","follow":"follow","max-snippet":"max-snippet:-1","max-image-preview":"max-image-preview:large","max-video-preview":"max-video-preview:-1"},"canonical":"https:\/\/libre-landyachting.com\/fr\/produkt\/buggy-bag-big\/","og_locale":"fr_FR","og_type":"article","og_title":"Buggy Bag Big - Libre Landyachting GmbH","og_description":"Une excursion prolong\u00e9e en buggy est imminente ; soyez muni de tout le n\u00e9cessaire en cas d'urgence. Le Buggy Bag imperm\u00e9able se fixe ais\u00e9ment derri\u00e8re le si\u00e8ge \u00e0 l'aide d'une sangle et est maintenu vers le bas par les sangles de tension du si\u00e8ge.","og_url":"https:\/\/libre-landyachting.com\/fr\/produkt\/buggy-bag-big\/","og_site_name":"Libre Landyachting GmbH","article_publisher":"https:\/\/www.facebook.com\/people\/Libre-Landyachting\/pfbid02fhfnbcv4FQYqTSDhT7KRNjiXGxNtW95eVQF1VPZ8ootCwXEph3ZyL6yGzXudLjsfl\/","article_modified_time":"2026-01-05T20:07:05+00:00","og_image":[{"width":1500,"height":1500,"url":"https:\/\/libre-landyachting.com\/wp-content\/uploads\/2025\/03\/Buggy-Bag-Big.png","type":"image\/png"}],"twitter_card":"summary_large_image","schema":{"@context":"https:\/\/schema.org","@graph":[{"@type":"WebPage","@id":"https:\/\/libre-landyachting.com\/fr\/produkt\/buggy-bag-big\/","url":"https:\/\/libre-landyachting.com\/fr\/produkt\/buggy-bag-big\/","name":"Buggy Bag Big - Libre Landyachting GmbH","isPartOf":{"@id":"https:\/\/libre-landyachting.com\/fr\/#website"},"primaryImageOfPage":{"@id":"https:\/\/libre-landyachting.com\/fr\/produkt\/buggy-bag-big\/#primaryimage"},"image":{"@id":"https:\/\/libre-landyachting.com\/fr\/produkt\/buggy-bag-big\/#primaryimage"},"thumbnailUrl":"https:\/\/libre-landyachting.com\/wp-content\/uploads\/2025\/03\/Buggy-Bag-Big.png","datePublished":"2025-03-18T10:45:00+00:00","dateModified":"2026-01-05T20:07:05+00:00","description":"Une excursion prolong\u00e9e en buggy est imminente ; soyez muni de tout le n\u00e9cessaire en cas d'urgence. Le Buggy Bag imperm\u00e9able se fixe ais\u00e9ment derri\u00e8re le si\u00e8ge \u00e0 l'aide d'une sangle et est maintenu vers le bas par les sangles de tension du si\u00e8ge.","breadcrumb":{"@id":"https:\/\/libre-landyachting.com\/fr\/produkt\/buggy-bag-big\/#breadcrumb"},"inLanguage":"fr-FR","potentialAction":[{"@type":"ReadAction","target":["https:\/\/libre-landyachting.com\/fr\/produkt\/buggy-bag-big\/"]}]},{"@type":"ImageObject","inLanguage":"fr-FR","@id":"https:\/\/libre-landyachting.com\/fr\/produkt\/buggy-bag-big\/#primaryimage","url":"https:\/\/libre-landyachting.com\/wp-content\/uploads\/2025\/03\/Buggy-Bag-Big.png","contentUrl":"https:\/\/libre-landyachting.com\/wp-content\/uploads\/2025\/03\/Buggy-Bag-Big.png","width":1500,"height":1500},{"@type":"BreadcrumbList","@id":"https:\/\/libre-landyachting.com\/fr\/produkt\/buggy-bag-big\/#breadcrumb","itemListElement":[{"@type":"ListItem","position":1,"name":"Startseite","item":"https:\/\/libre-landyachting.com\/fr\/"},{"@type":"ListItem","position":2,"name":"Boutique","item":"https:\/\/libre-landyachting.com\/fr\/boutique\/"},{"@type":"ListItem","position":3,"name":"Buggy Bag Big"}]},{"@type":"WebSite","@id":"https:\/\/libre-landyachting.com\/fr\/#website","url":"https:\/\/libre-landyachting.com\/fr\/","name":"Libre Landyachting GmbH","description":"","publisher":{"@id":"https:\/\/libre-landyachting.com\/fr\/#organization"},"potentialAction":[{"@type":"SearchAction","target":{"@type":"EntryPoint","urlTemplate":"https:\/\/libre-landyachting.com\/fr\/?s={search_term_string}"},"query-input":{"@type":"PropertyValueSpecification","valueRequired":true,"valueName":"search_term_string"}}],"inLanguage":"fr-FR"},{"@type":"Organization","@id":"https:\/\/libre-landyachting.com\/fr\/#organization","name":"Libre Landyachting GmbH","url":"https:\/\/libre-landyachting.com\/fr\/","logo":{"@type":"ImageObject","inLanguage":"fr-FR","@id":"https:\/\/libre-landyachting.com\/fr\/#\/schema\/logo\/image\/","url":"https:\/\/libre-landyachting.com\/wp-content\/uploads\/2025\/02\/cropped-70283994.png","contentUrl":"https:\/\/libre-landyachting.com\/wp-content\/uploads\/2025\/02\/cropped-70283994.png","width":512,"height":512,"caption":"Libre Landyachting GmbH"},"image":{"@id":"https:\/\/libre-landyachting.com\/fr\/#\/schema\/logo\/image\/"},"sameAs":["https:\/\/www.facebook.com\/people\/Libre-Landyachting\/pfbid02fhfnbcv4FQYqTSDhT7KRNjiXGxNtW95eVQF1VPZ8ootCwXEph3ZyL6yGzXudLjsfl\/","https:\/\/www.instagram.com\/libre_landyachting_\/"]}]}},"jetpack_sharing_enabled":true,"_links":{"self":[{"href":"https:\/\/libre-landyachting.com\/fr\/wp-json\/wp\/v2\/product\/4380","targetHints":{"allow":["GET"]}}],"collection":[{"href":"https:\/\/libre-landyachting.com\/fr\/wp-json\/wp\/v2\/product"}],"about":[{"href":"https:\/\/libre-landyachting.com\/fr\/wp-json\/wp\/v2\/types\/product"}],"wp:featuredmedia":[{"embeddable":true,"href":"https:\/\/libre-landyachting.com\/fr\/wp-json\/wp\/v2\/media\/3464"}],"wp:attachment":[{"href":"https:\/\/libre-landyachting.com\/fr\/wp-json\/wp\/v2\/media?parent=4380"}],"wp:term":[{"taxonomy":"product_brand","embeddable":true,"href":"https:\/\/libre-landyachting.com\/fr\/wp-json\/wp\/v2\/product_brand?post=4380"},{"taxonomy":"product_cat","embeddable":true,"href":"https:\/\/libre-landyachting.com\/fr\/wp-json\/wp\/v2\/product_cat?post=4380"},{"taxonomy":"product_tag","embeddable":true,"href":"https:\/\/libre-landyachting.com\/fr\/wp-json\/wp\/v2\/product_tag?post=4380"}],"curies":[{"name":"wp","href":"https:\/\/api.w.org\/{rel}","templated":true}]}}