{"id":4421,"date":"2025-02-27T13:00:27","date_gmt":"2025-02-27T12:00:27","guid":{"rendered":"https:\/\/libre-landyachting.com\/produkt\/timon-zebra\/"},"modified":"2026-03-05T19:33:27","modified_gmt":"2026-03-05T18:33:27","slug":"timon-zebra","status":"publish","type":"product","link":"https:\/\/libre-landyachting.com\/fr\/produkt\/timon-zebra\/","title":{"rendered":"Timon Zebra"},"content":{"rendered":"&#13;\n<p>Pour le timon du buggy Zebra, vous avez le choix entre le \u00ab timon standard \u00bb, qui s&rsquo;adapte \u00e0 la \u00ab fourche avant standard \u00bb, vous permettant d&rsquo;utiliser des roues de brouette ou des roues midi, et le \u00ab timon BIG \u00bb, compatible avec la \u00ab fourche BIG \u00bb, avec laquelle vous pouvez utiliser des pneus Big Foot sur jante CadKat ou des pneus Big Foot Light.<\/p>&#13;\n&#13;\n<p>De plus, vous avez le choix entre la version thermolaqu\u00e9e et la version en acier inoxydable.<\/p>&#13;\n&#13;\n<p>Avec le \u00ab pneumatique standard \u00bb, vous \u00eates bien \u00e9quip\u00e9 pour les surfaces dures. Le \u00ab pneumatique Big \u00bb vous permet de rouler sur des surfaces molles et amortit l\u00e9g\u00e8rement les vibrations. <\/p>&#13;\n","protected":false},"excerpt":{"rendered":"<ul>\n<li>Version \u00ab standard \u00bb compatible avec la fourche avant \u00ab standard \u00bb<\/li>\n<li>Version \u00ab BIG \u00bb compatible avec la fourche avant \u00ab BIG \u00bb<\/li>\n<li>Inclut des inserts en plastique pour le logement de direction <\/li>\n<li>Galvanis\u00e9 &amp; thermolaqu\u00e9 ou acier inoxydable<\/li>\n<\/ul>\n","protected":false},"featured_media":5655,"template":"","meta":{"_acf_changed":false,"_eb_attr":""},"product_brand":[],"product_cat":[1707],"product_tag":[],"class_list":{"0":"post-4421","1":"product","2":"type-product","3":"status-publish","4":"has-post-thumbnail","6":"product_cat-barres-fr","7":"pa_ausfuehrung-big-acier-inoxydable","8":"pa_ausfuehrung-big-thermolaque","9":"pa_ausfuehrung-standard-acier-inoxydable","10":"pa_ausfuehrung-standard-thermolaque","12":"first","13":"instock","14":"taxable","15":"shipping-taxable","16":"purchasable","17":"product-type-variable","18":"has-default-attributes"},"acf":[],"yoast_head":"<!-- This site is optimized with the Yoast SEO plugin v27.4 - https:\/\/yoast.com\/product\/yoast-seo-wordpress\/ -->\n<title>Timon Zebra - Libre Landyachting GmbH<\/title>\n<meta name=\"description\" content=\"Pour le timon du buggy Zebra, vous avez le choix entre le \u00ab timon standard \u00bb, qui s&#039;adapte \u00e0 la \u00ab fourche avant standard \u00bb, vous permettant d&#039;utiliser des roues de brouette ou des roues midi, et le \u00ab timon BIG \u00bb, compatible avec la \u00ab fourche BIG \u00bb, avec laquelle vous pouvez utiliser des pneus Big Foot sur jante CadKat ou des pneus Big Foot Light.\" \/>\n<meta name=\"robots\" content=\"index, follow, max-snippet:-1, max-image-preview:large, max-video-preview:-1\" \/>\n<link rel=\"canonical\" href=\"https:\/\/libre-landyachting.com\/fr\/produkt\/timon-zebra\/\" \/>\n<meta property=\"og:locale\" content=\"fr_FR\" \/>\n<meta property=\"og:type\" content=\"article\" \/>\n<meta property=\"og:title\" content=\"Timon Zebra - Libre Landyachting GmbH\" \/>\n<meta property=\"og:description\" content=\"Pour le timon du buggy Zebra, vous avez le choix entre le \u00ab timon standard \u00bb, qui s&#039;adapte \u00e0 la \u00ab fourche avant standard \u00bb, vous permettant d&#039;utiliser des roues de brouette ou des roues midi, et le \u00ab timon BIG \u00bb, compatible avec la \u00ab fourche BIG \u00bb, avec laquelle vous pouvez utiliser des pneus Big Foot sur jante CadKat ou des pneus Big Foot Light.\" \/>\n<meta property=\"og:url\" content=\"https:\/\/libre-landyachting.com\/fr\/produkt\/timon-zebra\/\" \/>\n<meta property=\"og:site_name\" content=\"Libre Landyachting GmbH\" \/>\n<meta property=\"article:publisher\" content=\"https:\/\/www.facebook.com\/people\/Libre-Landyachting\/pfbid02fhfnbcv4FQYqTSDhT7KRNjiXGxNtW95eVQF1VPZ8ootCwXEph3ZyL6yGzXudLjsfl\/\" \/>\n<meta property=\"article:modified_time\" content=\"2026-03-05T18:33:27+00:00\" \/>\n<meta property=\"og:image\" content=\"https:\/\/libre-landyachting.com\/wp-content\/uploads\/2025\/02\/Zebra-Deichsel-beide-Varianten.png\" \/>\n\t<meta property=\"og:image:width\" content=\"1500\" \/>\n\t<meta property=\"og:image:height\" content=\"1500\" \/>\n\t<meta property=\"og:image:type\" content=\"image\/png\" \/>\n<meta name=\"twitter:card\" content=\"summary_large_image\" \/>\n<meta name=\"twitter:label1\" content=\"Dur\u00e9e de lecture estim\u00e9e\" \/>\n\t<meta name=\"twitter:data1\" content=\"1 minute\" \/>\n<script type=\"application\/ld+json\" class=\"yoast-schema-graph\">{\"@context\":\"https:\\\/\\\/schema.org\",\"@graph\":[{\"@type\":\"WebPage\",\"@id\":\"https:\\\/\\\/libre-landyachting.com\\\/fr\\\/produkt\\\/timon-zebra\\\/\",\"url\":\"https:\\\/\\\/libre-landyachting.com\\\/fr\\\/produkt\\\/timon-zebra\\\/\",\"name\":\"Timon Zebra - Libre Landyachting GmbH\",\"isPartOf\":{\"@id\":\"https:\\\/\\\/libre-landyachting.com\\\/fr\\\/#website\"},\"primaryImageOfPage\":{\"@id\":\"https:\\\/\\\/libre-landyachting.com\\\/fr\\\/produkt\\\/timon-zebra\\\/#primaryimage\"},\"image\":{\"@id\":\"https:\\\/\\\/libre-landyachting.com\\\/fr\\\/produkt\\\/timon-zebra\\\/#primaryimage\"},\"thumbnailUrl\":\"https:\\\/\\\/libre-landyachting.com\\\/wp-content\\\/uploads\\\/2025\\\/02\\\/Zebra-Deichsel-beide-Varianten.png\",\"datePublished\":\"2025-02-27T12:00:27+00:00\",\"dateModified\":\"2026-03-05T18:33:27+00:00\",\"description\":\"Pour le timon du buggy Zebra, vous avez le choix entre le \u00ab timon standard \u00bb, qui s'adapte \u00e0 la \u00ab fourche avant standard \u00bb, vous permettant d'utiliser des roues de brouette ou des roues midi, et le \u00ab timon BIG \u00bb, compatible avec la \u00ab fourche BIG \u00bb, avec laquelle vous pouvez utiliser des pneus Big Foot sur jante CadKat ou des pneus Big Foot Light.\",\"breadcrumb\":{\"@id\":\"https:\\\/\\\/libre-landyachting.com\\\/fr\\\/produkt\\\/timon-zebra\\\/#breadcrumb\"},\"inLanguage\":\"fr-FR\",\"potentialAction\":[{\"@type\":\"ReadAction\",\"target\":[\"https:\\\/\\\/libre-landyachting.com\\\/fr\\\/produkt\\\/timon-zebra\\\/\"]}]},{\"@type\":\"ImageObject\",\"inLanguage\":\"fr-FR\",\"@id\":\"https:\\\/\\\/libre-landyachting.com\\\/fr\\\/produkt\\\/timon-zebra\\\/#primaryimage\",\"url\":\"https:\\\/\\\/libre-landyachting.com\\\/wp-content\\\/uploads\\\/2025\\\/02\\\/Zebra-Deichsel-beide-Varianten.png\",\"contentUrl\":\"https:\\\/\\\/libre-landyachting.com\\\/wp-content\\\/uploads\\\/2025\\\/02\\\/Zebra-Deichsel-beide-Varianten.png\",\"width\":1500,\"height\":1500},{\"@type\":\"BreadcrumbList\",\"@id\":\"https:\\\/\\\/libre-landyachting.com\\\/fr\\\/produkt\\\/timon-zebra\\\/#breadcrumb\",\"itemListElement\":[{\"@type\":\"ListItem\",\"position\":1,\"name\":\"Startseite\",\"item\":\"https:\\\/\\\/libre-landyachting.com\\\/fr\\\/\"},{\"@type\":\"ListItem\",\"position\":2,\"name\":\"Boutique\",\"item\":\"https:\\\/\\\/libre-landyachting.com\\\/fr\\\/boutique\\\/\"},{\"@type\":\"ListItem\",\"position\":3,\"name\":\"Timon Zebra\"}]},{\"@type\":\"WebSite\",\"@id\":\"https:\\\/\\\/libre-landyachting.com\\\/fr\\\/#website\",\"url\":\"https:\\\/\\\/libre-landyachting.com\\\/fr\\\/\",\"name\":\"Libre Landyachting GmbH\",\"description\":\"\",\"publisher\":{\"@id\":\"https:\\\/\\\/libre-landyachting.com\\\/fr\\\/#organization\"},\"potentialAction\":[{\"@type\":\"SearchAction\",\"target\":{\"@type\":\"EntryPoint\",\"urlTemplate\":\"https:\\\/\\\/libre-landyachting.com\\\/fr\\\/?s={search_term_string}\"},\"query-input\":{\"@type\":\"PropertyValueSpecification\",\"valueRequired\":true,\"valueName\":\"search_term_string\"}}],\"inLanguage\":\"fr-FR\"},{\"@type\":\"Organization\",\"@id\":\"https:\\\/\\\/libre-landyachting.com\\\/fr\\\/#organization\",\"name\":\"Libre Landyachting GmbH\",\"url\":\"https:\\\/\\\/libre-landyachting.com\\\/fr\\\/\",\"logo\":{\"@type\":\"ImageObject\",\"inLanguage\":\"fr-FR\",\"@id\":\"https:\\\/\\\/libre-landyachting.com\\\/fr\\\/#\\\/schema\\\/logo\\\/image\\\/\",\"url\":\"https:\\\/\\\/libre-landyachting.com\\\/wp-content\\\/uploads\\\/2025\\\/02\\\/cropped-70283994.png\",\"contentUrl\":\"https:\\\/\\\/libre-landyachting.com\\\/wp-content\\\/uploads\\\/2025\\\/02\\\/cropped-70283994.png\",\"width\":512,\"height\":512,\"caption\":\"Libre Landyachting GmbH\"},\"image\":{\"@id\":\"https:\\\/\\\/libre-landyachting.com\\\/fr\\\/#\\\/schema\\\/logo\\\/image\\\/\"},\"sameAs\":[\"https:\\\/\\\/www.facebook.com\\\/people\\\/Libre-Landyachting\\\/pfbid02fhfnbcv4FQYqTSDhT7KRNjiXGxNtW95eVQF1VPZ8ootCwXEph3ZyL6yGzXudLjsfl\\\/\",\"https:\\\/\\\/www.instagram.com\\\/libre_landyachting_\\\/\"]}]}<\/script>\n<!-- \/ Yoast SEO plugin. -->","yoast_head_json":{"title":"Timon Zebra - Libre Landyachting GmbH","description":"Pour le timon du buggy Zebra, vous avez le choix entre le \u00ab timon standard \u00bb, qui s'adapte \u00e0 la \u00ab fourche avant standard \u00bb, vous permettant d'utiliser des roues de brouette ou des roues midi, et le \u00ab timon BIG \u00bb, compatible avec la \u00ab fourche BIG \u00bb, avec laquelle vous pouvez utiliser des pneus Big Foot sur jante CadKat ou des pneus Big Foot Light.","robots":{"index":"index","follow":"follow","max-snippet":"max-snippet:-1","max-image-preview":"max-image-preview:large","max-video-preview":"max-video-preview:-1"},"canonical":"https:\/\/libre-landyachting.com\/fr\/produkt\/timon-zebra\/","og_locale":"fr_FR","og_type":"article","og_title":"Timon Zebra - Libre Landyachting GmbH","og_description":"Pour le timon du buggy Zebra, vous avez le choix entre le \u00ab timon standard \u00bb, qui s'adapte \u00e0 la \u00ab fourche avant standard \u00bb, vous permettant d'utiliser des roues de brouette ou des roues midi, et le \u00ab timon BIG \u00bb, compatible avec la \u00ab fourche BIG \u00bb, avec laquelle vous pouvez utiliser des pneus Big Foot sur jante CadKat ou des pneus Big Foot Light.","og_url":"https:\/\/libre-landyachting.com\/fr\/produkt\/timon-zebra\/","og_site_name":"Libre Landyachting GmbH","article_publisher":"https:\/\/www.facebook.com\/people\/Libre-Landyachting\/pfbid02fhfnbcv4FQYqTSDhT7KRNjiXGxNtW95eVQF1VPZ8ootCwXEph3ZyL6yGzXudLjsfl\/","article_modified_time":"2026-03-05T18:33:27+00:00","og_image":[{"width":1500,"height":1500,"url":"https:\/\/libre-landyachting.com\/wp-content\/uploads\/2025\/02\/Zebra-Deichsel-beide-Varianten.png","type":"image\/png"}],"twitter_card":"summary_large_image","twitter_misc":{"Dur\u00e9e de lecture estim\u00e9e":"1 minute"},"schema":{"@context":"https:\/\/schema.org","@graph":[{"@type":"WebPage","@id":"https:\/\/libre-landyachting.com\/fr\/produkt\/timon-zebra\/","url":"https:\/\/libre-landyachting.com\/fr\/produkt\/timon-zebra\/","name":"Timon Zebra - Libre Landyachting GmbH","isPartOf":{"@id":"https:\/\/libre-landyachting.com\/fr\/#website"},"primaryImageOfPage":{"@id":"https:\/\/libre-landyachting.com\/fr\/produkt\/timon-zebra\/#primaryimage"},"image":{"@id":"https:\/\/libre-landyachting.com\/fr\/produkt\/timon-zebra\/#primaryimage"},"thumbnailUrl":"https:\/\/libre-landyachting.com\/wp-content\/uploads\/2025\/02\/Zebra-Deichsel-beide-Varianten.png","datePublished":"2025-02-27T12:00:27+00:00","dateModified":"2026-03-05T18:33:27+00:00","description":"Pour le timon du buggy Zebra, vous avez le choix entre le \u00ab timon standard \u00bb, qui s'adapte \u00e0 la \u00ab fourche avant standard \u00bb, vous permettant d'utiliser des roues de brouette ou des roues midi, et le \u00ab timon BIG \u00bb, compatible avec la \u00ab fourche BIG \u00bb, avec laquelle vous pouvez utiliser des pneus Big Foot sur jante CadKat ou des pneus Big Foot Light.","breadcrumb":{"@id":"https:\/\/libre-landyachting.com\/fr\/produkt\/timon-zebra\/#breadcrumb"},"inLanguage":"fr-FR","potentialAction":[{"@type":"ReadAction","target":["https:\/\/libre-landyachting.com\/fr\/produkt\/timon-zebra\/"]}]},{"@type":"ImageObject","inLanguage":"fr-FR","@id":"https:\/\/libre-landyachting.com\/fr\/produkt\/timon-zebra\/#primaryimage","url":"https:\/\/libre-landyachting.com\/wp-content\/uploads\/2025\/02\/Zebra-Deichsel-beide-Varianten.png","contentUrl":"https:\/\/libre-landyachting.com\/wp-content\/uploads\/2025\/02\/Zebra-Deichsel-beide-Varianten.png","width":1500,"height":1500},{"@type":"BreadcrumbList","@id":"https:\/\/libre-landyachting.com\/fr\/produkt\/timon-zebra\/#breadcrumb","itemListElement":[{"@type":"ListItem","position":1,"name":"Startseite","item":"https:\/\/libre-landyachting.com\/fr\/"},{"@type":"ListItem","position":2,"name":"Boutique","item":"https:\/\/libre-landyachting.com\/fr\/boutique\/"},{"@type":"ListItem","position":3,"name":"Timon Zebra"}]},{"@type":"WebSite","@id":"https:\/\/libre-landyachting.com\/fr\/#website","url":"https:\/\/libre-landyachting.com\/fr\/","name":"Libre Landyachting GmbH","description":"","publisher":{"@id":"https:\/\/libre-landyachting.com\/fr\/#organization"},"potentialAction":[{"@type":"SearchAction","target":{"@type":"EntryPoint","urlTemplate":"https:\/\/libre-landyachting.com\/fr\/?s={search_term_string}"},"query-input":{"@type":"PropertyValueSpecification","valueRequired":true,"valueName":"search_term_string"}}],"inLanguage":"fr-FR"},{"@type":"Organization","@id":"https:\/\/libre-landyachting.com\/fr\/#organization","name":"Libre Landyachting GmbH","url":"https:\/\/libre-landyachting.com\/fr\/","logo":{"@type":"ImageObject","inLanguage":"fr-FR","@id":"https:\/\/libre-landyachting.com\/fr\/#\/schema\/logo\/image\/","url":"https:\/\/libre-landyachting.com\/wp-content\/uploads\/2025\/02\/cropped-70283994.png","contentUrl":"https:\/\/libre-landyachting.com\/wp-content\/uploads\/2025\/02\/cropped-70283994.png","width":512,"height":512,"caption":"Libre Landyachting GmbH"},"image":{"@id":"https:\/\/libre-landyachting.com\/fr\/#\/schema\/logo\/image\/"},"sameAs":["https:\/\/www.facebook.com\/people\/Libre-Landyachting\/pfbid02fhfnbcv4FQYqTSDhT7KRNjiXGxNtW95eVQF1VPZ8ootCwXEph3ZyL6yGzXudLjsfl\/","https:\/\/www.instagram.com\/libre_landyachting_\/"]}]}},"jetpack_sharing_enabled":true,"_links":{"self":[{"href":"https:\/\/libre-landyachting.com\/fr\/wp-json\/wp\/v2\/product\/4421","targetHints":{"allow":["GET"]}}],"collection":[{"href":"https:\/\/libre-landyachting.com\/fr\/wp-json\/wp\/v2\/product"}],"about":[{"href":"https:\/\/libre-landyachting.com\/fr\/wp-json\/wp\/v2\/types\/product"}],"wp:featuredmedia":[{"embeddable":true,"href":"https:\/\/libre-landyachting.com\/fr\/wp-json\/wp\/v2\/media\/5655"}],"wp:attachment":[{"href":"https:\/\/libre-landyachting.com\/fr\/wp-json\/wp\/v2\/media?parent=4421"}],"wp:term":[{"taxonomy":"product_brand","embeddable":true,"href":"https:\/\/libre-landyachting.com\/fr\/wp-json\/wp\/v2\/product_brand?post=4421"},{"taxonomy":"product_cat","embeddable":true,"href":"https:\/\/libre-landyachting.com\/fr\/wp-json\/wp\/v2\/product_cat?post=4421"},{"taxonomy":"product_tag","embeddable":true,"href":"https:\/\/libre-landyachting.com\/fr\/wp-json\/wp\/v2\/product_tag?post=4421"}],"curies":[{"name":"wp","href":"https:\/\/api.w.org\/{rel}","templated":true}]}}