{"id":4433,"date":"2025-02-26T14:54:51","date_gmt":"2025-02-26T13:54:51","guid":{"rendered":"https:\/\/libre-landyachting.com\/produkt\/fourche-avant-funglider\/"},"modified":"2026-03-04T18:53:45","modified_gmt":"2026-03-04T17:53:45","slug":"fourche-avant-funglider","status":"publish","type":"product","link":"https:\/\/libre-landyachting.com\/fr\/produkt\/fourche-avant-funglider\/","title":{"rendered":"Fourche avant FunGlider"},"content":{"rendered":"&#13;\n<p>Pour la fourche avant du Fun Glider, vous avez le choix entre la \u00ab fourche standard \u00bb, qui vous permet d&rsquo;utiliser des roues de brouette ou des roues interm\u00e9diaires, et la \u00ab grande fourche \u00bb, avec laquelle vous pouvez utiliser des pneus Big Foot sur jante CadKat ou des pneus Big Foot Light. De plus, vous avez le choix entre la version thermolaqu\u00e9e et la version en acier inoxydable. <\/p>&#13;\n&#13;\n<p>Avec le \u00ab pneumatique standard \u00bb, vous \u00eates bien \u00e9quip\u00e9 pour les surfaces dures. De plus, avec trois roues de brouette, vous \u00eates \u00e9ligible pour participer \u00e0 la classe 5.6 Mini. Le \u00ab grand pneumatique \u00bb vous permet de rouler \u00e9galement sur des surfaces meubles et amortit quelque peu les vibrations.  <\/p>&#13;\n&#13;\n<p>Vous avez \u00e9galement la possibilit\u00e9 d&rsquo;accrocher une barre de traction \u00e0 la fourche. Notre barre de traction pour la \u00ab fourche standard \u00bb est divis\u00e9e en deux parties pour un transport ais\u00e9 et peut \u00eatre mont\u00e9e en quelques secondes. <\/p>&#13;\n","protected":false},"excerpt":{"rendered":"<ul>\n<li>Version standard : roue de brouette &amp; roue interm\u00e9diaire<\/li>\n<li>Version BIG : roue Big Foot &amp; roue l\u00e9g\u00e8re<\/li>\n<li>Incluant l&rsquo;essieu, les entretoises &amp; les repose-pieds <\/li>\n<li>Galvanis\u00e9 &amp; thermolaqu\u00e9 ou acier inoxydable<\/li>\n<\/ul>\n","protected":false},"featured_media":3320,"template":"","meta":{"_acf_changed":false,"_eb_attr":""},"product_brand":[],"product_cat":[1138],"product_tag":[],"class_list":{"0":"post-4433","1":"product","2":"type-product","3":"status-publish","4":"has-post-thumbnail","6":"product_cat-timons-fourches-essieux","7":"pa_ausfuehrung-big-acier-inoxydable","8":"pa_ausfuehrung-big-thermolaque","9":"pa_ausfuehrung-standard-acier-inoxydable","10":"pa_ausfuehrung-standard-thermolaque","12":"first","13":"instock","14":"taxable","15":"shipping-taxable","16":"purchasable","17":"product-type-variable","18":"has-default-attributes"},"acf":[],"yoast_head":"<!-- This site is optimized with the Yoast SEO plugin v27.2 - https:\/\/yoast.com\/product\/yoast-seo-wordpress\/ -->\n<title>Fourche avant FunGlider - Libre Landyachting GmbH<\/title>\n<meta name=\"description\" content=\"En ce qui concerne la fourche avant du Fun Glider, vous avez le choix entre la \u00ab fourche standard \u00bb et la \u00ab grande fourche \u00bb.\" \/>\n<meta name=\"robots\" content=\"index, follow, max-snippet:-1, max-image-preview:large, max-video-preview:-1\" \/>\n<link rel=\"canonical\" href=\"https:\/\/libre-landyachting.com\/fr\/produkt\/fourche-avant-funglider\/\" \/>\n<meta property=\"og:locale\" content=\"fr_FR\" \/>\n<meta property=\"og:type\" content=\"article\" \/>\n<meta property=\"og:title\" content=\"Fourche avant FunGlider - Libre Landyachting GmbH\" \/>\n<meta property=\"og:description\" content=\"En ce qui concerne la fourche avant du Fun Glider, vous avez le choix entre la \u00ab fourche standard \u00bb et la \u00ab grande fourche \u00bb.\" \/>\n<meta property=\"og:url\" content=\"https:\/\/libre-landyachting.com\/fr\/produkt\/fourche-avant-funglider\/\" \/>\n<meta property=\"og:site_name\" content=\"Libre Landyachting GmbH\" \/>\n<meta property=\"article:publisher\" content=\"https:\/\/www.facebook.com\/people\/Libre-Landyachting\/pfbid02fhfnbcv4FQYqTSDhT7KRNjiXGxNtW95eVQF1VPZ8ootCwXEph3ZyL6yGzXudLjsfl\/\" \/>\n<meta property=\"article:modified_time\" content=\"2026-03-04T17:53:45+00:00\" \/>\n<meta property=\"og:image\" content=\"https:\/\/libre-landyachting.com\/wp-content\/uploads\/2025\/02\/Gabel-Fun-Glider-schwarz.png\" \/>\n\t<meta property=\"og:image:width\" content=\"1500\" \/>\n\t<meta property=\"og:image:height\" content=\"1500\" \/>\n\t<meta property=\"og:image:type\" content=\"image\/png\" \/>\n<meta name=\"twitter:card\" content=\"summary_large_image\" \/>\n<meta name=\"twitter:label1\" content=\"Dur\u00e9e de lecture estim\u00e9e\" \/>\n\t<meta name=\"twitter:data1\" content=\"1 minute\" \/>\n<script type=\"application\/ld+json\" class=\"yoast-schema-graph\">{\"@context\":\"https:\/\/schema.org\",\"@graph\":[{\"@type\":\"WebPage\",\"@id\":\"https:\/\/libre-landyachting.com\/fr\/produkt\/fourche-avant-funglider\/\",\"url\":\"https:\/\/libre-landyachting.com\/fr\/produkt\/fourche-avant-funglider\/\",\"name\":\"Fourche avant FunGlider - Libre Landyachting GmbH\",\"isPartOf\":{\"@id\":\"https:\/\/libre-landyachting.com\/fr\/#website\"},\"primaryImageOfPage\":{\"@id\":\"https:\/\/libre-landyachting.com\/fr\/produkt\/fourche-avant-funglider\/#primaryimage\"},\"image\":{\"@id\":\"https:\/\/libre-landyachting.com\/fr\/produkt\/fourche-avant-funglider\/#primaryimage\"},\"thumbnailUrl\":\"https:\/\/libre-landyachting.com\/wp-content\/uploads\/2025\/02\/Gabel-Fun-Glider-schwarz.png\",\"datePublished\":\"2025-02-26T13:54:51+00:00\",\"dateModified\":\"2026-03-04T17:53:45+00:00\",\"description\":\"En ce qui concerne la fourche avant du Fun Glider, vous avez le choix entre la \u00ab fourche standard \u00bb et la \u00ab grande fourche \u00bb.\",\"breadcrumb\":{\"@id\":\"https:\/\/libre-landyachting.com\/fr\/produkt\/fourche-avant-funglider\/#breadcrumb\"},\"inLanguage\":\"fr-FR\",\"potentialAction\":[{\"@type\":\"ReadAction\",\"target\":[\"https:\/\/libre-landyachting.com\/fr\/produkt\/fourche-avant-funglider\/\"]}]},{\"@type\":\"ImageObject\",\"inLanguage\":\"fr-FR\",\"@id\":\"https:\/\/libre-landyachting.com\/fr\/produkt\/fourche-avant-funglider\/#primaryimage\",\"url\":\"https:\/\/libre-landyachting.com\/wp-content\/uploads\/2025\/02\/Gabel-Fun-Glider-schwarz.png\",\"contentUrl\":\"https:\/\/libre-landyachting.com\/wp-content\/uploads\/2025\/02\/Gabel-Fun-Glider-schwarz.png\",\"width\":1500,\"height\":1500},{\"@type\":\"BreadcrumbList\",\"@id\":\"https:\/\/libre-landyachting.com\/fr\/produkt\/fourche-avant-funglider\/#breadcrumb\",\"itemListElement\":[{\"@type\":\"ListItem\",\"position\":1,\"name\":\"Startseite\",\"item\":\"https:\/\/libre-landyachting.com\/fr\/\"},{\"@type\":\"ListItem\",\"position\":2,\"name\":\"Boutique\",\"item\":\"https:\/\/libre-landyachting.com\/fr\/boutique\/\"},{\"@type\":\"ListItem\",\"position\":3,\"name\":\"Fourche avant FunGlider\"}]},{\"@type\":\"WebSite\",\"@id\":\"https:\/\/libre-landyachting.com\/fr\/#website\",\"url\":\"https:\/\/libre-landyachting.com\/fr\/\",\"name\":\"Libre Landyachting GmbH\",\"description\":\"\",\"publisher\":{\"@id\":\"https:\/\/libre-landyachting.com\/fr\/#organization\"},\"potentialAction\":[{\"@type\":\"SearchAction\",\"target\":{\"@type\":\"EntryPoint\",\"urlTemplate\":\"https:\/\/libre-landyachting.com\/fr\/?s={search_term_string}\"},\"query-input\":{\"@type\":\"PropertyValueSpecification\",\"valueRequired\":true,\"valueName\":\"search_term_string\"}}],\"inLanguage\":\"fr-FR\"},{\"@type\":\"Organization\",\"@id\":\"https:\/\/libre-landyachting.com\/fr\/#organization\",\"name\":\"Libre Landyachting GmbH\",\"url\":\"https:\/\/libre-landyachting.com\/fr\/\",\"logo\":{\"@type\":\"ImageObject\",\"inLanguage\":\"fr-FR\",\"@id\":\"https:\/\/libre-landyachting.com\/fr\/#\/schema\/logo\/image\/\",\"url\":\"https:\/\/libre-landyachting.com\/wp-content\/uploads\/2025\/02\/cropped-70283994.png\",\"contentUrl\":\"https:\/\/libre-landyachting.com\/wp-content\/uploads\/2025\/02\/cropped-70283994.png\",\"width\":512,\"height\":512,\"caption\":\"Libre Landyachting GmbH\"},\"image\":{\"@id\":\"https:\/\/libre-landyachting.com\/fr\/#\/schema\/logo\/image\/\"},\"sameAs\":[\"https:\/\/www.facebook.com\/people\/Libre-Landyachting\/pfbid02fhfnbcv4FQYqTSDhT7KRNjiXGxNtW95eVQF1VPZ8ootCwXEph3ZyL6yGzXudLjsfl\/\",\"https:\/\/www.instagram.com\/libre_landyachting_\/\"]}]}<\/script>\n<!-- \/ Yoast SEO plugin. -->","yoast_head_json":{"title":"Fourche avant FunGlider - Libre Landyachting GmbH","description":"En ce qui concerne la fourche avant du Fun Glider, vous avez le choix entre la \u00ab fourche standard \u00bb et la \u00ab grande fourche \u00bb.","robots":{"index":"index","follow":"follow","max-snippet":"max-snippet:-1","max-image-preview":"max-image-preview:large","max-video-preview":"max-video-preview:-1"},"canonical":"https:\/\/libre-landyachting.com\/fr\/produkt\/fourche-avant-funglider\/","og_locale":"fr_FR","og_type":"article","og_title":"Fourche avant FunGlider - Libre Landyachting GmbH","og_description":"En ce qui concerne la fourche avant du Fun Glider, vous avez le choix entre la \u00ab fourche standard \u00bb et la \u00ab grande fourche \u00bb.","og_url":"https:\/\/libre-landyachting.com\/fr\/produkt\/fourche-avant-funglider\/","og_site_name":"Libre Landyachting GmbH","article_publisher":"https:\/\/www.facebook.com\/people\/Libre-Landyachting\/pfbid02fhfnbcv4FQYqTSDhT7KRNjiXGxNtW95eVQF1VPZ8ootCwXEph3ZyL6yGzXudLjsfl\/","article_modified_time":"2026-03-04T17:53:45+00:00","og_image":[{"width":1500,"height":1500,"url":"https:\/\/libre-landyachting.com\/wp-content\/uploads\/2025\/02\/Gabel-Fun-Glider-schwarz.png","type":"image\/png"}],"twitter_card":"summary_large_image","twitter_misc":{"Dur\u00e9e de lecture estim\u00e9e":"1 minute"},"schema":{"@context":"https:\/\/schema.org","@graph":[{"@type":"WebPage","@id":"https:\/\/libre-landyachting.com\/fr\/produkt\/fourche-avant-funglider\/","url":"https:\/\/libre-landyachting.com\/fr\/produkt\/fourche-avant-funglider\/","name":"Fourche avant FunGlider - Libre Landyachting GmbH","isPartOf":{"@id":"https:\/\/libre-landyachting.com\/fr\/#website"},"primaryImageOfPage":{"@id":"https:\/\/libre-landyachting.com\/fr\/produkt\/fourche-avant-funglider\/#primaryimage"},"image":{"@id":"https:\/\/libre-landyachting.com\/fr\/produkt\/fourche-avant-funglider\/#primaryimage"},"thumbnailUrl":"https:\/\/libre-landyachting.com\/wp-content\/uploads\/2025\/02\/Gabel-Fun-Glider-schwarz.png","datePublished":"2025-02-26T13:54:51+00:00","dateModified":"2026-03-04T17:53:45+00:00","description":"En ce qui concerne la fourche avant du Fun Glider, vous avez le choix entre la \u00ab fourche standard \u00bb et la \u00ab grande fourche \u00bb.","breadcrumb":{"@id":"https:\/\/libre-landyachting.com\/fr\/produkt\/fourche-avant-funglider\/#breadcrumb"},"inLanguage":"fr-FR","potentialAction":[{"@type":"ReadAction","target":["https:\/\/libre-landyachting.com\/fr\/produkt\/fourche-avant-funglider\/"]}]},{"@type":"ImageObject","inLanguage":"fr-FR","@id":"https:\/\/libre-landyachting.com\/fr\/produkt\/fourche-avant-funglider\/#primaryimage","url":"https:\/\/libre-landyachting.com\/wp-content\/uploads\/2025\/02\/Gabel-Fun-Glider-schwarz.png","contentUrl":"https:\/\/libre-landyachting.com\/wp-content\/uploads\/2025\/02\/Gabel-Fun-Glider-schwarz.png","width":1500,"height":1500},{"@type":"BreadcrumbList","@id":"https:\/\/libre-landyachting.com\/fr\/produkt\/fourche-avant-funglider\/#breadcrumb","itemListElement":[{"@type":"ListItem","position":1,"name":"Startseite","item":"https:\/\/libre-landyachting.com\/fr\/"},{"@type":"ListItem","position":2,"name":"Boutique","item":"https:\/\/libre-landyachting.com\/fr\/boutique\/"},{"@type":"ListItem","position":3,"name":"Fourche avant FunGlider"}]},{"@type":"WebSite","@id":"https:\/\/libre-landyachting.com\/fr\/#website","url":"https:\/\/libre-landyachting.com\/fr\/","name":"Libre Landyachting GmbH","description":"","publisher":{"@id":"https:\/\/libre-landyachting.com\/fr\/#organization"},"potentialAction":[{"@type":"SearchAction","target":{"@type":"EntryPoint","urlTemplate":"https:\/\/libre-landyachting.com\/fr\/?s={search_term_string}"},"query-input":{"@type":"PropertyValueSpecification","valueRequired":true,"valueName":"search_term_string"}}],"inLanguage":"fr-FR"},{"@type":"Organization","@id":"https:\/\/libre-landyachting.com\/fr\/#organization","name":"Libre Landyachting GmbH","url":"https:\/\/libre-landyachting.com\/fr\/","logo":{"@type":"ImageObject","inLanguage":"fr-FR","@id":"https:\/\/libre-landyachting.com\/fr\/#\/schema\/logo\/image\/","url":"https:\/\/libre-landyachting.com\/wp-content\/uploads\/2025\/02\/cropped-70283994.png","contentUrl":"https:\/\/libre-landyachting.com\/wp-content\/uploads\/2025\/02\/cropped-70283994.png","width":512,"height":512,"caption":"Libre Landyachting GmbH"},"image":{"@id":"https:\/\/libre-landyachting.com\/fr\/#\/schema\/logo\/image\/"},"sameAs":["https:\/\/www.facebook.com\/people\/Libre-Landyachting\/pfbid02fhfnbcv4FQYqTSDhT7KRNjiXGxNtW95eVQF1VPZ8ootCwXEph3ZyL6yGzXudLjsfl\/","https:\/\/www.instagram.com\/libre_landyachting_\/"]}]}},"jetpack_sharing_enabled":true,"_links":{"self":[{"href":"https:\/\/libre-landyachting.com\/fr\/wp-json\/wp\/v2\/product\/4433","targetHints":{"allow":["GET"]}}],"collection":[{"href":"https:\/\/libre-landyachting.com\/fr\/wp-json\/wp\/v2\/product"}],"about":[{"href":"https:\/\/libre-landyachting.com\/fr\/wp-json\/wp\/v2\/types\/product"}],"wp:featuredmedia":[{"embeddable":true,"href":"https:\/\/libre-landyachting.com\/fr\/wp-json\/wp\/v2\/media\/3320"}],"wp:attachment":[{"href":"https:\/\/libre-landyachting.com\/fr\/wp-json\/wp\/v2\/media?parent=4433"}],"wp:term":[{"taxonomy":"product_brand","embeddable":true,"href":"https:\/\/libre-landyachting.com\/fr\/wp-json\/wp\/v2\/product_brand?post=4433"},{"taxonomy":"product_cat","embeddable":true,"href":"https:\/\/libre-landyachting.com\/fr\/wp-json\/wp\/v2\/product_cat?post=4433"},{"taxonomy":"product_tag","embeddable":true,"href":"https:\/\/libre-landyachting.com\/fr\/wp-json\/wp\/v2\/product_tag?post=4433"}],"curies":[{"name":"wp","href":"https:\/\/api.w.org\/{rel}","templated":true}]}}