{"id":4441,"date":"2025-02-24T14:28:01","date_gmt":"2025-02-24T13:28:01","guid":{"rendered":"https:\/\/libre-landyachting.com\/produkt\/siege-complet-micro-race-pro\/"},"modified":"2026-01-05T21:06:24","modified_gmt":"2026-01-05T20:06:24","slug":"siege-complet-micro-race-pro","status":"publish","type":"product","link":"https:\/\/libre-landyachting.com\/fr\/produkt\/siege-complet-micro-race-pro\/","title":{"rendered":"Si\u00e8ge complet \u00ab Micro Race Pro \u00bb"},"content":{"rendered":"\n<p>Le si\u00e8ge complet \u00ab Micro Race Pro \u00bb est compatible avec le mod\u00e8le Micro Race ainsi qu&rsquo;avec le Micro Competition. En comparaison directe avec le si\u00e8ge complet Micro Race, les tubes de si\u00e8ge du mod\u00e8le Pro sont environ 10 cm plus bas, offrant ainsi une position moins verticale que le Micro Race. <\/p>\n\n<p>Gr\u00e2ce \u00e0 son rembourrage moelleux, il offre au pilote un confort agr\u00e9able et le prot\u00e8ge des secousses. La poche situ\u00e9e \u00e0 l&rsquo;arri\u00e8re du si\u00e8ge peut \u00eatre utilis\u00e9e pour ranger des pi\u00e8ces de rechange ou des provisions et est \u00e9quip\u00e9e d&rsquo;une fermeture \u00e9clair robuste. <\/p>\n\n<p>\u00a0<\/p>\n","protected":false},"excerpt":{"rendered":"<ul>\n<li>Si\u00e8ge incluant les tubes de si\u00e8ge, les rembourrages et les housses <\/li>\n<li>si\u00e8ge rembourr\u00e9 souple<\/li>\n<li>Nombreuses possibilit\u00e9s de r\u00e9glage et d&rsquo;ajustement pour un maintien optimal<\/li>\n<li>Poche pratique et spacieuse dans la zone dorsale<\/li>\n<li>Arceau de si\u00e8ge en acier inoxydable<\/li>\n<\/ul>\n","protected":false},"featured_media":3262,"template":"","meta":{"_acf_changed":false,"_eb_attr":""},"product_brand":[],"product_cat":[1065],"product_tag":[],"class_list":{"0":"post-4441","1":"product","2":"type-product","3":"status-publish","4":"has-post-thumbnail","6":"product_cat-sieges","8":"first","9":"instock","10":"taxable","11":"shipping-taxable","12":"purchasable","13":"product-type-simple"},"acf":[],"yoast_head":"<!-- This site is optimized with the Yoast SEO plugin v27.2 - https:\/\/yoast.com\/product\/yoast-seo-wordpress\/ -->\n<title>Si\u00e8ge complet \u00ab Micro Race Pro \u00bb - Libre Landyachting GmbH<\/title>\n<meta name=\"description\" content=\"Si\u00e8ge rembourr\u00e9 avec tubes, housses et r\u00e9glages pour un maintien optimal.\" \/>\n<meta name=\"robots\" content=\"index, follow, max-snippet:-1, max-image-preview:large, max-video-preview:-1\" \/>\n<link rel=\"canonical\" href=\"https:\/\/libre-landyachting.com\/fr\/produkt\/siege-complet-micro-race-pro\/\" \/>\n<meta property=\"og:locale\" content=\"fr_FR\" \/>\n<meta property=\"og:type\" content=\"article\" \/>\n<meta property=\"og:title\" content=\"Si\u00e8ge complet \u00ab Micro Race Pro \u00bb - Libre Landyachting GmbH\" \/>\n<meta property=\"og:description\" content=\"Si\u00e8ge rembourr\u00e9 avec tubes, housses et r\u00e9glages pour un maintien optimal.\" \/>\n<meta property=\"og:url\" content=\"https:\/\/libre-landyachting.com\/fr\/produkt\/siege-complet-micro-race-pro\/\" \/>\n<meta property=\"og:site_name\" content=\"Libre Landyachting GmbH\" \/>\n<meta property=\"article:publisher\" content=\"https:\/\/www.facebook.com\/people\/Libre-Landyachting\/pfbid02fhfnbcv4FQYqTSDhT7KRNjiXGxNtW95eVQF1VPZ8ootCwXEph3ZyL6yGzXudLjsfl\/\" \/>\n<meta property=\"article:modified_time\" content=\"2026-01-05T20:06:24+00:00\" \/>\n<meta property=\"og:image\" content=\"https:\/\/libre-landyachting.com\/wp-content\/uploads\/2025\/02\/Komplettsitz-Micro-Race-Pro-1.png\" \/>\n\t<meta property=\"og:image:width\" content=\"1500\" \/>\n\t<meta property=\"og:image:height\" content=\"1500\" \/>\n\t<meta property=\"og:image:type\" content=\"image\/png\" \/>\n<meta name=\"twitter:card\" content=\"summary_large_image\" \/>\n<meta name=\"twitter:label1\" content=\"Dur\u00e9e de lecture estim\u00e9e\" \/>\n\t<meta name=\"twitter:data1\" content=\"1 minute\" \/>\n<script type=\"application\/ld+json\" class=\"yoast-schema-graph\">{\"@context\":\"https:\/\/schema.org\",\"@graph\":[{\"@type\":\"WebPage\",\"@id\":\"https:\/\/libre-landyachting.com\/fr\/produkt\/siege-complet-micro-race-pro\/\",\"url\":\"https:\/\/libre-landyachting.com\/fr\/produkt\/siege-complet-micro-race-pro\/\",\"name\":\"Si\u00e8ge complet \u00ab Micro Race Pro \u00bb - Libre Landyachting GmbH\",\"isPartOf\":{\"@id\":\"https:\/\/libre-landyachting.com\/fr\/#website\"},\"primaryImageOfPage\":{\"@id\":\"https:\/\/libre-landyachting.com\/fr\/produkt\/siege-complet-micro-race-pro\/#primaryimage\"},\"image\":{\"@id\":\"https:\/\/libre-landyachting.com\/fr\/produkt\/siege-complet-micro-race-pro\/#primaryimage\"},\"thumbnailUrl\":\"https:\/\/libre-landyachting.com\/wp-content\/uploads\/2025\/02\/Komplettsitz-Micro-Race-Pro-1.png\",\"datePublished\":\"2025-02-24T13:28:01+00:00\",\"dateModified\":\"2026-01-05T20:06:24+00:00\",\"description\":\"Si\u00e8ge rembourr\u00e9 avec tubes, housses et r\u00e9glages pour un maintien optimal.\",\"breadcrumb\":{\"@id\":\"https:\/\/libre-landyachting.com\/fr\/produkt\/siege-complet-micro-race-pro\/#breadcrumb\"},\"inLanguage\":\"fr-FR\",\"potentialAction\":[{\"@type\":\"ReadAction\",\"target\":[\"https:\/\/libre-landyachting.com\/fr\/produkt\/siege-complet-micro-race-pro\/\"]}]},{\"@type\":\"ImageObject\",\"inLanguage\":\"fr-FR\",\"@id\":\"https:\/\/libre-landyachting.com\/fr\/produkt\/siege-complet-micro-race-pro\/#primaryimage\",\"url\":\"https:\/\/libre-landyachting.com\/wp-content\/uploads\/2025\/02\/Komplettsitz-Micro-Race-Pro-1.png\",\"contentUrl\":\"https:\/\/libre-landyachting.com\/wp-content\/uploads\/2025\/02\/Komplettsitz-Micro-Race-Pro-1.png\",\"width\":1500,\"height\":1500},{\"@type\":\"BreadcrumbList\",\"@id\":\"https:\/\/libre-landyachting.com\/fr\/produkt\/siege-complet-micro-race-pro\/#breadcrumb\",\"itemListElement\":[{\"@type\":\"ListItem\",\"position\":1,\"name\":\"Startseite\",\"item\":\"https:\/\/libre-landyachting.com\/fr\/\"},{\"@type\":\"ListItem\",\"position\":2,\"name\":\"Boutique\",\"item\":\"https:\/\/libre-landyachting.com\/fr\/boutique\/\"},{\"@type\":\"ListItem\",\"position\":3,\"name\":\"Si\u00e8ge complet \u00ab Micro Race Pro \u00bb\"}]},{\"@type\":\"WebSite\",\"@id\":\"https:\/\/libre-landyachting.com\/fr\/#website\",\"url\":\"https:\/\/libre-landyachting.com\/fr\/\",\"name\":\"Libre Landyachting GmbH\",\"description\":\"\",\"publisher\":{\"@id\":\"https:\/\/libre-landyachting.com\/fr\/#organization\"},\"potentialAction\":[{\"@type\":\"SearchAction\",\"target\":{\"@type\":\"EntryPoint\",\"urlTemplate\":\"https:\/\/libre-landyachting.com\/fr\/?s={search_term_string}\"},\"query-input\":{\"@type\":\"PropertyValueSpecification\",\"valueRequired\":true,\"valueName\":\"search_term_string\"}}],\"inLanguage\":\"fr-FR\"},{\"@type\":\"Organization\",\"@id\":\"https:\/\/libre-landyachting.com\/fr\/#organization\",\"name\":\"Libre Landyachting GmbH\",\"url\":\"https:\/\/libre-landyachting.com\/fr\/\",\"logo\":{\"@type\":\"ImageObject\",\"inLanguage\":\"fr-FR\",\"@id\":\"https:\/\/libre-landyachting.com\/fr\/#\/schema\/logo\/image\/\",\"url\":\"https:\/\/libre-landyachting.com\/wp-content\/uploads\/2025\/02\/cropped-70283994.png\",\"contentUrl\":\"https:\/\/libre-landyachting.com\/wp-content\/uploads\/2025\/02\/cropped-70283994.png\",\"width\":512,\"height\":512,\"caption\":\"Libre Landyachting GmbH\"},\"image\":{\"@id\":\"https:\/\/libre-landyachting.com\/fr\/#\/schema\/logo\/image\/\"},\"sameAs\":[\"https:\/\/www.facebook.com\/people\/Libre-Landyachting\/pfbid02fhfnbcv4FQYqTSDhT7KRNjiXGxNtW95eVQF1VPZ8ootCwXEph3ZyL6yGzXudLjsfl\/\",\"https:\/\/www.instagram.com\/libre_landyachting_\/\"]}]}<\/script>\n<!-- \/ Yoast SEO plugin. -->","yoast_head_json":{"title":"Si\u00e8ge complet \u00ab Micro Race Pro \u00bb - Libre Landyachting GmbH","description":"Si\u00e8ge rembourr\u00e9 avec tubes, housses et r\u00e9glages pour un maintien optimal.","robots":{"index":"index","follow":"follow","max-snippet":"max-snippet:-1","max-image-preview":"max-image-preview:large","max-video-preview":"max-video-preview:-1"},"canonical":"https:\/\/libre-landyachting.com\/fr\/produkt\/siege-complet-micro-race-pro\/","og_locale":"fr_FR","og_type":"article","og_title":"Si\u00e8ge complet \u00ab Micro Race Pro \u00bb - Libre Landyachting GmbH","og_description":"Si\u00e8ge rembourr\u00e9 avec tubes, housses et r\u00e9glages pour un maintien optimal.","og_url":"https:\/\/libre-landyachting.com\/fr\/produkt\/siege-complet-micro-race-pro\/","og_site_name":"Libre Landyachting GmbH","article_publisher":"https:\/\/www.facebook.com\/people\/Libre-Landyachting\/pfbid02fhfnbcv4FQYqTSDhT7KRNjiXGxNtW95eVQF1VPZ8ootCwXEph3ZyL6yGzXudLjsfl\/","article_modified_time":"2026-01-05T20:06:24+00:00","og_image":[{"width":1500,"height":1500,"url":"https:\/\/libre-landyachting.com\/wp-content\/uploads\/2025\/02\/Komplettsitz-Micro-Race-Pro-1.png","type":"image\/png"}],"twitter_card":"summary_large_image","twitter_misc":{"Dur\u00e9e de lecture estim\u00e9e":"1 minute"},"schema":{"@context":"https:\/\/schema.org","@graph":[{"@type":"WebPage","@id":"https:\/\/libre-landyachting.com\/fr\/produkt\/siege-complet-micro-race-pro\/","url":"https:\/\/libre-landyachting.com\/fr\/produkt\/siege-complet-micro-race-pro\/","name":"Si\u00e8ge complet \u00ab Micro Race Pro \u00bb - Libre Landyachting GmbH","isPartOf":{"@id":"https:\/\/libre-landyachting.com\/fr\/#website"},"primaryImageOfPage":{"@id":"https:\/\/libre-landyachting.com\/fr\/produkt\/siege-complet-micro-race-pro\/#primaryimage"},"image":{"@id":"https:\/\/libre-landyachting.com\/fr\/produkt\/siege-complet-micro-race-pro\/#primaryimage"},"thumbnailUrl":"https:\/\/libre-landyachting.com\/wp-content\/uploads\/2025\/02\/Komplettsitz-Micro-Race-Pro-1.png","datePublished":"2025-02-24T13:28:01+00:00","dateModified":"2026-01-05T20:06:24+00:00","description":"Si\u00e8ge rembourr\u00e9 avec tubes, housses et r\u00e9glages pour un maintien optimal.","breadcrumb":{"@id":"https:\/\/libre-landyachting.com\/fr\/produkt\/siege-complet-micro-race-pro\/#breadcrumb"},"inLanguage":"fr-FR","potentialAction":[{"@type":"ReadAction","target":["https:\/\/libre-landyachting.com\/fr\/produkt\/siege-complet-micro-race-pro\/"]}]},{"@type":"ImageObject","inLanguage":"fr-FR","@id":"https:\/\/libre-landyachting.com\/fr\/produkt\/siege-complet-micro-race-pro\/#primaryimage","url":"https:\/\/libre-landyachting.com\/wp-content\/uploads\/2025\/02\/Komplettsitz-Micro-Race-Pro-1.png","contentUrl":"https:\/\/libre-landyachting.com\/wp-content\/uploads\/2025\/02\/Komplettsitz-Micro-Race-Pro-1.png","width":1500,"height":1500},{"@type":"BreadcrumbList","@id":"https:\/\/libre-landyachting.com\/fr\/produkt\/siege-complet-micro-race-pro\/#breadcrumb","itemListElement":[{"@type":"ListItem","position":1,"name":"Startseite","item":"https:\/\/libre-landyachting.com\/fr\/"},{"@type":"ListItem","position":2,"name":"Boutique","item":"https:\/\/libre-landyachting.com\/fr\/boutique\/"},{"@type":"ListItem","position":3,"name":"Si\u00e8ge complet \u00ab Micro Race Pro \u00bb"}]},{"@type":"WebSite","@id":"https:\/\/libre-landyachting.com\/fr\/#website","url":"https:\/\/libre-landyachting.com\/fr\/","name":"Libre Landyachting GmbH","description":"","publisher":{"@id":"https:\/\/libre-landyachting.com\/fr\/#organization"},"potentialAction":[{"@type":"SearchAction","target":{"@type":"EntryPoint","urlTemplate":"https:\/\/libre-landyachting.com\/fr\/?s={search_term_string}"},"query-input":{"@type":"PropertyValueSpecification","valueRequired":true,"valueName":"search_term_string"}}],"inLanguage":"fr-FR"},{"@type":"Organization","@id":"https:\/\/libre-landyachting.com\/fr\/#organization","name":"Libre Landyachting GmbH","url":"https:\/\/libre-landyachting.com\/fr\/","logo":{"@type":"ImageObject","inLanguage":"fr-FR","@id":"https:\/\/libre-landyachting.com\/fr\/#\/schema\/logo\/image\/","url":"https:\/\/libre-landyachting.com\/wp-content\/uploads\/2025\/02\/cropped-70283994.png","contentUrl":"https:\/\/libre-landyachting.com\/wp-content\/uploads\/2025\/02\/cropped-70283994.png","width":512,"height":512,"caption":"Libre Landyachting GmbH"},"image":{"@id":"https:\/\/libre-landyachting.com\/fr\/#\/schema\/logo\/image\/"},"sameAs":["https:\/\/www.facebook.com\/people\/Libre-Landyachting\/pfbid02fhfnbcv4FQYqTSDhT7KRNjiXGxNtW95eVQF1VPZ8ootCwXEph3ZyL6yGzXudLjsfl\/","https:\/\/www.instagram.com\/libre_landyachting_\/"]}]}},"jetpack_sharing_enabled":true,"_links":{"self":[{"href":"https:\/\/libre-landyachting.com\/fr\/wp-json\/wp\/v2\/product\/4441","targetHints":{"allow":["GET"]}}],"collection":[{"href":"https:\/\/libre-landyachting.com\/fr\/wp-json\/wp\/v2\/product"}],"about":[{"href":"https:\/\/libre-landyachting.com\/fr\/wp-json\/wp\/v2\/types\/product"}],"wp:featuredmedia":[{"embeddable":true,"href":"https:\/\/libre-landyachting.com\/fr\/wp-json\/wp\/v2\/media\/3262"}],"wp:attachment":[{"href":"https:\/\/libre-landyachting.com\/fr\/wp-json\/wp\/v2\/media?parent=4441"}],"wp:term":[{"taxonomy":"product_brand","embeddable":true,"href":"https:\/\/libre-landyachting.com\/fr\/wp-json\/wp\/v2\/product_brand?post=4441"},{"taxonomy":"product_cat","embeddable":true,"href":"https:\/\/libre-landyachting.com\/fr\/wp-json\/wp\/v2\/product_cat?post=4441"},{"taxonomy":"product_tag","embeddable":true,"href":"https:\/\/libre-landyachting.com\/fr\/wp-json\/wp\/v2\/product_tag?post=4441"}],"curies":[{"name":"wp","href":"https:\/\/api.w.org\/{rel}","templated":true}]}}