{"id":4542,"date":"2025-01-22T13:13:18","date_gmt":"2025-01-22T12:13:18","guid":{"rendered":"https:\/\/libre-landyachting.com\/produkt\/libre-speedy-iii\/"},"modified":"2026-01-05T21:06:34","modified_gmt":"2026-01-05T20:06:34","slug":"libre-speedy-iii","status":"publish","type":"product","link":"https:\/\/libre-landyachting.com\/fr\/produkt\/libre-speedy-iii\/","title":{"rendered":"Libre Speedy III"},"content":{"rendered":"","protected":false},"excerpt":{"rendered":"<ul>\n<li>\u00c9tat : NEUF<\/li>\n<li>kite polyvalent solide, manipulation facile<\/li>\n<li>mat\u00e9riaux et fabrication de haute qualit\u00e9<\/li>\n<li>si vous s\u00e9lectionnez \u00ab\u00a0tissu blanc l\u00e9g\u00e8rement sale\u00a0\u00bb, le tissu blanc au milieu du dos est l\u00e9g\u00e8rement terni<\/li>\n<li>ces kites sont livr\u00e9s dans le \u00ab\u00a0Speedy Travel-Bag\u00a0\u00bb au lieu d&rsquo;un sac \u00e0 dos<\/li>\n<\/ul>\n","protected":false},"featured_media":3070,"template":"","meta":{"_acf_changed":false,"_eb_attr":""},"product_brand":[],"product_cat":[1235,1098],"product_tag":[],"class_list":{"0":"post-4542","1":"product","2":"type-product","3":"status-publish","4":"has-post-thumbnail","6":"product_cat-ailes","7":"product_cat-offres-fr","8":"pa_farbe-bleu","10":"first","11":"instock","12":"sale","13":"taxable","14":"shipping-taxable","15":"purchasable","16":"product-type-variable","17":"has-default-attributes"},"acf":[],"yoast_head":"<!-- This site is optimized with the Yoast SEO plugin v27.2 - https:\/\/yoast.com\/product\/yoast-seo-wordpress\/ -->\n<title>Libre Speedy III - Libre Landyachting GmbH<\/title>\n<meta name=\"robots\" content=\"index, follow, max-snippet:-1, max-image-preview:large, max-video-preview:-1\" \/>\n<link rel=\"canonical\" href=\"https:\/\/libre-landyachting.com\/fr\/produkt\/libre-speedy-iii\/\" \/>\n<meta property=\"og:locale\" content=\"fr_FR\" \/>\n<meta property=\"og:type\" content=\"article\" \/>\n<meta property=\"og:title\" content=\"Libre Speedy III - Libre Landyachting GmbH\" \/>\n<meta property=\"og:description\" content=\"\u00c9tat : NEUF  kite polyvalent solide, manipulation facile  mat\u00e9riaux et fabrication de haute qualit\u00e9  si vous s\u00e9lectionnez &quot;tissu blanc l\u00e9g\u00e8rement sale&quot;, le tissu blanc au milieu du dos est l\u00e9g\u00e8rement terni  ces kites sont livr\u00e9s dans le &quot;Speedy Travel-Bag&quot; au lieu d&#039;un sac \u00e0 dos\" \/>\n<meta property=\"og:url\" content=\"https:\/\/libre-landyachting.com\/fr\/produkt\/libre-speedy-iii\/\" \/>\n<meta property=\"og:site_name\" content=\"Libre Landyachting GmbH\" \/>\n<meta property=\"article:publisher\" content=\"https:\/\/www.facebook.com\/people\/Libre-Landyachting\/pfbid02fhfnbcv4FQYqTSDhT7KRNjiXGxNtW95eVQF1VPZ8ootCwXEph3ZyL6yGzXudLjsfl\/\" \/>\n<meta property=\"article:modified_time\" content=\"2026-01-05T20:06:34+00:00\" \/>\n<meta property=\"og:image\" content=\"https:\/\/libre-landyachting.com\/wp-content\/uploads\/2025\/01\/Speedy-III-blau-1.png\" \/>\n\t<meta property=\"og:image:width\" content=\"1500\" \/>\n\t<meta property=\"og:image:height\" content=\"1500\" \/>\n\t<meta property=\"og:image:type\" content=\"image\/png\" \/>\n<meta name=\"twitter:card\" content=\"summary_large_image\" \/>\n<script type=\"application\/ld+json\" class=\"yoast-schema-graph\">{\"@context\":\"https:\/\/schema.org\",\"@graph\":[{\"@type\":\"WebPage\",\"@id\":\"https:\/\/libre-landyachting.com\/fr\/produkt\/libre-speedy-iii\/\",\"url\":\"https:\/\/libre-landyachting.com\/fr\/produkt\/libre-speedy-iii\/\",\"name\":\"Libre Speedy III - Libre Landyachting GmbH\",\"isPartOf\":{\"@id\":\"https:\/\/libre-landyachting.com\/fr\/#website\"},\"primaryImageOfPage\":{\"@id\":\"https:\/\/libre-landyachting.com\/fr\/produkt\/libre-speedy-iii\/#primaryimage\"},\"image\":{\"@id\":\"https:\/\/libre-landyachting.com\/fr\/produkt\/libre-speedy-iii\/#primaryimage\"},\"thumbnailUrl\":\"https:\/\/libre-landyachting.com\/wp-content\/uploads\/2025\/01\/Speedy-III-blau-1.png\",\"datePublished\":\"2025-01-22T12:13:18+00:00\",\"dateModified\":\"2026-01-05T20:06:34+00:00\",\"breadcrumb\":{\"@id\":\"https:\/\/libre-landyachting.com\/fr\/produkt\/libre-speedy-iii\/#breadcrumb\"},\"inLanguage\":\"fr-FR\",\"potentialAction\":[{\"@type\":\"ReadAction\",\"target\":[\"https:\/\/libre-landyachting.com\/fr\/produkt\/libre-speedy-iii\/\"]}]},{\"@type\":\"ImageObject\",\"inLanguage\":\"fr-FR\",\"@id\":\"https:\/\/libre-landyachting.com\/fr\/produkt\/libre-speedy-iii\/#primaryimage\",\"url\":\"https:\/\/libre-landyachting.com\/wp-content\/uploads\/2025\/01\/Speedy-III-blau-1.png\",\"contentUrl\":\"https:\/\/libre-landyachting.com\/wp-content\/uploads\/2025\/01\/Speedy-III-blau-1.png\",\"width\":1500,\"height\":1500},{\"@type\":\"BreadcrumbList\",\"@id\":\"https:\/\/libre-landyachting.com\/fr\/produkt\/libre-speedy-iii\/#breadcrumb\",\"itemListElement\":[{\"@type\":\"ListItem\",\"position\":1,\"name\":\"Startseite\",\"item\":\"https:\/\/libre-landyachting.com\/fr\/\"},{\"@type\":\"ListItem\",\"position\":2,\"name\":\"Boutique\",\"item\":\"https:\/\/libre-landyachting.com\/fr\/boutique\/\"},{\"@type\":\"ListItem\",\"position\":3,\"name\":\"Libre Speedy III\"}]},{\"@type\":\"WebSite\",\"@id\":\"https:\/\/libre-landyachting.com\/fr\/#website\",\"url\":\"https:\/\/libre-landyachting.com\/fr\/\",\"name\":\"Libre Landyachting GmbH\",\"description\":\"\",\"publisher\":{\"@id\":\"https:\/\/libre-landyachting.com\/fr\/#organization\"},\"potentialAction\":[{\"@type\":\"SearchAction\",\"target\":{\"@type\":\"EntryPoint\",\"urlTemplate\":\"https:\/\/libre-landyachting.com\/fr\/?s={search_term_string}\"},\"query-input\":{\"@type\":\"PropertyValueSpecification\",\"valueRequired\":true,\"valueName\":\"search_term_string\"}}],\"inLanguage\":\"fr-FR\"},{\"@type\":\"Organization\",\"@id\":\"https:\/\/libre-landyachting.com\/fr\/#organization\",\"name\":\"Libre Landyachting GmbH\",\"url\":\"https:\/\/libre-landyachting.com\/fr\/\",\"logo\":{\"@type\":\"ImageObject\",\"inLanguage\":\"fr-FR\",\"@id\":\"https:\/\/libre-landyachting.com\/fr\/#\/schema\/logo\/image\/\",\"url\":\"https:\/\/libre-landyachting.com\/wp-content\/uploads\/2025\/02\/cropped-70283994.png\",\"contentUrl\":\"https:\/\/libre-landyachting.com\/wp-content\/uploads\/2025\/02\/cropped-70283994.png\",\"width\":512,\"height\":512,\"caption\":\"Libre Landyachting GmbH\"},\"image\":{\"@id\":\"https:\/\/libre-landyachting.com\/fr\/#\/schema\/logo\/image\/\"},\"sameAs\":[\"https:\/\/www.facebook.com\/people\/Libre-Landyachting\/pfbid02fhfnbcv4FQYqTSDhT7KRNjiXGxNtW95eVQF1VPZ8ootCwXEph3ZyL6yGzXudLjsfl\/\",\"https:\/\/www.instagram.com\/libre_landyachting_\/\"]}]}<\/script>\n<!-- \/ Yoast SEO plugin. -->","yoast_head_json":{"title":"Libre Speedy III - Libre Landyachting GmbH","robots":{"index":"index","follow":"follow","max-snippet":"max-snippet:-1","max-image-preview":"max-image-preview:large","max-video-preview":"max-video-preview:-1"},"canonical":"https:\/\/libre-landyachting.com\/fr\/produkt\/libre-speedy-iii\/","og_locale":"fr_FR","og_type":"article","og_title":"Libre Speedy III - Libre Landyachting GmbH","og_description":"\u00c9tat : NEUF  kite polyvalent solide, manipulation facile  mat\u00e9riaux et fabrication de haute qualit\u00e9  si vous s\u00e9lectionnez \"tissu blanc l\u00e9g\u00e8rement sale\", le tissu blanc au milieu du dos est l\u00e9g\u00e8rement terni  ces kites sont livr\u00e9s dans le \"Speedy Travel-Bag\" au lieu d'un sac \u00e0 dos","og_url":"https:\/\/libre-landyachting.com\/fr\/produkt\/libre-speedy-iii\/","og_site_name":"Libre Landyachting GmbH","article_publisher":"https:\/\/www.facebook.com\/people\/Libre-Landyachting\/pfbid02fhfnbcv4FQYqTSDhT7KRNjiXGxNtW95eVQF1VPZ8ootCwXEph3ZyL6yGzXudLjsfl\/","article_modified_time":"2026-01-05T20:06:34+00:00","og_image":[{"width":1500,"height":1500,"url":"https:\/\/libre-landyachting.com\/wp-content\/uploads\/2025\/01\/Speedy-III-blau-1.png","type":"image\/png"}],"twitter_card":"summary_large_image","schema":{"@context":"https:\/\/schema.org","@graph":[{"@type":"WebPage","@id":"https:\/\/libre-landyachting.com\/fr\/produkt\/libre-speedy-iii\/","url":"https:\/\/libre-landyachting.com\/fr\/produkt\/libre-speedy-iii\/","name":"Libre Speedy III - Libre Landyachting GmbH","isPartOf":{"@id":"https:\/\/libre-landyachting.com\/fr\/#website"},"primaryImageOfPage":{"@id":"https:\/\/libre-landyachting.com\/fr\/produkt\/libre-speedy-iii\/#primaryimage"},"image":{"@id":"https:\/\/libre-landyachting.com\/fr\/produkt\/libre-speedy-iii\/#primaryimage"},"thumbnailUrl":"https:\/\/libre-landyachting.com\/wp-content\/uploads\/2025\/01\/Speedy-III-blau-1.png","datePublished":"2025-01-22T12:13:18+00:00","dateModified":"2026-01-05T20:06:34+00:00","breadcrumb":{"@id":"https:\/\/libre-landyachting.com\/fr\/produkt\/libre-speedy-iii\/#breadcrumb"},"inLanguage":"fr-FR","potentialAction":[{"@type":"ReadAction","target":["https:\/\/libre-landyachting.com\/fr\/produkt\/libre-speedy-iii\/"]}]},{"@type":"ImageObject","inLanguage":"fr-FR","@id":"https:\/\/libre-landyachting.com\/fr\/produkt\/libre-speedy-iii\/#primaryimage","url":"https:\/\/libre-landyachting.com\/wp-content\/uploads\/2025\/01\/Speedy-III-blau-1.png","contentUrl":"https:\/\/libre-landyachting.com\/wp-content\/uploads\/2025\/01\/Speedy-III-blau-1.png","width":1500,"height":1500},{"@type":"BreadcrumbList","@id":"https:\/\/libre-landyachting.com\/fr\/produkt\/libre-speedy-iii\/#breadcrumb","itemListElement":[{"@type":"ListItem","position":1,"name":"Startseite","item":"https:\/\/libre-landyachting.com\/fr\/"},{"@type":"ListItem","position":2,"name":"Boutique","item":"https:\/\/libre-landyachting.com\/fr\/boutique\/"},{"@type":"ListItem","position":3,"name":"Libre Speedy III"}]},{"@type":"WebSite","@id":"https:\/\/libre-landyachting.com\/fr\/#website","url":"https:\/\/libre-landyachting.com\/fr\/","name":"Libre Landyachting GmbH","description":"","publisher":{"@id":"https:\/\/libre-landyachting.com\/fr\/#organization"},"potentialAction":[{"@type":"SearchAction","target":{"@type":"EntryPoint","urlTemplate":"https:\/\/libre-landyachting.com\/fr\/?s={search_term_string}"},"query-input":{"@type":"PropertyValueSpecification","valueRequired":true,"valueName":"search_term_string"}}],"inLanguage":"fr-FR"},{"@type":"Organization","@id":"https:\/\/libre-landyachting.com\/fr\/#organization","name":"Libre Landyachting GmbH","url":"https:\/\/libre-landyachting.com\/fr\/","logo":{"@type":"ImageObject","inLanguage":"fr-FR","@id":"https:\/\/libre-landyachting.com\/fr\/#\/schema\/logo\/image\/","url":"https:\/\/libre-landyachting.com\/wp-content\/uploads\/2025\/02\/cropped-70283994.png","contentUrl":"https:\/\/libre-landyachting.com\/wp-content\/uploads\/2025\/02\/cropped-70283994.png","width":512,"height":512,"caption":"Libre Landyachting GmbH"},"image":{"@id":"https:\/\/libre-landyachting.com\/fr\/#\/schema\/logo\/image\/"},"sameAs":["https:\/\/www.facebook.com\/people\/Libre-Landyachting\/pfbid02fhfnbcv4FQYqTSDhT7KRNjiXGxNtW95eVQF1VPZ8ootCwXEph3ZyL6yGzXudLjsfl\/","https:\/\/www.instagram.com\/libre_landyachting_\/"]}]}},"jetpack_sharing_enabled":true,"_links":{"self":[{"href":"https:\/\/libre-landyachting.com\/fr\/wp-json\/wp\/v2\/product\/4542","targetHints":{"allow":["GET"]}}],"collection":[{"href":"https:\/\/libre-landyachting.com\/fr\/wp-json\/wp\/v2\/product"}],"about":[{"href":"https:\/\/libre-landyachting.com\/fr\/wp-json\/wp\/v2\/types\/product"}],"wp:featuredmedia":[{"embeddable":true,"href":"https:\/\/libre-landyachting.com\/fr\/wp-json\/wp\/v2\/media\/3070"}],"wp:attachment":[{"href":"https:\/\/libre-landyachting.com\/fr\/wp-json\/wp\/v2\/media?parent=4542"}],"wp:term":[{"taxonomy":"product_brand","embeddable":true,"href":"https:\/\/libre-landyachting.com\/fr\/wp-json\/wp\/v2\/product_brand?post=4542"},{"taxonomy":"product_cat","embeddable":true,"href":"https:\/\/libre-landyachting.com\/fr\/wp-json\/wp\/v2\/product_cat?post=4542"},{"taxonomy":"product_tag","embeddable":true,"href":"https:\/\/libre-landyachting.com\/fr\/wp-json\/wp\/v2\/product_tag?post=4542"}],"curies":[{"name":"wp","href":"https:\/\/api.w.org\/{rel}","templated":true}]}}