{"id":4665,"date":"2025-01-10T15:32:33","date_gmt":"2025-01-10T14:32:33","guid":{"rendered":"https:\/\/libre-landyachting.com\/produkt\/bride-de-talon\/"},"modified":"2026-03-20T22:41:25","modified_gmt":"2026-03-20T21:41:25","slug":"bride-de-talon","status":"publish","type":"product","link":"https:\/\/libre-landyachting.com\/fr\/produkt\/bride-de-talon\/","title":{"rendered":"Boucles de talon, paire"},"content":{"rendered":"&#13;\n<p>La boucle de talon assure un maintien s\u00fbr du pied sur le repose-pieds et garantit un confort optimal pendant la conduite. En cas d&rsquo;urgence, une sortie libre vers le haut est assur\u00e9e.  La distance entre la boucle du talon et le sol peut \u00eatre ajust\u00e9e au niveau du repose-pied.<\/p>&#13;\n","protected":false},"excerpt":{"rendered":"<ul>\n<li>1 paire de sangles de talon pour repose-pieds Micro Race (V1 et V2) \/ -Pro  <\/li>\n<li>incl. Vis de montage<\/li>\n<\/ul>\n","protected":false},"featured_media":3653,"template":"","meta":{"_acf_changed":false,"_eb_attr":""},"product_brand":[],"product_cat":[1124],"product_tag":[2166,2165,1730,1731,2167],"class_list":{"0":"post-4665","1":"product","2":"type-product","3":"status-publish","4":"has-post-thumbnail","6":"product_cat-autres-pieces-de-rechange","7":"product_tag-boucle-auto-agrippante","8":"product_tag-bride-de-talon","9":"product_tag-micro-race-fr","10":"product_tag-micro-race-pro-fr","11":"product_tag-repose-pieds","13":"first","14":"instock","15":"taxable","16":"shipping-taxable","17":"purchasable","18":"product-type-simple"},"acf":[],"yoast_head":"<!-- This site is optimized with the Yoast SEO plugin v27.4 - https:\/\/yoast.com\/product\/yoast-seo-wordpress\/ -->\n<title>Boucles de talon, paire - Libre Landyachting GmbH<\/title>\n<meta name=\"robots\" content=\"index, follow, max-snippet:-1, max-image-preview:large, max-video-preview:-1\" \/>\n<link rel=\"canonical\" href=\"https:\/\/libre-landyachting.com\/fr\/produkt\/bride-de-talon\/\" \/>\n<meta property=\"og:locale\" content=\"fr_FR\" \/>\n<meta property=\"og:type\" content=\"article\" \/>\n<meta property=\"og:title\" content=\"Boucles de talon, paire - Libre Landyachting GmbH\" \/>\n<meta property=\"og:description\" content=\"1 paire de sangles de talon pour repose-pieds Micro Race (V1 et V2) \/ -Pro  incl. Vis de montage\" \/>\n<meta property=\"og:url\" content=\"https:\/\/libre-landyachting.com\/fr\/produkt\/bride-de-talon\/\" \/>\n<meta property=\"og:site_name\" content=\"Libre Landyachting GmbH\" \/>\n<meta property=\"article:publisher\" content=\"https:\/\/www.facebook.com\/people\/Libre-Landyachting\/pfbid02fhfnbcv4FQYqTSDhT7KRNjiXGxNtW95eVQF1VPZ8ootCwXEph3ZyL6yGzXudLjsfl\/\" \/>\n<meta property=\"article:modified_time\" content=\"2026-03-20T21:41:25+00:00\" \/>\n<meta property=\"og:image\" content=\"https:\/\/libre-landyachting.com\/wp-content\/uploads\/2025\/01\/Fersenschlaufe-1.png\" \/>\n\t<meta property=\"og:image:width\" content=\"1500\" \/>\n\t<meta property=\"og:image:height\" content=\"1500\" \/>\n\t<meta property=\"og:image:type\" content=\"image\/png\" \/>\n<meta name=\"twitter:card\" content=\"summary_large_image\" \/>\n<script type=\"application\/ld+json\" class=\"yoast-schema-graph\">{\"@context\":\"https:\\\/\\\/schema.org\",\"@graph\":[{\"@type\":\"WebPage\",\"@id\":\"https:\\\/\\\/libre-landyachting.com\\\/fr\\\/produkt\\\/bride-de-talon\\\/\",\"url\":\"https:\\\/\\\/libre-landyachting.com\\\/fr\\\/produkt\\\/bride-de-talon\\\/\",\"name\":\"Boucles de talon, paire - Libre Landyachting GmbH\",\"isPartOf\":{\"@id\":\"https:\\\/\\\/libre-landyachting.com\\\/fr\\\/#website\"},\"primaryImageOfPage\":{\"@id\":\"https:\\\/\\\/libre-landyachting.com\\\/fr\\\/produkt\\\/bride-de-talon\\\/#primaryimage\"},\"image\":{\"@id\":\"https:\\\/\\\/libre-landyachting.com\\\/fr\\\/produkt\\\/bride-de-talon\\\/#primaryimage\"},\"thumbnailUrl\":\"https:\\\/\\\/libre-landyachting.com\\\/wp-content\\\/uploads\\\/2025\\\/01\\\/Fersenschlaufe-1.png\",\"datePublished\":\"2025-01-10T14:32:33+00:00\",\"dateModified\":\"2026-03-20T21:41:25+00:00\",\"breadcrumb\":{\"@id\":\"https:\\\/\\\/libre-landyachting.com\\\/fr\\\/produkt\\\/bride-de-talon\\\/#breadcrumb\"},\"inLanguage\":\"fr-FR\",\"potentialAction\":[{\"@type\":\"ReadAction\",\"target\":[\"https:\\\/\\\/libre-landyachting.com\\\/fr\\\/produkt\\\/bride-de-talon\\\/\"]}]},{\"@type\":\"ImageObject\",\"inLanguage\":\"fr-FR\",\"@id\":\"https:\\\/\\\/libre-landyachting.com\\\/fr\\\/produkt\\\/bride-de-talon\\\/#primaryimage\",\"url\":\"https:\\\/\\\/libre-landyachting.com\\\/wp-content\\\/uploads\\\/2025\\\/01\\\/Fersenschlaufe-1.png\",\"contentUrl\":\"https:\\\/\\\/libre-landyachting.com\\\/wp-content\\\/uploads\\\/2025\\\/01\\\/Fersenschlaufe-1.png\",\"width\":1500,\"height\":1500},{\"@type\":\"BreadcrumbList\",\"@id\":\"https:\\\/\\\/libre-landyachting.com\\\/fr\\\/produkt\\\/bride-de-talon\\\/#breadcrumb\",\"itemListElement\":[{\"@type\":\"ListItem\",\"position\":1,\"name\":\"Startseite\",\"item\":\"https:\\\/\\\/libre-landyachting.com\\\/fr\\\/\"},{\"@type\":\"ListItem\",\"position\":2,\"name\":\"Boutique\",\"item\":\"https:\\\/\\\/libre-landyachting.com\\\/fr\\\/boutique\\\/\"},{\"@type\":\"ListItem\",\"position\":3,\"name\":\"Boucles de talon, paire\"}]},{\"@type\":\"WebSite\",\"@id\":\"https:\\\/\\\/libre-landyachting.com\\\/fr\\\/#website\",\"url\":\"https:\\\/\\\/libre-landyachting.com\\\/fr\\\/\",\"name\":\"Libre Landyachting GmbH\",\"description\":\"\",\"publisher\":{\"@id\":\"https:\\\/\\\/libre-landyachting.com\\\/fr\\\/#organization\"},\"potentialAction\":[{\"@type\":\"SearchAction\",\"target\":{\"@type\":\"EntryPoint\",\"urlTemplate\":\"https:\\\/\\\/libre-landyachting.com\\\/fr\\\/?s={search_term_string}\"},\"query-input\":{\"@type\":\"PropertyValueSpecification\",\"valueRequired\":true,\"valueName\":\"search_term_string\"}}],\"inLanguage\":\"fr-FR\"},{\"@type\":\"Organization\",\"@id\":\"https:\\\/\\\/libre-landyachting.com\\\/fr\\\/#organization\",\"name\":\"Libre Landyachting GmbH\",\"url\":\"https:\\\/\\\/libre-landyachting.com\\\/fr\\\/\",\"logo\":{\"@type\":\"ImageObject\",\"inLanguage\":\"fr-FR\",\"@id\":\"https:\\\/\\\/libre-landyachting.com\\\/fr\\\/#\\\/schema\\\/logo\\\/image\\\/\",\"url\":\"https:\\\/\\\/libre-landyachting.com\\\/wp-content\\\/uploads\\\/2025\\\/02\\\/cropped-70283994.png\",\"contentUrl\":\"https:\\\/\\\/libre-landyachting.com\\\/wp-content\\\/uploads\\\/2025\\\/02\\\/cropped-70283994.png\",\"width\":512,\"height\":512,\"caption\":\"Libre Landyachting GmbH\"},\"image\":{\"@id\":\"https:\\\/\\\/libre-landyachting.com\\\/fr\\\/#\\\/schema\\\/logo\\\/image\\\/\"},\"sameAs\":[\"https:\\\/\\\/www.facebook.com\\\/people\\\/Libre-Landyachting\\\/pfbid02fhfnbcv4FQYqTSDhT7KRNjiXGxNtW95eVQF1VPZ8ootCwXEph3ZyL6yGzXudLjsfl\\\/\",\"https:\\\/\\\/www.instagram.com\\\/libre_landyachting_\\\/\"]}]}<\/script>\n<!-- \/ Yoast SEO plugin. -->","yoast_head_json":{"title":"Boucles de talon, paire - Libre Landyachting GmbH","robots":{"index":"index","follow":"follow","max-snippet":"max-snippet:-1","max-image-preview":"max-image-preview:large","max-video-preview":"max-video-preview:-1"},"canonical":"https:\/\/libre-landyachting.com\/fr\/produkt\/bride-de-talon\/","og_locale":"fr_FR","og_type":"article","og_title":"Boucles de talon, paire - Libre Landyachting GmbH","og_description":"1 paire de sangles de talon pour repose-pieds Micro Race (V1 et V2) \/ -Pro  incl. Vis de montage","og_url":"https:\/\/libre-landyachting.com\/fr\/produkt\/bride-de-talon\/","og_site_name":"Libre Landyachting GmbH","article_publisher":"https:\/\/www.facebook.com\/people\/Libre-Landyachting\/pfbid02fhfnbcv4FQYqTSDhT7KRNjiXGxNtW95eVQF1VPZ8ootCwXEph3ZyL6yGzXudLjsfl\/","article_modified_time":"2026-03-20T21:41:25+00:00","og_image":[{"width":1500,"height":1500,"url":"https:\/\/libre-landyachting.com\/wp-content\/uploads\/2025\/01\/Fersenschlaufe-1.png","type":"image\/png"}],"twitter_card":"summary_large_image","schema":{"@context":"https:\/\/schema.org","@graph":[{"@type":"WebPage","@id":"https:\/\/libre-landyachting.com\/fr\/produkt\/bride-de-talon\/","url":"https:\/\/libre-landyachting.com\/fr\/produkt\/bride-de-talon\/","name":"Boucles de talon, paire - Libre Landyachting GmbH","isPartOf":{"@id":"https:\/\/libre-landyachting.com\/fr\/#website"},"primaryImageOfPage":{"@id":"https:\/\/libre-landyachting.com\/fr\/produkt\/bride-de-talon\/#primaryimage"},"image":{"@id":"https:\/\/libre-landyachting.com\/fr\/produkt\/bride-de-talon\/#primaryimage"},"thumbnailUrl":"https:\/\/libre-landyachting.com\/wp-content\/uploads\/2025\/01\/Fersenschlaufe-1.png","datePublished":"2025-01-10T14:32:33+00:00","dateModified":"2026-03-20T21:41:25+00:00","breadcrumb":{"@id":"https:\/\/libre-landyachting.com\/fr\/produkt\/bride-de-talon\/#breadcrumb"},"inLanguage":"fr-FR","potentialAction":[{"@type":"ReadAction","target":["https:\/\/libre-landyachting.com\/fr\/produkt\/bride-de-talon\/"]}]},{"@type":"ImageObject","inLanguage":"fr-FR","@id":"https:\/\/libre-landyachting.com\/fr\/produkt\/bride-de-talon\/#primaryimage","url":"https:\/\/libre-landyachting.com\/wp-content\/uploads\/2025\/01\/Fersenschlaufe-1.png","contentUrl":"https:\/\/libre-landyachting.com\/wp-content\/uploads\/2025\/01\/Fersenschlaufe-1.png","width":1500,"height":1500},{"@type":"BreadcrumbList","@id":"https:\/\/libre-landyachting.com\/fr\/produkt\/bride-de-talon\/#breadcrumb","itemListElement":[{"@type":"ListItem","position":1,"name":"Startseite","item":"https:\/\/libre-landyachting.com\/fr\/"},{"@type":"ListItem","position":2,"name":"Boutique","item":"https:\/\/libre-landyachting.com\/fr\/boutique\/"},{"@type":"ListItem","position":3,"name":"Boucles de talon, paire"}]},{"@type":"WebSite","@id":"https:\/\/libre-landyachting.com\/fr\/#website","url":"https:\/\/libre-landyachting.com\/fr\/","name":"Libre Landyachting GmbH","description":"","publisher":{"@id":"https:\/\/libre-landyachting.com\/fr\/#organization"},"potentialAction":[{"@type":"SearchAction","target":{"@type":"EntryPoint","urlTemplate":"https:\/\/libre-landyachting.com\/fr\/?s={search_term_string}"},"query-input":{"@type":"PropertyValueSpecification","valueRequired":true,"valueName":"search_term_string"}}],"inLanguage":"fr-FR"},{"@type":"Organization","@id":"https:\/\/libre-landyachting.com\/fr\/#organization","name":"Libre Landyachting GmbH","url":"https:\/\/libre-landyachting.com\/fr\/","logo":{"@type":"ImageObject","inLanguage":"fr-FR","@id":"https:\/\/libre-landyachting.com\/fr\/#\/schema\/logo\/image\/","url":"https:\/\/libre-landyachting.com\/wp-content\/uploads\/2025\/02\/cropped-70283994.png","contentUrl":"https:\/\/libre-landyachting.com\/wp-content\/uploads\/2025\/02\/cropped-70283994.png","width":512,"height":512,"caption":"Libre Landyachting GmbH"},"image":{"@id":"https:\/\/libre-landyachting.com\/fr\/#\/schema\/logo\/image\/"},"sameAs":["https:\/\/www.facebook.com\/people\/Libre-Landyachting\/pfbid02fhfnbcv4FQYqTSDhT7KRNjiXGxNtW95eVQF1VPZ8ootCwXEph3ZyL6yGzXudLjsfl\/","https:\/\/www.instagram.com\/libre_landyachting_\/"]}]}},"jetpack_sharing_enabled":true,"_links":{"self":[{"href":"https:\/\/libre-landyachting.com\/fr\/wp-json\/wp\/v2\/product\/4665","targetHints":{"allow":["GET"]}}],"collection":[{"href":"https:\/\/libre-landyachting.com\/fr\/wp-json\/wp\/v2\/product"}],"about":[{"href":"https:\/\/libre-landyachting.com\/fr\/wp-json\/wp\/v2\/types\/product"}],"wp:featuredmedia":[{"embeddable":true,"href":"https:\/\/libre-landyachting.com\/fr\/wp-json\/wp\/v2\/media\/3653"}],"wp:attachment":[{"href":"https:\/\/libre-landyachting.com\/fr\/wp-json\/wp\/v2\/media?parent=4665"}],"wp:term":[{"taxonomy":"product_brand","embeddable":true,"href":"https:\/\/libre-landyachting.com\/fr\/wp-json\/wp\/v2\/product_brand?post=4665"},{"taxonomy":"product_cat","embeddable":true,"href":"https:\/\/libre-landyachting.com\/fr\/wp-json\/wp\/v2\/product_cat?post=4665"},{"taxonomy":"product_tag","embeddable":true,"href":"https:\/\/libre-landyachting.com\/fr\/wp-json\/wp\/v2\/product_tag?post=4665"}],"curies":[{"name":"wp","href":"https:\/\/api.w.org\/{rel}","templated":true}]}}