{"id":4667,"date":"2025-01-10T13:35:27","date_gmt":"2025-01-10T12:35:27","guid":{"rendered":"https:\/\/libre-landyachting.com\/produkt\/levier-de-frein\/"},"modified":"2026-03-24T09:39:40","modified_gmt":"2026-03-24T08:39:40","slug":"levier-de-frein","status":"publish","type":"product","link":"https:\/\/libre-landyachting.com\/fr\/produkt\/levier-de-frein\/","title":{"rendered":"Levier de frein"},"content":{"rendered":"&#13;\n<p>Le levier de frein peut \u00eatre facilement mont\u00e9 sur le c\u00f4t\u00e9 du cadre et est obligatoire pour les comp\u00e9titions dans la cat\u00e9gorie 5.6-Mini.<\/p>&#13;\n","protected":false},"excerpt":{"rendered":"<ul>\n<li style=\"list-style-type: none;\">\n<ul>\n<li>Utilisable pour tous nos mod\u00e8les de chars \u00e0 voile <\/li>\n<li>Obligatoire dans la cat\u00e9gorie Mini 5.6<\/li>\n<li>Acier inoxydable<\/li>\n<li>incl. Accessoires pour un montage facile <\/li>\n<\/ul>\n<\/li>\n<\/ul>\n","protected":false},"featured_media":2978,"template":"","meta":{"_acf_changed":false,"_eb_attr":""},"product_brand":[],"product_cat":[1125,1124,2172],"product_tag":[1737,1910,1907,1908,1911,1909],"class_list":{"0":"post-4667","1":"product","2":"type-product","3":"status-publish","4":"has-post-thumbnail","6":"product_cat-accessoires-pour-char-a-voile","7":"product_cat-autres-pieces-de-rechange","8":"product_cat-promotion-debut-de-saison","9":"product_tag-char-a-voile","10":"product_tag-danemark","11":"product_tag-frein","12":"product_tag-levier-de-frein","13":"product_tag-obligation","14":"product_tag-reglementation","16":"first","17":"instock","18":"taxable","19":"shipping-taxable","20":"purchasable","21":"product-type-simple"},"acf":[],"yoast_head":"<!-- This site is optimized with the Yoast SEO plugin v27.2 - https:\/\/yoast.com\/product\/yoast-seo-wordpress\/ -->\n<title>Levier de frein - Libre Landyachting GmbH<\/title>\n<meta name=\"description\" content=\"Le levier de frein peut \u00eatre facilement mont\u00e9 sur le c\u00f4t\u00e9 du cadre et est obligatoire pour les comp\u00e9titions de char \u00e0 voile dans la cat\u00e9gorie 5.6-Mini.\" \/>\n<meta name=\"robots\" content=\"index, follow, max-snippet:-1, max-image-preview:large, max-video-preview:-1\" \/>\n<link rel=\"canonical\" href=\"https:\/\/libre-landyachting.com\/fr\/produkt\/levier-de-frein\/\" \/>\n<meta property=\"og:locale\" content=\"fr_FR\" \/>\n<meta property=\"og:type\" content=\"article\" \/>\n<meta property=\"og:title\" content=\"Levier de frein - Libre Landyachting GmbH\" \/>\n<meta property=\"og:description\" content=\"Le levier de frein peut \u00eatre facilement mont\u00e9 sur le c\u00f4t\u00e9 du cadre et est obligatoire pour les comp\u00e9titions de char \u00e0 voile dans la cat\u00e9gorie 5.6-Mini.\" \/>\n<meta property=\"og:url\" content=\"https:\/\/libre-landyachting.com\/fr\/produkt\/levier-de-frein\/\" \/>\n<meta property=\"og:site_name\" content=\"Libre Landyachting GmbH\" \/>\n<meta property=\"article:publisher\" content=\"https:\/\/www.facebook.com\/people\/Libre-Landyachting\/pfbid02fhfnbcv4FQYqTSDhT7KRNjiXGxNtW95eVQF1VPZ8ootCwXEph3ZyL6yGzXudLjsfl\/\" \/>\n<meta property=\"article:modified_time\" content=\"2026-03-24T08:39:40+00:00\" \/>\n<meta property=\"og:image\" content=\"https:\/\/libre-landyachting.com\/wp-content\/uploads\/2025\/01\/97.png\" \/>\n\t<meta property=\"og:image:width\" content=\"1500\" \/>\n\t<meta property=\"og:image:height\" content=\"1500\" \/>\n\t<meta property=\"og:image:type\" content=\"image\/png\" \/>\n<meta name=\"twitter:card\" content=\"summary_large_image\" \/>\n<script type=\"application\/ld+json\" class=\"yoast-schema-graph\">{\"@context\":\"https:\/\/schema.org\",\"@graph\":[{\"@type\":\"WebPage\",\"@id\":\"https:\/\/libre-landyachting.com\/fr\/produkt\/levier-de-frein\/\",\"url\":\"https:\/\/libre-landyachting.com\/fr\/produkt\/levier-de-frein\/\",\"name\":\"Levier de frein - Libre Landyachting GmbH\",\"isPartOf\":{\"@id\":\"https:\/\/libre-landyachting.com\/fr\/#website\"},\"primaryImageOfPage\":{\"@id\":\"https:\/\/libre-landyachting.com\/fr\/produkt\/levier-de-frein\/#primaryimage\"},\"image\":{\"@id\":\"https:\/\/libre-landyachting.com\/fr\/produkt\/levier-de-frein\/#primaryimage\"},\"thumbnailUrl\":\"https:\/\/libre-landyachting.com\/wp-content\/uploads\/2025\/01\/97.png\",\"datePublished\":\"2025-01-10T12:35:27+00:00\",\"dateModified\":\"2026-03-24T08:39:40+00:00\",\"description\":\"Le levier de frein peut \u00eatre facilement mont\u00e9 sur le c\u00f4t\u00e9 du cadre et est obligatoire pour les comp\u00e9titions de char \u00e0 voile dans la cat\u00e9gorie 5.6-Mini.\",\"breadcrumb\":{\"@id\":\"https:\/\/libre-landyachting.com\/fr\/produkt\/levier-de-frein\/#breadcrumb\"},\"inLanguage\":\"fr-FR\",\"potentialAction\":[{\"@type\":\"ReadAction\",\"target\":[\"https:\/\/libre-landyachting.com\/fr\/produkt\/levier-de-frein\/\"]}]},{\"@type\":\"ImageObject\",\"inLanguage\":\"fr-FR\",\"@id\":\"https:\/\/libre-landyachting.com\/fr\/produkt\/levier-de-frein\/#primaryimage\",\"url\":\"https:\/\/libre-landyachting.com\/wp-content\/uploads\/2025\/01\/97.png\",\"contentUrl\":\"https:\/\/libre-landyachting.com\/wp-content\/uploads\/2025\/01\/97.png\",\"width\":1500,\"height\":1500},{\"@type\":\"BreadcrumbList\",\"@id\":\"https:\/\/libre-landyachting.com\/fr\/produkt\/levier-de-frein\/#breadcrumb\",\"itemListElement\":[{\"@type\":\"ListItem\",\"position\":1,\"name\":\"Startseite\",\"item\":\"https:\/\/libre-landyachting.com\/fr\/\"},{\"@type\":\"ListItem\",\"position\":2,\"name\":\"Boutique\",\"item\":\"https:\/\/libre-landyachting.com\/fr\/boutique\/\"},{\"@type\":\"ListItem\",\"position\":3,\"name\":\"Levier de frein\"}]},{\"@type\":\"WebSite\",\"@id\":\"https:\/\/libre-landyachting.com\/fr\/#website\",\"url\":\"https:\/\/libre-landyachting.com\/fr\/\",\"name\":\"Libre Landyachting GmbH\",\"description\":\"\",\"publisher\":{\"@id\":\"https:\/\/libre-landyachting.com\/fr\/#organization\"},\"potentialAction\":[{\"@type\":\"SearchAction\",\"target\":{\"@type\":\"EntryPoint\",\"urlTemplate\":\"https:\/\/libre-landyachting.com\/fr\/?s={search_term_string}\"},\"query-input\":{\"@type\":\"PropertyValueSpecification\",\"valueRequired\":true,\"valueName\":\"search_term_string\"}}],\"inLanguage\":\"fr-FR\"},{\"@type\":\"Organization\",\"@id\":\"https:\/\/libre-landyachting.com\/fr\/#organization\",\"name\":\"Libre Landyachting GmbH\",\"url\":\"https:\/\/libre-landyachting.com\/fr\/\",\"logo\":{\"@type\":\"ImageObject\",\"inLanguage\":\"fr-FR\",\"@id\":\"https:\/\/libre-landyachting.com\/fr\/#\/schema\/logo\/image\/\",\"url\":\"https:\/\/libre-landyachting.com\/wp-content\/uploads\/2025\/02\/cropped-70283994.png\",\"contentUrl\":\"https:\/\/libre-landyachting.com\/wp-content\/uploads\/2025\/02\/cropped-70283994.png\",\"width\":512,\"height\":512,\"caption\":\"Libre Landyachting GmbH\"},\"image\":{\"@id\":\"https:\/\/libre-landyachting.com\/fr\/#\/schema\/logo\/image\/\"},\"sameAs\":[\"https:\/\/www.facebook.com\/people\/Libre-Landyachting\/pfbid02fhfnbcv4FQYqTSDhT7KRNjiXGxNtW95eVQF1VPZ8ootCwXEph3ZyL6yGzXudLjsfl\/\",\"https:\/\/www.instagram.com\/libre_landyachting_\/\"]}]}<\/script>\n<!-- \/ Yoast SEO plugin. -->","yoast_head_json":{"title":"Levier de frein - Libre Landyachting GmbH","description":"Le levier de frein peut \u00eatre facilement mont\u00e9 sur le c\u00f4t\u00e9 du cadre et est obligatoire pour les comp\u00e9titions de char \u00e0 voile dans la cat\u00e9gorie 5.6-Mini.","robots":{"index":"index","follow":"follow","max-snippet":"max-snippet:-1","max-image-preview":"max-image-preview:large","max-video-preview":"max-video-preview:-1"},"canonical":"https:\/\/libre-landyachting.com\/fr\/produkt\/levier-de-frein\/","og_locale":"fr_FR","og_type":"article","og_title":"Levier de frein - Libre Landyachting GmbH","og_description":"Le levier de frein peut \u00eatre facilement mont\u00e9 sur le c\u00f4t\u00e9 du cadre et est obligatoire pour les comp\u00e9titions de char \u00e0 voile dans la cat\u00e9gorie 5.6-Mini.","og_url":"https:\/\/libre-landyachting.com\/fr\/produkt\/levier-de-frein\/","og_site_name":"Libre Landyachting GmbH","article_publisher":"https:\/\/www.facebook.com\/people\/Libre-Landyachting\/pfbid02fhfnbcv4FQYqTSDhT7KRNjiXGxNtW95eVQF1VPZ8ootCwXEph3ZyL6yGzXudLjsfl\/","article_modified_time":"2026-03-24T08:39:40+00:00","og_image":[{"width":1500,"height":1500,"url":"https:\/\/libre-landyachting.com\/wp-content\/uploads\/2025\/01\/97.png","type":"image\/png"}],"twitter_card":"summary_large_image","schema":{"@context":"https:\/\/schema.org","@graph":[{"@type":"WebPage","@id":"https:\/\/libre-landyachting.com\/fr\/produkt\/levier-de-frein\/","url":"https:\/\/libre-landyachting.com\/fr\/produkt\/levier-de-frein\/","name":"Levier de frein - Libre Landyachting GmbH","isPartOf":{"@id":"https:\/\/libre-landyachting.com\/fr\/#website"},"primaryImageOfPage":{"@id":"https:\/\/libre-landyachting.com\/fr\/produkt\/levier-de-frein\/#primaryimage"},"image":{"@id":"https:\/\/libre-landyachting.com\/fr\/produkt\/levier-de-frein\/#primaryimage"},"thumbnailUrl":"https:\/\/libre-landyachting.com\/wp-content\/uploads\/2025\/01\/97.png","datePublished":"2025-01-10T12:35:27+00:00","dateModified":"2026-03-24T08:39:40+00:00","description":"Le levier de frein peut \u00eatre facilement mont\u00e9 sur le c\u00f4t\u00e9 du cadre et est obligatoire pour les comp\u00e9titions de char \u00e0 voile dans la cat\u00e9gorie 5.6-Mini.","breadcrumb":{"@id":"https:\/\/libre-landyachting.com\/fr\/produkt\/levier-de-frein\/#breadcrumb"},"inLanguage":"fr-FR","potentialAction":[{"@type":"ReadAction","target":["https:\/\/libre-landyachting.com\/fr\/produkt\/levier-de-frein\/"]}]},{"@type":"ImageObject","inLanguage":"fr-FR","@id":"https:\/\/libre-landyachting.com\/fr\/produkt\/levier-de-frein\/#primaryimage","url":"https:\/\/libre-landyachting.com\/wp-content\/uploads\/2025\/01\/97.png","contentUrl":"https:\/\/libre-landyachting.com\/wp-content\/uploads\/2025\/01\/97.png","width":1500,"height":1500},{"@type":"BreadcrumbList","@id":"https:\/\/libre-landyachting.com\/fr\/produkt\/levier-de-frein\/#breadcrumb","itemListElement":[{"@type":"ListItem","position":1,"name":"Startseite","item":"https:\/\/libre-landyachting.com\/fr\/"},{"@type":"ListItem","position":2,"name":"Boutique","item":"https:\/\/libre-landyachting.com\/fr\/boutique\/"},{"@type":"ListItem","position":3,"name":"Levier de frein"}]},{"@type":"WebSite","@id":"https:\/\/libre-landyachting.com\/fr\/#website","url":"https:\/\/libre-landyachting.com\/fr\/","name":"Libre Landyachting GmbH","description":"","publisher":{"@id":"https:\/\/libre-landyachting.com\/fr\/#organization"},"potentialAction":[{"@type":"SearchAction","target":{"@type":"EntryPoint","urlTemplate":"https:\/\/libre-landyachting.com\/fr\/?s={search_term_string}"},"query-input":{"@type":"PropertyValueSpecification","valueRequired":true,"valueName":"search_term_string"}}],"inLanguage":"fr-FR"},{"@type":"Organization","@id":"https:\/\/libre-landyachting.com\/fr\/#organization","name":"Libre Landyachting GmbH","url":"https:\/\/libre-landyachting.com\/fr\/","logo":{"@type":"ImageObject","inLanguage":"fr-FR","@id":"https:\/\/libre-landyachting.com\/fr\/#\/schema\/logo\/image\/","url":"https:\/\/libre-landyachting.com\/wp-content\/uploads\/2025\/02\/cropped-70283994.png","contentUrl":"https:\/\/libre-landyachting.com\/wp-content\/uploads\/2025\/02\/cropped-70283994.png","width":512,"height":512,"caption":"Libre Landyachting GmbH"},"image":{"@id":"https:\/\/libre-landyachting.com\/fr\/#\/schema\/logo\/image\/"},"sameAs":["https:\/\/www.facebook.com\/people\/Libre-Landyachting\/pfbid02fhfnbcv4FQYqTSDhT7KRNjiXGxNtW95eVQF1VPZ8ootCwXEph3ZyL6yGzXudLjsfl\/","https:\/\/www.instagram.com\/libre_landyachting_\/"]}]}},"jetpack_sharing_enabled":true,"_links":{"self":[{"href":"https:\/\/libre-landyachting.com\/fr\/wp-json\/wp\/v2\/product\/4667","targetHints":{"allow":["GET"]}}],"collection":[{"href":"https:\/\/libre-landyachting.com\/fr\/wp-json\/wp\/v2\/product"}],"about":[{"href":"https:\/\/libre-landyachting.com\/fr\/wp-json\/wp\/v2\/types\/product"}],"wp:featuredmedia":[{"embeddable":true,"href":"https:\/\/libre-landyachting.com\/fr\/wp-json\/wp\/v2\/media\/2978"}],"wp:attachment":[{"href":"https:\/\/libre-landyachting.com\/fr\/wp-json\/wp\/v2\/media?parent=4667"}],"wp:term":[{"taxonomy":"product_brand","embeddable":true,"href":"https:\/\/libre-landyachting.com\/fr\/wp-json\/wp\/v2\/product_brand?post=4667"},{"taxonomy":"product_cat","embeddable":true,"href":"https:\/\/libre-landyachting.com\/fr\/wp-json\/wp\/v2\/product_cat?post=4667"},{"taxonomy":"product_tag","embeddable":true,"href":"https:\/\/libre-landyachting.com\/fr\/wp-json\/wp\/v2\/product_tag?post=4667"}],"curies":[{"name":"wp","href":"https:\/\/api.w.org\/{rel}","templated":true}]}}