{"id":4677,"date":"2024-11-18T18:24:52","date_gmt":"2024-11-18T17:24:52","guid":{"rendered":"https:\/\/libre-landyachting.com\/produkt\/ecoute\/"},"modified":"2026-03-24T09:38:30","modified_gmt":"2026-03-24T08:38:30","slug":"ecoute","status":"publish","type":"product","link":"https:\/\/libre-landyachting.com\/fr\/produkt\/ecoute\/","title":{"rendered":"\u00c9coute \u00ab Competition \u00bb"},"content":{"rendered":"\n<div class=\"wp-block-group is-layout-constrained wp-container-core-group-is-layout-1d6f4e6b wp-block-group-is-layout-constrained\">\n<figure class=\"wp-block-video\"><video height=\"1080\" style=\"aspect-ratio: 1920 \/ 1080;\" width=\"1920\" controls=\"\" src=\"https:\/\/libre-landyachting.com\/wp-content\/uploads\/2024\/11\/erklaerung-dopp-schlag-an-baum.mp4\"><\/video><\/figure>\n<\/div>\n","protected":false},"excerpt":{"rendered":"<ul>\n<li>Cordage de qualit\u00e9 Liros<\/li>\n<li><b>\u2300 <\/b>10mm<\/li>\n<li>Charge de rupture 2.500 daN<\/li>\n<li>Prix par m\u00e8tre lin\u00e9aire<\/li>\n<li>nous recommandons une longueur de 6,5 m\u00e8tres, et 7 m\u00e8tres \u00e0 partir d&rsquo;une taille de voile de 7 m\u00b2<\/li>\n<\/ul>\n","protected":false},"featured_media":2882,"template":"","meta":{"_acf_changed":false,"_eb_attr":""},"product_brand":[],"product_cat":[1324,1329,2172],"product_tag":[],"class_list":{"0":"post-4677","1":"product","2":"type-product","3":"status-publish","4":"has-post-thumbnail","6":"product_cat-mat-bome","7":"product_cat-poulies-fixations","8":"product_cat-promotion-debut-de-saison","10":"first","11":"instock","12":"taxable","13":"shipping-taxable","14":"purchasable","15":"product-type-simple"},"acf":[],"yoast_head":"<!-- This site is optimized with the Yoast SEO plugin v27.2 - https:\/\/yoast.com\/product\/yoast-seo-wordpress\/ -->\n<title>\u00c9coute \u00ab Competition \u00bb - Libre Landyachting GmbH<\/title>\n<meta name=\"robots\" content=\"index, follow, max-snippet:-1, max-image-preview:large, max-video-preview:-1\" \/>\n<link rel=\"canonical\" href=\"https:\/\/libre-landyachting.com\/fr\/produkt\/ecoute\/\" \/>\n<meta property=\"og:locale\" content=\"fr_FR\" \/>\n<meta property=\"og:type\" content=\"article\" \/>\n<meta property=\"og:title\" content=\"\u00c9coute \u00ab Competition \u00bb - Libre Landyachting GmbH\" \/>\n<meta property=\"og:description\" content=\"Cordage de qualit\u00e9 Liros \u2300 10mm Charge de rupture 2.500 daN Prix par m\u00e8tre lin\u00e9aire nous recommandons une longueur de 6,5 m\u00e8tres, et 7 m\u00e8tres \u00e0 partir d&#039;une taille de voile de 7 m\u00b2\" \/>\n<meta property=\"og:url\" content=\"https:\/\/libre-landyachting.com\/fr\/produkt\/ecoute\/\" \/>\n<meta property=\"og:site_name\" content=\"Libre Landyachting GmbH\" \/>\n<meta property=\"article:publisher\" content=\"https:\/\/www.facebook.com\/people\/Libre-Landyachting\/pfbid02fhfnbcv4FQYqTSDhT7KRNjiXGxNtW95eVQF1VPZ8ootCwXEph3ZyL6yGzXudLjsfl\/\" \/>\n<meta property=\"article:modified_time\" content=\"2026-03-24T08:38:30+00:00\" \/>\n<meta property=\"og:image\" content=\"https:\/\/libre-landyachting.com\/wp-content\/uploads\/2025\/01\/45.png\" \/>\n\t<meta property=\"og:image:width\" content=\"1500\" \/>\n\t<meta property=\"og:image:height\" content=\"1500\" \/>\n\t<meta property=\"og:image:type\" content=\"image\/png\" \/>\n<meta name=\"twitter:card\" content=\"summary_large_image\" \/>\n<script type=\"application\/ld+json\" class=\"yoast-schema-graph\">{\"@context\":\"https:\/\/schema.org\",\"@graph\":[{\"@type\":\"WebPage\",\"@id\":\"https:\/\/libre-landyachting.com\/fr\/produkt\/ecoute\/\",\"url\":\"https:\/\/libre-landyachting.com\/fr\/produkt\/ecoute\/\",\"name\":\"\u00c9coute \u00ab Competition \u00bb - Libre Landyachting GmbH\",\"isPartOf\":{\"@id\":\"https:\/\/libre-landyachting.com\/fr\/#website\"},\"primaryImageOfPage\":{\"@id\":\"https:\/\/libre-landyachting.com\/fr\/produkt\/ecoute\/#primaryimage\"},\"image\":{\"@id\":\"https:\/\/libre-landyachting.com\/fr\/produkt\/ecoute\/#primaryimage\"},\"thumbnailUrl\":\"https:\/\/libre-landyachting.com\/wp-content\/uploads\/2025\/01\/45.png\",\"datePublished\":\"2024-11-18T17:24:52+00:00\",\"dateModified\":\"2026-03-24T08:38:30+00:00\",\"breadcrumb\":{\"@id\":\"https:\/\/libre-landyachting.com\/fr\/produkt\/ecoute\/#breadcrumb\"},\"inLanguage\":\"fr-FR\",\"potentialAction\":[{\"@type\":\"ReadAction\",\"target\":[\"https:\/\/libre-landyachting.com\/fr\/produkt\/ecoute\/\"]}]},{\"@type\":\"ImageObject\",\"inLanguage\":\"fr-FR\",\"@id\":\"https:\/\/libre-landyachting.com\/fr\/produkt\/ecoute\/#primaryimage\",\"url\":\"https:\/\/libre-landyachting.com\/wp-content\/uploads\/2025\/01\/45.png\",\"contentUrl\":\"https:\/\/libre-landyachting.com\/wp-content\/uploads\/2025\/01\/45.png\",\"width\":1500,\"height\":1500},{\"@type\":\"BreadcrumbList\",\"@id\":\"https:\/\/libre-landyachting.com\/fr\/produkt\/ecoute\/#breadcrumb\",\"itemListElement\":[{\"@type\":\"ListItem\",\"position\":1,\"name\":\"Startseite\",\"item\":\"https:\/\/libre-landyachting.com\/fr\/\"},{\"@type\":\"ListItem\",\"position\":2,\"name\":\"Boutique\",\"item\":\"https:\/\/libre-landyachting.com\/fr\/boutique\/\"},{\"@type\":\"ListItem\",\"position\":3,\"name\":\"\u00c9coute \u00ab Competition \u00bb\"}]},{\"@type\":\"WebSite\",\"@id\":\"https:\/\/libre-landyachting.com\/fr\/#website\",\"url\":\"https:\/\/libre-landyachting.com\/fr\/\",\"name\":\"Libre Landyachting GmbH\",\"description\":\"\",\"publisher\":{\"@id\":\"https:\/\/libre-landyachting.com\/fr\/#organization\"},\"potentialAction\":[{\"@type\":\"SearchAction\",\"target\":{\"@type\":\"EntryPoint\",\"urlTemplate\":\"https:\/\/libre-landyachting.com\/fr\/?s={search_term_string}\"},\"query-input\":{\"@type\":\"PropertyValueSpecification\",\"valueRequired\":true,\"valueName\":\"search_term_string\"}}],\"inLanguage\":\"fr-FR\"},{\"@type\":\"Organization\",\"@id\":\"https:\/\/libre-landyachting.com\/fr\/#organization\",\"name\":\"Libre Landyachting GmbH\",\"url\":\"https:\/\/libre-landyachting.com\/fr\/\",\"logo\":{\"@type\":\"ImageObject\",\"inLanguage\":\"fr-FR\",\"@id\":\"https:\/\/libre-landyachting.com\/fr\/#\/schema\/logo\/image\/\",\"url\":\"https:\/\/libre-landyachting.com\/wp-content\/uploads\/2025\/02\/cropped-70283994.png\",\"contentUrl\":\"https:\/\/libre-landyachting.com\/wp-content\/uploads\/2025\/02\/cropped-70283994.png\",\"width\":512,\"height\":512,\"caption\":\"Libre Landyachting GmbH\"},\"image\":{\"@id\":\"https:\/\/libre-landyachting.com\/fr\/#\/schema\/logo\/image\/\"},\"sameAs\":[\"https:\/\/www.facebook.com\/people\/Libre-Landyachting\/pfbid02fhfnbcv4FQYqTSDhT7KRNjiXGxNtW95eVQF1VPZ8ootCwXEph3ZyL6yGzXudLjsfl\/\",\"https:\/\/www.instagram.com\/libre_landyachting_\/\"]}]}<\/script>\n<!-- \/ Yoast SEO plugin. -->","yoast_head_json":{"title":"\u00c9coute \u00ab Competition \u00bb - Libre Landyachting GmbH","robots":{"index":"index","follow":"follow","max-snippet":"max-snippet:-1","max-image-preview":"max-image-preview:large","max-video-preview":"max-video-preview:-1"},"canonical":"https:\/\/libre-landyachting.com\/fr\/produkt\/ecoute\/","og_locale":"fr_FR","og_type":"article","og_title":"\u00c9coute \u00ab Competition \u00bb - Libre Landyachting GmbH","og_description":"Cordage de qualit\u00e9 Liros \u2300 10mm Charge de rupture 2.500 daN Prix par m\u00e8tre lin\u00e9aire nous recommandons une longueur de 6,5 m\u00e8tres, et 7 m\u00e8tres \u00e0 partir d'une taille de voile de 7 m\u00b2","og_url":"https:\/\/libre-landyachting.com\/fr\/produkt\/ecoute\/","og_site_name":"Libre Landyachting GmbH","article_publisher":"https:\/\/www.facebook.com\/people\/Libre-Landyachting\/pfbid02fhfnbcv4FQYqTSDhT7KRNjiXGxNtW95eVQF1VPZ8ootCwXEph3ZyL6yGzXudLjsfl\/","article_modified_time":"2026-03-24T08:38:30+00:00","og_image":[{"width":1500,"height":1500,"url":"https:\/\/libre-landyachting.com\/wp-content\/uploads\/2025\/01\/45.png","type":"image\/png"}],"twitter_card":"summary_large_image","schema":{"@context":"https:\/\/schema.org","@graph":[{"@type":"WebPage","@id":"https:\/\/libre-landyachting.com\/fr\/produkt\/ecoute\/","url":"https:\/\/libre-landyachting.com\/fr\/produkt\/ecoute\/","name":"\u00c9coute \u00ab Competition \u00bb - Libre Landyachting GmbH","isPartOf":{"@id":"https:\/\/libre-landyachting.com\/fr\/#website"},"primaryImageOfPage":{"@id":"https:\/\/libre-landyachting.com\/fr\/produkt\/ecoute\/#primaryimage"},"image":{"@id":"https:\/\/libre-landyachting.com\/fr\/produkt\/ecoute\/#primaryimage"},"thumbnailUrl":"https:\/\/libre-landyachting.com\/wp-content\/uploads\/2025\/01\/45.png","datePublished":"2024-11-18T17:24:52+00:00","dateModified":"2026-03-24T08:38:30+00:00","breadcrumb":{"@id":"https:\/\/libre-landyachting.com\/fr\/produkt\/ecoute\/#breadcrumb"},"inLanguage":"fr-FR","potentialAction":[{"@type":"ReadAction","target":["https:\/\/libre-landyachting.com\/fr\/produkt\/ecoute\/"]}]},{"@type":"ImageObject","inLanguage":"fr-FR","@id":"https:\/\/libre-landyachting.com\/fr\/produkt\/ecoute\/#primaryimage","url":"https:\/\/libre-landyachting.com\/wp-content\/uploads\/2025\/01\/45.png","contentUrl":"https:\/\/libre-landyachting.com\/wp-content\/uploads\/2025\/01\/45.png","width":1500,"height":1500},{"@type":"BreadcrumbList","@id":"https:\/\/libre-landyachting.com\/fr\/produkt\/ecoute\/#breadcrumb","itemListElement":[{"@type":"ListItem","position":1,"name":"Startseite","item":"https:\/\/libre-landyachting.com\/fr\/"},{"@type":"ListItem","position":2,"name":"Boutique","item":"https:\/\/libre-landyachting.com\/fr\/boutique\/"},{"@type":"ListItem","position":3,"name":"\u00c9coute \u00ab Competition \u00bb"}]},{"@type":"WebSite","@id":"https:\/\/libre-landyachting.com\/fr\/#website","url":"https:\/\/libre-landyachting.com\/fr\/","name":"Libre Landyachting GmbH","description":"","publisher":{"@id":"https:\/\/libre-landyachting.com\/fr\/#organization"},"potentialAction":[{"@type":"SearchAction","target":{"@type":"EntryPoint","urlTemplate":"https:\/\/libre-landyachting.com\/fr\/?s={search_term_string}"},"query-input":{"@type":"PropertyValueSpecification","valueRequired":true,"valueName":"search_term_string"}}],"inLanguage":"fr-FR"},{"@type":"Organization","@id":"https:\/\/libre-landyachting.com\/fr\/#organization","name":"Libre Landyachting GmbH","url":"https:\/\/libre-landyachting.com\/fr\/","logo":{"@type":"ImageObject","inLanguage":"fr-FR","@id":"https:\/\/libre-landyachting.com\/fr\/#\/schema\/logo\/image\/","url":"https:\/\/libre-landyachting.com\/wp-content\/uploads\/2025\/02\/cropped-70283994.png","contentUrl":"https:\/\/libre-landyachting.com\/wp-content\/uploads\/2025\/02\/cropped-70283994.png","width":512,"height":512,"caption":"Libre Landyachting GmbH"},"image":{"@id":"https:\/\/libre-landyachting.com\/fr\/#\/schema\/logo\/image\/"},"sameAs":["https:\/\/www.facebook.com\/people\/Libre-Landyachting\/pfbid02fhfnbcv4FQYqTSDhT7KRNjiXGxNtW95eVQF1VPZ8ootCwXEph3ZyL6yGzXudLjsfl\/","https:\/\/www.instagram.com\/libre_landyachting_\/"]}]}},"jetpack_sharing_enabled":true,"_links":{"self":[{"href":"https:\/\/libre-landyachting.com\/fr\/wp-json\/wp\/v2\/product\/4677","targetHints":{"allow":["GET"]}}],"collection":[{"href":"https:\/\/libre-landyachting.com\/fr\/wp-json\/wp\/v2\/product"}],"about":[{"href":"https:\/\/libre-landyachting.com\/fr\/wp-json\/wp\/v2\/types\/product"}],"wp:featuredmedia":[{"embeddable":true,"href":"https:\/\/libre-landyachting.com\/fr\/wp-json\/wp\/v2\/media\/2882"}],"wp:attachment":[{"href":"https:\/\/libre-landyachting.com\/fr\/wp-json\/wp\/v2\/media?parent=4677"}],"wp:term":[{"taxonomy":"product_brand","embeddable":true,"href":"https:\/\/libre-landyachting.com\/fr\/wp-json\/wp\/v2\/product_brand?post=4677"},{"taxonomy":"product_cat","embeddable":true,"href":"https:\/\/libre-landyachting.com\/fr\/wp-json\/wp\/v2\/product_cat?post=4677"},{"taxonomy":"product_tag","embeddable":true,"href":"https:\/\/libre-landyachting.com\/fr\/wp-json\/wp\/v2\/product_tag?post=4677"}],"curies":[{"name":"wp","href":"https:\/\/api.w.org\/{rel}","templated":true}]}}