{"id":4724,"date":"2022-12-30T14:36:35","date_gmt":"2022-12-30T13:36:35","guid":{"rendered":"https:\/\/libre-landyachting.com\/produkt\/genericproductname\/"},"modified":"2026-03-04T19:03:13","modified_gmt":"2026-03-04T18:03:13","slug":"genericproductname","status":"publish","type":"product","link":"https:\/\/libre-landyachting.com\/fr\/produkt\/genericproductname\/","title":{"rendered":"GenericProductName"},"content":{"rendered":"&#13;\n<p>Le Zebra-Buggy est un buggy polyvalent \u00e9conomique qui enthousiasme particuli\u00e8rement les d\u00e9butants et les utilisateurs avanc\u00e9s gr\u00e2ce \u00e0 son rapport qualit\u00e9-prix imbattable.<\/p>&#13;\n&#13;\n<p>Gr\u00e2ce \u00e0 un kit de conversion, il peut \u00eatre transform\u00e9 en quelques \u00e9tapes en un char \u00e0 voile hybride, le Fun Glider.<\/p>&#13;\n&#13;\n<p>Le si\u00e8ge g\u00e9n\u00e9reusement rembourr\u00e9 pr\u00e9vient les points de pression douloureux m\u00eame sous de fortes forces lat\u00e9rales, permettant ainsi de longues courses confortables.<\/p>&#13;\n&#13;\n<p class=\"has-text-align-left\">Le buggy Zebra est disponible en version galvanis\u00e9e\/thermolaqu\u00e9e et en version inox. <br\/><br\/>De plus, 3 types de pneus sont disponibles au choix :<\/p>&#13;\n\r\n<ul class=\"wp-block-list\">&#13;\n<li>Fourche standard : Roue de brouette  roue Midi<\/li>&#13;\n\r\n\r\n&#13;\n<li>Fourche BIG avec timon Big : Roue Big Foot Light<\/li>&#13;\n<\/ul>\r\n&#13;\n<p class=\"has-text-align-left\"><br\/><br\/><\/p>&#13;\n&#13;\n<p>Super accessoires pour votre buggy\u00a0: <a href=\"https:\/\/libre-landyachting.com\/fr\/produkt\/protection-de-transport\/\" target=\"_blank\" rel=\"noreferrer noopener\">protection de transport<\/a> et <a href=\"https:\/\/libre-landyachting.com\/fr\/produkt\/barre-de-traction-en-deux-parties-kopie\/\" target=\"_blank\" rel=\"noreferrer noopener\">barre de traction<\/a><\/p>&#13;\n\r\n<figure class=\"wp-block-gallery has-nested-images columns-default is-cropped wp-block-gallery-1 is-layout-flex wp-block-gallery-is-layout-flex\">&#13;\n<figure class=\"wp-block-image size-large\"><img loading=\"lazy\" decoding=\"async\" width=\"1024\" height=\"1024\" data-id=\"2727\" class=\"wp-image-2727\" src=\"https:\/\/libre-landyachting.com\/wp-content\/uploads\/2022\/12\/Buggy-Transportschutz-1024x1024.png\" alt=\"\" srcset=\"https:\/\/libre-landyachting.com\/wp-content\/uploads\/2022\/12\/Buggy-Transportschutz-1024x1024.png 1024w, https:\/\/libre-landyachting.com\/wp-content\/uploads\/2022\/12\/Buggy-Transportschutz-150x150.png 150w, https:\/\/libre-landyachting.com\/wp-content\/uploads\/2022\/12\/Buggy-Transportschutz-300x300.png 300w, https:\/\/libre-landyachting.com\/wp-content\/uploads\/2022\/12\/Buggy-Transportschutz-768x768.png 768w, https:\/\/libre-landyachting.com\/wp-content\/uploads\/2022\/12\/Buggy-Transportschutz-600x600.png 600w, https:\/\/libre-landyachting.com\/wp-content\/uploads\/2022\/12\/Buggy-Transportschutz-900x900.png 900w, https:\/\/libre-landyachting.com\/wp-content\/uploads\/2022\/12\/Buggy-Transportschutz-100x100.png 100w, https:\/\/libre-landyachting.com\/wp-content\/uploads\/2022\/12\/Buggy-Transportschutz.png 1500w\" sizes=\"auto, (max-width: 1024px) 100vw, 1024px\" \/><\/figure>&#13;\n\r\n\r\n&#13;\n<figure class=\"wp-block-image size-large\"><img loading=\"lazy\" decoding=\"async\" width=\"1024\" height=\"1024\" data-id=\"2423\" class=\"wp-image-2423\" src=\"https:\/\/libre-landyachting.com\/wp-content\/uploads\/2025\/03\/Zugstange-Zebra-teilbar-Edelstahl-1024x1024.png\" alt=\"\" srcset=\"https:\/\/libre-landyachting.com\/wp-content\/uploads\/2025\/03\/Zugstange-Zebra-teilbar-Edelstahl-1024x1024.png 1024w, https:\/\/libre-landyachting.com\/wp-content\/uploads\/2025\/03\/Zugstange-Zebra-teilbar-Edelstahl-150x150.png 150w, https:\/\/libre-landyachting.com\/wp-content\/uploads\/2025\/03\/Zugstange-Zebra-teilbar-Edelstahl-300x300.png 300w, https:\/\/libre-landyachting.com\/wp-content\/uploads\/2025\/03\/Zugstange-Zebra-teilbar-Edelstahl-768x768.png 768w, https:\/\/libre-landyachting.com\/wp-content\/uploads\/2025\/03\/Zugstange-Zebra-teilbar-Edelstahl-600x600.png 600w, https:\/\/libre-landyachting.com\/wp-content\/uploads\/2025\/03\/Zugstange-Zebra-teilbar-Edelstahl-900x900.png 900w, https:\/\/libre-landyachting.com\/wp-content\/uploads\/2025\/03\/Zugstange-Zebra-teilbar-Edelstahl-100x100.png 100w, https:\/\/libre-landyachting.com\/wp-content\/uploads\/2025\/03\/Zugstange-Zebra-teilbar-Edelstahl.png 1500w\" sizes=\"auto, (max-width: 1024px) 100vw, 1024px\" \/><\/figure>&#13;\n<\/figure>\r\n","protected":false},"excerpt":{"rendered":"<ul>\n<li style=\"text-align: left;\">Buggy robuste pour d\u00e9butants et utilisateurs interm\u00e9diaires<\/li>\n<li style=\"text-align: left;\">Si\u00e8ge bien rembourr\u00e9, bon maintien lat\u00e9ral<\/li>\n<li>Rev\u00eatement en poudre ou acier inoxydable<\/li>\n<li>Version standard ou Big<\/li>\n<li>plusieurs types de pneus au choix <\/li>\n<li style=\"text-align: left;\">facile \u00e0 transformer en char \u00e0 voile gr\u00e2ce \u00e0 un <a href=\"https:\/\/libre-landyachting.com\/fr\/produkt\/kit-de-conversion-fun-glider\/\" target=\"_blank\" rel=\"noopener\">kit de conversion<\/a> <\/li>\n<\/ul>\n","protected":false},"featured_media":2858,"template":"","meta":{"_acf_changed":false,"_eb_attr":""},"product_brand":[],"product_cat":[1396],"product_tag":[],"class_list":{"0":"post-4724","1":"product","2":"type-product","3":"status-publish","4":"has-post-thumbnail","6":"product_cat-kitebuggy-fr","7":"pa_ausfuehrung-standard-3-x-roue-de-brouette-fr","8":"pa_ausfuehrung-big-3-x-big-foot-light-slick-fr","10":"first","11":"instock","12":"taxable","13":"shipping-taxable","14":"purchasable","15":"product-type-variable","16":"has-default-attributes"},"acf":[],"yoast_head":"<!-- This site is optimized with the Yoast SEO plugin v27.2 - https:\/\/yoast.com\/product\/yoast-seo-wordpress\/ -->\n<title>GenericProductName - Libre Landyachting GmbH<\/title>\n<meta name=\"description\" content=\"Le Zebra-Buggy est un buggy polyvalent \u00e9conomique pour d\u00e9butants et utilisateurs avanc\u00e9s, offrant un excellent rapport qualit\u00e9-prix.\" \/>\n<meta name=\"robots\" content=\"index, follow, max-snippet:-1, max-image-preview:large, max-video-preview:-1\" \/>\n<link rel=\"canonical\" href=\"https:\/\/libre-landyachting.com\/fr\/produkt\/genericproductname\/\" \/>\n<meta property=\"og:locale\" content=\"fr_FR\" \/>\n<meta property=\"og:type\" content=\"article\" \/>\n<meta property=\"og:title\" content=\"GenericProductName - Libre Landyachting GmbH\" \/>\n<meta property=\"og:description\" content=\"Le Zebra-Buggy est un buggy polyvalent \u00e9conomique pour d\u00e9butants et utilisateurs avanc\u00e9s, offrant un excellent rapport qualit\u00e9-prix.\" \/>\n<meta property=\"og:url\" content=\"https:\/\/libre-landyachting.com\/fr\/produkt\/genericproductname\/\" \/>\n<meta property=\"og:site_name\" content=\"Libre Landyachting GmbH\" \/>\n<meta property=\"article:publisher\" content=\"https:\/\/www.facebook.com\/people\/Libre-Landyachting\/pfbid02fhfnbcv4FQYqTSDhT7KRNjiXGxNtW95eVQF1VPZ8ootCwXEph3ZyL6yGzXudLjsfl\/\" \/>\n<meta property=\"article:modified_time\" content=\"2026-03-04T18:03:13+00:00\" \/>\n<meta property=\"og:image\" content=\"https:\/\/libre-landyachting.com\/wp-content\/uploads\/2025\/01\/32.png\" \/>\n\t<meta property=\"og:image:width\" content=\"1500\" \/>\n\t<meta property=\"og:image:height\" content=\"1500\" \/>\n\t<meta property=\"og:image:type\" content=\"image\/png\" \/>\n<meta name=\"twitter:card\" content=\"summary_large_image\" \/>\n<meta name=\"twitter:label1\" content=\"Dur\u00e9e de lecture estim\u00e9e\" \/>\n\t<meta name=\"twitter:data1\" content=\"1 minute\" \/>\n<script type=\"application\/ld+json\" class=\"yoast-schema-graph\">{\"@context\":\"https:\/\/schema.org\",\"@graph\":[{\"@type\":\"WebPage\",\"@id\":\"https:\/\/libre-landyachting.com\/fr\/produkt\/genericproductname\/\",\"url\":\"https:\/\/libre-landyachting.com\/fr\/produkt\/genericproductname\/\",\"name\":\"GenericProductName - Libre Landyachting GmbH\",\"isPartOf\":{\"@id\":\"https:\/\/libre-landyachting.com\/fr\/#website\"},\"primaryImageOfPage\":{\"@id\":\"https:\/\/libre-landyachting.com\/fr\/produkt\/genericproductname\/#primaryimage\"},\"image\":{\"@id\":\"https:\/\/libre-landyachting.com\/fr\/produkt\/genericproductname\/#primaryimage\"},\"thumbnailUrl\":\"https:\/\/libre-landyachting.com\/wp-content\/uploads\/2025\/01\/32.png\",\"datePublished\":\"2022-12-30T13:36:35+00:00\",\"dateModified\":\"2026-03-04T18:03:13+00:00\",\"description\":\"Le Zebra-Buggy est un buggy polyvalent \u00e9conomique pour d\u00e9butants et utilisateurs avanc\u00e9s, offrant un excellent rapport qualit\u00e9-prix.\",\"breadcrumb\":{\"@id\":\"https:\/\/libre-landyachting.com\/fr\/produkt\/genericproductname\/#breadcrumb\"},\"inLanguage\":\"fr-FR\",\"potentialAction\":[{\"@type\":\"ReadAction\",\"target\":[\"https:\/\/libre-landyachting.com\/fr\/produkt\/genericproductname\/\"]}]},{\"@type\":\"ImageObject\",\"inLanguage\":\"fr-FR\",\"@id\":\"https:\/\/libre-landyachting.com\/fr\/produkt\/genericproductname\/#primaryimage\",\"url\":\"https:\/\/libre-landyachting.com\/wp-content\/uploads\/2025\/01\/32.png\",\"contentUrl\":\"https:\/\/libre-landyachting.com\/wp-content\/uploads\/2025\/01\/32.png\",\"width\":1500,\"height\":1500},{\"@type\":\"BreadcrumbList\",\"@id\":\"https:\/\/libre-landyachting.com\/fr\/produkt\/genericproductname\/#breadcrumb\",\"itemListElement\":[{\"@type\":\"ListItem\",\"position\":1,\"name\":\"Startseite\",\"item\":\"https:\/\/libre-landyachting.com\/fr\/\"},{\"@type\":\"ListItem\",\"position\":2,\"name\":\"Boutique\",\"item\":\"https:\/\/libre-landyachting.com\/fr\/boutique\/\"},{\"@type\":\"ListItem\",\"position\":3,\"name\":\"GenericProductName\"}]},{\"@type\":\"WebSite\",\"@id\":\"https:\/\/libre-landyachting.com\/fr\/#website\",\"url\":\"https:\/\/libre-landyachting.com\/fr\/\",\"name\":\"Libre Landyachting GmbH\",\"description\":\"\",\"publisher\":{\"@id\":\"https:\/\/libre-landyachting.com\/fr\/#organization\"},\"potentialAction\":[{\"@type\":\"SearchAction\",\"target\":{\"@type\":\"EntryPoint\",\"urlTemplate\":\"https:\/\/libre-landyachting.com\/fr\/?s={search_term_string}\"},\"query-input\":{\"@type\":\"PropertyValueSpecification\",\"valueRequired\":true,\"valueName\":\"search_term_string\"}}],\"inLanguage\":\"fr-FR\"},{\"@type\":\"Organization\",\"@id\":\"https:\/\/libre-landyachting.com\/fr\/#organization\",\"name\":\"Libre Landyachting GmbH\",\"url\":\"https:\/\/libre-landyachting.com\/fr\/\",\"logo\":{\"@type\":\"ImageObject\",\"inLanguage\":\"fr-FR\",\"@id\":\"https:\/\/libre-landyachting.com\/fr\/#\/schema\/logo\/image\/\",\"url\":\"https:\/\/libre-landyachting.com\/wp-content\/uploads\/2025\/02\/cropped-70283994.png\",\"contentUrl\":\"https:\/\/libre-landyachting.com\/wp-content\/uploads\/2025\/02\/cropped-70283994.png\",\"width\":512,\"height\":512,\"caption\":\"Libre Landyachting GmbH\"},\"image\":{\"@id\":\"https:\/\/libre-landyachting.com\/fr\/#\/schema\/logo\/image\/\"},\"sameAs\":[\"https:\/\/www.facebook.com\/people\/Libre-Landyachting\/pfbid02fhfnbcv4FQYqTSDhT7KRNjiXGxNtW95eVQF1VPZ8ootCwXEph3ZyL6yGzXudLjsfl\/\",\"https:\/\/www.instagram.com\/libre_landyachting_\/\"]}]}<\/script>\n<!-- \/ Yoast SEO plugin. -->","yoast_head_json":{"title":"GenericProductName - Libre Landyachting GmbH","description":"Le Zebra-Buggy est un buggy polyvalent \u00e9conomique pour d\u00e9butants et utilisateurs avanc\u00e9s, offrant un excellent rapport qualit\u00e9-prix.","robots":{"index":"index","follow":"follow","max-snippet":"max-snippet:-1","max-image-preview":"max-image-preview:large","max-video-preview":"max-video-preview:-1"},"canonical":"https:\/\/libre-landyachting.com\/fr\/produkt\/genericproductname\/","og_locale":"fr_FR","og_type":"article","og_title":"GenericProductName - Libre Landyachting GmbH","og_description":"Le Zebra-Buggy est un buggy polyvalent \u00e9conomique pour d\u00e9butants et utilisateurs avanc\u00e9s, offrant un excellent rapport qualit\u00e9-prix.","og_url":"https:\/\/libre-landyachting.com\/fr\/produkt\/genericproductname\/","og_site_name":"Libre Landyachting GmbH","article_publisher":"https:\/\/www.facebook.com\/people\/Libre-Landyachting\/pfbid02fhfnbcv4FQYqTSDhT7KRNjiXGxNtW95eVQF1VPZ8ootCwXEph3ZyL6yGzXudLjsfl\/","article_modified_time":"2026-03-04T18:03:13+00:00","og_image":[{"width":1500,"height":1500,"url":"https:\/\/libre-landyachting.com\/wp-content\/uploads\/2025\/01\/32.png","type":"image\/png"}],"twitter_card":"summary_large_image","twitter_misc":{"Dur\u00e9e de lecture estim\u00e9e":"1 minute"},"schema":{"@context":"https:\/\/schema.org","@graph":[{"@type":"WebPage","@id":"https:\/\/libre-landyachting.com\/fr\/produkt\/genericproductname\/","url":"https:\/\/libre-landyachting.com\/fr\/produkt\/genericproductname\/","name":"GenericProductName - Libre Landyachting GmbH","isPartOf":{"@id":"https:\/\/libre-landyachting.com\/fr\/#website"},"primaryImageOfPage":{"@id":"https:\/\/libre-landyachting.com\/fr\/produkt\/genericproductname\/#primaryimage"},"image":{"@id":"https:\/\/libre-landyachting.com\/fr\/produkt\/genericproductname\/#primaryimage"},"thumbnailUrl":"https:\/\/libre-landyachting.com\/wp-content\/uploads\/2025\/01\/32.png","datePublished":"2022-12-30T13:36:35+00:00","dateModified":"2026-03-04T18:03:13+00:00","description":"Le Zebra-Buggy est un buggy polyvalent \u00e9conomique pour d\u00e9butants et utilisateurs avanc\u00e9s, offrant un excellent rapport qualit\u00e9-prix.","breadcrumb":{"@id":"https:\/\/libre-landyachting.com\/fr\/produkt\/genericproductname\/#breadcrumb"},"inLanguage":"fr-FR","potentialAction":[{"@type":"ReadAction","target":["https:\/\/libre-landyachting.com\/fr\/produkt\/genericproductname\/"]}]},{"@type":"ImageObject","inLanguage":"fr-FR","@id":"https:\/\/libre-landyachting.com\/fr\/produkt\/genericproductname\/#primaryimage","url":"https:\/\/libre-landyachting.com\/wp-content\/uploads\/2025\/01\/32.png","contentUrl":"https:\/\/libre-landyachting.com\/wp-content\/uploads\/2025\/01\/32.png","width":1500,"height":1500},{"@type":"BreadcrumbList","@id":"https:\/\/libre-landyachting.com\/fr\/produkt\/genericproductname\/#breadcrumb","itemListElement":[{"@type":"ListItem","position":1,"name":"Startseite","item":"https:\/\/libre-landyachting.com\/fr\/"},{"@type":"ListItem","position":2,"name":"Boutique","item":"https:\/\/libre-landyachting.com\/fr\/boutique\/"},{"@type":"ListItem","position":3,"name":"GenericProductName"}]},{"@type":"WebSite","@id":"https:\/\/libre-landyachting.com\/fr\/#website","url":"https:\/\/libre-landyachting.com\/fr\/","name":"Libre Landyachting GmbH","description":"","publisher":{"@id":"https:\/\/libre-landyachting.com\/fr\/#organization"},"potentialAction":[{"@type":"SearchAction","target":{"@type":"EntryPoint","urlTemplate":"https:\/\/libre-landyachting.com\/fr\/?s={search_term_string}"},"query-input":{"@type":"PropertyValueSpecification","valueRequired":true,"valueName":"search_term_string"}}],"inLanguage":"fr-FR"},{"@type":"Organization","@id":"https:\/\/libre-landyachting.com\/fr\/#organization","name":"Libre Landyachting GmbH","url":"https:\/\/libre-landyachting.com\/fr\/","logo":{"@type":"ImageObject","inLanguage":"fr-FR","@id":"https:\/\/libre-landyachting.com\/fr\/#\/schema\/logo\/image\/","url":"https:\/\/libre-landyachting.com\/wp-content\/uploads\/2025\/02\/cropped-70283994.png","contentUrl":"https:\/\/libre-landyachting.com\/wp-content\/uploads\/2025\/02\/cropped-70283994.png","width":512,"height":512,"caption":"Libre Landyachting GmbH"},"image":{"@id":"https:\/\/libre-landyachting.com\/fr\/#\/schema\/logo\/image\/"},"sameAs":["https:\/\/www.facebook.com\/people\/Libre-Landyachting\/pfbid02fhfnbcv4FQYqTSDhT7KRNjiXGxNtW95eVQF1VPZ8ootCwXEph3ZyL6yGzXudLjsfl\/","https:\/\/www.instagram.com\/libre_landyachting_\/"]}]}},"jetpack_sharing_enabled":true,"_links":{"self":[{"href":"https:\/\/libre-landyachting.com\/fr\/wp-json\/wp\/v2\/product\/4724","targetHints":{"allow":["GET"]}}],"collection":[{"href":"https:\/\/libre-landyachting.com\/fr\/wp-json\/wp\/v2\/product"}],"about":[{"href":"https:\/\/libre-landyachting.com\/fr\/wp-json\/wp\/v2\/types\/product"}],"wp:featuredmedia":[{"embeddable":true,"href":"https:\/\/libre-landyachting.com\/fr\/wp-json\/wp\/v2\/media\/2858"}],"wp:attachment":[{"href":"https:\/\/libre-landyachting.com\/fr\/wp-json\/wp\/v2\/media?parent=4724"}],"wp:term":[{"taxonomy":"product_brand","embeddable":true,"href":"https:\/\/libre-landyachting.com\/fr\/wp-json\/wp\/v2\/product_brand?post=4724"},{"taxonomy":"product_cat","embeddable":true,"href":"https:\/\/libre-landyachting.com\/fr\/wp-json\/wp\/v2\/product_cat?post=4724"},{"taxonomy":"product_tag","embeddable":true,"href":"https:\/\/libre-landyachting.com\/fr\/wp-json\/wp\/v2\/product_tag?post=4724"}],"curies":[{"name":"wp","href":"https:\/\/api.w.org\/{rel}","templated":true}]}}