{"id":4747,"date":"2022-12-28T11:43:48","date_gmt":"2022-12-28T10:43:48","guid":{"rendered":"https:\/\/libre-landyachting.com\/produkt\/elements-de-mat\/"},"modified":"2026-03-16T09:09:28","modified_gmt":"2026-03-16T08:09:28","slug":"elements-de-mat","status":"publish","type":"product","link":"https:\/\/libre-landyachting.com\/fr\/produkt\/elements-de-mat\/","title":{"rendered":"Pi\u00e8ces de m\u00e2t \u00ab s\u00e9rie Micro Race \u00bb"},"content":{"rendered":"\n<p><strong>\u00c9l\u00e9ments de m\u00e2t pour Micro Race- \/ Pro et Micro Competition <\/strong><\/p>\n\n<p>Chaque char \u00e0 voile n\u00e9cessite un m\u00e2t. La longueur du m\u00e2t d\u00e9pend de la taille de la voile utilis\u00e9e. <\/p>\n\n<p>Pour toutes les tailles de voile, les pi\u00e8ces de m\u00e2t n\u00b0 1, 2 et 3 sont n\u00e9cessaires. Ce sont des <strong>fabrications sp\u00e9ciales et renforc\u00e9es<\/strong>.<br\/>La pi\u00e8ce de m\u00e2t n\u00b0 4 est disponible en diff\u00e9rentes versions.<\/p>\n\n<p>Voici un aper\u00e7u :<\/p>\n\n<ul class=\"wp-block-list\">\n<li>Pi\u00e8ce de m\u00e2t n\u00b0 4, L (150 cm) pour voiles de 5,5 m\u00b2, 5,7 m\u00b2, 6,5 m\u00b2, 7,0 m\u00b2 et 8,0 m\u00b2<\/li>\n\n\n\n<li>Pi\u00e8ce de m\u00e2t n\u00b0 4, M (110 cm) pour voiles de 4,6 m\u00b2 et 4,8 m\u00b2<\/li>\n\n\n\n<li>Pi\u00e8ce de m\u00e2t n\u00b0 4, S (35 cm) pour voiles de 3,5 m\u00b2 et 3,6 m\u00b2 <\/li>\n\n\n\n<li>Les voiles de 1,5 m\u00b2 et 2,1 m\u00b2 peuvent \u00eatre utilis\u00e9es sans l&rsquo;\u00e9l\u00e9ment de m\u00e2t n\u00b0 4<\/li>\n<\/ul>\n\n<p>Lorsque vous commandez une voile, l&rsquo;\u00e9l\u00e9ment de m\u00e2t n\u00b0 4 correspondant est inclus.<\/p>\n\n<p><\/p>\n","protected":false},"excerpt":{"rendered":"<p><strong>Pi\u00e8ces de m\u00e2t pour Micro Race \/ Pro et Micro Competition<\/strong><\/p>\n<ul>\n<li><span style=\"font-size: 16px;\">Les pi\u00e8ces de m\u00e2t n\u00b0 1, 2 et 3 <strong>sont renforc\u00e9es<\/strong> et n\u00e9cessaires pour chaque taille de voile<\/span><\/li>\n<li><span style=\"font-size: 16px;\">Pi\u00e8ce de m\u00e2t n\u00b0 4, L (150 cm) pour voiles de 5,5 m\u00b2, 5,7 m\u00b2, 6,5 m\u00b2, 7,0 m\u00b2 et 8,0 m\u00b2<\/span><\/li>\n<li><span style=\"font-size: 16px;\">Pi\u00e8ce de m\u00e2t n\u00b0 4, M (110 cm) pour voiles de 4,6 m\u00b2 et 4,8 m\u00b2<\/span><\/li>\n<li><span style=\"font-size: 16px;\">Pi\u00e8ce de m\u00e2t n\u00b0 4, S (35 cm) pour voiles de 3,5 m\u00b2 et 3,6 m\u00b2 <\/span><\/li>\n<\/ul>\n","protected":false},"featured_media":3294,"template":"","meta":{"_acf_changed":false,"_eb_attr":""},"product_brand":[],"product_cat":[1324],"product_tag":[2159],"class_list":{"0":"post-4747","1":"product","2":"type-product","3":"status-publish","4":"has-post-thumbnail","6":"product_cat-mat-bome","7":"product_tag-promotion-de-paques","9":"first","10":"instock","11":"taxable","12":"shipping-taxable","13":"purchasable","14":"product-type-variable"},"acf":[],"yoast_head":"<!-- This site is optimized with the Yoast SEO plugin v27.2 - https:\/\/yoast.com\/product\/yoast-seo-wordpress\/ -->\n<title>Pi\u00e8ces de m\u00e2t \u00ab s\u00e9rie Micro Race \u00bb - Libre Landyachting GmbH<\/title>\n<meta name=\"description\" content=\"Chaque char \u00e0 voile n\u00e9cessite un m\u00e2t. Nos \u00e9l\u00e9ments de m\u00e2t sont fabriqu\u00e9s selon un proc\u00e9d\u00e9 complexe.\" \/>\n<meta name=\"robots\" content=\"index, follow, max-snippet:-1, max-image-preview:large, max-video-preview:-1\" \/>\n<link rel=\"canonical\" href=\"https:\/\/libre-landyachting.com\/fr\/produkt\/elements-de-mat\/\" \/>\n<meta property=\"og:locale\" content=\"fr_FR\" \/>\n<meta property=\"og:type\" content=\"article\" \/>\n<meta property=\"og:title\" content=\"Pi\u00e8ces de m\u00e2t \u00ab s\u00e9rie Micro Race \u00bb - Libre Landyachting GmbH\" \/>\n<meta property=\"og:description\" content=\"Chaque char \u00e0 voile n\u00e9cessite un m\u00e2t. Nos \u00e9l\u00e9ments de m\u00e2t sont fabriqu\u00e9s selon un proc\u00e9d\u00e9 complexe.\" \/>\n<meta property=\"og:url\" content=\"https:\/\/libre-landyachting.com\/fr\/produkt\/elements-de-mat\/\" \/>\n<meta property=\"og:site_name\" content=\"Libre Landyachting GmbH\" \/>\n<meta property=\"article:publisher\" content=\"https:\/\/www.facebook.com\/people\/Libre-Landyachting\/pfbid02fhfnbcv4FQYqTSDhT7KRNjiXGxNtW95eVQF1VPZ8ootCwXEph3ZyL6yGzXudLjsfl\/\" \/>\n<meta property=\"article:modified_time\" content=\"2026-03-16T08:09:28+00:00\" \/>\n<meta property=\"og:image\" content=\"https:\/\/libre-landyachting.com\/wp-content\/uploads\/2025\/02\/Mastteil-1-3-1.png\" \/>\n\t<meta property=\"og:image:width\" content=\"1500\" \/>\n\t<meta property=\"og:image:height\" content=\"1500\" \/>\n\t<meta property=\"og:image:type\" content=\"image\/png\" \/>\n<meta name=\"twitter:card\" content=\"summary_large_image\" \/>\n<meta name=\"twitter:label1\" content=\"Dur\u00e9e de lecture estim\u00e9e\" \/>\n\t<meta name=\"twitter:data1\" content=\"1 minute\" \/>\n<script type=\"application\/ld+json\" class=\"yoast-schema-graph\">{\"@context\":\"https:\/\/schema.org\",\"@graph\":[{\"@type\":\"WebPage\",\"@id\":\"https:\/\/libre-landyachting.com\/fr\/produkt\/elements-de-mat\/\",\"url\":\"https:\/\/libre-landyachting.com\/fr\/produkt\/elements-de-mat\/\",\"name\":\"Pi\u00e8ces de m\u00e2t \u00ab s\u00e9rie Micro Race \u00bb - Libre Landyachting GmbH\",\"isPartOf\":{\"@id\":\"https:\/\/libre-landyachting.com\/fr\/#website\"},\"primaryImageOfPage\":{\"@id\":\"https:\/\/libre-landyachting.com\/fr\/produkt\/elements-de-mat\/#primaryimage\"},\"image\":{\"@id\":\"https:\/\/libre-landyachting.com\/fr\/produkt\/elements-de-mat\/#primaryimage\"},\"thumbnailUrl\":\"https:\/\/libre-landyachting.com\/wp-content\/uploads\/2025\/02\/Mastteil-1-3-1.png\",\"datePublished\":\"2022-12-28T10:43:48+00:00\",\"dateModified\":\"2026-03-16T08:09:28+00:00\",\"description\":\"Chaque char \u00e0 voile n\u00e9cessite un m\u00e2t. Nos \u00e9l\u00e9ments de m\u00e2t sont fabriqu\u00e9s selon un proc\u00e9d\u00e9 complexe.\",\"breadcrumb\":{\"@id\":\"https:\/\/libre-landyachting.com\/fr\/produkt\/elements-de-mat\/#breadcrumb\"},\"inLanguage\":\"fr-FR\",\"potentialAction\":[{\"@type\":\"ReadAction\",\"target\":[\"https:\/\/libre-landyachting.com\/fr\/produkt\/elements-de-mat\/\"]}]},{\"@type\":\"ImageObject\",\"inLanguage\":\"fr-FR\",\"@id\":\"https:\/\/libre-landyachting.com\/fr\/produkt\/elements-de-mat\/#primaryimage\",\"url\":\"https:\/\/libre-landyachting.com\/wp-content\/uploads\/2025\/02\/Mastteil-1-3-1.png\",\"contentUrl\":\"https:\/\/libre-landyachting.com\/wp-content\/uploads\/2025\/02\/Mastteil-1-3-1.png\",\"width\":1500,\"height\":1500},{\"@type\":\"BreadcrumbList\",\"@id\":\"https:\/\/libre-landyachting.com\/fr\/produkt\/elements-de-mat\/#breadcrumb\",\"itemListElement\":[{\"@type\":\"ListItem\",\"position\":1,\"name\":\"Startseite\",\"item\":\"https:\/\/libre-landyachting.com\/fr\/\"},{\"@type\":\"ListItem\",\"position\":2,\"name\":\"Boutique\",\"item\":\"https:\/\/libre-landyachting.com\/fr\/boutique\/\"},{\"@type\":\"ListItem\",\"position\":3,\"name\":\"Pi\u00e8ces de m\u00e2t \u00ab s\u00e9rie Micro Race \u00bb\"}]},{\"@type\":\"WebSite\",\"@id\":\"https:\/\/libre-landyachting.com\/fr\/#website\",\"url\":\"https:\/\/libre-landyachting.com\/fr\/\",\"name\":\"Libre Landyachting GmbH\",\"description\":\"\",\"publisher\":{\"@id\":\"https:\/\/libre-landyachting.com\/fr\/#organization\"},\"potentialAction\":[{\"@type\":\"SearchAction\",\"target\":{\"@type\":\"EntryPoint\",\"urlTemplate\":\"https:\/\/libre-landyachting.com\/fr\/?s={search_term_string}\"},\"query-input\":{\"@type\":\"PropertyValueSpecification\",\"valueRequired\":true,\"valueName\":\"search_term_string\"}}],\"inLanguage\":\"fr-FR\"},{\"@type\":\"Organization\",\"@id\":\"https:\/\/libre-landyachting.com\/fr\/#organization\",\"name\":\"Libre Landyachting GmbH\",\"url\":\"https:\/\/libre-landyachting.com\/fr\/\",\"logo\":{\"@type\":\"ImageObject\",\"inLanguage\":\"fr-FR\",\"@id\":\"https:\/\/libre-landyachting.com\/fr\/#\/schema\/logo\/image\/\",\"url\":\"https:\/\/libre-landyachting.com\/wp-content\/uploads\/2025\/02\/cropped-70283994.png\",\"contentUrl\":\"https:\/\/libre-landyachting.com\/wp-content\/uploads\/2025\/02\/cropped-70283994.png\",\"width\":512,\"height\":512,\"caption\":\"Libre Landyachting GmbH\"},\"image\":{\"@id\":\"https:\/\/libre-landyachting.com\/fr\/#\/schema\/logo\/image\/\"},\"sameAs\":[\"https:\/\/www.facebook.com\/people\/Libre-Landyachting\/pfbid02fhfnbcv4FQYqTSDhT7KRNjiXGxNtW95eVQF1VPZ8ootCwXEph3ZyL6yGzXudLjsfl\/\",\"https:\/\/www.instagram.com\/libre_landyachting_\/\"]}]}<\/script>\n<!-- \/ Yoast SEO plugin. -->","yoast_head_json":{"title":"Pi\u00e8ces de m\u00e2t \u00ab s\u00e9rie Micro Race \u00bb - Libre Landyachting GmbH","description":"Chaque char \u00e0 voile n\u00e9cessite un m\u00e2t. Nos \u00e9l\u00e9ments de m\u00e2t sont fabriqu\u00e9s selon un proc\u00e9d\u00e9 complexe.","robots":{"index":"index","follow":"follow","max-snippet":"max-snippet:-1","max-image-preview":"max-image-preview:large","max-video-preview":"max-video-preview:-1"},"canonical":"https:\/\/libre-landyachting.com\/fr\/produkt\/elements-de-mat\/","og_locale":"fr_FR","og_type":"article","og_title":"Pi\u00e8ces de m\u00e2t \u00ab s\u00e9rie Micro Race \u00bb - Libre Landyachting GmbH","og_description":"Chaque char \u00e0 voile n\u00e9cessite un m\u00e2t. Nos \u00e9l\u00e9ments de m\u00e2t sont fabriqu\u00e9s selon un proc\u00e9d\u00e9 complexe.","og_url":"https:\/\/libre-landyachting.com\/fr\/produkt\/elements-de-mat\/","og_site_name":"Libre Landyachting GmbH","article_publisher":"https:\/\/www.facebook.com\/people\/Libre-Landyachting\/pfbid02fhfnbcv4FQYqTSDhT7KRNjiXGxNtW95eVQF1VPZ8ootCwXEph3ZyL6yGzXudLjsfl\/","article_modified_time":"2026-03-16T08:09:28+00:00","og_image":[{"width":1500,"height":1500,"url":"https:\/\/libre-landyachting.com\/wp-content\/uploads\/2025\/02\/Mastteil-1-3-1.png","type":"image\/png"}],"twitter_card":"summary_large_image","twitter_misc":{"Dur\u00e9e de lecture estim\u00e9e":"1 minute"},"schema":{"@context":"https:\/\/schema.org","@graph":[{"@type":"WebPage","@id":"https:\/\/libre-landyachting.com\/fr\/produkt\/elements-de-mat\/","url":"https:\/\/libre-landyachting.com\/fr\/produkt\/elements-de-mat\/","name":"Pi\u00e8ces de m\u00e2t \u00ab s\u00e9rie Micro Race \u00bb - Libre Landyachting GmbH","isPartOf":{"@id":"https:\/\/libre-landyachting.com\/fr\/#website"},"primaryImageOfPage":{"@id":"https:\/\/libre-landyachting.com\/fr\/produkt\/elements-de-mat\/#primaryimage"},"image":{"@id":"https:\/\/libre-landyachting.com\/fr\/produkt\/elements-de-mat\/#primaryimage"},"thumbnailUrl":"https:\/\/libre-landyachting.com\/wp-content\/uploads\/2025\/02\/Mastteil-1-3-1.png","datePublished":"2022-12-28T10:43:48+00:00","dateModified":"2026-03-16T08:09:28+00:00","description":"Chaque char \u00e0 voile n\u00e9cessite un m\u00e2t. Nos \u00e9l\u00e9ments de m\u00e2t sont fabriqu\u00e9s selon un proc\u00e9d\u00e9 complexe.","breadcrumb":{"@id":"https:\/\/libre-landyachting.com\/fr\/produkt\/elements-de-mat\/#breadcrumb"},"inLanguage":"fr-FR","potentialAction":[{"@type":"ReadAction","target":["https:\/\/libre-landyachting.com\/fr\/produkt\/elements-de-mat\/"]}]},{"@type":"ImageObject","inLanguage":"fr-FR","@id":"https:\/\/libre-landyachting.com\/fr\/produkt\/elements-de-mat\/#primaryimage","url":"https:\/\/libre-landyachting.com\/wp-content\/uploads\/2025\/02\/Mastteil-1-3-1.png","contentUrl":"https:\/\/libre-landyachting.com\/wp-content\/uploads\/2025\/02\/Mastteil-1-3-1.png","width":1500,"height":1500},{"@type":"BreadcrumbList","@id":"https:\/\/libre-landyachting.com\/fr\/produkt\/elements-de-mat\/#breadcrumb","itemListElement":[{"@type":"ListItem","position":1,"name":"Startseite","item":"https:\/\/libre-landyachting.com\/fr\/"},{"@type":"ListItem","position":2,"name":"Boutique","item":"https:\/\/libre-landyachting.com\/fr\/boutique\/"},{"@type":"ListItem","position":3,"name":"Pi\u00e8ces de m\u00e2t \u00ab s\u00e9rie Micro Race \u00bb"}]},{"@type":"WebSite","@id":"https:\/\/libre-landyachting.com\/fr\/#website","url":"https:\/\/libre-landyachting.com\/fr\/","name":"Libre Landyachting GmbH","description":"","publisher":{"@id":"https:\/\/libre-landyachting.com\/fr\/#organization"},"potentialAction":[{"@type":"SearchAction","target":{"@type":"EntryPoint","urlTemplate":"https:\/\/libre-landyachting.com\/fr\/?s={search_term_string}"},"query-input":{"@type":"PropertyValueSpecification","valueRequired":true,"valueName":"search_term_string"}}],"inLanguage":"fr-FR"},{"@type":"Organization","@id":"https:\/\/libre-landyachting.com\/fr\/#organization","name":"Libre Landyachting GmbH","url":"https:\/\/libre-landyachting.com\/fr\/","logo":{"@type":"ImageObject","inLanguage":"fr-FR","@id":"https:\/\/libre-landyachting.com\/fr\/#\/schema\/logo\/image\/","url":"https:\/\/libre-landyachting.com\/wp-content\/uploads\/2025\/02\/cropped-70283994.png","contentUrl":"https:\/\/libre-landyachting.com\/wp-content\/uploads\/2025\/02\/cropped-70283994.png","width":512,"height":512,"caption":"Libre Landyachting GmbH"},"image":{"@id":"https:\/\/libre-landyachting.com\/fr\/#\/schema\/logo\/image\/"},"sameAs":["https:\/\/www.facebook.com\/people\/Libre-Landyachting\/pfbid02fhfnbcv4FQYqTSDhT7KRNjiXGxNtW95eVQF1VPZ8ootCwXEph3ZyL6yGzXudLjsfl\/","https:\/\/www.instagram.com\/libre_landyachting_\/"]}]}},"jetpack_sharing_enabled":true,"_links":{"self":[{"href":"https:\/\/libre-landyachting.com\/fr\/wp-json\/wp\/v2\/product\/4747","targetHints":{"allow":["GET"]}}],"collection":[{"href":"https:\/\/libre-landyachting.com\/fr\/wp-json\/wp\/v2\/product"}],"about":[{"href":"https:\/\/libre-landyachting.com\/fr\/wp-json\/wp\/v2\/types\/product"}],"wp:featuredmedia":[{"embeddable":true,"href":"https:\/\/libre-landyachting.com\/fr\/wp-json\/wp\/v2\/media\/3294"}],"wp:attachment":[{"href":"https:\/\/libre-landyachting.com\/fr\/wp-json\/wp\/v2\/media?parent=4747"}],"wp:term":[{"taxonomy":"product_brand","embeddable":true,"href":"https:\/\/libre-landyachting.com\/fr\/wp-json\/wp\/v2\/product_brand?post=4747"},{"taxonomy":"product_cat","embeddable":true,"href":"https:\/\/libre-landyachting.com\/fr\/wp-json\/wp\/v2\/product_cat?post=4747"},{"taxonomy":"product_tag","embeddable":true,"href":"https:\/\/libre-landyachting.com\/fr\/wp-json\/wp\/v2\/product_tag?post=4747"}],"curies":[{"name":"wp","href":"https:\/\/api.w.org\/{rel}","templated":true}]}}