{"id":4767,"date":"2022-12-23T15:33:33","date_gmt":"2022-12-23T14:33:33","guid":{"rendered":"https:\/\/libre-landyachting.com\/produkt\/articulation-en-caoutchouc-pour-barre-de-direction\/"},"modified":"2026-01-21T21:48:53","modified_gmt":"2026-01-21T20:48:53","slug":"articulation-en-caoutchouc-pour-barre-de-direction","status":"publish","type":"product","link":"https:\/\/libre-landyachting.com\/fr\/produkt\/articulation-en-caoutchouc-pour-barre-de-direction\/","title":{"rendered":"Articulation en caoutchouc pour barre de direction"},"content":{"rendered":"\n<p>L&rsquo;articulation en caoutchouc assure le contr\u00f4le via la barre de direction. Deux articulations en caoutchouc sont n\u00e9cessaires par barre de direction. Les sangles de s\u00e9curit\u00e9 disponibles en suppl\u00e9ment offrent une protection additionnelle \u00e0 l&rsquo;articulation en caoutchouc.  <\/p>\n","protected":false},"excerpt":{"rendered":"<ul>\n<li>Articulation en caoutchouc dur pour un contr\u00f4le pr\u00e9cis du char \u00e0 voile<\/li>\n<li>Installation ais\u00e9e dans la barre de direction<\/li>\n<li>Deux articulations en caoutchouc sont requises par barre de direction<\/li>\n<\/ul>\n","protected":false},"featured_media":5639,"template":"","meta":{"_acf_changed":false,"_eb_attr":""},"product_brand":[],"product_cat":[1124,1058],"product_tag":[],"class_list":{"0":"post-4767","1":"product","2":"type-product","3":"status-publish","4":"has-post-thumbnail","6":"product_cat-autres-pieces-de-rechange","7":"product_cat-petites-pieces","9":"first","10":"instock","11":"taxable","12":"shipping-taxable","13":"purchasable","14":"product-type-simple"},"acf":[],"yoast_head":"<!-- This site is optimized with the Yoast SEO plugin v27.2 - https:\/\/yoast.com\/product\/yoast-seo-wordpress\/ -->\n<title>Articulation en caoutchouc pour barre de direction - Libre Landyachting GmbH<\/title>\n<meta name=\"description\" content=\"Le joint en caoutchouc assure la direction via la barre de direction. 2 joints en caoutchouc sont n\u00e9cessaires par barre de direction.\" \/>\n<meta name=\"robots\" content=\"index, follow, max-snippet:-1, max-image-preview:large, max-video-preview:-1\" \/>\n<link rel=\"canonical\" href=\"https:\/\/libre-landyachting.com\/fr\/produkt\/articulation-en-caoutchouc-pour-barre-de-direction\/\" \/>\n<meta property=\"og:locale\" content=\"fr_FR\" \/>\n<meta property=\"og:type\" content=\"article\" \/>\n<meta property=\"og:title\" content=\"Articulation en caoutchouc pour barre de direction - Libre Landyachting GmbH\" \/>\n<meta property=\"og:description\" content=\"Le joint en caoutchouc assure la direction via la barre de direction. 2 joints en caoutchouc sont n\u00e9cessaires par barre de direction.\" \/>\n<meta property=\"og:url\" content=\"https:\/\/libre-landyachting.com\/fr\/produkt\/articulation-en-caoutchouc-pour-barre-de-direction\/\" \/>\n<meta property=\"og:site_name\" content=\"Libre Landyachting GmbH\" \/>\n<meta property=\"article:publisher\" content=\"https:\/\/www.facebook.com\/people\/Libre-Landyachting\/pfbid02fhfnbcv4FQYqTSDhT7KRNjiXGxNtW95eVQF1VPZ8ootCwXEph3ZyL6yGzXudLjsfl\/\" \/>\n<meta property=\"article:modified_time\" content=\"2026-01-21T20:48:53+00:00\" \/>\n<meta property=\"og:image\" content=\"https:\/\/libre-landyachting.com\/wp-content\/uploads\/2022\/12\/Gummigelenk-gelb.png\" \/>\n\t<meta property=\"og:image:width\" content=\"1500\" \/>\n\t<meta property=\"og:image:height\" content=\"1500\" \/>\n\t<meta property=\"og:image:type\" content=\"image\/png\" \/>\n<meta name=\"twitter:card\" content=\"summary_large_image\" \/>\n<script type=\"application\/ld+json\" class=\"yoast-schema-graph\">{\"@context\":\"https:\/\/schema.org\",\"@graph\":[{\"@type\":\"WebPage\",\"@id\":\"https:\/\/libre-landyachting.com\/fr\/produkt\/articulation-en-caoutchouc-pour-barre-de-direction\/\",\"url\":\"https:\/\/libre-landyachting.com\/fr\/produkt\/articulation-en-caoutchouc-pour-barre-de-direction\/\",\"name\":\"Articulation en caoutchouc pour barre de direction - Libre Landyachting GmbH\",\"isPartOf\":{\"@id\":\"https:\/\/libre-landyachting.com\/fr\/#website\"},\"primaryImageOfPage\":{\"@id\":\"https:\/\/libre-landyachting.com\/fr\/produkt\/articulation-en-caoutchouc-pour-barre-de-direction\/#primaryimage\"},\"image\":{\"@id\":\"https:\/\/libre-landyachting.com\/fr\/produkt\/articulation-en-caoutchouc-pour-barre-de-direction\/#primaryimage\"},\"thumbnailUrl\":\"https:\/\/libre-landyachting.com\/wp-content\/uploads\/2022\/12\/Gummigelenk-gelb.png\",\"datePublished\":\"2022-12-23T14:33:33+00:00\",\"dateModified\":\"2026-01-21T20:48:53+00:00\",\"description\":\"Le joint en caoutchouc assure la direction via la barre de direction. 2 joints en caoutchouc sont n\u00e9cessaires par barre de direction.\",\"breadcrumb\":{\"@id\":\"https:\/\/libre-landyachting.com\/fr\/produkt\/articulation-en-caoutchouc-pour-barre-de-direction\/#breadcrumb\"},\"inLanguage\":\"fr-FR\",\"potentialAction\":[{\"@type\":\"ReadAction\",\"target\":[\"https:\/\/libre-landyachting.com\/fr\/produkt\/articulation-en-caoutchouc-pour-barre-de-direction\/\"]}]},{\"@type\":\"ImageObject\",\"inLanguage\":\"fr-FR\",\"@id\":\"https:\/\/libre-landyachting.com\/fr\/produkt\/articulation-en-caoutchouc-pour-barre-de-direction\/#primaryimage\",\"url\":\"https:\/\/libre-landyachting.com\/wp-content\/uploads\/2022\/12\/Gummigelenk-gelb.png\",\"contentUrl\":\"https:\/\/libre-landyachting.com\/wp-content\/uploads\/2022\/12\/Gummigelenk-gelb.png\",\"width\":1500,\"height\":1500},{\"@type\":\"BreadcrumbList\",\"@id\":\"https:\/\/libre-landyachting.com\/fr\/produkt\/articulation-en-caoutchouc-pour-barre-de-direction\/#breadcrumb\",\"itemListElement\":[{\"@type\":\"ListItem\",\"position\":1,\"name\":\"Startseite\",\"item\":\"https:\/\/libre-landyachting.com\/fr\/\"},{\"@type\":\"ListItem\",\"position\":2,\"name\":\"Boutique\",\"item\":\"https:\/\/libre-landyachting.com\/fr\/boutique\/\"},{\"@type\":\"ListItem\",\"position\":3,\"name\":\"Articulation en caoutchouc pour barre de direction\"}]},{\"@type\":\"WebSite\",\"@id\":\"https:\/\/libre-landyachting.com\/fr\/#website\",\"url\":\"https:\/\/libre-landyachting.com\/fr\/\",\"name\":\"Libre Landyachting GmbH\",\"description\":\"\",\"publisher\":{\"@id\":\"https:\/\/libre-landyachting.com\/fr\/#organization\"},\"potentialAction\":[{\"@type\":\"SearchAction\",\"target\":{\"@type\":\"EntryPoint\",\"urlTemplate\":\"https:\/\/libre-landyachting.com\/fr\/?s={search_term_string}\"},\"query-input\":{\"@type\":\"PropertyValueSpecification\",\"valueRequired\":true,\"valueName\":\"search_term_string\"}}],\"inLanguage\":\"fr-FR\"},{\"@type\":\"Organization\",\"@id\":\"https:\/\/libre-landyachting.com\/fr\/#organization\",\"name\":\"Libre Landyachting GmbH\",\"url\":\"https:\/\/libre-landyachting.com\/fr\/\",\"logo\":{\"@type\":\"ImageObject\",\"inLanguage\":\"fr-FR\",\"@id\":\"https:\/\/libre-landyachting.com\/fr\/#\/schema\/logo\/image\/\",\"url\":\"https:\/\/libre-landyachting.com\/wp-content\/uploads\/2025\/02\/cropped-70283994.png\",\"contentUrl\":\"https:\/\/libre-landyachting.com\/wp-content\/uploads\/2025\/02\/cropped-70283994.png\",\"width\":512,\"height\":512,\"caption\":\"Libre Landyachting GmbH\"},\"image\":{\"@id\":\"https:\/\/libre-landyachting.com\/fr\/#\/schema\/logo\/image\/\"},\"sameAs\":[\"https:\/\/www.facebook.com\/people\/Libre-Landyachting\/pfbid02fhfnbcv4FQYqTSDhT7KRNjiXGxNtW95eVQF1VPZ8ootCwXEph3ZyL6yGzXudLjsfl\/\",\"https:\/\/www.instagram.com\/libre_landyachting_\/\"]}]}<\/script>\n<!-- \/ Yoast SEO plugin. -->","yoast_head_json":{"title":"Articulation en caoutchouc pour barre de direction - Libre Landyachting GmbH","description":"Le joint en caoutchouc assure la direction via la barre de direction. 2 joints en caoutchouc sont n\u00e9cessaires par barre de direction.","robots":{"index":"index","follow":"follow","max-snippet":"max-snippet:-1","max-image-preview":"max-image-preview:large","max-video-preview":"max-video-preview:-1"},"canonical":"https:\/\/libre-landyachting.com\/fr\/produkt\/articulation-en-caoutchouc-pour-barre-de-direction\/","og_locale":"fr_FR","og_type":"article","og_title":"Articulation en caoutchouc pour barre de direction - Libre Landyachting GmbH","og_description":"Le joint en caoutchouc assure la direction via la barre de direction. 2 joints en caoutchouc sont n\u00e9cessaires par barre de direction.","og_url":"https:\/\/libre-landyachting.com\/fr\/produkt\/articulation-en-caoutchouc-pour-barre-de-direction\/","og_site_name":"Libre Landyachting GmbH","article_publisher":"https:\/\/www.facebook.com\/people\/Libre-Landyachting\/pfbid02fhfnbcv4FQYqTSDhT7KRNjiXGxNtW95eVQF1VPZ8ootCwXEph3ZyL6yGzXudLjsfl\/","article_modified_time":"2026-01-21T20:48:53+00:00","og_image":[{"width":1500,"height":1500,"url":"https:\/\/libre-landyachting.com\/wp-content\/uploads\/2022\/12\/Gummigelenk-gelb.png","type":"image\/png"}],"twitter_card":"summary_large_image","schema":{"@context":"https:\/\/schema.org","@graph":[{"@type":"WebPage","@id":"https:\/\/libre-landyachting.com\/fr\/produkt\/articulation-en-caoutchouc-pour-barre-de-direction\/","url":"https:\/\/libre-landyachting.com\/fr\/produkt\/articulation-en-caoutchouc-pour-barre-de-direction\/","name":"Articulation en caoutchouc pour barre de direction - Libre Landyachting GmbH","isPartOf":{"@id":"https:\/\/libre-landyachting.com\/fr\/#website"},"primaryImageOfPage":{"@id":"https:\/\/libre-landyachting.com\/fr\/produkt\/articulation-en-caoutchouc-pour-barre-de-direction\/#primaryimage"},"image":{"@id":"https:\/\/libre-landyachting.com\/fr\/produkt\/articulation-en-caoutchouc-pour-barre-de-direction\/#primaryimage"},"thumbnailUrl":"https:\/\/libre-landyachting.com\/wp-content\/uploads\/2022\/12\/Gummigelenk-gelb.png","datePublished":"2022-12-23T14:33:33+00:00","dateModified":"2026-01-21T20:48:53+00:00","description":"Le joint en caoutchouc assure la direction via la barre de direction. 2 joints en caoutchouc sont n\u00e9cessaires par barre de direction.","breadcrumb":{"@id":"https:\/\/libre-landyachting.com\/fr\/produkt\/articulation-en-caoutchouc-pour-barre-de-direction\/#breadcrumb"},"inLanguage":"fr-FR","potentialAction":[{"@type":"ReadAction","target":["https:\/\/libre-landyachting.com\/fr\/produkt\/articulation-en-caoutchouc-pour-barre-de-direction\/"]}]},{"@type":"ImageObject","inLanguage":"fr-FR","@id":"https:\/\/libre-landyachting.com\/fr\/produkt\/articulation-en-caoutchouc-pour-barre-de-direction\/#primaryimage","url":"https:\/\/libre-landyachting.com\/wp-content\/uploads\/2022\/12\/Gummigelenk-gelb.png","contentUrl":"https:\/\/libre-landyachting.com\/wp-content\/uploads\/2022\/12\/Gummigelenk-gelb.png","width":1500,"height":1500},{"@type":"BreadcrumbList","@id":"https:\/\/libre-landyachting.com\/fr\/produkt\/articulation-en-caoutchouc-pour-barre-de-direction\/#breadcrumb","itemListElement":[{"@type":"ListItem","position":1,"name":"Startseite","item":"https:\/\/libre-landyachting.com\/fr\/"},{"@type":"ListItem","position":2,"name":"Boutique","item":"https:\/\/libre-landyachting.com\/fr\/boutique\/"},{"@type":"ListItem","position":3,"name":"Articulation en caoutchouc pour barre de direction"}]},{"@type":"WebSite","@id":"https:\/\/libre-landyachting.com\/fr\/#website","url":"https:\/\/libre-landyachting.com\/fr\/","name":"Libre Landyachting GmbH","description":"","publisher":{"@id":"https:\/\/libre-landyachting.com\/fr\/#organization"},"potentialAction":[{"@type":"SearchAction","target":{"@type":"EntryPoint","urlTemplate":"https:\/\/libre-landyachting.com\/fr\/?s={search_term_string}"},"query-input":{"@type":"PropertyValueSpecification","valueRequired":true,"valueName":"search_term_string"}}],"inLanguage":"fr-FR"},{"@type":"Organization","@id":"https:\/\/libre-landyachting.com\/fr\/#organization","name":"Libre Landyachting GmbH","url":"https:\/\/libre-landyachting.com\/fr\/","logo":{"@type":"ImageObject","inLanguage":"fr-FR","@id":"https:\/\/libre-landyachting.com\/fr\/#\/schema\/logo\/image\/","url":"https:\/\/libre-landyachting.com\/wp-content\/uploads\/2025\/02\/cropped-70283994.png","contentUrl":"https:\/\/libre-landyachting.com\/wp-content\/uploads\/2025\/02\/cropped-70283994.png","width":512,"height":512,"caption":"Libre Landyachting GmbH"},"image":{"@id":"https:\/\/libre-landyachting.com\/fr\/#\/schema\/logo\/image\/"},"sameAs":["https:\/\/www.facebook.com\/people\/Libre-Landyachting\/pfbid02fhfnbcv4FQYqTSDhT7KRNjiXGxNtW95eVQF1VPZ8ootCwXEph3ZyL6yGzXudLjsfl\/","https:\/\/www.instagram.com\/libre_landyachting_\/"]}]}},"jetpack_sharing_enabled":true,"_links":{"self":[{"href":"https:\/\/libre-landyachting.com\/fr\/wp-json\/wp\/v2\/product\/4767","targetHints":{"allow":["GET"]}}],"collection":[{"href":"https:\/\/libre-landyachting.com\/fr\/wp-json\/wp\/v2\/product"}],"about":[{"href":"https:\/\/libre-landyachting.com\/fr\/wp-json\/wp\/v2\/types\/product"}],"wp:featuredmedia":[{"embeddable":true,"href":"https:\/\/libre-landyachting.com\/fr\/wp-json\/wp\/v2\/media\/5639"}],"wp:attachment":[{"href":"https:\/\/libre-landyachting.com\/fr\/wp-json\/wp\/v2\/media?parent=4767"}],"wp:term":[{"taxonomy":"product_brand","embeddable":true,"href":"https:\/\/libre-landyachting.com\/fr\/wp-json\/wp\/v2\/product_brand?post=4767"},{"taxonomy":"product_cat","embeddable":true,"href":"https:\/\/libre-landyachting.com\/fr\/wp-json\/wp\/v2\/product_cat?post=4767"},{"taxonomy":"product_tag","embeddable":true,"href":"https:\/\/libre-landyachting.com\/fr\/wp-json\/wp\/v2\/product_tag?post=4767"}],"curies":[{"name":"wp","href":"https:\/\/api.w.org\/{rel}","templated":true}]}}