{"id":5601,"date":"2025-06-25T10:54:35","date_gmt":"2025-06-25T08:54:35","guid":{"rendered":"https:\/\/libre-landyachting.com\/?post_type=product&#038;p=5601"},"modified":"2026-01-05T21:08:15","modified_gmt":"2026-01-05T20:08:15","slug":"big-foot-light-duro-kopie","status":"publish","type":"product","link":"https:\/\/libre-landyachting.com\/fr\/produkt\/big-foot-light-duro-kopie\/","title":{"rendered":"Big Foot Light, Kenda avec rainures"},"content":{"rendered":"&#13;\n<p>La roue Big Foot Light est livr\u00e9e compl\u00e8te avec jante en plastique et pneu avec rainures.  <\/p>&#13;\n\r\n<ul class=\"wp-block-list\">&#13;\n<li>Convient pour les essieux arri\u00e8re de tous les chars \u00e0 voile et buggys<\/li>&#13;\n\r\n\r\n&#13;\n<li>Convient \u00e0 la fourche avant des mod\u00e8les Big v. Micro Race et des buggies Zebra.<\/li>&#13;\n<\/ul>\r\n&#13;\n<p>\u00a0<\/p>&#13;\n\r\n<figure class=\"wp-block-embed is-type-video is-provider-vimeo wp-block-embed-vimeo wp-embed-aspect-16-9 wp-has-aspect-ratio\">\r\n<div class=\"wp-block-embed__wrapper\">https:\/\/vimeo.com\/1111588526<\/div>\r\n<\/figure>\r\n","protected":false},"excerpt":{"rendered":"<ul>\n<li>Pneu avec profil \u00e0 rainures <\/li>\n<li>Convient pour fourche Big v. Micro Race &amp; Zebra Buggy<\/li>\n<li>incl. Douille int\u00e9rieure et roulements \u00e0 billes au choix <\/li>\n<li>Diam\u00e8tre d&rsquo;essieu de 20 mm<\/li>\n<li>Poids 7,5 kg\n<p><strong><span style=\"box-sizing: border-box; caret-color: #555555; color: #555555; font-family: Roboto; font-size: 20.799999px;\">Faites d\u00e9filer vers le bas pour voir la vid\u00e9o \u00ab&nbsp;Changement de roulement&nbsp;\u00bb<\/span><\/strong><\/li>\n<\/ul>\n<p>&nbsp;<\/p>\n","protected":false},"featured_media":5631,"template":"","meta":{"_acf_changed":false,"_eb_attr":""},"product_brand":[],"product_cat":[1176,1177],"product_tag":[1614,1615],"class_list":{"0":"post-5601","1":"product","2":"type-product","3":"status-publish","4":"has-post-thumbnail","6":"product_cat-roues-completes","7":"product_cat-roues-completes-fr","8":"product_tag-big-foot-light-fr","9":"product_tag-rainures","11":"first","12":"instock","13":"taxable","14":"shipping-taxable","15":"purchasable","16":"product-type-variable","17":"has-default-attributes"},"acf":[],"yoast_head":"<!-- This site is optimized with the Yoast SEO plugin v27.2 - https:\/\/yoast.com\/product\/yoast-seo-wordpress\/ -->\n<title>Big Foot Light, Kenda avec rainures - Libre Landyachting GmbH<\/title>\n<meta name=\"description\" content=\"La roue Big Foot Light est livr\u00e9e compl\u00e8te, incluant la jante en plastique, la chambre \u00e0 air et le pneu, avec ou sans rainures.\" \/>\n<meta name=\"robots\" content=\"index, follow, max-snippet:-1, max-image-preview:large, max-video-preview:-1\" \/>\n<link rel=\"canonical\" href=\"https:\/\/libre-landyachting.com\/fr\/produkt\/big-foot-light-duro-kopie\/\" \/>\n<meta property=\"og:locale\" content=\"fr_FR\" \/>\n<meta property=\"og:type\" content=\"article\" \/>\n<meta property=\"og:title\" content=\"Big Foot Light, Kenda avec rainures - Libre Landyachting GmbH\" \/>\n<meta property=\"og:description\" content=\"La roue Big Foot Light est livr\u00e9e compl\u00e8te, incluant la jante en plastique, la chambre \u00e0 air et le pneu, avec ou sans rainures.\" \/>\n<meta property=\"og:url\" content=\"https:\/\/libre-landyachting.com\/fr\/produkt\/big-foot-light-duro-kopie\/\" \/>\n<meta property=\"og:site_name\" content=\"Libre Landyachting GmbH\" \/>\n<meta property=\"article:publisher\" content=\"https:\/\/www.facebook.com\/people\/Libre-Landyachting\/pfbid02fhfnbcv4FQYqTSDhT7KRNjiXGxNtW95eVQF1VPZ8ootCwXEph3ZyL6yGzXudLjsfl\/\" \/>\n<meta property=\"article:modified_time\" content=\"2026-01-05T20:08:15+00:00\" \/>\n<meta property=\"og:image\" content=\"https:\/\/libre-landyachting.com\/wp-content\/uploads\/2025\/06\/BFL-Kenda-9-Rillen-Massangaben.png\" \/>\n\t<meta property=\"og:image:width\" content=\"1500\" \/>\n\t<meta property=\"og:image:height\" content=\"1500\" \/>\n\t<meta property=\"og:image:type\" content=\"image\/png\" \/>\n<meta name=\"twitter:card\" content=\"summary_large_image\" \/>\n<script type=\"application\/ld+json\" class=\"yoast-schema-graph\">{\"@context\":\"https:\/\/schema.org\",\"@graph\":[{\"@type\":\"WebPage\",\"@id\":\"https:\/\/libre-landyachting.com\/fr\/produkt\/big-foot-light-duro-kopie\/\",\"url\":\"https:\/\/libre-landyachting.com\/fr\/produkt\/big-foot-light-duro-kopie\/\",\"name\":\"Big Foot Light, Kenda avec rainures - Libre Landyachting GmbH\",\"isPartOf\":{\"@id\":\"https:\/\/libre-landyachting.com\/fr\/#website\"},\"primaryImageOfPage\":{\"@id\":\"https:\/\/libre-landyachting.com\/fr\/produkt\/big-foot-light-duro-kopie\/#primaryimage\"},\"image\":{\"@id\":\"https:\/\/libre-landyachting.com\/fr\/produkt\/big-foot-light-duro-kopie\/#primaryimage\"},\"thumbnailUrl\":\"https:\/\/libre-landyachting.com\/wp-content\/uploads\/2025\/06\/BFL-Kenda-9-Rillen-Massangaben.png\",\"datePublished\":\"2025-06-25T08:54:35+00:00\",\"dateModified\":\"2026-01-05T20:08:15+00:00\",\"description\":\"La roue Big Foot Light est livr\u00e9e compl\u00e8te, incluant la jante en plastique, la chambre \u00e0 air et le pneu, avec ou sans rainures.\",\"breadcrumb\":{\"@id\":\"https:\/\/libre-landyachting.com\/fr\/produkt\/big-foot-light-duro-kopie\/#breadcrumb\"},\"inLanguage\":\"fr-FR\",\"potentialAction\":[{\"@type\":\"ReadAction\",\"target\":[\"https:\/\/libre-landyachting.com\/fr\/produkt\/big-foot-light-duro-kopie\/\"]}]},{\"@type\":\"ImageObject\",\"inLanguage\":\"fr-FR\",\"@id\":\"https:\/\/libre-landyachting.com\/fr\/produkt\/big-foot-light-duro-kopie\/#primaryimage\",\"url\":\"https:\/\/libre-landyachting.com\/wp-content\/uploads\/2025\/06\/BFL-Kenda-9-Rillen-Massangaben.png\",\"contentUrl\":\"https:\/\/libre-landyachting.com\/wp-content\/uploads\/2025\/06\/BFL-Kenda-9-Rillen-Massangaben.png\",\"width\":1500,\"height\":1500},{\"@type\":\"BreadcrumbList\",\"@id\":\"https:\/\/libre-landyachting.com\/fr\/produkt\/big-foot-light-duro-kopie\/#breadcrumb\",\"itemListElement\":[{\"@type\":\"ListItem\",\"position\":1,\"name\":\"Startseite\",\"item\":\"https:\/\/libre-landyachting.com\/fr\/\"},{\"@type\":\"ListItem\",\"position\":2,\"name\":\"Boutique\",\"item\":\"https:\/\/libre-landyachting.com\/fr\/boutique\/\"},{\"@type\":\"ListItem\",\"position\":3,\"name\":\"Big Foot Light, Kenda avec rainures\"}]},{\"@type\":\"WebSite\",\"@id\":\"https:\/\/libre-landyachting.com\/fr\/#website\",\"url\":\"https:\/\/libre-landyachting.com\/fr\/\",\"name\":\"Libre Landyachting GmbH\",\"description\":\"\",\"publisher\":{\"@id\":\"https:\/\/libre-landyachting.com\/fr\/#organization\"},\"potentialAction\":[{\"@type\":\"SearchAction\",\"target\":{\"@type\":\"EntryPoint\",\"urlTemplate\":\"https:\/\/libre-landyachting.com\/fr\/?s={search_term_string}\"},\"query-input\":{\"@type\":\"PropertyValueSpecification\",\"valueRequired\":true,\"valueName\":\"search_term_string\"}}],\"inLanguage\":\"fr-FR\"},{\"@type\":\"Organization\",\"@id\":\"https:\/\/libre-landyachting.com\/fr\/#organization\",\"name\":\"Libre Landyachting GmbH\",\"url\":\"https:\/\/libre-landyachting.com\/fr\/\",\"logo\":{\"@type\":\"ImageObject\",\"inLanguage\":\"fr-FR\",\"@id\":\"https:\/\/libre-landyachting.com\/fr\/#\/schema\/logo\/image\/\",\"url\":\"https:\/\/libre-landyachting.com\/wp-content\/uploads\/2025\/02\/cropped-70283994.png\",\"contentUrl\":\"https:\/\/libre-landyachting.com\/wp-content\/uploads\/2025\/02\/cropped-70283994.png\",\"width\":512,\"height\":512,\"caption\":\"Libre Landyachting GmbH\"},\"image\":{\"@id\":\"https:\/\/libre-landyachting.com\/fr\/#\/schema\/logo\/image\/\"},\"sameAs\":[\"https:\/\/www.facebook.com\/people\/Libre-Landyachting\/pfbid02fhfnbcv4FQYqTSDhT7KRNjiXGxNtW95eVQF1VPZ8ootCwXEph3ZyL6yGzXudLjsfl\/\",\"https:\/\/www.instagram.com\/libre_landyachting_\/\"]}]}<\/script>\n<!-- \/ Yoast SEO plugin. -->","yoast_head_json":{"title":"Big Foot Light, Kenda avec rainures - Libre Landyachting GmbH","description":"La roue Big Foot Light est livr\u00e9e compl\u00e8te, incluant la jante en plastique, la chambre \u00e0 air et le pneu, avec ou sans rainures.","robots":{"index":"index","follow":"follow","max-snippet":"max-snippet:-1","max-image-preview":"max-image-preview:large","max-video-preview":"max-video-preview:-1"},"canonical":"https:\/\/libre-landyachting.com\/fr\/produkt\/big-foot-light-duro-kopie\/","og_locale":"fr_FR","og_type":"article","og_title":"Big Foot Light, Kenda avec rainures - Libre Landyachting GmbH","og_description":"La roue Big Foot Light est livr\u00e9e compl\u00e8te, incluant la jante en plastique, la chambre \u00e0 air et le pneu, avec ou sans rainures.","og_url":"https:\/\/libre-landyachting.com\/fr\/produkt\/big-foot-light-duro-kopie\/","og_site_name":"Libre Landyachting GmbH","article_publisher":"https:\/\/www.facebook.com\/people\/Libre-Landyachting\/pfbid02fhfnbcv4FQYqTSDhT7KRNjiXGxNtW95eVQF1VPZ8ootCwXEph3ZyL6yGzXudLjsfl\/","article_modified_time":"2026-01-05T20:08:15+00:00","og_image":[{"width":1500,"height":1500,"url":"https:\/\/libre-landyachting.com\/wp-content\/uploads\/2025\/06\/BFL-Kenda-9-Rillen-Massangaben.png","type":"image\/png"}],"twitter_card":"summary_large_image","schema":{"@context":"https:\/\/schema.org","@graph":[{"@type":"WebPage","@id":"https:\/\/libre-landyachting.com\/fr\/produkt\/big-foot-light-duro-kopie\/","url":"https:\/\/libre-landyachting.com\/fr\/produkt\/big-foot-light-duro-kopie\/","name":"Big Foot Light, Kenda avec rainures - Libre Landyachting GmbH","isPartOf":{"@id":"https:\/\/libre-landyachting.com\/fr\/#website"},"primaryImageOfPage":{"@id":"https:\/\/libre-landyachting.com\/fr\/produkt\/big-foot-light-duro-kopie\/#primaryimage"},"image":{"@id":"https:\/\/libre-landyachting.com\/fr\/produkt\/big-foot-light-duro-kopie\/#primaryimage"},"thumbnailUrl":"https:\/\/libre-landyachting.com\/wp-content\/uploads\/2025\/06\/BFL-Kenda-9-Rillen-Massangaben.png","datePublished":"2025-06-25T08:54:35+00:00","dateModified":"2026-01-05T20:08:15+00:00","description":"La roue Big Foot Light est livr\u00e9e compl\u00e8te, incluant la jante en plastique, la chambre \u00e0 air et le pneu, avec ou sans rainures.","breadcrumb":{"@id":"https:\/\/libre-landyachting.com\/fr\/produkt\/big-foot-light-duro-kopie\/#breadcrumb"},"inLanguage":"fr-FR","potentialAction":[{"@type":"ReadAction","target":["https:\/\/libre-landyachting.com\/fr\/produkt\/big-foot-light-duro-kopie\/"]}]},{"@type":"ImageObject","inLanguage":"fr-FR","@id":"https:\/\/libre-landyachting.com\/fr\/produkt\/big-foot-light-duro-kopie\/#primaryimage","url":"https:\/\/libre-landyachting.com\/wp-content\/uploads\/2025\/06\/BFL-Kenda-9-Rillen-Massangaben.png","contentUrl":"https:\/\/libre-landyachting.com\/wp-content\/uploads\/2025\/06\/BFL-Kenda-9-Rillen-Massangaben.png","width":1500,"height":1500},{"@type":"BreadcrumbList","@id":"https:\/\/libre-landyachting.com\/fr\/produkt\/big-foot-light-duro-kopie\/#breadcrumb","itemListElement":[{"@type":"ListItem","position":1,"name":"Startseite","item":"https:\/\/libre-landyachting.com\/fr\/"},{"@type":"ListItem","position":2,"name":"Boutique","item":"https:\/\/libre-landyachting.com\/fr\/boutique\/"},{"@type":"ListItem","position":3,"name":"Big Foot Light, Kenda avec rainures"}]},{"@type":"WebSite","@id":"https:\/\/libre-landyachting.com\/fr\/#website","url":"https:\/\/libre-landyachting.com\/fr\/","name":"Libre Landyachting GmbH","description":"","publisher":{"@id":"https:\/\/libre-landyachting.com\/fr\/#organization"},"potentialAction":[{"@type":"SearchAction","target":{"@type":"EntryPoint","urlTemplate":"https:\/\/libre-landyachting.com\/fr\/?s={search_term_string}"},"query-input":{"@type":"PropertyValueSpecification","valueRequired":true,"valueName":"search_term_string"}}],"inLanguage":"fr-FR"},{"@type":"Organization","@id":"https:\/\/libre-landyachting.com\/fr\/#organization","name":"Libre Landyachting GmbH","url":"https:\/\/libre-landyachting.com\/fr\/","logo":{"@type":"ImageObject","inLanguage":"fr-FR","@id":"https:\/\/libre-landyachting.com\/fr\/#\/schema\/logo\/image\/","url":"https:\/\/libre-landyachting.com\/wp-content\/uploads\/2025\/02\/cropped-70283994.png","contentUrl":"https:\/\/libre-landyachting.com\/wp-content\/uploads\/2025\/02\/cropped-70283994.png","width":512,"height":512,"caption":"Libre Landyachting GmbH"},"image":{"@id":"https:\/\/libre-landyachting.com\/fr\/#\/schema\/logo\/image\/"},"sameAs":["https:\/\/www.facebook.com\/people\/Libre-Landyachting\/pfbid02fhfnbcv4FQYqTSDhT7KRNjiXGxNtW95eVQF1VPZ8ootCwXEph3ZyL6yGzXudLjsfl\/","https:\/\/www.instagram.com\/libre_landyachting_\/"]}]}},"jetpack_sharing_enabled":true,"_links":{"self":[{"href":"https:\/\/libre-landyachting.com\/fr\/wp-json\/wp\/v2\/product\/5601","targetHints":{"allow":["GET"]}}],"collection":[{"href":"https:\/\/libre-landyachting.com\/fr\/wp-json\/wp\/v2\/product"}],"about":[{"href":"https:\/\/libre-landyachting.com\/fr\/wp-json\/wp\/v2\/types\/product"}],"wp:featuredmedia":[{"embeddable":true,"href":"https:\/\/libre-landyachting.com\/fr\/wp-json\/wp\/v2\/media\/5631"}],"wp:attachment":[{"href":"https:\/\/libre-landyachting.com\/fr\/wp-json\/wp\/v2\/media?parent=5601"}],"wp:term":[{"taxonomy":"product_brand","embeddable":true,"href":"https:\/\/libre-landyachting.com\/fr\/wp-json\/wp\/v2\/product_brand?post=5601"},{"taxonomy":"product_cat","embeddable":true,"href":"https:\/\/libre-landyachting.com\/fr\/wp-json\/wp\/v2\/product_cat?post=5601"},{"taxonomy":"product_tag","embeddable":true,"href":"https:\/\/libre-landyachting.com\/fr\/wp-json\/wp\/v2\/product_tag?post=5601"}],"curies":[{"name":"wp","href":"https:\/\/api.w.org\/{rel}","templated":true}]}}