{"id":5643,"date":"2025-07-03T11:53:49","date_gmt":"2025-07-03T09:53:49","guid":{"rendered":"https:\/\/libre-landyachting.com\/?post_type=product&#038;p=5643"},"modified":"2026-03-31T16:12:13","modified_gmt":"2026-03-31T14:12:13","slug":"barre-de-traction-en-deux-parties-kopie","status":"publish","type":"product","link":"https:\/\/libre-landyachting.com\/fr\/produkt\/barre-de-traction-en-deux-parties-kopie\/","title":{"rendered":"Barre de traction buggy, divisible"},"content":{"rendered":"&#13;\n<p>Sur le chemin du parking \u00e0 la plage, surtout en descente, rien n&rsquo;est plus utile qu&rsquo;une barre de traction.<\/p>&#13;\n&#13;\n<p>Gr\u00e2ce \u00e0 sa taille divisible, la tige de traction peut \u00eatre rang\u00e9e de mani\u00e8re peu encombrante et se monte rapidement et est pr\u00eate \u00e0 l&#8217;emploi gr\u00e2ce aux deux \u00e9crous papillon.<\/p>&#13;\n&#13;\n<p>\u00a0<\/p>&#13;\n&#13;\n<p><strong>Le \u00ab Must Have \u00bb pour tout pilote de kite buggy.<\/strong><\/p>&#13;\n&#13;\n<p>Convient aux roues avant de brouette, Midi, Big Foot Light et Big Foot, disponible en deux versions.<\/p>&#13;\n\r\n<div class=\"wp-block-media-text is-stacked-on-mobile\">\r\n<figure class=\"wp-block-media-text__media\"><img loading=\"lazy\" decoding=\"async\" width=\"1024\" height=\"683\" class=\"wp-image-5657 size-full\" src=\"https:\/\/libre-landyachting.com\/wp-content\/uploads\/2025\/07\/Tandem-1024x683.jpg\" alt=\"\" srcset=\"https:\/\/libre-landyachting.com\/wp-content\/uploads\/2025\/07\/Tandem-1024x683.jpg 1024w, https:\/\/libre-landyachting.com\/wp-content\/uploads\/2025\/07\/Tandem-2048x1365.jpg 2048w, https:\/\/libre-landyachting.com\/wp-content\/uploads\/2025\/07\/Tandem-540x360.jpg 540w, https:\/\/libre-landyachting.com\/wp-content\/uploads\/2025\/07\/Tandem-300x200.jpg 300w, https:\/\/libre-landyachting.com\/wp-content\/uploads\/2025\/07\/Tandem-768x512.jpg 768w, https:\/\/libre-landyachting.com\/wp-content\/uploads\/2025\/07\/Tandem-1536x1024.jpg 1536w, https:\/\/libre-landyachting.com\/wp-content\/uploads\/2025\/07\/Tandem-900x600.jpg 900w\" sizes=\"auto, (max-width: 1024px) 100vw, 1024px\" \/><\/figure>\r\n<div class=\"wp-block-media-text__content\">&#13;\n<p><strong><mark class=\"has-inline-color has-lib-thunderbird-color\" style=\"background-color: rgba(0, 0, 0, 0);\">Et le meilleur : vous pouvez utiliser la partie inf\u00e9rieure de la barre de traction comme <a href=\"https:\/\/libre-landyachting.com\/fr\/produkt\/attelage-tandem\/\" target=\"_blank\" rel=\"noreferrer noopener\">attelage de remorque<\/a>. <\/mark><\/strong><\/p>&#13;\n<\/div>\r\n<\/div>\r\n","protected":false},"excerpt":{"rendered":"<ul>\n<li>convient pour brouette, Midi, Big Foot Light<\/li>\n<li>Finition : rev\u00eatement en poudre ou acier inoxydable<\/li>\n<li>Divis\u00e9 en deux, transport et stockage peu encombrants<\/li>\n<li>partie inf\u00e9rieure utilisable pour attelage de remorque<\/li>\n<li>montage rapide <\/li>\n<\/ul>\n","protected":false},"featured_media":3510,"template":"","meta":{"_acf_changed":false,"_eb_attr":""},"product_brand":[],"product_cat":[1711],"product_tag":[1660,1658],"class_list":{"0":"post-5643","1":"product","2":"type-product","3":"status-publish","4":"has-post-thumbnail","6":"product_cat-buggy-accessoires-fr","7":"product_tag-fourche-de-traction-manuelle","8":"product_tag-timon-dattelage","9":"pa_ausfuehrung-acier-inoxydable","10":"pa_ausfuehrung-revetement-en-poudre","12":"first","13":"instock","14":"taxable","15":"shipping-taxable","16":"purchasable","17":"product-type-variable","18":"has-default-attributes"},"acf":[],"yoast_head":"<!-- This site is optimized with the Yoast SEO plugin v27.2 - https:\/\/yoast.com\/product\/yoast-seo-wordpress\/ -->\n<title>Barre de traction buggy, divisible - Libre Landyachting GmbH<\/title>\n<meta name=\"description\" content=\"Barre de traction en inox, en 2 parties, pour char \u00e0 voile. Montage rapide. Essentielle.\" \/>\n<meta name=\"robots\" content=\"index, follow, max-snippet:-1, max-image-preview:large, max-video-preview:-1\" \/>\n<link rel=\"canonical\" href=\"https:\/\/libre-landyachting.com\/fr\/produkt\/barre-de-traction-en-deux-parties-kopie\/\" \/>\n<meta property=\"og:locale\" content=\"fr_FR\" \/>\n<meta property=\"og:type\" content=\"article\" \/>\n<meta property=\"og:title\" content=\"Barre de traction buggy, divisible - Libre Landyachting GmbH\" \/>\n<meta property=\"og:description\" content=\"Barre de traction en inox, en 2 parties, pour char \u00e0 voile. Montage rapide. Essentielle.\" \/>\n<meta property=\"og:url\" content=\"https:\/\/libre-landyachting.com\/fr\/produkt\/barre-de-traction-en-deux-parties-kopie\/\" \/>\n<meta property=\"og:site_name\" content=\"Libre Landyachting GmbH\" \/>\n<meta property=\"article:publisher\" content=\"https:\/\/www.facebook.com\/people\/Libre-Landyachting\/pfbid02fhfnbcv4FQYqTSDhT7KRNjiXGxNtW95eVQF1VPZ8ootCwXEph3ZyL6yGzXudLjsfl\/\" \/>\n<meta property=\"article:modified_time\" content=\"2026-03-31T14:12:13+00:00\" \/>\n<meta property=\"og:image\" content=\"https:\/\/libre-landyachting.com\/wp-content\/uploads\/2025\/03\/Zugstange-Zebra-teilbar-Edelstahl.png\" \/>\n\t<meta property=\"og:image:width\" content=\"1500\" \/>\n\t<meta property=\"og:image:height\" content=\"1500\" \/>\n\t<meta property=\"og:image:type\" content=\"image\/png\" \/>\n<meta name=\"twitter:card\" content=\"summary_large_image\" \/>\n<script type=\"application\/ld+json\" class=\"yoast-schema-graph\">{\"@context\":\"https:\/\/schema.org\",\"@graph\":[{\"@type\":\"WebPage\",\"@id\":\"https:\/\/libre-landyachting.com\/fr\/produkt\/barre-de-traction-en-deux-parties-kopie\/\",\"url\":\"https:\/\/libre-landyachting.com\/fr\/produkt\/barre-de-traction-en-deux-parties-kopie\/\",\"name\":\"Barre de traction buggy, divisible - Libre Landyachting GmbH\",\"isPartOf\":{\"@id\":\"https:\/\/libre-landyachting.com\/fr\/#website\"},\"primaryImageOfPage\":{\"@id\":\"https:\/\/libre-landyachting.com\/fr\/produkt\/barre-de-traction-en-deux-parties-kopie\/#primaryimage\"},\"image\":{\"@id\":\"https:\/\/libre-landyachting.com\/fr\/produkt\/barre-de-traction-en-deux-parties-kopie\/#primaryimage\"},\"thumbnailUrl\":\"https:\/\/libre-landyachting.com\/wp-content\/uploads\/2025\/03\/Zugstange-Zebra-teilbar-Edelstahl.png\",\"datePublished\":\"2025-07-03T09:53:49+00:00\",\"dateModified\":\"2026-03-31T14:12:13+00:00\",\"description\":\"Barre de traction en inox, en 2 parties, pour char \u00e0 voile. Montage rapide. Essentielle.\",\"breadcrumb\":{\"@id\":\"https:\/\/libre-landyachting.com\/fr\/produkt\/barre-de-traction-en-deux-parties-kopie\/#breadcrumb\"},\"inLanguage\":\"fr-FR\",\"potentialAction\":[{\"@type\":\"ReadAction\",\"target\":[\"https:\/\/libre-landyachting.com\/fr\/produkt\/barre-de-traction-en-deux-parties-kopie\/\"]}]},{\"@type\":\"ImageObject\",\"inLanguage\":\"fr-FR\",\"@id\":\"https:\/\/libre-landyachting.com\/fr\/produkt\/barre-de-traction-en-deux-parties-kopie\/#primaryimage\",\"url\":\"https:\/\/libre-landyachting.com\/wp-content\/uploads\/2025\/03\/Zugstange-Zebra-teilbar-Edelstahl.png\",\"contentUrl\":\"https:\/\/libre-landyachting.com\/wp-content\/uploads\/2025\/03\/Zugstange-Zebra-teilbar-Edelstahl.png\",\"width\":1500,\"height\":1500},{\"@type\":\"BreadcrumbList\",\"@id\":\"https:\/\/libre-landyachting.com\/fr\/produkt\/barre-de-traction-en-deux-parties-kopie\/#breadcrumb\",\"itemListElement\":[{\"@type\":\"ListItem\",\"position\":1,\"name\":\"Startseite\",\"item\":\"https:\/\/libre-landyachting.com\/fr\/\"},{\"@type\":\"ListItem\",\"position\":2,\"name\":\"Boutique\",\"item\":\"https:\/\/libre-landyachting.com\/fr\/boutique\/\"},{\"@type\":\"ListItem\",\"position\":3,\"name\":\"Barre de traction buggy, divisible\"}]},{\"@type\":\"WebSite\",\"@id\":\"https:\/\/libre-landyachting.com\/fr\/#website\",\"url\":\"https:\/\/libre-landyachting.com\/fr\/\",\"name\":\"Libre Landyachting GmbH\",\"description\":\"\",\"publisher\":{\"@id\":\"https:\/\/libre-landyachting.com\/fr\/#organization\"},\"potentialAction\":[{\"@type\":\"SearchAction\",\"target\":{\"@type\":\"EntryPoint\",\"urlTemplate\":\"https:\/\/libre-landyachting.com\/fr\/?s={search_term_string}\"},\"query-input\":{\"@type\":\"PropertyValueSpecification\",\"valueRequired\":true,\"valueName\":\"search_term_string\"}}],\"inLanguage\":\"fr-FR\"},{\"@type\":\"Organization\",\"@id\":\"https:\/\/libre-landyachting.com\/fr\/#organization\",\"name\":\"Libre Landyachting GmbH\",\"url\":\"https:\/\/libre-landyachting.com\/fr\/\",\"logo\":{\"@type\":\"ImageObject\",\"inLanguage\":\"fr-FR\",\"@id\":\"https:\/\/libre-landyachting.com\/fr\/#\/schema\/logo\/image\/\",\"url\":\"https:\/\/libre-landyachting.com\/wp-content\/uploads\/2025\/02\/cropped-70283994.png\",\"contentUrl\":\"https:\/\/libre-landyachting.com\/wp-content\/uploads\/2025\/02\/cropped-70283994.png\",\"width\":512,\"height\":512,\"caption\":\"Libre Landyachting GmbH\"},\"image\":{\"@id\":\"https:\/\/libre-landyachting.com\/fr\/#\/schema\/logo\/image\/\"},\"sameAs\":[\"https:\/\/www.facebook.com\/people\/Libre-Landyachting\/pfbid02fhfnbcv4FQYqTSDhT7KRNjiXGxNtW95eVQF1VPZ8ootCwXEph3ZyL6yGzXudLjsfl\/\",\"https:\/\/www.instagram.com\/libre_landyachting_\/\"]}]}<\/script>\n<!-- \/ Yoast SEO plugin. -->","yoast_head_json":{"title":"Barre de traction buggy, divisible - Libre Landyachting GmbH","description":"Barre de traction en inox, en 2 parties, pour char \u00e0 voile. Montage rapide. Essentielle.","robots":{"index":"index","follow":"follow","max-snippet":"max-snippet:-1","max-image-preview":"max-image-preview:large","max-video-preview":"max-video-preview:-1"},"canonical":"https:\/\/libre-landyachting.com\/fr\/produkt\/barre-de-traction-en-deux-parties-kopie\/","og_locale":"fr_FR","og_type":"article","og_title":"Barre de traction buggy, divisible - Libre Landyachting GmbH","og_description":"Barre de traction en inox, en 2 parties, pour char \u00e0 voile. Montage rapide. Essentielle.","og_url":"https:\/\/libre-landyachting.com\/fr\/produkt\/barre-de-traction-en-deux-parties-kopie\/","og_site_name":"Libre Landyachting GmbH","article_publisher":"https:\/\/www.facebook.com\/people\/Libre-Landyachting\/pfbid02fhfnbcv4FQYqTSDhT7KRNjiXGxNtW95eVQF1VPZ8ootCwXEph3ZyL6yGzXudLjsfl\/","article_modified_time":"2026-03-31T14:12:13+00:00","og_image":[{"width":1500,"height":1500,"url":"https:\/\/libre-landyachting.com\/wp-content\/uploads\/2025\/03\/Zugstange-Zebra-teilbar-Edelstahl.png","type":"image\/png"}],"twitter_card":"summary_large_image","schema":{"@context":"https:\/\/schema.org","@graph":[{"@type":"WebPage","@id":"https:\/\/libre-landyachting.com\/fr\/produkt\/barre-de-traction-en-deux-parties-kopie\/","url":"https:\/\/libre-landyachting.com\/fr\/produkt\/barre-de-traction-en-deux-parties-kopie\/","name":"Barre de traction buggy, divisible - Libre Landyachting GmbH","isPartOf":{"@id":"https:\/\/libre-landyachting.com\/fr\/#website"},"primaryImageOfPage":{"@id":"https:\/\/libre-landyachting.com\/fr\/produkt\/barre-de-traction-en-deux-parties-kopie\/#primaryimage"},"image":{"@id":"https:\/\/libre-landyachting.com\/fr\/produkt\/barre-de-traction-en-deux-parties-kopie\/#primaryimage"},"thumbnailUrl":"https:\/\/libre-landyachting.com\/wp-content\/uploads\/2025\/03\/Zugstange-Zebra-teilbar-Edelstahl.png","datePublished":"2025-07-03T09:53:49+00:00","dateModified":"2026-03-31T14:12:13+00:00","description":"Barre de traction en inox, en 2 parties, pour char \u00e0 voile. Montage rapide. Essentielle.","breadcrumb":{"@id":"https:\/\/libre-landyachting.com\/fr\/produkt\/barre-de-traction-en-deux-parties-kopie\/#breadcrumb"},"inLanguage":"fr-FR","potentialAction":[{"@type":"ReadAction","target":["https:\/\/libre-landyachting.com\/fr\/produkt\/barre-de-traction-en-deux-parties-kopie\/"]}]},{"@type":"ImageObject","inLanguage":"fr-FR","@id":"https:\/\/libre-landyachting.com\/fr\/produkt\/barre-de-traction-en-deux-parties-kopie\/#primaryimage","url":"https:\/\/libre-landyachting.com\/wp-content\/uploads\/2025\/03\/Zugstange-Zebra-teilbar-Edelstahl.png","contentUrl":"https:\/\/libre-landyachting.com\/wp-content\/uploads\/2025\/03\/Zugstange-Zebra-teilbar-Edelstahl.png","width":1500,"height":1500},{"@type":"BreadcrumbList","@id":"https:\/\/libre-landyachting.com\/fr\/produkt\/barre-de-traction-en-deux-parties-kopie\/#breadcrumb","itemListElement":[{"@type":"ListItem","position":1,"name":"Startseite","item":"https:\/\/libre-landyachting.com\/fr\/"},{"@type":"ListItem","position":2,"name":"Boutique","item":"https:\/\/libre-landyachting.com\/fr\/boutique\/"},{"@type":"ListItem","position":3,"name":"Barre de traction buggy, divisible"}]},{"@type":"WebSite","@id":"https:\/\/libre-landyachting.com\/fr\/#website","url":"https:\/\/libre-landyachting.com\/fr\/","name":"Libre Landyachting GmbH","description":"","publisher":{"@id":"https:\/\/libre-landyachting.com\/fr\/#organization"},"potentialAction":[{"@type":"SearchAction","target":{"@type":"EntryPoint","urlTemplate":"https:\/\/libre-landyachting.com\/fr\/?s={search_term_string}"},"query-input":{"@type":"PropertyValueSpecification","valueRequired":true,"valueName":"search_term_string"}}],"inLanguage":"fr-FR"},{"@type":"Organization","@id":"https:\/\/libre-landyachting.com\/fr\/#organization","name":"Libre Landyachting GmbH","url":"https:\/\/libre-landyachting.com\/fr\/","logo":{"@type":"ImageObject","inLanguage":"fr-FR","@id":"https:\/\/libre-landyachting.com\/fr\/#\/schema\/logo\/image\/","url":"https:\/\/libre-landyachting.com\/wp-content\/uploads\/2025\/02\/cropped-70283994.png","contentUrl":"https:\/\/libre-landyachting.com\/wp-content\/uploads\/2025\/02\/cropped-70283994.png","width":512,"height":512,"caption":"Libre Landyachting GmbH"},"image":{"@id":"https:\/\/libre-landyachting.com\/fr\/#\/schema\/logo\/image\/"},"sameAs":["https:\/\/www.facebook.com\/people\/Libre-Landyachting\/pfbid02fhfnbcv4FQYqTSDhT7KRNjiXGxNtW95eVQF1VPZ8ootCwXEph3ZyL6yGzXudLjsfl\/","https:\/\/www.instagram.com\/libre_landyachting_\/"]}]}},"jetpack_sharing_enabled":true,"_links":{"self":[{"href":"https:\/\/libre-landyachting.com\/fr\/wp-json\/wp\/v2\/product\/5643","targetHints":{"allow":["GET"]}}],"collection":[{"href":"https:\/\/libre-landyachting.com\/fr\/wp-json\/wp\/v2\/product"}],"about":[{"href":"https:\/\/libre-landyachting.com\/fr\/wp-json\/wp\/v2\/types\/product"}],"wp:featuredmedia":[{"embeddable":true,"href":"https:\/\/libre-landyachting.com\/fr\/wp-json\/wp\/v2\/media\/3510"}],"wp:attachment":[{"href":"https:\/\/libre-landyachting.com\/fr\/wp-json\/wp\/v2\/media?parent=5643"}],"wp:term":[{"taxonomy":"product_brand","embeddable":true,"href":"https:\/\/libre-landyachting.com\/fr\/wp-json\/wp\/v2\/product_brand?post=5643"},{"taxonomy":"product_cat","embeddable":true,"href":"https:\/\/libre-landyachting.com\/fr\/wp-json\/wp\/v2\/product_cat?post=5643"},{"taxonomy":"product_tag","embeddable":true,"href":"https:\/\/libre-landyachting.com\/fr\/wp-json\/wp\/v2\/product_tag?post=5643"}],"curies":[{"name":"wp","href":"https:\/\/api.w.org\/{rel}","templated":true}]}}