{"id":5987,"date":"2025-08-18T10:13:35","date_gmt":"2025-08-18T08:13:35","guid":{"rendered":"https:\/\/libre-landyachting.com\/?post_type=product&#038;p=5987"},"modified":"2026-03-16T09:09:28","modified_gmt":"2026-03-16T08:09:28","slug":"elements-de-mat-kopie","status":"publish","type":"product","link":"https:\/\/libre-landyachting.com\/fr\/produkt\/elements-de-mat-kopie\/","title":{"rendered":"Pi\u00e8ces de m\u00e2t \u00ab Fun Glider \u00bb"},"content":{"rendered":"","protected":false},"excerpt":{"rendered":"<p><strong>Pi\u00e8ces de m\u00e2t en aluminium n\u00e9cessaires pour les voiles Fun Glider<\/strong><\/p>\n<ul>\n<li>Sections de m\u00e2t n\u00b0 1 et 2 ( <strong>renforc\u00e9es)<\/strong> pour toutes les tailles de voiles<\/li>\n<li>section de m\u00e2t suppl\u00e9mentaire n\u00b0 3, M (110 cm) pour voile de 3,1 m\u00b2<\/li>\n<li>section de m\u00e2t suppl\u00e9mentaire n\u00b0 3, L (150 cm) pour voile de 4,2 m\u00b2<\/li>\n<li>De plus, section de m\u00e2t n\u00b0 4, M (110 cm) pour une voile de 6,0 m\u00b2<\/li>\n<li>De plus, section de m\u00e2t n\u00b0 4, L (150 cm) pour une voile de 7,9 m\u00b2<\/li>\n<\/ul>\n","protected":false},"featured_media":3294,"template":"","meta":{"_acf_changed":false,"_eb_attr":""},"product_brand":[],"product_cat":[1324],"product_tag":[2159,1940],"class_list":{"0":"post-5987","1":"product","2":"type-product","3":"status-publish","4":"has-post-thumbnail","6":"product_cat-mat-bome","7":"product_tag-promotion-de-paques","8":"product_tag-tes","10":"first","11":"instock","12":"taxable","13":"shipping-taxable","14":"purchasable","15":"product-type-variable"},"acf":[],"yoast_head":"<!-- This site is optimized with the Yoast SEO plugin v27.2 - https:\/\/yoast.com\/product\/yoast-seo-wordpress\/ -->\n<title>Pi\u00e8ces de m\u00e2t \u00ab Fun Glider \u00bb - Libre Landyachting GmbH<\/title>\n<meta name=\"description\" content=\"Chaque char \u00e0 voile n\u00e9cessite un m\u00e2t. Nos \u00e9l\u00e9ments de m\u00e2t sont fabriqu\u00e9s selon un proc\u00e9d\u00e9 complexe.\" \/>\n<meta name=\"robots\" content=\"index, follow, max-snippet:-1, max-image-preview:large, max-video-preview:-1\" \/>\n<link rel=\"canonical\" href=\"https:\/\/libre-landyachting.com\/fr\/produkt\/elements-de-mat-kopie\/\" \/>\n<meta property=\"og:locale\" content=\"fr_FR\" \/>\n<meta property=\"og:type\" content=\"article\" \/>\n<meta property=\"og:title\" content=\"Pi\u00e8ces de m\u00e2t \u00ab Fun Glider \u00bb - Libre Landyachting GmbH\" \/>\n<meta property=\"og:description\" content=\"Chaque char \u00e0 voile n\u00e9cessite un m\u00e2t. Nos \u00e9l\u00e9ments de m\u00e2t sont fabriqu\u00e9s selon un proc\u00e9d\u00e9 complexe.\" \/>\n<meta property=\"og:url\" content=\"https:\/\/libre-landyachting.com\/fr\/produkt\/elements-de-mat-kopie\/\" \/>\n<meta property=\"og:site_name\" content=\"Libre Landyachting GmbH\" \/>\n<meta property=\"article:publisher\" content=\"https:\/\/www.facebook.com\/people\/Libre-Landyachting\/pfbid02fhfnbcv4FQYqTSDhT7KRNjiXGxNtW95eVQF1VPZ8ootCwXEph3ZyL6yGzXudLjsfl\/\" \/>\n<meta property=\"article:modified_time\" content=\"2026-03-16T08:09:28+00:00\" \/>\n<meta property=\"og:image\" content=\"https:\/\/libre-landyachting.com\/wp-content\/uploads\/2025\/02\/Mastteil-1-3-1.png\" \/>\n\t<meta property=\"og:image:width\" content=\"1500\" \/>\n\t<meta property=\"og:image:height\" content=\"1500\" \/>\n\t<meta property=\"og:image:type\" content=\"image\/png\" \/>\n<meta name=\"twitter:card\" content=\"summary_large_image\" \/>\n<script type=\"application\/ld+json\" class=\"yoast-schema-graph\">{\"@context\":\"https:\/\/schema.org\",\"@graph\":[{\"@type\":\"WebPage\",\"@id\":\"https:\/\/libre-landyachting.com\/fr\/produkt\/elements-de-mat-kopie\/\",\"url\":\"https:\/\/libre-landyachting.com\/fr\/produkt\/elements-de-mat-kopie\/\",\"name\":\"Pi\u00e8ces de m\u00e2t \u00ab Fun Glider \u00bb - Libre Landyachting GmbH\",\"isPartOf\":{\"@id\":\"https:\/\/libre-landyachting.com\/fr\/#website\"},\"primaryImageOfPage\":{\"@id\":\"https:\/\/libre-landyachting.com\/fr\/produkt\/elements-de-mat-kopie\/#primaryimage\"},\"image\":{\"@id\":\"https:\/\/libre-landyachting.com\/fr\/produkt\/elements-de-mat-kopie\/#primaryimage\"},\"thumbnailUrl\":\"https:\/\/libre-landyachting.com\/wp-content\/uploads\/2025\/02\/Mastteil-1-3-1.png\",\"datePublished\":\"2025-08-18T08:13:35+00:00\",\"dateModified\":\"2026-03-16T08:09:28+00:00\",\"description\":\"Chaque char \u00e0 voile n\u00e9cessite un m\u00e2t. Nos \u00e9l\u00e9ments de m\u00e2t sont fabriqu\u00e9s selon un proc\u00e9d\u00e9 complexe.\",\"breadcrumb\":{\"@id\":\"https:\/\/libre-landyachting.com\/fr\/produkt\/elements-de-mat-kopie\/#breadcrumb\"},\"inLanguage\":\"fr-FR\",\"potentialAction\":[{\"@type\":\"ReadAction\",\"target\":[\"https:\/\/libre-landyachting.com\/fr\/produkt\/elements-de-mat-kopie\/\"]}]},{\"@type\":\"ImageObject\",\"inLanguage\":\"fr-FR\",\"@id\":\"https:\/\/libre-landyachting.com\/fr\/produkt\/elements-de-mat-kopie\/#primaryimage\",\"url\":\"https:\/\/libre-landyachting.com\/wp-content\/uploads\/2025\/02\/Mastteil-1-3-1.png\",\"contentUrl\":\"https:\/\/libre-landyachting.com\/wp-content\/uploads\/2025\/02\/Mastteil-1-3-1.png\",\"width\":1500,\"height\":1500},{\"@type\":\"BreadcrumbList\",\"@id\":\"https:\/\/libre-landyachting.com\/fr\/produkt\/elements-de-mat-kopie\/#breadcrumb\",\"itemListElement\":[{\"@type\":\"ListItem\",\"position\":1,\"name\":\"Startseite\",\"item\":\"https:\/\/libre-landyachting.com\/fr\/\"},{\"@type\":\"ListItem\",\"position\":2,\"name\":\"Boutique\",\"item\":\"https:\/\/libre-landyachting.com\/fr\/boutique\/\"},{\"@type\":\"ListItem\",\"position\":3,\"name\":\"Pi\u00e8ces de m\u00e2t \u00ab Fun Glider \u00bb\"}]},{\"@type\":\"WebSite\",\"@id\":\"https:\/\/libre-landyachting.com\/fr\/#website\",\"url\":\"https:\/\/libre-landyachting.com\/fr\/\",\"name\":\"Libre Landyachting GmbH\",\"description\":\"\",\"publisher\":{\"@id\":\"https:\/\/libre-landyachting.com\/fr\/#organization\"},\"potentialAction\":[{\"@type\":\"SearchAction\",\"target\":{\"@type\":\"EntryPoint\",\"urlTemplate\":\"https:\/\/libre-landyachting.com\/fr\/?s={search_term_string}\"},\"query-input\":{\"@type\":\"PropertyValueSpecification\",\"valueRequired\":true,\"valueName\":\"search_term_string\"}}],\"inLanguage\":\"fr-FR\"},{\"@type\":\"Organization\",\"@id\":\"https:\/\/libre-landyachting.com\/fr\/#organization\",\"name\":\"Libre Landyachting GmbH\",\"url\":\"https:\/\/libre-landyachting.com\/fr\/\",\"logo\":{\"@type\":\"ImageObject\",\"inLanguage\":\"fr-FR\",\"@id\":\"https:\/\/libre-landyachting.com\/fr\/#\/schema\/logo\/image\/\",\"url\":\"https:\/\/libre-landyachting.com\/wp-content\/uploads\/2025\/02\/cropped-70283994.png\",\"contentUrl\":\"https:\/\/libre-landyachting.com\/wp-content\/uploads\/2025\/02\/cropped-70283994.png\",\"width\":512,\"height\":512,\"caption\":\"Libre Landyachting GmbH\"},\"image\":{\"@id\":\"https:\/\/libre-landyachting.com\/fr\/#\/schema\/logo\/image\/\"},\"sameAs\":[\"https:\/\/www.facebook.com\/people\/Libre-Landyachting\/pfbid02fhfnbcv4FQYqTSDhT7KRNjiXGxNtW95eVQF1VPZ8ootCwXEph3ZyL6yGzXudLjsfl\/\",\"https:\/\/www.instagram.com\/libre_landyachting_\/\"]}]}<\/script>\n<!-- \/ Yoast SEO plugin. -->","yoast_head_json":{"title":"Pi\u00e8ces de m\u00e2t \u00ab Fun Glider \u00bb - Libre Landyachting GmbH","description":"Chaque char \u00e0 voile n\u00e9cessite un m\u00e2t. Nos \u00e9l\u00e9ments de m\u00e2t sont fabriqu\u00e9s selon un proc\u00e9d\u00e9 complexe.","robots":{"index":"index","follow":"follow","max-snippet":"max-snippet:-1","max-image-preview":"max-image-preview:large","max-video-preview":"max-video-preview:-1"},"canonical":"https:\/\/libre-landyachting.com\/fr\/produkt\/elements-de-mat-kopie\/","og_locale":"fr_FR","og_type":"article","og_title":"Pi\u00e8ces de m\u00e2t \u00ab Fun Glider \u00bb - Libre Landyachting GmbH","og_description":"Chaque char \u00e0 voile n\u00e9cessite un m\u00e2t. Nos \u00e9l\u00e9ments de m\u00e2t sont fabriqu\u00e9s selon un proc\u00e9d\u00e9 complexe.","og_url":"https:\/\/libre-landyachting.com\/fr\/produkt\/elements-de-mat-kopie\/","og_site_name":"Libre Landyachting GmbH","article_publisher":"https:\/\/www.facebook.com\/people\/Libre-Landyachting\/pfbid02fhfnbcv4FQYqTSDhT7KRNjiXGxNtW95eVQF1VPZ8ootCwXEph3ZyL6yGzXudLjsfl\/","article_modified_time":"2026-03-16T08:09:28+00:00","og_image":[{"width":1500,"height":1500,"url":"https:\/\/libre-landyachting.com\/wp-content\/uploads\/2025\/02\/Mastteil-1-3-1.png","type":"image\/png"}],"twitter_card":"summary_large_image","schema":{"@context":"https:\/\/schema.org","@graph":[{"@type":"WebPage","@id":"https:\/\/libre-landyachting.com\/fr\/produkt\/elements-de-mat-kopie\/","url":"https:\/\/libre-landyachting.com\/fr\/produkt\/elements-de-mat-kopie\/","name":"Pi\u00e8ces de m\u00e2t \u00ab Fun Glider \u00bb - Libre Landyachting GmbH","isPartOf":{"@id":"https:\/\/libre-landyachting.com\/fr\/#website"},"primaryImageOfPage":{"@id":"https:\/\/libre-landyachting.com\/fr\/produkt\/elements-de-mat-kopie\/#primaryimage"},"image":{"@id":"https:\/\/libre-landyachting.com\/fr\/produkt\/elements-de-mat-kopie\/#primaryimage"},"thumbnailUrl":"https:\/\/libre-landyachting.com\/wp-content\/uploads\/2025\/02\/Mastteil-1-3-1.png","datePublished":"2025-08-18T08:13:35+00:00","dateModified":"2026-03-16T08:09:28+00:00","description":"Chaque char \u00e0 voile n\u00e9cessite un m\u00e2t. Nos \u00e9l\u00e9ments de m\u00e2t sont fabriqu\u00e9s selon un proc\u00e9d\u00e9 complexe.","breadcrumb":{"@id":"https:\/\/libre-landyachting.com\/fr\/produkt\/elements-de-mat-kopie\/#breadcrumb"},"inLanguage":"fr-FR","potentialAction":[{"@type":"ReadAction","target":["https:\/\/libre-landyachting.com\/fr\/produkt\/elements-de-mat-kopie\/"]}]},{"@type":"ImageObject","inLanguage":"fr-FR","@id":"https:\/\/libre-landyachting.com\/fr\/produkt\/elements-de-mat-kopie\/#primaryimage","url":"https:\/\/libre-landyachting.com\/wp-content\/uploads\/2025\/02\/Mastteil-1-3-1.png","contentUrl":"https:\/\/libre-landyachting.com\/wp-content\/uploads\/2025\/02\/Mastteil-1-3-1.png","width":1500,"height":1500},{"@type":"BreadcrumbList","@id":"https:\/\/libre-landyachting.com\/fr\/produkt\/elements-de-mat-kopie\/#breadcrumb","itemListElement":[{"@type":"ListItem","position":1,"name":"Startseite","item":"https:\/\/libre-landyachting.com\/fr\/"},{"@type":"ListItem","position":2,"name":"Boutique","item":"https:\/\/libre-landyachting.com\/fr\/boutique\/"},{"@type":"ListItem","position":3,"name":"Pi\u00e8ces de m\u00e2t \u00ab Fun Glider \u00bb"}]},{"@type":"WebSite","@id":"https:\/\/libre-landyachting.com\/fr\/#website","url":"https:\/\/libre-landyachting.com\/fr\/","name":"Libre Landyachting GmbH","description":"","publisher":{"@id":"https:\/\/libre-landyachting.com\/fr\/#organization"},"potentialAction":[{"@type":"SearchAction","target":{"@type":"EntryPoint","urlTemplate":"https:\/\/libre-landyachting.com\/fr\/?s={search_term_string}"},"query-input":{"@type":"PropertyValueSpecification","valueRequired":true,"valueName":"search_term_string"}}],"inLanguage":"fr-FR"},{"@type":"Organization","@id":"https:\/\/libre-landyachting.com\/fr\/#organization","name":"Libre Landyachting GmbH","url":"https:\/\/libre-landyachting.com\/fr\/","logo":{"@type":"ImageObject","inLanguage":"fr-FR","@id":"https:\/\/libre-landyachting.com\/fr\/#\/schema\/logo\/image\/","url":"https:\/\/libre-landyachting.com\/wp-content\/uploads\/2025\/02\/cropped-70283994.png","contentUrl":"https:\/\/libre-landyachting.com\/wp-content\/uploads\/2025\/02\/cropped-70283994.png","width":512,"height":512,"caption":"Libre Landyachting GmbH"},"image":{"@id":"https:\/\/libre-landyachting.com\/fr\/#\/schema\/logo\/image\/"},"sameAs":["https:\/\/www.facebook.com\/people\/Libre-Landyachting\/pfbid02fhfnbcv4FQYqTSDhT7KRNjiXGxNtW95eVQF1VPZ8ootCwXEph3ZyL6yGzXudLjsfl\/","https:\/\/www.instagram.com\/libre_landyachting_\/"]}]}},"jetpack_sharing_enabled":true,"_links":{"self":[{"href":"https:\/\/libre-landyachting.com\/fr\/wp-json\/wp\/v2\/product\/5987","targetHints":{"allow":["GET"]}}],"collection":[{"href":"https:\/\/libre-landyachting.com\/fr\/wp-json\/wp\/v2\/product"}],"about":[{"href":"https:\/\/libre-landyachting.com\/fr\/wp-json\/wp\/v2\/types\/product"}],"wp:featuredmedia":[{"embeddable":true,"href":"https:\/\/libre-landyachting.com\/fr\/wp-json\/wp\/v2\/media\/3294"}],"wp:attachment":[{"href":"https:\/\/libre-landyachting.com\/fr\/wp-json\/wp\/v2\/media?parent=5987"}],"wp:term":[{"taxonomy":"product_brand","embeddable":true,"href":"https:\/\/libre-landyachting.com\/fr\/wp-json\/wp\/v2\/product_brand?post=5987"},{"taxonomy":"product_cat","embeddable":true,"href":"https:\/\/libre-landyachting.com\/fr\/wp-json\/wp\/v2\/product_cat?post=5987"},{"taxonomy":"product_tag","embeddable":true,"href":"https:\/\/libre-landyachting.com\/fr\/wp-json\/wp\/v2\/product_tag?post=5987"}],"curies":[{"name":"wp","href":"https:\/\/api.w.org\/{rel}","templated":true}]}}