{"id":6078,"date":"2025-08-14T11:32:39","date_gmt":"2025-08-14T09:32:39","guid":{"rendered":"https:\/\/libre-landyachting.com\/?post_type=product&#038;p=6078"},"modified":"2026-02-20T12:14:39","modified_gmt":"2026-02-20T11:14:39","slug":"fourche-avant-pour-buggys-libre","status":"publish","type":"product","link":"https:\/\/libre-landyachting.com\/fr\/produkt\/fourche-avant-pour-buggys-libre\/","title":{"rendered":"V-Max I Standard, \u230012"},"content":{"rendered":"&#13;\n<p>S\u00e9lection de fourches avant pour diff\u00e9rents mod\u00e8les de buggy.<\/p>&#13;\n&#13;\n<p>\u00a0<\/p>&#13;\n","protected":false},"excerpt":{"rendered":"<ul>\n<li>Convient aux roues de brouette<\/li>\n<li>Support d&rsquo;essieu \u2300 12 mm  <\/li>\n<li>Acier inoxydable<\/li>\n<li>incl. axe<\/li>\n<\/ul>\n","protected":false},"featured_media":9481,"template":"","meta":{"_acf_changed":false,"_eb_attr":""},"product_brand":[],"product_cat":[1678],"product_tag":[2095,2096,2093,2097,2094,1812],"class_list":{"0":"post-6078","1":"product","2":"type-product","3":"status-publish","4":"has-post-thumbnail","6":"product_cat-fourches-avant","7":"product_tag-camion","8":"product_tag-camion-ii","9":"product_tag-fourche-avant","10":"product_tag-poussette-libre","11":"product_tag-v-max","12":"product_tag-v-max-ii","14":"first","15":"instock","16":"taxable","17":"shipping-taxable","18":"purchasable","19":"product-type-simple"},"acf":[],"yoast_head":"<!-- This site is optimized with the Yoast SEO plugin v27.2 - https:\/\/yoast.com\/product\/yoast-seo-wordpress\/ -->\n<title>V-Max I Standard, \u230012 - Libre Landyachting GmbH<\/title>\n<meta name=\"robots\" content=\"index, follow, max-snippet:-1, max-image-preview:large, max-video-preview:-1\" \/>\n<link rel=\"canonical\" href=\"https:\/\/libre-landyachting.com\/fr\/produkt\/fourche-avant-pour-buggys-libre\/\" \/>\n<meta property=\"og:locale\" content=\"fr_FR\" \/>\n<meta property=\"og:type\" content=\"article\" \/>\n<meta property=\"og:title\" content=\"V-Max I Standard, \u230012 - Libre Landyachting GmbH\" \/>\n<meta property=\"og:description\" content=\"Convient aux roues de brouette Support d&#039;essieu \u2300 12 mm  Acier inoxydable incl. axe\" \/>\n<meta property=\"og:url\" content=\"https:\/\/libre-landyachting.com\/fr\/produkt\/fourche-avant-pour-buggys-libre\/\" \/>\n<meta property=\"og:site_name\" content=\"Libre Landyachting GmbH\" \/>\n<meta property=\"article:publisher\" content=\"https:\/\/www.facebook.com\/people\/Libre-Landyachting\/pfbid02fhfnbcv4FQYqTSDhT7KRNjiXGxNtW95eVQF1VPZ8ootCwXEph3ZyL6yGzXudLjsfl\/\" \/>\n<meta property=\"article:modified_time\" content=\"2026-02-20T11:14:39+00:00\" \/>\n<meta property=\"og:image\" content=\"https:\/\/libre-landyachting.com\/wp-content\/uploads\/2025\/08\/Gabel-V-Max-SK-12mm-Edelstahl.png\" \/>\n\t<meta property=\"og:image:width\" content=\"1500\" \/>\n\t<meta property=\"og:image:height\" content=\"1500\" \/>\n\t<meta property=\"og:image:type\" content=\"image\/png\" \/>\n<meta name=\"twitter:card\" content=\"summary_large_image\" \/>\n<script type=\"application\/ld+json\" class=\"yoast-schema-graph\">{\"@context\":\"https:\/\/schema.org\",\"@graph\":[{\"@type\":\"WebPage\",\"@id\":\"https:\/\/libre-landyachting.com\/fr\/produkt\/fourche-avant-pour-buggys-libre\/\",\"url\":\"https:\/\/libre-landyachting.com\/fr\/produkt\/fourche-avant-pour-buggys-libre\/\",\"name\":\"V-Max I Standard, \u230012 - Libre Landyachting GmbH\",\"isPartOf\":{\"@id\":\"https:\/\/libre-landyachting.com\/fr\/#website\"},\"primaryImageOfPage\":{\"@id\":\"https:\/\/libre-landyachting.com\/fr\/produkt\/fourche-avant-pour-buggys-libre\/#primaryimage\"},\"image\":{\"@id\":\"https:\/\/libre-landyachting.com\/fr\/produkt\/fourche-avant-pour-buggys-libre\/#primaryimage\"},\"thumbnailUrl\":\"https:\/\/libre-landyachting.com\/wp-content\/uploads\/2025\/08\/Gabel-V-Max-SK-12mm-Edelstahl.png\",\"datePublished\":\"2025-08-14T09:32:39+00:00\",\"dateModified\":\"2026-02-20T11:14:39+00:00\",\"breadcrumb\":{\"@id\":\"https:\/\/libre-landyachting.com\/fr\/produkt\/fourche-avant-pour-buggys-libre\/#breadcrumb\"},\"inLanguage\":\"fr-FR\",\"potentialAction\":[{\"@type\":\"ReadAction\",\"target\":[\"https:\/\/libre-landyachting.com\/fr\/produkt\/fourche-avant-pour-buggys-libre\/\"]}]},{\"@type\":\"ImageObject\",\"inLanguage\":\"fr-FR\",\"@id\":\"https:\/\/libre-landyachting.com\/fr\/produkt\/fourche-avant-pour-buggys-libre\/#primaryimage\",\"url\":\"https:\/\/libre-landyachting.com\/wp-content\/uploads\/2025\/08\/Gabel-V-Max-SK-12mm-Edelstahl.png\",\"contentUrl\":\"https:\/\/libre-landyachting.com\/wp-content\/uploads\/2025\/08\/Gabel-V-Max-SK-12mm-Edelstahl.png\",\"width\":1500,\"height\":1500},{\"@type\":\"BreadcrumbList\",\"@id\":\"https:\/\/libre-landyachting.com\/fr\/produkt\/fourche-avant-pour-buggys-libre\/#breadcrumb\",\"itemListElement\":[{\"@type\":\"ListItem\",\"position\":1,\"name\":\"Startseite\",\"item\":\"https:\/\/libre-landyachting.com\/fr\/\"},{\"@type\":\"ListItem\",\"position\":2,\"name\":\"Boutique\",\"item\":\"https:\/\/libre-landyachting.com\/fr\/boutique\/\"},{\"@type\":\"ListItem\",\"position\":3,\"name\":\"V-Max I Standard, \u230012\"}]},{\"@type\":\"WebSite\",\"@id\":\"https:\/\/libre-landyachting.com\/fr\/#website\",\"url\":\"https:\/\/libre-landyachting.com\/fr\/\",\"name\":\"Libre Landyachting GmbH\",\"description\":\"\",\"publisher\":{\"@id\":\"https:\/\/libre-landyachting.com\/fr\/#organization\"},\"potentialAction\":[{\"@type\":\"SearchAction\",\"target\":{\"@type\":\"EntryPoint\",\"urlTemplate\":\"https:\/\/libre-landyachting.com\/fr\/?s={search_term_string}\"},\"query-input\":{\"@type\":\"PropertyValueSpecification\",\"valueRequired\":true,\"valueName\":\"search_term_string\"}}],\"inLanguage\":\"fr-FR\"},{\"@type\":\"Organization\",\"@id\":\"https:\/\/libre-landyachting.com\/fr\/#organization\",\"name\":\"Libre Landyachting GmbH\",\"url\":\"https:\/\/libre-landyachting.com\/fr\/\",\"logo\":{\"@type\":\"ImageObject\",\"inLanguage\":\"fr-FR\",\"@id\":\"https:\/\/libre-landyachting.com\/fr\/#\/schema\/logo\/image\/\",\"url\":\"https:\/\/libre-landyachting.com\/wp-content\/uploads\/2025\/02\/cropped-70283994.png\",\"contentUrl\":\"https:\/\/libre-landyachting.com\/wp-content\/uploads\/2025\/02\/cropped-70283994.png\",\"width\":512,\"height\":512,\"caption\":\"Libre Landyachting GmbH\"},\"image\":{\"@id\":\"https:\/\/libre-landyachting.com\/fr\/#\/schema\/logo\/image\/\"},\"sameAs\":[\"https:\/\/www.facebook.com\/people\/Libre-Landyachting\/pfbid02fhfnbcv4FQYqTSDhT7KRNjiXGxNtW95eVQF1VPZ8ootCwXEph3ZyL6yGzXudLjsfl\/\",\"https:\/\/www.instagram.com\/libre_landyachting_\/\"]}]}<\/script>\n<!-- \/ Yoast SEO plugin. -->","yoast_head_json":{"title":"V-Max I Standard, \u230012 - Libre Landyachting GmbH","robots":{"index":"index","follow":"follow","max-snippet":"max-snippet:-1","max-image-preview":"max-image-preview:large","max-video-preview":"max-video-preview:-1"},"canonical":"https:\/\/libre-landyachting.com\/fr\/produkt\/fourche-avant-pour-buggys-libre\/","og_locale":"fr_FR","og_type":"article","og_title":"V-Max I Standard, \u230012 - Libre Landyachting GmbH","og_description":"Convient aux roues de brouette Support d'essieu \u2300 12 mm  Acier inoxydable incl. axe","og_url":"https:\/\/libre-landyachting.com\/fr\/produkt\/fourche-avant-pour-buggys-libre\/","og_site_name":"Libre Landyachting GmbH","article_publisher":"https:\/\/www.facebook.com\/people\/Libre-Landyachting\/pfbid02fhfnbcv4FQYqTSDhT7KRNjiXGxNtW95eVQF1VPZ8ootCwXEph3ZyL6yGzXudLjsfl\/","article_modified_time":"2026-02-20T11:14:39+00:00","og_image":[{"width":1500,"height":1500,"url":"https:\/\/libre-landyachting.com\/wp-content\/uploads\/2025\/08\/Gabel-V-Max-SK-12mm-Edelstahl.png","type":"image\/png"}],"twitter_card":"summary_large_image","schema":{"@context":"https:\/\/schema.org","@graph":[{"@type":"WebPage","@id":"https:\/\/libre-landyachting.com\/fr\/produkt\/fourche-avant-pour-buggys-libre\/","url":"https:\/\/libre-landyachting.com\/fr\/produkt\/fourche-avant-pour-buggys-libre\/","name":"V-Max I Standard, \u230012 - Libre Landyachting GmbH","isPartOf":{"@id":"https:\/\/libre-landyachting.com\/fr\/#website"},"primaryImageOfPage":{"@id":"https:\/\/libre-landyachting.com\/fr\/produkt\/fourche-avant-pour-buggys-libre\/#primaryimage"},"image":{"@id":"https:\/\/libre-landyachting.com\/fr\/produkt\/fourche-avant-pour-buggys-libre\/#primaryimage"},"thumbnailUrl":"https:\/\/libre-landyachting.com\/wp-content\/uploads\/2025\/08\/Gabel-V-Max-SK-12mm-Edelstahl.png","datePublished":"2025-08-14T09:32:39+00:00","dateModified":"2026-02-20T11:14:39+00:00","breadcrumb":{"@id":"https:\/\/libre-landyachting.com\/fr\/produkt\/fourche-avant-pour-buggys-libre\/#breadcrumb"},"inLanguage":"fr-FR","potentialAction":[{"@type":"ReadAction","target":["https:\/\/libre-landyachting.com\/fr\/produkt\/fourche-avant-pour-buggys-libre\/"]}]},{"@type":"ImageObject","inLanguage":"fr-FR","@id":"https:\/\/libre-landyachting.com\/fr\/produkt\/fourche-avant-pour-buggys-libre\/#primaryimage","url":"https:\/\/libre-landyachting.com\/wp-content\/uploads\/2025\/08\/Gabel-V-Max-SK-12mm-Edelstahl.png","contentUrl":"https:\/\/libre-landyachting.com\/wp-content\/uploads\/2025\/08\/Gabel-V-Max-SK-12mm-Edelstahl.png","width":1500,"height":1500},{"@type":"BreadcrumbList","@id":"https:\/\/libre-landyachting.com\/fr\/produkt\/fourche-avant-pour-buggys-libre\/#breadcrumb","itemListElement":[{"@type":"ListItem","position":1,"name":"Startseite","item":"https:\/\/libre-landyachting.com\/fr\/"},{"@type":"ListItem","position":2,"name":"Boutique","item":"https:\/\/libre-landyachting.com\/fr\/boutique\/"},{"@type":"ListItem","position":3,"name":"V-Max I Standard, \u230012"}]},{"@type":"WebSite","@id":"https:\/\/libre-landyachting.com\/fr\/#website","url":"https:\/\/libre-landyachting.com\/fr\/","name":"Libre Landyachting GmbH","description":"","publisher":{"@id":"https:\/\/libre-landyachting.com\/fr\/#organization"},"potentialAction":[{"@type":"SearchAction","target":{"@type":"EntryPoint","urlTemplate":"https:\/\/libre-landyachting.com\/fr\/?s={search_term_string}"},"query-input":{"@type":"PropertyValueSpecification","valueRequired":true,"valueName":"search_term_string"}}],"inLanguage":"fr-FR"},{"@type":"Organization","@id":"https:\/\/libre-landyachting.com\/fr\/#organization","name":"Libre Landyachting GmbH","url":"https:\/\/libre-landyachting.com\/fr\/","logo":{"@type":"ImageObject","inLanguage":"fr-FR","@id":"https:\/\/libre-landyachting.com\/fr\/#\/schema\/logo\/image\/","url":"https:\/\/libre-landyachting.com\/wp-content\/uploads\/2025\/02\/cropped-70283994.png","contentUrl":"https:\/\/libre-landyachting.com\/wp-content\/uploads\/2025\/02\/cropped-70283994.png","width":512,"height":512,"caption":"Libre Landyachting GmbH"},"image":{"@id":"https:\/\/libre-landyachting.com\/fr\/#\/schema\/logo\/image\/"},"sameAs":["https:\/\/www.facebook.com\/people\/Libre-Landyachting\/pfbid02fhfnbcv4FQYqTSDhT7KRNjiXGxNtW95eVQF1VPZ8ootCwXEph3ZyL6yGzXudLjsfl\/","https:\/\/www.instagram.com\/libre_landyachting_\/"]}]}},"jetpack_sharing_enabled":true,"_links":{"self":[{"href":"https:\/\/libre-landyachting.com\/fr\/wp-json\/wp\/v2\/product\/6078","targetHints":{"allow":["GET"]}}],"collection":[{"href":"https:\/\/libre-landyachting.com\/fr\/wp-json\/wp\/v2\/product"}],"about":[{"href":"https:\/\/libre-landyachting.com\/fr\/wp-json\/wp\/v2\/types\/product"}],"wp:featuredmedia":[{"embeddable":true,"href":"https:\/\/libre-landyachting.com\/fr\/wp-json\/wp\/v2\/media\/9481"}],"wp:attachment":[{"href":"https:\/\/libre-landyachting.com\/fr\/wp-json\/wp\/v2\/media?parent=6078"}],"wp:term":[{"taxonomy":"product_brand","embeddable":true,"href":"https:\/\/libre-landyachting.com\/fr\/wp-json\/wp\/v2\/product_brand?post=6078"},{"taxonomy":"product_cat","embeddable":true,"href":"https:\/\/libre-landyachting.com\/fr\/wp-json\/wp\/v2\/product_cat?post=6078"},{"taxonomy":"product_tag","embeddable":true,"href":"https:\/\/libre-landyachting.com\/fr\/wp-json\/wp\/v2\/product_tag?post=6078"}],"curies":[{"name":"wp","href":"https:\/\/api.w.org\/{rel}","templated":true}]}}