{"id":8657,"date":"2026-01-19T23:23:34","date_gmt":"2026-01-19T22:23:34","guid":{"rendered":"https:\/\/libre-landyachting.com\/produkt\/le-nouvel-aero\/"},"modified":"2026-03-09T09:56:56","modified_gmt":"2026-03-09T08:56:56","slug":"le-nouvel-aero","status":"publish","type":"product","link":"https:\/\/libre-landyachting.com\/fr\/produkt\/le-nouvel-aero\/","title":{"rendered":"Le nouvel AERO"},"content":{"rendered":"","protected":false},"excerpt":{"rendered":"<p><!-- wp:paragraph --><\/p>\n<h2><strong>AERO \u2013 La course haut de gamme<\/strong> <b>pour les champions de demain<\/b><\/h2>\n<p><strong>AERO<\/strong> est synonyme de performance pure. Con\u00e7u pour le <strong>secteur haut de gamme<\/strong> et pour les pilotes exigeant <strong>une pr\u00e9cision, une dynamique et des performances<\/strong> absolues, et visant les <strong>meilleurs classements<\/strong> .<\/p>\n<p>Construction <strong>ultra-l\u00e9g\u00e8re<\/strong> avec les mat\u00e9riaux les plus r\u00e9cents, <strong>corps en carbone<\/strong> et un design pour<br \/>\n<strong>Vitesse, agilit\u00e9 et pr\u00e9cision maximales<\/strong> \u2013 l\u2019 <strong>AERO<\/strong> est <strong>la course \u00e0<\/strong> l\u2019\u00e9tat pur.<\/p>\n<p>Certaines fonctionnalit\u00e9s restent secr\u00e8tes, mais une chose est s\u00fbre&nbsp;:<br \/>\n<strong>L&rsquo;AERO est conforme \u00e0 la classe 5.6<\/strong> et \u00e9tablit <strong>de nouvelles normes en mati\u00e8re de performances de course<\/strong> .<\/p>\n<p><!-- \/wp:paragraph --> <!-- wp:paragraph --><!-- \/wp:paragraph --> <!-- wp:paragraph --><\/p>\n<p>Le lancement sur le march\u00e9 est imminent \u2013 \u200b\u200brestez \u00e0 l&rsquo;\u00e9coute !<\/p>\n<p><span style=\"text-decoration: underline;\">Vous pourrez essayer l&rsquo;AERO \u00e0 Borkum \u00e0 partir des vacances de P\u00e2ques 2026 \u2013 n&rsquo;h\u00e9sitez pas \u00e0 nous contacter.<\/span><\/p>\n[video poster=\"https:\/\/libre-landyachting.com\/wp-content\/uploads\/2026\/03\/Aero-in-Fahrt-scaled.jpg\" width=\"1920\" height=\"1080\" mp4=\"https:\/\/libre-landyachting.com\/wp-content\/uploads\/2026\/02\/AERO-Video-mit-Musik.mp4\"][\/video]\n<p><!-- \/wp:paragraph --> <!-- wp:image {\"id\":6830,\"sizeSlug\":\"large\",\"linkDestination\":\"none\"} --><\/p>\n<figure class=\"wp-block-image size-large\"><\/figure>\n<p><!-- \/wp:image --><\/p>\n","protected":false},"featured_media":8664,"template":"","meta":{"_acf_changed":false,"_eb_attr":""},"product_brand":[],"product_cat":[2042],"product_tag":[2047,2049,1852,2048,1957],"class_list":{"0":"post-8657","1":"product","2":"type-product","3":"status-publish","4":"has-post-thumbnail","6":"product_cat-courses-de-haute-performance","7":"product_tag-aero","8":"product_tag-carbone","9":"product_tag-course","10":"product_tag-haut-de-gamme","11":"product_tag-libre","13":"first","14":"instock","15":"taxable","16":"shipping-taxable","17":"product-type-simple"},"acf":[],"yoast_head":"<!-- This site is optimized with the Yoast SEO plugin v27.4 - https:\/\/yoast.com\/product\/yoast-seo-wordpress\/ -->\n<title>Le nouvel AERO - Libre Landyachting GmbH<\/title>\n<meta name=\"robots\" content=\"index, follow, max-snippet:-1, max-image-preview:large, max-video-preview:-1\" \/>\n<link rel=\"canonical\" href=\"https:\/\/libre-landyachting.com\/fr\/produkt\/le-nouvel-aero\/\" \/>\n<meta property=\"og:locale\" content=\"fr_FR\" \/>\n<meta property=\"og:type\" content=\"article\" \/>\n<meta property=\"og:title\" content=\"Le nouvel AERO - Libre Landyachting GmbH\" \/>\n<meta property=\"og:description\" content=\"AERO - La course haut de gamme pour les champions de demain AERO est synonyme de performance pure. Con\u00e7u pour le secteur haut de gamme et pour les pilotes exigeant une pr\u00e9cision, une dynamique et des performances absolues, et visant les meilleurs classements . Construction ultra-l\u00e9g\u00e8re avec les mat\u00e9riaux les plus r\u00e9cents, corps en carbone et un design pour Vitesse, agilit\u00e9 et pr\u00e9cision maximales \u2013 l\u2019 AERO est la course \u00e0 l\u2019\u00e9tat pur. Certaines fonctionnalit\u00e9s restent secr\u00e8tes, mais une chose est s\u00fbre&nbsp;: L&#039;AERO est conforme \u00e0 la classe 5.6 et \u00e9tablit de nouvelles normes en mati\u00e8re de performances de course .   Le lancement sur le march\u00e9 est imminent \u2013 \u200b\u200brestez \u00e0 l&#039;\u00e9coute ! Vous pourrez essayer l&#039;AERO \u00e0 Borkum \u00e0 partir des vacances de P\u00e2ques 2026 - n&#039;h\u00e9sitez pas \u00e0 nous contacter.\" \/>\n<meta property=\"og:url\" content=\"https:\/\/libre-landyachting.com\/fr\/produkt\/le-nouvel-aero\/\" \/>\n<meta property=\"og:site_name\" content=\"Libre Landyachting GmbH\" \/>\n<meta property=\"article:publisher\" content=\"https:\/\/www.facebook.com\/people\/Libre-Landyachting\/pfbid02fhfnbcv4FQYqTSDhT7KRNjiXGxNtW95eVQF1VPZ8ootCwXEph3ZyL6yGzXudLjsfl\/\" \/>\n<meta property=\"article:modified_time\" content=\"2026-03-09T08:56:56+00:00\" \/>\n<meta property=\"og:image\" content=\"https:\/\/libre-landyachting.com\/wp-content\/uploads\/2026\/01\/alle-alt-5.png\" \/>\n\t<meta property=\"og:image:width\" content=\"1500\" \/>\n\t<meta property=\"og:image:height\" content=\"1500\" \/>\n\t<meta property=\"og:image:type\" content=\"image\/png\" \/>\n<meta name=\"twitter:card\" content=\"summary_large_image\" \/>\n<script type=\"application\/ld+json\" class=\"yoast-schema-graph\">{\"@context\":\"https:\\\/\\\/schema.org\",\"@graph\":[{\"@type\":\"WebPage\",\"@id\":\"https:\\\/\\\/libre-landyachting.com\\\/fr\\\/produkt\\\/le-nouvel-aero\\\/\",\"url\":\"https:\\\/\\\/libre-landyachting.com\\\/fr\\\/produkt\\\/le-nouvel-aero\\\/\",\"name\":\"Le nouvel AERO - Libre Landyachting GmbH\",\"isPartOf\":{\"@id\":\"https:\\\/\\\/libre-landyachting.com\\\/fr\\\/#website\"},\"primaryImageOfPage\":{\"@id\":\"https:\\\/\\\/libre-landyachting.com\\\/fr\\\/produkt\\\/le-nouvel-aero\\\/#primaryimage\"},\"image\":{\"@id\":\"https:\\\/\\\/libre-landyachting.com\\\/fr\\\/produkt\\\/le-nouvel-aero\\\/#primaryimage\"},\"thumbnailUrl\":\"https:\\\/\\\/libre-landyachting.com\\\/wp-content\\\/uploads\\\/2026\\\/01\\\/alle-alt-5.png\",\"datePublished\":\"2026-01-19T22:23:34+00:00\",\"dateModified\":\"2026-03-09T08:56:56+00:00\",\"breadcrumb\":{\"@id\":\"https:\\\/\\\/libre-landyachting.com\\\/fr\\\/produkt\\\/le-nouvel-aero\\\/#breadcrumb\"},\"inLanguage\":\"fr-FR\",\"potentialAction\":[{\"@type\":\"ReadAction\",\"target\":[\"https:\\\/\\\/libre-landyachting.com\\\/fr\\\/produkt\\\/le-nouvel-aero\\\/\"]}]},{\"@type\":\"ImageObject\",\"inLanguage\":\"fr-FR\",\"@id\":\"https:\\\/\\\/libre-landyachting.com\\\/fr\\\/produkt\\\/le-nouvel-aero\\\/#primaryimage\",\"url\":\"https:\\\/\\\/libre-landyachting.com\\\/wp-content\\\/uploads\\\/2026\\\/01\\\/alle-alt-5.png\",\"contentUrl\":\"https:\\\/\\\/libre-landyachting.com\\\/wp-content\\\/uploads\\\/2026\\\/01\\\/alle-alt-5.png\",\"width\":1500,\"height\":1500},{\"@type\":\"BreadcrumbList\",\"@id\":\"https:\\\/\\\/libre-landyachting.com\\\/fr\\\/produkt\\\/le-nouvel-aero\\\/#breadcrumb\",\"itemListElement\":[{\"@type\":\"ListItem\",\"position\":1,\"name\":\"Startseite\",\"item\":\"https:\\\/\\\/libre-landyachting.com\\\/fr\\\/\"},{\"@type\":\"ListItem\",\"position\":2,\"name\":\"Boutique\",\"item\":\"https:\\\/\\\/libre-landyachting.com\\\/fr\\\/boutique\\\/\"},{\"@type\":\"ListItem\",\"position\":3,\"name\":\"Le nouvel AERO\"}]},{\"@type\":\"WebSite\",\"@id\":\"https:\\\/\\\/libre-landyachting.com\\\/fr\\\/#website\",\"url\":\"https:\\\/\\\/libre-landyachting.com\\\/fr\\\/\",\"name\":\"Libre Landyachting GmbH\",\"description\":\"\",\"publisher\":{\"@id\":\"https:\\\/\\\/libre-landyachting.com\\\/fr\\\/#organization\"},\"potentialAction\":[{\"@type\":\"SearchAction\",\"target\":{\"@type\":\"EntryPoint\",\"urlTemplate\":\"https:\\\/\\\/libre-landyachting.com\\\/fr\\\/?s={search_term_string}\"},\"query-input\":{\"@type\":\"PropertyValueSpecification\",\"valueRequired\":true,\"valueName\":\"search_term_string\"}}],\"inLanguage\":\"fr-FR\"},{\"@type\":\"Organization\",\"@id\":\"https:\\\/\\\/libre-landyachting.com\\\/fr\\\/#organization\",\"name\":\"Libre Landyachting GmbH\",\"url\":\"https:\\\/\\\/libre-landyachting.com\\\/fr\\\/\",\"logo\":{\"@type\":\"ImageObject\",\"inLanguage\":\"fr-FR\",\"@id\":\"https:\\\/\\\/libre-landyachting.com\\\/fr\\\/#\\\/schema\\\/logo\\\/image\\\/\",\"url\":\"https:\\\/\\\/libre-landyachting.com\\\/wp-content\\\/uploads\\\/2025\\\/02\\\/cropped-70283994.png\",\"contentUrl\":\"https:\\\/\\\/libre-landyachting.com\\\/wp-content\\\/uploads\\\/2025\\\/02\\\/cropped-70283994.png\",\"width\":512,\"height\":512,\"caption\":\"Libre Landyachting GmbH\"},\"image\":{\"@id\":\"https:\\\/\\\/libre-landyachting.com\\\/fr\\\/#\\\/schema\\\/logo\\\/image\\\/\"},\"sameAs\":[\"https:\\\/\\\/www.facebook.com\\\/people\\\/Libre-Landyachting\\\/pfbid02fhfnbcv4FQYqTSDhT7KRNjiXGxNtW95eVQF1VPZ8ootCwXEph3ZyL6yGzXudLjsfl\\\/\",\"https:\\\/\\\/www.instagram.com\\\/libre_landyachting_\\\/\"]}]}<\/script>\n<!-- \/ Yoast SEO plugin. -->","yoast_head_json":{"title":"Le nouvel AERO - Libre Landyachting GmbH","robots":{"index":"index","follow":"follow","max-snippet":"max-snippet:-1","max-image-preview":"max-image-preview:large","max-video-preview":"max-video-preview:-1"},"canonical":"https:\/\/libre-landyachting.com\/fr\/produkt\/le-nouvel-aero\/","og_locale":"fr_FR","og_type":"article","og_title":"Le nouvel AERO - Libre Landyachting GmbH","og_description":"AERO - La course haut de gamme pour les champions de demain AERO est synonyme de performance pure. Con\u00e7u pour le secteur haut de gamme et pour les pilotes exigeant une pr\u00e9cision, une dynamique et des performances absolues, et visant les meilleurs classements . Construction ultra-l\u00e9g\u00e8re avec les mat\u00e9riaux les plus r\u00e9cents, corps en carbone et un design pour Vitesse, agilit\u00e9 et pr\u00e9cision maximales \u2013 l\u2019 AERO est la course \u00e0 l\u2019\u00e9tat pur. Certaines fonctionnalit\u00e9s restent secr\u00e8tes, mais une chose est s\u00fbre&nbsp;: L'AERO est conforme \u00e0 la classe 5.6 et \u00e9tablit de nouvelles normes en mati\u00e8re de performances de course .   Le lancement sur le march\u00e9 est imminent \u2013 \u200b\u200brestez \u00e0 l'\u00e9coute ! Vous pourrez essayer l'AERO \u00e0 Borkum \u00e0 partir des vacances de P\u00e2ques 2026 - n'h\u00e9sitez pas \u00e0 nous contacter.","og_url":"https:\/\/libre-landyachting.com\/fr\/produkt\/le-nouvel-aero\/","og_site_name":"Libre Landyachting GmbH","article_publisher":"https:\/\/www.facebook.com\/people\/Libre-Landyachting\/pfbid02fhfnbcv4FQYqTSDhT7KRNjiXGxNtW95eVQF1VPZ8ootCwXEph3ZyL6yGzXudLjsfl\/","article_modified_time":"2026-03-09T08:56:56+00:00","og_image":[{"width":1500,"height":1500,"url":"https:\/\/libre-landyachting.com\/wp-content\/uploads\/2026\/01\/alle-alt-5.png","type":"image\/png"}],"twitter_card":"summary_large_image","schema":{"@context":"https:\/\/schema.org","@graph":[{"@type":"WebPage","@id":"https:\/\/libre-landyachting.com\/fr\/produkt\/le-nouvel-aero\/","url":"https:\/\/libre-landyachting.com\/fr\/produkt\/le-nouvel-aero\/","name":"Le nouvel AERO - Libre Landyachting GmbH","isPartOf":{"@id":"https:\/\/libre-landyachting.com\/fr\/#website"},"primaryImageOfPage":{"@id":"https:\/\/libre-landyachting.com\/fr\/produkt\/le-nouvel-aero\/#primaryimage"},"image":{"@id":"https:\/\/libre-landyachting.com\/fr\/produkt\/le-nouvel-aero\/#primaryimage"},"thumbnailUrl":"https:\/\/libre-landyachting.com\/wp-content\/uploads\/2026\/01\/alle-alt-5.png","datePublished":"2026-01-19T22:23:34+00:00","dateModified":"2026-03-09T08:56:56+00:00","breadcrumb":{"@id":"https:\/\/libre-landyachting.com\/fr\/produkt\/le-nouvel-aero\/#breadcrumb"},"inLanguage":"fr-FR","potentialAction":[{"@type":"ReadAction","target":["https:\/\/libre-landyachting.com\/fr\/produkt\/le-nouvel-aero\/"]}]},{"@type":"ImageObject","inLanguage":"fr-FR","@id":"https:\/\/libre-landyachting.com\/fr\/produkt\/le-nouvel-aero\/#primaryimage","url":"https:\/\/libre-landyachting.com\/wp-content\/uploads\/2026\/01\/alle-alt-5.png","contentUrl":"https:\/\/libre-landyachting.com\/wp-content\/uploads\/2026\/01\/alle-alt-5.png","width":1500,"height":1500},{"@type":"BreadcrumbList","@id":"https:\/\/libre-landyachting.com\/fr\/produkt\/le-nouvel-aero\/#breadcrumb","itemListElement":[{"@type":"ListItem","position":1,"name":"Startseite","item":"https:\/\/libre-landyachting.com\/fr\/"},{"@type":"ListItem","position":2,"name":"Boutique","item":"https:\/\/libre-landyachting.com\/fr\/boutique\/"},{"@type":"ListItem","position":3,"name":"Le nouvel AERO"}]},{"@type":"WebSite","@id":"https:\/\/libre-landyachting.com\/fr\/#website","url":"https:\/\/libre-landyachting.com\/fr\/","name":"Libre Landyachting GmbH","description":"","publisher":{"@id":"https:\/\/libre-landyachting.com\/fr\/#organization"},"potentialAction":[{"@type":"SearchAction","target":{"@type":"EntryPoint","urlTemplate":"https:\/\/libre-landyachting.com\/fr\/?s={search_term_string}"},"query-input":{"@type":"PropertyValueSpecification","valueRequired":true,"valueName":"search_term_string"}}],"inLanguage":"fr-FR"},{"@type":"Organization","@id":"https:\/\/libre-landyachting.com\/fr\/#organization","name":"Libre Landyachting GmbH","url":"https:\/\/libre-landyachting.com\/fr\/","logo":{"@type":"ImageObject","inLanguage":"fr-FR","@id":"https:\/\/libre-landyachting.com\/fr\/#\/schema\/logo\/image\/","url":"https:\/\/libre-landyachting.com\/wp-content\/uploads\/2025\/02\/cropped-70283994.png","contentUrl":"https:\/\/libre-landyachting.com\/wp-content\/uploads\/2025\/02\/cropped-70283994.png","width":512,"height":512,"caption":"Libre Landyachting GmbH"},"image":{"@id":"https:\/\/libre-landyachting.com\/fr\/#\/schema\/logo\/image\/"},"sameAs":["https:\/\/www.facebook.com\/people\/Libre-Landyachting\/pfbid02fhfnbcv4FQYqTSDhT7KRNjiXGxNtW95eVQF1VPZ8ootCwXEph3ZyL6yGzXudLjsfl\/","https:\/\/www.instagram.com\/libre_landyachting_\/"]}]}},"jetpack_sharing_enabled":true,"_links":{"self":[{"href":"https:\/\/libre-landyachting.com\/fr\/wp-json\/wp\/v2\/product\/8657","targetHints":{"allow":["GET"]}}],"collection":[{"href":"https:\/\/libre-landyachting.com\/fr\/wp-json\/wp\/v2\/product"}],"about":[{"href":"https:\/\/libre-landyachting.com\/fr\/wp-json\/wp\/v2\/types\/product"}],"wp:featuredmedia":[{"embeddable":true,"href":"https:\/\/libre-landyachting.com\/fr\/wp-json\/wp\/v2\/media\/8664"}],"wp:attachment":[{"href":"https:\/\/libre-landyachting.com\/fr\/wp-json\/wp\/v2\/media?parent=8657"}],"wp:term":[{"taxonomy":"product_brand","embeddable":true,"href":"https:\/\/libre-landyachting.com\/fr\/wp-json\/wp\/v2\/product_brand?post=8657"},{"taxonomy":"product_cat","embeddable":true,"href":"https:\/\/libre-landyachting.com\/fr\/wp-json\/wp\/v2\/product_cat?post=8657"},{"taxonomy":"product_tag","embeddable":true,"href":"https:\/\/libre-landyachting.com\/fr\/wp-json\/wp\/v2\/product_tag?post=8657"}],"curies":[{"name":"wp","href":"https:\/\/api.w.org\/{rel}","templated":true}]}}