{"id":8696,"date":"2026-01-21T21:51:05","date_gmt":"2026-01-21T20:51:05","guid":{"rendered":"https:\/\/libre-landyachting.com\/?post_type=product&#038;p=8696"},"modified":"2026-05-13T16:01:22","modified_gmt":"2026-05-13T14:01:22","slug":"micro-race-ii-xxx-yyy-kopie","status":"publish","type":"product","link":"https:\/\/libre-landyachting.com\/fr\/produkt\/micro-race-ii-xxx-yyy-kopie\/","title":{"rendered":"Micro Race Pro V2"},"content":{"rendered":"&#13;\n<p class=\"has-text-align-left\">Le nouveau <strong>Micro Race II<\/strong> est un chariot de voile robuste, con\u00e7u pour une initiation facile et rapide \u00e0 la voile sur plage, mais aussi<br\/> pour une premi\u00e8re exp\u00e9rience en r\u00e9gate.<\/p>&#13;\n\r\n<ul class=\"wp-block-list\">&#13;\n<li><strong data-start=\"2\" data-end=\"27\" data-is-only-node=\"\">Essieu arri\u00e8re \u2192<\/strong> r\u00e9glage continu et facile du carrossage au volant<\/li>&#13;\n\r\n\r\n&#13;\n<li><strong data-start=\"124\" data-end=\"146\" data-is-only-node=\"\">Cadre \u2192<\/strong> Construction rigide en torsion en acier inoxydable<\/li>&#13;\n\r\n\r\n&#13;\n<li><strong>Douille du m\u00e2t<\/strong> \u2192 ovale, inclinaison r\u00e9glable en continu<\/li>&#13;\n\r\n\r\n&#13;\n<li><strong data-start=\"203\" data-end=\"220\" data-is-only-node=\"\">Renforts \u2192<\/strong> Essieu arri\u00e8re et arbre<\/li>&#13;\n\r\n\r\n&#13;\n<li><strong>Si\u00e8ge<\/strong> \u2192 rembourr\u00e9, position assise confortable, grand compartiment de rangement<\/li>&#13;\n\r\n\r\n&#13;\n<li><strong data-start=\"328\" data-end=\"341\" data-is-only-node=\"\">Transport \u2192<\/strong> assemblage facile et rapide<\/li>&#13;\n\r\n\r\n&#13;\n<li><strong>Contenu de la livraison<\/strong> <strong data-start=\"2\" data-end=\"27\" data-is-only-node=\"\">\u2192<\/strong> Pr\u00eat \u00e0 naviguer : assemblez et c&rsquo;est parti \ud83d\ude80<br\/><br\/><br\/><br\/><\/li>&#13;\n<\/ul>\r\n&#13;\n<p class=\"has-text-align-left\"><br\/>Une voile standard pour char \u00e0 voile est fournie de s\u00e9rie. Vous choisissez vous-m\u00eame la taille.   <br\/>Vous pouvez \u00e9galement s\u00e9lectionner des tailles de voiles suppl\u00e9mentaires.<\/p>&#13;\n\r\n<div class=\"wp-block-columns is-layout-flex wp-container-core-columns-is-layout-9d6595d7 wp-block-columns-is-layout-flex\">\r\n<div class=\"wp-block-column is-layout-flow wp-block-column-is-layout-flow\" style=\"flex-basis: 25%;\">&#13;\n<figure class=\"wp-block-image size-large\"><img loading=\"lazy\" decoding=\"async\" width=\"1024\" height=\"1024\" class=\"wp-image-4993\" src=\"https:\/\/libre-landyachting.com\/wp-content\/uploads\/2025\/05\/Segel-Landyachting-Groessen-1024x1024.png\" alt=\"\" srcset=\"https:\/\/libre-landyachting.com\/wp-content\/uploads\/2025\/05\/Segel-Landyachting-Groessen-1024x1024.png 1024w, https:\/\/libre-landyachting.com\/wp-content\/uploads\/2025\/05\/Segel-Landyachting-Groessen-150x150.png 150w, https:\/\/libre-landyachting.com\/wp-content\/uploads\/2025\/05\/Segel-Landyachting-Groessen-300x300.png 300w, https:\/\/libre-landyachting.com\/wp-content\/uploads\/2025\/05\/Segel-Landyachting-Groessen-768x768.png 768w, https:\/\/libre-landyachting.com\/wp-content\/uploads\/2025\/05\/Segel-Landyachting-Groessen-600x600.png 600w, https:\/\/libre-landyachting.com\/wp-content\/uploads\/2025\/05\/Segel-Landyachting-Groessen-900x900.png 900w, https:\/\/libre-landyachting.com\/wp-content\/uploads\/2025\/05\/Segel-Landyachting-Groessen-100x100.png 100w, https:\/\/libre-landyachting.com\/wp-content\/uploads\/2025\/05\/Segel-Landyachting-Groessen.png 1500w\" sizes=\"auto, (max-width: 1024px) 100vw, 1024px\" \/><\/figure>&#13;\n<\/div>\r\n\r\n\r\n\r\n<div class=\"wp-block-column is-layout-flow wp-block-column-is-layout-flow\" style=\"flex-basis: 75%;\">&#13;\n<p>Pour les pilotes plus l\u00e9gers, nous recommandons une voile de base de 3,5 m\u00b2 ou 4,6 m\u00b2, pour les pilotes plus lourds ou pour les zones d&rsquo;op\u00e9ration avec des vents moins forts, nous recommandons la voile de 4,6 m\u00b2 ou 6,5 m\u00b2 comme base.<\/p>&#13;\n\r\n\r\n&#13;\n<p>Les voiles de 1,5 m\u00b2 et 2,1 m\u00b2 sont parfaitement adapt\u00e9es aux vents forts, aux pilotes l\u00e9gers ou aux enfants.<\/p>&#13;\n<\/div>\r\n<\/div>\r\n\r\n<div class=\"wp-block-columns is-layout-flex wp-container-core-columns-is-layout-9d6595d7 wp-block-columns-is-layout-flex\">\r\n<div class=\"wp-block-column is-layout-flow wp-block-column-is-layout-flow\" style=\"flex-basis: 75%;\">&#13;\n<p><strong>Vous avez le choix entre deux options de pneus\u00a0:<\/strong><\/p>&#13;\n\r\n\r\n&#13;\n<p>La version standard avec 3 roues de brouette convient aux surfaces plus dures et vous autorise \u00e0 participer aux comp\u00e9titions officielles de la classe 5.6 Mini.<\/p>&#13;\n<\/div>\r\n\r\n\r\n\r\n<div class=\"wp-block-column is-layout-flow wp-block-column-is-layout-flow\" style=\"flex-basis: 25%;\">&#13;\n<figure class=\"wp-block-image size-large\"><img loading=\"lazy\" decoding=\"async\" width=\"1024\" height=\"683\" class=\"wp-image-5007\" src=\"https:\/\/libre-landyachting.com\/wp-content\/uploads\/2025\/05\/DSC08933-1024x683.jpg\" alt=\"\" srcset=\"https:\/\/libre-landyachting.com\/wp-content\/uploads\/2025\/05\/DSC08933-1024x683.jpg 1024w, https:\/\/libre-landyachting.com\/wp-content\/uploads\/2025\/05\/DSC08933-540x360.jpg 540w, https:\/\/libre-landyachting.com\/wp-content\/uploads\/2025\/05\/DSC08933-300x200.jpg 300w, https:\/\/libre-landyachting.com\/wp-content\/uploads\/2025\/05\/DSC08933-768x512.jpg 768w, https:\/\/libre-landyachting.com\/wp-content\/uploads\/2025\/05\/DSC08933-1536x1025.jpg 1536w, https:\/\/libre-landyachting.com\/wp-content\/uploads\/2025\/05\/DSC08933-2048x1366.jpg 2048w, https:\/\/libre-landyachting.com\/wp-content\/uploads\/2025\/05\/DSC08933-900x600.jpg 900w\" sizes=\"auto, (max-width: 1024px) 100vw, 1024px\" \/><\/figure>&#13;\n<\/div>\r\n<\/div>\r\n\r\n<div class=\"wp-block-columns is-layout-flex wp-container-core-columns-is-layout-9d6595d7 wp-block-columns-is-layout-flex\">\r\n<div class=\"wp-block-column is-layout-flow wp-block-column-is-layout-flow\" style=\"flex-basis: 25%;\">&#13;\n<figure class=\"wp-block-image size-large\"><img loading=\"lazy\" decoding=\"async\" width=\"768\" height=\"1024\" class=\"wp-image-5011\" src=\"https:\/\/libre-landyachting.com\/wp-content\/uploads\/2025\/05\/IMG_4050-768x1024.jpg\" alt=\"\" srcset=\"https:\/\/libre-landyachting.com\/wp-content\/uploads\/2025\/05\/IMG_4050-768x1024.jpg 768w, https:\/\/libre-landyachting.com\/wp-content\/uploads\/2025\/05\/IMG_4050-225x300.jpg 225w, https:\/\/libre-landyachting.com\/wp-content\/uploads\/2025\/05\/IMG_4050-1152x1536.jpg 1152w, https:\/\/libre-landyachting.com\/wp-content\/uploads\/2025\/05\/IMG_4050-1536x2048.jpg 1536w, https:\/\/libre-landyachting.com\/wp-content\/uploads\/2025\/05\/IMG_4050-900x1200.jpg 900w, https:\/\/libre-landyachting.com\/wp-content\/uploads\/2025\/05\/IMG_4050-scaled.jpg 1920w\" sizes=\"auto, (max-width: 768px) 100vw, 768px\" \/><\/figure>&#13;\n<\/div>\r\n\r\n\r\n\r\n<div class=\"wp-block-column is-layout-flow wp-block-column-is-layout-flow\" style=\"flex-basis: 75%;\">&#13;\n<p>La version BIG est livr\u00e9e avec 3 pneus Big Foot Light.<br\/> Ces pneus vous offrent, en plus d&rsquo;une conduite l\u00e9g\u00e8rement suspendue,<br\/> De plus, elle offre la possibilit\u00e9 de naviguer aussi bien sur des surfaces dures que sur des surfaces plus molles.<\/p>&#13;\n<\/div>\r\n<\/div>\r\n\r\n<div class=\"wp-block-jetpack-tiled-gallery aligncenter is-style-rectangular\">\r\n<div class=\"\">\r\n<div class=\"tiled-gallery__gallery\">\r\n<div class=\"tiled-gallery__row\">\r\n<div class=\"tiled-gallery__col\" style=\"flex-basis: 57.13430%;\">\r\n<figure class=\"tiled-gallery__item\"><img decoding=\"async\" srcset=\"https:\/\/i0.wp.com\/libre-landyachting.com\/wp-content\/uploads\/2025\/03\/segler-1024x768.jpg?strip=info&#038;w=600&#038;ssl=1 600w,https:\/\/i0.wp.com\/libre-landyachting.com\/wp-content\/uploads\/2025\/03\/segler-1024x768.jpg?strip=info&#038;w=900&#038;ssl=1 900w,https:\/\/i0.wp.com\/libre-landyachting.com\/wp-content\/uploads\/2025\/03\/segler-1024x768.jpg?strip=info&#038;w=1200&#038;ssl=1 1200w,https:\/\/i0.wp.com\/libre-landyachting.com\/wp-content\/uploads\/2025\/03\/segler-1024x768.jpg?strip=info&#038;w=1500&#038;ssl=1 1500w,https:\/\/i0.wp.com\/libre-landyachting.com\/wp-content\/uploads\/2025\/03\/segler-1024x768.jpg?strip=info&#038;w=1800&#038;ssl=1 1800w,https:\/\/i0.wp.com\/libre-landyachting.com\/wp-content\/uploads\/2025\/03\/segler-1024x768.jpg?strip=info&#038;w=2000&#038;ssl=1 2000w\" tabindex=\"0\" role=\"button\" src=\"https:\/\/i0.wp.com\/libre-landyachting.com\/wp-content\/uploads\/2025\/03\/segler-1024x768.jpg?ssl=1\" alt=\"\" data-height=\"1920\" data-id=\"2581\" data-link=\"https:\/\/libre-landyachting.com\/about\/segler\/\" data-url=\"https:\/\/libre-landyachting.com\/wp-content\/uploads\/2025\/03\/segler-1024x768.jpg\" data-width=\"2560\" data-amp-layout=\"responsive\" aria-label=\"Bild 1 von 2 im Vollbildmodus \u00f6ffnen\"><\/figure>\r\n<\/div>\r\n<div class=\"tiled-gallery__col\" style=\"flex-basis: 42.86570%;\">\r\n<figure class=\"tiled-gallery__item\"><img decoding=\"async\" srcset=\"https:\/\/i0.wp.com\/libre-landyachting.com\/wp-content\/uploads\/2025\/01\/37-1024x1024.png?strip=info&#038;w=600&#038;ssl=1 600w,https:\/\/i0.wp.com\/libre-landyachting.com\/wp-content\/uploads\/2025\/01\/37-1024x1024.png?strip=info&#038;w=900&#038;ssl=1 900w,https:\/\/i0.wp.com\/libre-landyachting.com\/wp-content\/uploads\/2025\/01\/37-1024x1024.png?strip=info&#038;w=1200&#038;ssl=1 1200w,https:\/\/i0.wp.com\/libre-landyachting.com\/wp-content\/uploads\/2025\/01\/37-1024x1024.png?strip=info&#038;w=1500&#038;ssl=1 1500w\" tabindex=\"0\" role=\"button\" src=\"https:\/\/i0.wp.com\/libre-landyachting.com\/wp-content\/uploads\/2025\/01\/37-1024x1024.png?ssl=1\" alt=\"\" data-height=\"1500\" data-id=\"235\" data-link=\"https:\/\/libre-landyachting.com\/37\/\" data-url=\"https:\/\/libre-landyachting.com\/wp-content\/uploads\/2025\/01\/37-1024x1024.png\" data-width=\"1500\" data-amp-layout=\"responsive\" aria-label=\"Bild 2 von 2 im Vollbildmodus \u00f6ffnen\"><\/figure>\r\n<\/div>\r\n<\/div>\r\n<\/div>\r\n<\/div>\r\n<\/div>\r\n&#13;\n<p>\u00a0<\/p>&#13;\n&#13;\n<p>\u00a0<\/p>&#13;\n&#13;\n<p>\u00a0<\/p>&#13;\n&#13;\n<p>\u00a0<\/p>&#13;\n&#13;\n<p class=\"has-text-align-center\">Au fait : pour \u00eatre s\u00fbr d&rsquo;\u00eatre bien \u00e9quip\u00e9 en toutes circonstances, nous vous recommandons notre \u00ab <a href=\"https:\/\/libre-landyachting.com\/fr\/produkt\/rescue-kit\/\">Kit de secours<\/a> \u00bb :<\/p>&#13;\n&#13;\n<p class=\"has-text-align-center\"><strong><br\/>\ud83d\ude80 Nous vous souhaitons beaucoup de plaisir avec votre nouveau char \u00e0 voile ! <\/strong><\/p>&#13;\n","protected":false},"excerpt":{"rendered":"<h1><strong data-start=\"217\" data-end=\"274\">MICRO RACE PRO V2 \u2013 LA PERFORMANCE SANS COMPROMIS  <\/strong><\/h1>\n<p data-start=\"0\" data-end=\"304\">Le <strong>Micro Race Pro V2<\/strong> s&rsquo;appuie sur un concept \u00e9prouv\u00e9 et a \u00e9t\u00e9 perfectionn\u00e9 sur des points cl\u00e9s. Les optimisations apport\u00e9es \u00e0 la direction, au timon, au syst\u00e8me de si\u00e8ge et aux repose-pieds garantissent une maniabilit\u00e9 encore plus pr\u00e9cise, davantage d&rsquo;options de r\u00e9glage et une exp\u00e9rience de conduite globalement plus sportive. <\/p>\n<p data-start=\"306\" data-end=\"573\" data-is-last-node=\"\" data-is-only-node=\"\">La <strong>Micro Race Pro V2<\/strong> allie hautes performances et adaptabilit\u00e9 individuelle et s&rsquo;adresse aux pilotes amateurs ambitieux, aux participants de r\u00e9gates et aux pilotes exp\u00e9riment\u00e9s qui appr\u00e9cient la technologie moderne, le contr\u00f4le direct et une dynamique de conduite maximale.<\/p>\n<p data-start=\"306\" data-end=\"573\" data-is-last-node=\"\" data-is-only-node=\"\">Le <b>Micro Race Pro <strong>V2<\/strong><\/b> est livr\u00e9 pr\u00eat \u00e0 naviguer, avec une voile \u00ab&nbsp;Competition&nbsp;\u00bb \u00e0 la taille de votre choix. Vous pouvez \u00e9galement choisir entre deux options de roues.  <\/p>\n<p data-start=\"306\" data-end=\"573\" data-is-last-node=\"\" data-is-only-node=\"\">Le <a href=\"https:\/\/libre-landyachting.com\/fr\/produkt\/support-de-poulie-competition\/\" target=\"_blank\" rel=\"noopener\">support de bloc \u00ab&nbsp;Competition&nbsp;\u00bb<\/a> et un <a href=\"https:\/\/libre-landyachting.com\/fr\/produkt\/levier-de-frein\/\" target=\"_blank\" rel=\"noopener\">levier de frein<\/a> sont \u00e9galement fournis de s\u00e9rie.<\/p>\n","protected":false},"featured_media":10605,"template":"","meta":{"_acf_changed":false,"_eb_attr":""},"product_brand":[],"product_cat":[2036],"product_tag":[2195,1730,1937,2197,2194,2193,2196],"class_list":{"0":"post-8696","1":"product","2":"type-product","3":"status-publish","4":"has-post-thumbnail","6":"product_cat-serie-de-courses-micro","7":"product_tag-5-6","8":"product_tag-micro-race-fr","9":"product_tag-micro-race-pro-ii","10":"product_tag-micro-race-pro-v-2","11":"product_tag-mini","12":"product_tag-modele-successeur","13":"product_tag-regate","14":"pa_ausfuehrung-grande-fourche-avant-incluant-3-x-big-foot-light","15":"pa_ausfuehrung-standard-3-x-roue-de-brouette","16":"pa_farbe-air-blanc-bleu","17":"pa_farbe-bleu","18":"pa_farbe-orange-fr","19":"pa_segelgroesse-36m-fr","20":"pa_segelgroesse-48m-fr","21":"pa_segelgroesse-55m-fr","22":"pa_segelgroesse-70m-fr","24":"first","25":"instock","26":"taxable","27":"shipping-taxable","28":"purchasable","29":"product-type-variable","30":"has-default-attributes"},"acf":[],"yoast_head":"<!-- This site is optimized with the Yoast SEO plugin v27.4 - https:\/\/yoast.com\/product\/yoast-seo-wordpress\/ -->\n<title>Micro Race Pro V2 - Libre Landyachting GmbH<\/title>\n<meta name=\"description\" content=\"Le Micro Race Pro est le mod\u00e8le haut de gamme parmi les chars \u00e0 voile et a \u00e9t\u00e9 sp\u00e9cialement con\u00e7u pour la classe 5.6 des mini-yachts.\" \/>\n<meta name=\"robots\" content=\"index, follow, max-snippet:-1, max-image-preview:large, max-video-preview:-1\" \/>\n<link rel=\"canonical\" href=\"https:\/\/libre-landyachting.com\/fr\/produkt\/micro-race-ii-xxx-yyy-kopie\/\" \/>\n<meta property=\"og:locale\" content=\"fr_FR\" \/>\n<meta property=\"og:type\" content=\"article\" \/>\n<meta property=\"og:title\" content=\"Micro Race Pro V2 - Libre Landyachting GmbH\" \/>\n<meta property=\"og:description\" content=\"Le Micro Race Pro est le mod\u00e8le haut de gamme parmi les chars \u00e0 voile et a \u00e9t\u00e9 sp\u00e9cialement con\u00e7u pour la classe 5.6 des mini-yachts.\" \/>\n<meta property=\"og:url\" content=\"https:\/\/libre-landyachting.com\/fr\/produkt\/micro-race-ii-xxx-yyy-kopie\/\" \/>\n<meta property=\"og:site_name\" content=\"Libre Landyachting GmbH\" \/>\n<meta property=\"article:publisher\" content=\"https:\/\/www.facebook.com\/people\/Libre-Landyachting\/pfbid02fhfnbcv4FQYqTSDhT7KRNjiXGxNtW95eVQF1VPZ8ootCwXEph3ZyL6yGzXudLjsfl\/\" \/>\n<meta property=\"article:modified_time\" content=\"2026-05-13T14:01:22+00:00\" \/>\n<meta property=\"og:image\" content=\"https:\/\/libre-landyachting.com\/wp-content\/uploads\/2026\/01\/MRP-V2-Logo.png\" \/>\n\t<meta property=\"og:image:width\" content=\"1500\" \/>\n\t<meta property=\"og:image:height\" content=\"1500\" \/>\n\t<meta property=\"og:image:type\" content=\"image\/png\" \/>\n<meta name=\"twitter:card\" content=\"summary_large_image\" \/>\n<meta name=\"twitter:label1\" content=\"Dur\u00e9e de lecture estim\u00e9e\" \/>\n\t<meta name=\"twitter:data1\" content=\"1 minute\" \/>\n<script type=\"application\/ld+json\" class=\"yoast-schema-graph\">{\"@context\":\"https:\\\/\\\/schema.org\",\"@graph\":[{\"@type\":\"WebPage\",\"@id\":\"https:\\\/\\\/libre-landyachting.com\\\/fr\\\/produkt\\\/micro-race-ii-xxx-yyy-kopie\\\/\",\"url\":\"https:\\\/\\\/libre-landyachting.com\\\/fr\\\/produkt\\\/micro-race-ii-xxx-yyy-kopie\\\/\",\"name\":\"Micro Race Pro V2 - Libre Landyachting GmbH\",\"isPartOf\":{\"@id\":\"https:\\\/\\\/libre-landyachting.com\\\/fr\\\/#website\"},\"primaryImageOfPage\":{\"@id\":\"https:\\\/\\\/libre-landyachting.com\\\/fr\\\/produkt\\\/micro-race-ii-xxx-yyy-kopie\\\/#primaryimage\"},\"image\":{\"@id\":\"https:\\\/\\\/libre-landyachting.com\\\/fr\\\/produkt\\\/micro-race-ii-xxx-yyy-kopie\\\/#primaryimage\"},\"thumbnailUrl\":\"https:\\\/\\\/libre-landyachting.com\\\/wp-content\\\/uploads\\\/2026\\\/01\\\/MRP-V2-Logo.png\",\"datePublished\":\"2026-01-21T20:51:05+00:00\",\"dateModified\":\"2026-05-13T14:01:22+00:00\",\"description\":\"Le Micro Race Pro est le mod\u00e8le haut de gamme parmi les chars \u00e0 voile et a \u00e9t\u00e9 sp\u00e9cialement con\u00e7u pour la classe 5.6 des mini-yachts.\",\"breadcrumb\":{\"@id\":\"https:\\\/\\\/libre-landyachting.com\\\/fr\\\/produkt\\\/micro-race-ii-xxx-yyy-kopie\\\/#breadcrumb\"},\"inLanguage\":\"fr-FR\",\"potentialAction\":[{\"@type\":\"ReadAction\",\"target\":[\"https:\\\/\\\/libre-landyachting.com\\\/fr\\\/produkt\\\/micro-race-ii-xxx-yyy-kopie\\\/\"]}]},{\"@type\":\"ImageObject\",\"inLanguage\":\"fr-FR\",\"@id\":\"https:\\\/\\\/libre-landyachting.com\\\/fr\\\/produkt\\\/micro-race-ii-xxx-yyy-kopie\\\/#primaryimage\",\"url\":\"https:\\\/\\\/libre-landyachting.com\\\/wp-content\\\/uploads\\\/2026\\\/01\\\/MRP-V2-Logo.png\",\"contentUrl\":\"https:\\\/\\\/libre-landyachting.com\\\/wp-content\\\/uploads\\\/2026\\\/01\\\/MRP-V2-Logo.png\",\"width\":1500,\"height\":1500},{\"@type\":\"BreadcrumbList\",\"@id\":\"https:\\\/\\\/libre-landyachting.com\\\/fr\\\/produkt\\\/micro-race-ii-xxx-yyy-kopie\\\/#breadcrumb\",\"itemListElement\":[{\"@type\":\"ListItem\",\"position\":1,\"name\":\"Startseite\",\"item\":\"https:\\\/\\\/libre-landyachting.com\\\/fr\\\/\"},{\"@type\":\"ListItem\",\"position\":2,\"name\":\"Boutique\",\"item\":\"https:\\\/\\\/libre-landyachting.com\\\/fr\\\/boutique\\\/\"},{\"@type\":\"ListItem\",\"position\":3,\"name\":\"Micro Race Pro V2\"}]},{\"@type\":\"WebSite\",\"@id\":\"https:\\\/\\\/libre-landyachting.com\\\/fr\\\/#website\",\"url\":\"https:\\\/\\\/libre-landyachting.com\\\/fr\\\/\",\"name\":\"Libre Landyachting GmbH\",\"description\":\"\",\"publisher\":{\"@id\":\"https:\\\/\\\/libre-landyachting.com\\\/fr\\\/#organization\"},\"potentialAction\":[{\"@type\":\"SearchAction\",\"target\":{\"@type\":\"EntryPoint\",\"urlTemplate\":\"https:\\\/\\\/libre-landyachting.com\\\/fr\\\/?s={search_term_string}\"},\"query-input\":{\"@type\":\"PropertyValueSpecification\",\"valueRequired\":true,\"valueName\":\"search_term_string\"}}],\"inLanguage\":\"fr-FR\"},{\"@type\":\"Organization\",\"@id\":\"https:\\\/\\\/libre-landyachting.com\\\/fr\\\/#organization\",\"name\":\"Libre Landyachting GmbH\",\"url\":\"https:\\\/\\\/libre-landyachting.com\\\/fr\\\/\",\"logo\":{\"@type\":\"ImageObject\",\"inLanguage\":\"fr-FR\",\"@id\":\"https:\\\/\\\/libre-landyachting.com\\\/fr\\\/#\\\/schema\\\/logo\\\/image\\\/\",\"url\":\"https:\\\/\\\/libre-landyachting.com\\\/wp-content\\\/uploads\\\/2025\\\/02\\\/cropped-70283994.png\",\"contentUrl\":\"https:\\\/\\\/libre-landyachting.com\\\/wp-content\\\/uploads\\\/2025\\\/02\\\/cropped-70283994.png\",\"width\":512,\"height\":512,\"caption\":\"Libre Landyachting GmbH\"},\"image\":{\"@id\":\"https:\\\/\\\/libre-landyachting.com\\\/fr\\\/#\\\/schema\\\/logo\\\/image\\\/\"},\"sameAs\":[\"https:\\\/\\\/www.facebook.com\\\/people\\\/Libre-Landyachting\\\/pfbid02fhfnbcv4FQYqTSDhT7KRNjiXGxNtW95eVQF1VPZ8ootCwXEph3ZyL6yGzXudLjsfl\\\/\",\"https:\\\/\\\/www.instagram.com\\\/libre_landyachting_\\\/\"]}]}<\/script>\n<!-- \/ Yoast SEO plugin. -->","yoast_head_json":{"title":"Micro Race Pro V2 - Libre Landyachting GmbH","description":"Le Micro Race Pro est le mod\u00e8le haut de gamme parmi les chars \u00e0 voile et a \u00e9t\u00e9 sp\u00e9cialement con\u00e7u pour la classe 5.6 des mini-yachts.","robots":{"index":"index","follow":"follow","max-snippet":"max-snippet:-1","max-image-preview":"max-image-preview:large","max-video-preview":"max-video-preview:-1"},"canonical":"https:\/\/libre-landyachting.com\/fr\/produkt\/micro-race-ii-xxx-yyy-kopie\/","og_locale":"fr_FR","og_type":"article","og_title":"Micro Race Pro V2 - Libre Landyachting GmbH","og_description":"Le Micro Race Pro est le mod\u00e8le haut de gamme parmi les chars \u00e0 voile et a \u00e9t\u00e9 sp\u00e9cialement con\u00e7u pour la classe 5.6 des mini-yachts.","og_url":"https:\/\/libre-landyachting.com\/fr\/produkt\/micro-race-ii-xxx-yyy-kopie\/","og_site_name":"Libre Landyachting GmbH","article_publisher":"https:\/\/www.facebook.com\/people\/Libre-Landyachting\/pfbid02fhfnbcv4FQYqTSDhT7KRNjiXGxNtW95eVQF1VPZ8ootCwXEph3ZyL6yGzXudLjsfl\/","article_modified_time":"2026-05-13T14:01:22+00:00","og_image":[{"width":1500,"height":1500,"url":"https:\/\/libre-landyachting.com\/wp-content\/uploads\/2026\/01\/MRP-V2-Logo.png","type":"image\/png"}],"twitter_card":"summary_large_image","twitter_misc":{"Dur\u00e9e de lecture estim\u00e9e":"1 minute"},"schema":{"@context":"https:\/\/schema.org","@graph":[{"@type":"WebPage","@id":"https:\/\/libre-landyachting.com\/fr\/produkt\/micro-race-ii-xxx-yyy-kopie\/","url":"https:\/\/libre-landyachting.com\/fr\/produkt\/micro-race-ii-xxx-yyy-kopie\/","name":"Micro Race Pro V2 - Libre Landyachting GmbH","isPartOf":{"@id":"https:\/\/libre-landyachting.com\/fr\/#website"},"primaryImageOfPage":{"@id":"https:\/\/libre-landyachting.com\/fr\/produkt\/micro-race-ii-xxx-yyy-kopie\/#primaryimage"},"image":{"@id":"https:\/\/libre-landyachting.com\/fr\/produkt\/micro-race-ii-xxx-yyy-kopie\/#primaryimage"},"thumbnailUrl":"https:\/\/libre-landyachting.com\/wp-content\/uploads\/2026\/01\/MRP-V2-Logo.png","datePublished":"2026-01-21T20:51:05+00:00","dateModified":"2026-05-13T14:01:22+00:00","description":"Le Micro Race Pro est le mod\u00e8le haut de gamme parmi les chars \u00e0 voile et a \u00e9t\u00e9 sp\u00e9cialement con\u00e7u pour la classe 5.6 des mini-yachts.","breadcrumb":{"@id":"https:\/\/libre-landyachting.com\/fr\/produkt\/micro-race-ii-xxx-yyy-kopie\/#breadcrumb"},"inLanguage":"fr-FR","potentialAction":[{"@type":"ReadAction","target":["https:\/\/libre-landyachting.com\/fr\/produkt\/micro-race-ii-xxx-yyy-kopie\/"]}]},{"@type":"ImageObject","inLanguage":"fr-FR","@id":"https:\/\/libre-landyachting.com\/fr\/produkt\/micro-race-ii-xxx-yyy-kopie\/#primaryimage","url":"https:\/\/libre-landyachting.com\/wp-content\/uploads\/2026\/01\/MRP-V2-Logo.png","contentUrl":"https:\/\/libre-landyachting.com\/wp-content\/uploads\/2026\/01\/MRP-V2-Logo.png","width":1500,"height":1500},{"@type":"BreadcrumbList","@id":"https:\/\/libre-landyachting.com\/fr\/produkt\/micro-race-ii-xxx-yyy-kopie\/#breadcrumb","itemListElement":[{"@type":"ListItem","position":1,"name":"Startseite","item":"https:\/\/libre-landyachting.com\/fr\/"},{"@type":"ListItem","position":2,"name":"Boutique","item":"https:\/\/libre-landyachting.com\/fr\/boutique\/"},{"@type":"ListItem","position":3,"name":"Micro Race Pro V2"}]},{"@type":"WebSite","@id":"https:\/\/libre-landyachting.com\/fr\/#website","url":"https:\/\/libre-landyachting.com\/fr\/","name":"Libre Landyachting GmbH","description":"","publisher":{"@id":"https:\/\/libre-landyachting.com\/fr\/#organization"},"potentialAction":[{"@type":"SearchAction","target":{"@type":"EntryPoint","urlTemplate":"https:\/\/libre-landyachting.com\/fr\/?s={search_term_string}"},"query-input":{"@type":"PropertyValueSpecification","valueRequired":true,"valueName":"search_term_string"}}],"inLanguage":"fr-FR"},{"@type":"Organization","@id":"https:\/\/libre-landyachting.com\/fr\/#organization","name":"Libre Landyachting GmbH","url":"https:\/\/libre-landyachting.com\/fr\/","logo":{"@type":"ImageObject","inLanguage":"fr-FR","@id":"https:\/\/libre-landyachting.com\/fr\/#\/schema\/logo\/image\/","url":"https:\/\/libre-landyachting.com\/wp-content\/uploads\/2025\/02\/cropped-70283994.png","contentUrl":"https:\/\/libre-landyachting.com\/wp-content\/uploads\/2025\/02\/cropped-70283994.png","width":512,"height":512,"caption":"Libre Landyachting GmbH"},"image":{"@id":"https:\/\/libre-landyachting.com\/fr\/#\/schema\/logo\/image\/"},"sameAs":["https:\/\/www.facebook.com\/people\/Libre-Landyachting\/pfbid02fhfnbcv4FQYqTSDhT7KRNjiXGxNtW95eVQF1VPZ8ootCwXEph3ZyL6yGzXudLjsfl\/","https:\/\/www.instagram.com\/libre_landyachting_\/"]}]}},"jetpack_sharing_enabled":true,"_links":{"self":[{"href":"https:\/\/libre-landyachting.com\/fr\/wp-json\/wp\/v2\/product\/8696","targetHints":{"allow":["GET"]}}],"collection":[{"href":"https:\/\/libre-landyachting.com\/fr\/wp-json\/wp\/v2\/product"}],"about":[{"href":"https:\/\/libre-landyachting.com\/fr\/wp-json\/wp\/v2\/types\/product"}],"wp:featuredmedia":[{"embeddable":true,"href":"https:\/\/libre-landyachting.com\/fr\/wp-json\/wp\/v2\/media\/10605"}],"wp:attachment":[{"href":"https:\/\/libre-landyachting.com\/fr\/wp-json\/wp\/v2\/media?parent=8696"}],"wp:term":[{"taxonomy":"product_brand","embeddable":true,"href":"https:\/\/libre-landyachting.com\/fr\/wp-json\/wp\/v2\/product_brand?post=8696"},{"taxonomy":"product_cat","embeddable":true,"href":"https:\/\/libre-landyachting.com\/fr\/wp-json\/wp\/v2\/product_cat?post=8696"},{"taxonomy":"product_tag","embeddable":true,"href":"https:\/\/libre-landyachting.com\/fr\/wp-json\/wp\/v2\/product_tag?post=8696"}],"curies":[{"name":"wp","href":"https:\/\/api.w.org\/{rel}","templated":true}]}}