{"id":9891,"date":"2026-03-12T10:49:47","date_gmt":"2026-03-12T09:49:47","guid":{"rendered":"https:\/\/libre-landyachting.com\/?post_type=product&#038;p=9891"},"modified":"2026-03-12T11:34:19","modified_gmt":"2026-03-12T10:34:19","slug":"poignees-zebra-kopie","status":"publish","type":"product","link":"https:\/\/libre-landyachting.com\/fr\/produkt\/poignees-zebra-kopie\/","title":{"rendered":"Bracelets rembourr\u00e9s, 60 mm (paire)"},"content":{"rendered":"","protected":false},"excerpt":{"rendered":"<ul>\n<li>Dragonnes pour cerfs-volants \u00e0 2 lignes<\/li>\n<li>Rembourrage doux pour un confort optimal en vol<\/li>\n<li>Poign\u00e9e confortable pour un contr\u00f4le pr\u00e9cis du cerf-volant<\/li>\n<li>\u00c9paisseur du rembourrage : \u00e9lev\u00e9e<\/li>\n<li>Largeur 60 mm<\/li>\n<li>Couleur rouge<\/li>\n<li>Le paquet comprend 2 pi\u00e8ces<\/li>\n<\/ul>\n","protected":false},"featured_media":9900,"template":"","meta":{"_acf_changed":false,"_eb_attr":""},"product_brand":[],"product_cat":[1371],"product_tag":[1880,1741,1882,1940,1883,1884,1881],"class_list":{"0":"post-9891","1":"product","2":"type-product","3":"status-publish","4":"has-post-thumbnail","6":"product_cat-poignees-lignes","7":"product_tag-4-lignes","8":"product_tag-pas-cher","9":"product_tag-poignees","10":"product_tag-tes","11":"product_tag-z-i","12":"product_tag-z1","13":"product_tag-zebra","15":"first","16":"instock","17":"sale","18":"taxable","19":"shipping-taxable","20":"purchasable","21":"product-type-simple"},"acf":[],"yoast_head":"<!-- This site is optimized with the Yoast SEO plugin v27.4 - https:\/\/yoast.com\/product\/yoast-seo-wordpress\/ -->\n<title>Bracelets rembourr\u00e9s, 60 mm (paire) - Libre Landyachting GmbH<\/title>\n<meta name=\"description\" content=\"Poign\u00e9es rembourr\u00e9es \u00e0 4 brins. Longueur 45 cm, cordon de raccordement pour syst\u00e8me de s\u00e9curit\u00e9 inclus.\" \/>\n<meta name=\"robots\" content=\"index, follow, max-snippet:-1, max-image-preview:large, max-video-preview:-1\" \/>\n<link rel=\"canonical\" href=\"https:\/\/libre-landyachting.com\/fr\/produkt\/poignees-zebra-kopie\/\" \/>\n<meta property=\"og:locale\" content=\"fr_FR\" \/>\n<meta property=\"og:type\" content=\"article\" \/>\n<meta property=\"og:title\" content=\"Bracelets rembourr\u00e9s, 60 mm (paire) - Libre Landyachting GmbH\" \/>\n<meta property=\"og:description\" content=\"Poign\u00e9es rembourr\u00e9es \u00e0 4 brins. Longueur 45 cm, cordon de raccordement pour syst\u00e8me de s\u00e9curit\u00e9 inclus.\" \/>\n<meta property=\"og:url\" content=\"https:\/\/libre-landyachting.com\/fr\/produkt\/poignees-zebra-kopie\/\" \/>\n<meta property=\"og:site_name\" content=\"Libre Landyachting GmbH\" \/>\n<meta property=\"article:publisher\" content=\"https:\/\/www.facebook.com\/people\/Libre-Landyachting\/pfbid02fhfnbcv4FQYqTSDhT7KRNjiXGxNtW95eVQF1VPZ8ootCwXEph3ZyL6yGzXudLjsfl\/\" \/>\n<meta property=\"article:modified_time\" content=\"2026-03-12T10:34:19+00:00\" \/>\n<meta property=\"og:image\" content=\"https:\/\/libre-landyachting.com\/wp-content\/uploads\/2026\/03\/alle-alt.png\" \/>\n\t<meta property=\"og:image:width\" content=\"1500\" \/>\n\t<meta property=\"og:image:height\" content=\"1500\" \/>\n\t<meta property=\"og:image:type\" content=\"image\/png\" \/>\n<meta name=\"twitter:card\" content=\"summary_large_image\" \/>\n<script type=\"application\/ld+json\" class=\"yoast-schema-graph\">{\"@context\":\"https:\\\/\\\/schema.org\",\"@graph\":[{\"@type\":\"WebPage\",\"@id\":\"https:\\\/\\\/libre-landyachting.com\\\/fr\\\/produkt\\\/poignees-zebra-kopie\\\/\",\"url\":\"https:\\\/\\\/libre-landyachting.com\\\/fr\\\/produkt\\\/poignees-zebra-kopie\\\/\",\"name\":\"Bracelets rembourr\u00e9s, 60 mm (paire) - Libre Landyachting GmbH\",\"isPartOf\":{\"@id\":\"https:\\\/\\\/libre-landyachting.com\\\/fr\\\/#website\"},\"primaryImageOfPage\":{\"@id\":\"https:\\\/\\\/libre-landyachting.com\\\/fr\\\/produkt\\\/poignees-zebra-kopie\\\/#primaryimage\"},\"image\":{\"@id\":\"https:\\\/\\\/libre-landyachting.com\\\/fr\\\/produkt\\\/poignees-zebra-kopie\\\/#primaryimage\"},\"thumbnailUrl\":\"https:\\\/\\\/libre-landyachting.com\\\/wp-content\\\/uploads\\\/2026\\\/03\\\/alle-alt.png\",\"datePublished\":\"2026-03-12T09:49:47+00:00\",\"dateModified\":\"2026-03-12T10:34:19+00:00\",\"description\":\"Poign\u00e9es rembourr\u00e9es \u00e0 4 brins. Longueur 45 cm, cordon de raccordement pour syst\u00e8me de s\u00e9curit\u00e9 inclus.\",\"breadcrumb\":{\"@id\":\"https:\\\/\\\/libre-landyachting.com\\\/fr\\\/produkt\\\/poignees-zebra-kopie\\\/#breadcrumb\"},\"inLanguage\":\"fr-FR\",\"potentialAction\":[{\"@type\":\"ReadAction\",\"target\":[\"https:\\\/\\\/libre-landyachting.com\\\/fr\\\/produkt\\\/poignees-zebra-kopie\\\/\"]}]},{\"@type\":\"ImageObject\",\"inLanguage\":\"fr-FR\",\"@id\":\"https:\\\/\\\/libre-landyachting.com\\\/fr\\\/produkt\\\/poignees-zebra-kopie\\\/#primaryimage\",\"url\":\"https:\\\/\\\/libre-landyachting.com\\\/wp-content\\\/uploads\\\/2026\\\/03\\\/alle-alt.png\",\"contentUrl\":\"https:\\\/\\\/libre-landyachting.com\\\/wp-content\\\/uploads\\\/2026\\\/03\\\/alle-alt.png\",\"width\":1500,\"height\":1500},{\"@type\":\"BreadcrumbList\",\"@id\":\"https:\\\/\\\/libre-landyachting.com\\\/fr\\\/produkt\\\/poignees-zebra-kopie\\\/#breadcrumb\",\"itemListElement\":[{\"@type\":\"ListItem\",\"position\":1,\"name\":\"Startseite\",\"item\":\"https:\\\/\\\/libre-landyachting.com\\\/fr\\\/\"},{\"@type\":\"ListItem\",\"position\":2,\"name\":\"Boutique\",\"item\":\"https:\\\/\\\/libre-landyachting.com\\\/fr\\\/boutique\\\/\"},{\"@type\":\"ListItem\",\"position\":3,\"name\":\"Bracelets rembourr\u00e9s, 60 mm (paire)\"}]},{\"@type\":\"WebSite\",\"@id\":\"https:\\\/\\\/libre-landyachting.com\\\/fr\\\/#website\",\"url\":\"https:\\\/\\\/libre-landyachting.com\\\/fr\\\/\",\"name\":\"Libre Landyachting GmbH\",\"description\":\"\",\"publisher\":{\"@id\":\"https:\\\/\\\/libre-landyachting.com\\\/fr\\\/#organization\"},\"potentialAction\":[{\"@type\":\"SearchAction\",\"target\":{\"@type\":\"EntryPoint\",\"urlTemplate\":\"https:\\\/\\\/libre-landyachting.com\\\/fr\\\/?s={search_term_string}\"},\"query-input\":{\"@type\":\"PropertyValueSpecification\",\"valueRequired\":true,\"valueName\":\"search_term_string\"}}],\"inLanguage\":\"fr-FR\"},{\"@type\":\"Organization\",\"@id\":\"https:\\\/\\\/libre-landyachting.com\\\/fr\\\/#organization\",\"name\":\"Libre Landyachting GmbH\",\"url\":\"https:\\\/\\\/libre-landyachting.com\\\/fr\\\/\",\"logo\":{\"@type\":\"ImageObject\",\"inLanguage\":\"fr-FR\",\"@id\":\"https:\\\/\\\/libre-landyachting.com\\\/fr\\\/#\\\/schema\\\/logo\\\/image\\\/\",\"url\":\"https:\\\/\\\/libre-landyachting.com\\\/wp-content\\\/uploads\\\/2025\\\/02\\\/cropped-70283994.png\",\"contentUrl\":\"https:\\\/\\\/libre-landyachting.com\\\/wp-content\\\/uploads\\\/2025\\\/02\\\/cropped-70283994.png\",\"width\":512,\"height\":512,\"caption\":\"Libre Landyachting GmbH\"},\"image\":{\"@id\":\"https:\\\/\\\/libre-landyachting.com\\\/fr\\\/#\\\/schema\\\/logo\\\/image\\\/\"},\"sameAs\":[\"https:\\\/\\\/www.facebook.com\\\/people\\\/Libre-Landyachting\\\/pfbid02fhfnbcv4FQYqTSDhT7KRNjiXGxNtW95eVQF1VPZ8ootCwXEph3ZyL6yGzXudLjsfl\\\/\",\"https:\\\/\\\/www.instagram.com\\\/libre_landyachting_\\\/\"]}]}<\/script>\n<!-- \/ Yoast SEO plugin. -->","yoast_head_json":{"title":"Bracelets rembourr\u00e9s, 60 mm (paire) - Libre Landyachting GmbH","description":"Poign\u00e9es rembourr\u00e9es \u00e0 4 brins. Longueur 45 cm, cordon de raccordement pour syst\u00e8me de s\u00e9curit\u00e9 inclus.","robots":{"index":"index","follow":"follow","max-snippet":"max-snippet:-1","max-image-preview":"max-image-preview:large","max-video-preview":"max-video-preview:-1"},"canonical":"https:\/\/libre-landyachting.com\/fr\/produkt\/poignees-zebra-kopie\/","og_locale":"fr_FR","og_type":"article","og_title":"Bracelets rembourr\u00e9s, 60 mm (paire) - Libre Landyachting GmbH","og_description":"Poign\u00e9es rembourr\u00e9es \u00e0 4 brins. Longueur 45 cm, cordon de raccordement pour syst\u00e8me de s\u00e9curit\u00e9 inclus.","og_url":"https:\/\/libre-landyachting.com\/fr\/produkt\/poignees-zebra-kopie\/","og_site_name":"Libre Landyachting GmbH","article_publisher":"https:\/\/www.facebook.com\/people\/Libre-Landyachting\/pfbid02fhfnbcv4FQYqTSDhT7KRNjiXGxNtW95eVQF1VPZ8ootCwXEph3ZyL6yGzXudLjsfl\/","article_modified_time":"2026-03-12T10:34:19+00:00","og_image":[{"width":1500,"height":1500,"url":"https:\/\/libre-landyachting.com\/wp-content\/uploads\/2026\/03\/alle-alt.png","type":"image\/png"}],"twitter_card":"summary_large_image","schema":{"@context":"https:\/\/schema.org","@graph":[{"@type":"WebPage","@id":"https:\/\/libre-landyachting.com\/fr\/produkt\/poignees-zebra-kopie\/","url":"https:\/\/libre-landyachting.com\/fr\/produkt\/poignees-zebra-kopie\/","name":"Bracelets rembourr\u00e9s, 60 mm (paire) - Libre Landyachting GmbH","isPartOf":{"@id":"https:\/\/libre-landyachting.com\/fr\/#website"},"primaryImageOfPage":{"@id":"https:\/\/libre-landyachting.com\/fr\/produkt\/poignees-zebra-kopie\/#primaryimage"},"image":{"@id":"https:\/\/libre-landyachting.com\/fr\/produkt\/poignees-zebra-kopie\/#primaryimage"},"thumbnailUrl":"https:\/\/libre-landyachting.com\/wp-content\/uploads\/2026\/03\/alle-alt.png","datePublished":"2026-03-12T09:49:47+00:00","dateModified":"2026-03-12T10:34:19+00:00","description":"Poign\u00e9es rembourr\u00e9es \u00e0 4 brins. Longueur 45 cm, cordon de raccordement pour syst\u00e8me de s\u00e9curit\u00e9 inclus.","breadcrumb":{"@id":"https:\/\/libre-landyachting.com\/fr\/produkt\/poignees-zebra-kopie\/#breadcrumb"},"inLanguage":"fr-FR","potentialAction":[{"@type":"ReadAction","target":["https:\/\/libre-landyachting.com\/fr\/produkt\/poignees-zebra-kopie\/"]}]},{"@type":"ImageObject","inLanguage":"fr-FR","@id":"https:\/\/libre-landyachting.com\/fr\/produkt\/poignees-zebra-kopie\/#primaryimage","url":"https:\/\/libre-landyachting.com\/wp-content\/uploads\/2026\/03\/alle-alt.png","contentUrl":"https:\/\/libre-landyachting.com\/wp-content\/uploads\/2026\/03\/alle-alt.png","width":1500,"height":1500},{"@type":"BreadcrumbList","@id":"https:\/\/libre-landyachting.com\/fr\/produkt\/poignees-zebra-kopie\/#breadcrumb","itemListElement":[{"@type":"ListItem","position":1,"name":"Startseite","item":"https:\/\/libre-landyachting.com\/fr\/"},{"@type":"ListItem","position":2,"name":"Boutique","item":"https:\/\/libre-landyachting.com\/fr\/boutique\/"},{"@type":"ListItem","position":3,"name":"Bracelets rembourr\u00e9s, 60 mm (paire)"}]},{"@type":"WebSite","@id":"https:\/\/libre-landyachting.com\/fr\/#website","url":"https:\/\/libre-landyachting.com\/fr\/","name":"Libre Landyachting GmbH","description":"","publisher":{"@id":"https:\/\/libre-landyachting.com\/fr\/#organization"},"potentialAction":[{"@type":"SearchAction","target":{"@type":"EntryPoint","urlTemplate":"https:\/\/libre-landyachting.com\/fr\/?s={search_term_string}"},"query-input":{"@type":"PropertyValueSpecification","valueRequired":true,"valueName":"search_term_string"}}],"inLanguage":"fr-FR"},{"@type":"Organization","@id":"https:\/\/libre-landyachting.com\/fr\/#organization","name":"Libre Landyachting GmbH","url":"https:\/\/libre-landyachting.com\/fr\/","logo":{"@type":"ImageObject","inLanguage":"fr-FR","@id":"https:\/\/libre-landyachting.com\/fr\/#\/schema\/logo\/image\/","url":"https:\/\/libre-landyachting.com\/wp-content\/uploads\/2025\/02\/cropped-70283994.png","contentUrl":"https:\/\/libre-landyachting.com\/wp-content\/uploads\/2025\/02\/cropped-70283994.png","width":512,"height":512,"caption":"Libre Landyachting GmbH"},"image":{"@id":"https:\/\/libre-landyachting.com\/fr\/#\/schema\/logo\/image\/"},"sameAs":["https:\/\/www.facebook.com\/people\/Libre-Landyachting\/pfbid02fhfnbcv4FQYqTSDhT7KRNjiXGxNtW95eVQF1VPZ8ootCwXEph3ZyL6yGzXudLjsfl\/","https:\/\/www.instagram.com\/libre_landyachting_\/"]}]}},"jetpack_sharing_enabled":true,"_links":{"self":[{"href":"https:\/\/libre-landyachting.com\/fr\/wp-json\/wp\/v2\/product\/9891","targetHints":{"allow":["GET"]}}],"collection":[{"href":"https:\/\/libre-landyachting.com\/fr\/wp-json\/wp\/v2\/product"}],"about":[{"href":"https:\/\/libre-landyachting.com\/fr\/wp-json\/wp\/v2\/types\/product"}],"wp:featuredmedia":[{"embeddable":true,"href":"https:\/\/libre-landyachting.com\/fr\/wp-json\/wp\/v2\/media\/9900"}],"wp:attachment":[{"href":"https:\/\/libre-landyachting.com\/fr\/wp-json\/wp\/v2\/media?parent=9891"}],"wp:term":[{"taxonomy":"product_brand","embeddable":true,"href":"https:\/\/libre-landyachting.com\/fr\/wp-json\/wp\/v2\/product_brand?post=9891"},{"taxonomy":"product_cat","embeddable":true,"href":"https:\/\/libre-landyachting.com\/fr\/wp-json\/wp\/v2\/product_cat?post=9891"},{"taxonomy":"product_tag","embeddable":true,"href":"https:\/\/libre-landyachting.com\/fr\/wp-json\/wp\/v2\/product_tag?post=9891"}],"curies":[{"name":"wp","href":"https:\/\/api.w.org\/{rel}","templated":true}]}}